{"id":76,"date":"2020-05-29T02:39:10","date_gmt":"2020-05-29T05:39:10","guid":{"rendered":"http:\/\/www.hcdelcalafate.gov.ar\/portal\/?page_id=76"},"modified":"2023-05-29T09:37:24","modified_gmt":"2023-05-29T12:37:24","slug":"noticias-legislativas","status":"publish","type":"page","link":"https:\/\/www.hcdelcalafate.gob.ar\/portal\/noticias-legislativas\/","title":{"rendered":"Noticias Legislativas"},"content":{"rendered":"\t\t<div data-elementor-type=\"wp-page\" data-elementor-id=\"76\" class=\"elementor elementor-76\">\n\t\t\t\t\t\t<section class=\"elementor-section elementor-top-section elementor-element elementor-element-d35b135 elementor-section-boxed elementor-section-height-default elementor-section-height-default\" data-id=\"d35b135\" data-element_type=\"section\" data-e-type=\"section\">\n\t\t\t\t\t\t<div class=\"elementor-container elementor-column-gap-default\">\n\t\t\t\t\t<div class=\"elementor-column elementor-col-100 elementor-top-column elementor-element elementor-element-67b5efe\" data-id=\"67b5efe\" data-element_type=\"column\" data-e-type=\"column\">\n\t\t\t<div class=\"elementor-widget-wrap elementor-element-populated\">\n\t\t\t\t\t\t<div class=\"elementor-element elementor-element-cb6a80f elementor-grid-1 elementor-posts--thumbnail-left elementor-grid-tablet-2 elementor-grid-mobile-1 elementor-widget elementor-widget-posts\" data-id=\"cb6a80f\" data-element_type=\"widget\" data-e-type=\"widget\" data-settings=\"{&quot;classic_columns&quot;:&quot;1&quot;,&quot;pagination_type&quot;:&quot;prev_next&quot;,&quot;classic_columns_tablet&quot;:&quot;2&quot;,&quot;classic_columns_mobile&quot;:&quot;1&quot;,&quot;classic_row_gap&quot;:{&quot;unit&quot;:&quot;px&quot;,&quot;size&quot;:35,&quot;sizes&quot;:[]},&quot;classic_row_gap_tablet&quot;:{&quot;unit&quot;:&quot;px&quot;,&quot;size&quot;:&quot;&quot;,&quot;sizes&quot;:[]},&quot;classic_row_gap_mobile&quot;:{&quot;unit&quot;:&quot;px&quot;,&quot;size&quot;:&quot;&quot;,&quot;sizes&quot;:[]}}\" data-widget_type=\"posts.classic\">\n\t\t\t\t<div class=\"elementor-widget-container\">\n\t\t\t\t\t\t\t<div class=\"elementor-posts-container elementor-posts elementor-posts--skin-classic elementor-grid\">\n\t\t\t\t<article class=\"elementor-post elementor-grid-item post-26979 post type-post status-publish format-standard has-post-thumbnail hentry category-destacado\">\n\t\t\t\t<a class=\"elementor-post__thumbnail__link\" href=\"https:\/\/www.hcdelcalafate.gob.ar\/portal\/suspende-flybondi-sus-vuelos-en-temporada-baja\/\" >\n\t\t\t<div class=\"elementor-post__thumbnail\"><img fetchpriority=\"high\" decoding=\"async\" width=\"300\" height=\"168\" src=\"https:\/\/www.hcdelcalafate.gob.ar\/portal\/wp-content\/uploads\/2026\/04\/Flybondi-300x168.jpeg\" class=\"attachment-medium size-medium wp-image-26980\" alt=\"\" srcset=\"https:\/\/www.hcdelcalafate.gob.ar\/portal\/wp-content\/uploads\/2026\/04\/Flybondi-300x168.jpeg 300w, https:\/\/www.hcdelcalafate.gob.ar\/portal\/wp-content\/uploads\/2026\/04\/Flybondi-768x431.jpeg 768w, https:\/\/www.hcdelcalafate.gob.ar\/portal\/wp-content\/uploads\/2026\/04\/Flybondi.jpeg 1024w\" sizes=\"(max-width: 300px) 100vw, 300px\" \/><\/div>\n\t\t<\/a>\n\t\t\t\t<div class=\"elementor-post__text\">\n\t\t\t\t<h2 class=\"elementor-post__title\">\n\t\t\t<a href=\"https:\/\/www.hcdelcalafate.gob.ar\/portal\/suspende-flybondi-sus-vuelos-en-temporada-baja\/\" >\n\t\t\t\tSuspende Flybondi sus vuelos en temporada baja\t\t\t<\/a>\n\t\t<\/h2>\n\t\t\t\t<div class=\"elementor-post__meta-data\">\n\t\t\t\t\t<span class=\"elementor-post-author\">\n\t\t\tprensa HCD\t\t<\/span>\n\t\t\t\t<span class=\"elementor-post-date\">\n\t\t\t09\/04\/2026\t\t<\/span>\n\t\t\t\t<\/div>\n\t\t\t\t<div class=\"elementor-post__excerpt\">\n\t\t\t<p>Los ediles expresaron, en la 3\u00ba sesi\u00f3n ordinaria del HCD, una profunda preocupaci\u00f3n y rechazo por la decisi\u00f3n tomada por Flybondi sobre dejar de volar a El Calafate durante la<\/p>\n\t\t<\/div>\n\t\t\n\t\t<a class=\"elementor-post__read-more\" href=\"https:\/\/www.hcdelcalafate.gob.ar\/portal\/suspende-flybondi-sus-vuelos-en-temporada-baja\/\" >\n\t\t\tLeer + \u00bb\t\t<\/a>\n\n\t\t\t\t<\/div>\n\t\t\t\t<\/article>\n\t\t\t\t<article class=\"elementor-post elementor-grid-item post-26934 post type-post status-publish format-standard has-post-thumbnail hentry category-prensa\">\n\t\t\t\t<a class=\"elementor-post__thumbnail__link\" href=\"https:\/\/www.hcdelcalafate.gob.ar\/portal\/concurso-literario-el-calafate-rumbo-al-centenario\/\" >\n\t\t\t<div class=\"elementor-post__thumbnail\"><img decoding=\"async\" width=\"300\" height=\"114\" src=\"https:\/\/www.hcdelcalafate.gob.ar\/portal\/wp-content\/uploads\/2026\/04\/grupal-concurso-300x114.jpg\" class=\"attachment-medium size-medium wp-image-26935\" alt=\"\" srcset=\"https:\/\/www.hcdelcalafate.gob.ar\/portal\/wp-content\/uploads\/2026\/04\/grupal-concurso-300x114.jpg 300w, https:\/\/www.hcdelcalafate.gob.ar\/portal\/wp-content\/uploads\/2026\/04\/grupal-concurso-1024x390.jpg 1024w, https:\/\/www.hcdelcalafate.gob.ar\/portal\/wp-content\/uploads\/2026\/04\/grupal-concurso-768x292.jpg 768w, https:\/\/www.hcdelcalafate.gob.ar\/portal\/wp-content\/uploads\/2026\/04\/grupal-concurso-1536x585.jpg 1536w, https:\/\/www.hcdelcalafate.gob.ar\/portal\/wp-content\/uploads\/2026\/04\/grupal-concurso-2048x780.jpg 2048w\" sizes=\"(max-width: 300px) 100vw, 300px\" \/><\/div>\n\t\t<\/a>\n\t\t\t\t<div class=\"elementor-post__text\">\n\t\t\t\t<h2 class=\"elementor-post__title\">\n\t\t\t<a href=\"https:\/\/www.hcdelcalafate.gob.ar\/portal\/concurso-literario-el-calafate-rumbo-al-centenario\/\" >\n\t\t\t\tConcurso Literario \u201cEl Calafate rumbo al Centenario\u201d\t\t\t<\/a>\n\t\t<\/h2>\n\t\t\t\t<div class=\"elementor-post__meta-data\">\n\t\t\t\t\t<span class=\"elementor-post-author\">\n\t\t\tprensa HCD\t\t<\/span>\n\t\t\t\t<span class=\"elementor-post-date\">\n\t\t\t01\/04\/2026\t\t<\/span>\n\t\t\t\t<\/div>\n\t\t\t\t<div class=\"elementor-post__excerpt\">\n\t\t\t<p>Ante la presencia de ciudadanos de la localidad que participaron del concurso, autoridades y p\u00fablico en general, se realiz\u00f3 la premiaci\u00f3n del certamen \u201cEl Calafate Rumbo al Centenario\u201d organizado por<\/p>\n\t\t<\/div>\n\t\t\n\t\t<a class=\"elementor-post__read-more\" href=\"https:\/\/www.hcdelcalafate.gob.ar\/portal\/concurso-literario-el-calafate-rumbo-al-centenario\/\" >\n\t\t\tLeer + \u00bb\t\t<\/a>\n\n\t\t\t\t<\/div>\n\t\t\t\t<\/article>\n\t\t\t\t<article class=\"elementor-post elementor-grid-item post-26927 post type-post status-publish format-standard has-post-thumbnail hentry category-prensa\">\n\t\t\t\t<a class=\"elementor-post__thumbnail__link\" href=\"https:\/\/www.hcdelcalafate.gob.ar\/portal\/audiencia-publica-ley-de-glaciares\/\" >\n\t\t\t<div class=\"elementor-post__thumbnail\"><img decoding=\"async\" width=\"300\" height=\"158\" src=\"https:\/\/www.hcdelcalafate.gob.ar\/portal\/wp-content\/uploads\/2026\/03\/Honorable-Concejo-Deliberante-300x158.png\" class=\"attachment-medium size-medium wp-image-26928\" alt=\"\" srcset=\"https:\/\/www.hcdelcalafate.gob.ar\/portal\/wp-content\/uploads\/2026\/03\/Honorable-Concejo-Deliberante-300x158.png 300w, https:\/\/www.hcdelcalafate.gob.ar\/portal\/wp-content\/uploads\/2026\/03\/Honorable-Concejo-Deliberante-1024x538.png 1024w, https:\/\/www.hcdelcalafate.gob.ar\/portal\/wp-content\/uploads\/2026\/03\/Honorable-Concejo-Deliberante-768x403.png 768w, https:\/\/www.hcdelcalafate.gob.ar\/portal\/wp-content\/uploads\/2026\/03\/Honorable-Concejo-Deliberante.png 1200w\" sizes=\"(max-width: 300px) 100vw, 300px\" \/><\/div>\n\t\t<\/a>\n\t\t\t\t<div class=\"elementor-post__text\">\n\t\t\t\t<h2 class=\"elementor-post__title\">\n\t\t\t<a href=\"https:\/\/www.hcdelcalafate.gob.ar\/portal\/audiencia-publica-ley-de-glaciares\/\" >\n\t\t\t\tAudiencia P\u00fablica \"Ley de Glaciares\"\t\t\t<\/a>\n\t\t<\/h2>\n\t\t\t\t<div class=\"elementor-post__meta-data\">\n\t\t\t\t\t<span class=\"elementor-post-author\">\n\t\t\tprensa HCD\t\t<\/span>\n\t\t\t\t<span class=\"elementor-post-date\">\n\t\t\t18\/03\/2026\t\t<\/span>\n\t\t\t\t<\/div>\n\t\t\t\t<div class=\"elementor-post__excerpt\">\n\t\t\t<p>El Concejo Deliberante, invita a los vecinos a participar de la Audiencia p\u00fablica \"Ley de Glaciares\" este jueves 26 de marzo a las 10 hs. \u00a0<\/p>\n\t\t<\/div>\n\t\t\n\t\t<a class=\"elementor-post__read-more\" href=\"https:\/\/www.hcdelcalafate.gob.ar\/portal\/audiencia-publica-ley-de-glaciares\/\" >\n\t\t\tLeer + \u00bb\t\t<\/a>\n\n\t\t\t\t<\/div>\n\t\t\t\t<\/article>\n\t\t\t\t<article class=\"elementor-post elementor-grid-item post-26914 post type-post status-publish format-standard has-post-thumbnail hentry category-destacado\">\n\t\t\t\t<a class=\"elementor-post__thumbnail__link\" href=\"https:\/\/www.hcdelcalafate.gob.ar\/portal\/apertura-de-sesiones-ordinarias-2026-en-el-calafate\/\" >\n\t\t\t<div class=\"elementor-post__thumbnail\"><img loading=\"lazy\" decoding=\"async\" width=\"300\" height=\"61\" src=\"https:\/\/www.hcdelcalafate.gob.ar\/portal\/wp-content\/uploads\/2025\/11\/concejo-deliberante-300x61.jpg\" class=\"attachment-medium size-medium wp-image-26726\" alt=\"\" srcset=\"https:\/\/www.hcdelcalafate.gob.ar\/portal\/wp-content\/uploads\/2025\/11\/concejo-deliberante-300x61.jpg 300w, https:\/\/www.hcdelcalafate.gob.ar\/portal\/wp-content\/uploads\/2025\/11\/concejo-deliberante-1024x207.jpg 1024w, https:\/\/www.hcdelcalafate.gob.ar\/portal\/wp-content\/uploads\/2025\/11\/concejo-deliberante-768x156.jpg 768w, https:\/\/www.hcdelcalafate.gob.ar\/portal\/wp-content\/uploads\/2025\/11\/concejo-deliberante-1536x311.jpg 1536w, https:\/\/www.hcdelcalafate.gob.ar\/portal\/wp-content\/uploads\/2025\/11\/concejo-deliberante-2048x415.jpg 2048w\" sizes=\"(max-width: 300px) 100vw, 300px\" \/><\/div>\n\t\t<\/a>\n\t\t\t\t<div class=\"elementor-post__text\">\n\t\t\t\t<h2 class=\"elementor-post__title\">\n\t\t\t<a href=\"https:\/\/www.hcdelcalafate.gob.ar\/portal\/apertura-de-sesiones-ordinarias-2026-en-el-calafate\/\" >\n\t\t\t\tApertura de Sesiones Ordinarias 2026 en El Calafate\t\t\t<\/a>\n\t\t<\/h2>\n\t\t\t\t<div class=\"elementor-post__meta-data\">\n\t\t\t\t\t<span class=\"elementor-post-author\">\n\t\t\tprensa HCD\t\t<\/span>\n\t\t\t\t<span class=\"elementor-post-date\">\n\t\t\t13\/03\/2026\t\t<\/span>\n\t\t\t\t<\/div>\n\t\t\t\t<div class=\"elementor-post__excerpt\">\n\t\t\t<p>Apertura de Sesiones Ordinarias 2026 en El Calafate Hoy,\u00a0jueves\u00a012\u00a0de marzo, el Honorable Concejo Deliberante de El Calafate, celebr\u00f3 la apertura del per\u00edodo de Sesiones Ordinarias 2026. En primera instancia, se<\/p>\n\t\t<\/div>\n\t\t\n\t\t<a class=\"elementor-post__read-more\" href=\"https:\/\/www.hcdelcalafate.gob.ar\/portal\/apertura-de-sesiones-ordinarias-2026-en-el-calafate\/\" >\n\t\t\tLeer + \u00bb\t\t<\/a>\n\n\t\t\t\t<\/div>\n\t\t\t\t<\/article>\n\t\t\t\t<article class=\"elementor-post elementor-grid-item post-26745 post type-post status-publish format-standard hentry category-ordenanzas tag-77 tag-ordenanzas\">\n\t\t\t\t<div class=\"elementor-post__text\">\n\t\t\t\t<h2 class=\"elementor-post__title\">\n\t\t\t<a href=\"https:\/\/www.hcdelcalafate.gob.ar\/portal\/ordenanza-n-2516-25\/\" >\n\t\t\t\tOrdenanza N\u00b0 2516\/25\t\t\t<\/a>\n\t\t<\/h2>\n\t\t\t\t<div class=\"elementor-post__meta-data\">\n\t\t\t\t\t<span class=\"elementor-post-author\">\n\t\t\tSGA\t\t<\/span>\n\t\t\t\t<span class=\"elementor-post-date\">\n\t\t\t27\/11\/2025\t\t<\/span>\n\t\t\t\t<\/div>\n\t\t\t\t<div class=\"elementor-post__excerpt\">\n\t\t\t<p>Autorizar al Departamento Ejecutivo Municipal a realizar la adecuaci\u00f3n y definici\u00f3n presupuestaria necesaria, para el cumplimiento de los objetivos del programa UPV \"Una posibilidad para Viajar\", que organizar\u00e1 y gestionar\u00e1<\/p>\n\t\t<\/div>\n\t\t\n\t\t<a class=\"elementor-post__read-more\" href=\"https:\/\/www.hcdelcalafate.gob.ar\/portal\/ordenanza-n-2516-25\/\" >\n\t\t\tLeer + \u00bb\t\t<\/a>\n\n\t\t\t\t<\/div>\n\t\t\t\t<\/article>\n\t\t\t\t<article class=\"elementor-post elementor-grid-item post-26740 post type-post status-publish format-standard hentry category-ordenanzas tag-77 tag-ordenanzas\">\n\t\t\t\t<div class=\"elementor-post__text\">\n\t\t\t\t<h2 class=\"elementor-post__title\">\n\t\t\t<a href=\"https:\/\/www.hcdelcalafate.gob.ar\/portal\/ordenanza-n-2515-25\/\" >\n\t\t\t\tOrdenanza N\u00b0 2515\/25\t\t\t<\/a>\n\t\t<\/h2>\n\t\t\t\t<div class=\"elementor-post__meta-data\">\n\t\t\t\t\t<span class=\"elementor-post-author\">\n\t\t\tSGA\t\t<\/span>\n\t\t\t\t<span class=\"elementor-post-date\">\n\t\t\t27\/11\/2025\t\t<\/span>\n\t\t\t\t<\/div>\n\t\t\t\t<div class=\"elementor-post__excerpt\">\n\t\t\t<p>Marco normativo local para el funcionamiento del servicio de Crematorio. VER DOCUMENTO COMPLETO \/\/ Estado: VIGENTE<\/p>\n\t\t<\/div>\n\t\t\n\t\t<a class=\"elementor-post__read-more\" href=\"https:\/\/www.hcdelcalafate.gob.ar\/portal\/ordenanza-n-2515-25\/\" >\n\t\t\tLeer + \u00bb\t\t<\/a>\n\n\t\t\t\t<\/div>\n\t\t\t\t<\/article>\n\t\t\t\t<article class=\"elementor-post elementor-grid-item post-26725 post type-post status-publish format-standard has-post-thumbnail hentry category-prensa\">\n\t\t\t\t<a class=\"elementor-post__thumbnail__link\" href=\"https:\/\/www.hcdelcalafate.gob.ar\/portal\/homenajes-y-felicitaciones-2\/\" >\n\t\t\t<div class=\"elementor-post__thumbnail\"><img loading=\"lazy\" decoding=\"async\" width=\"300\" height=\"61\" src=\"https:\/\/www.hcdelcalafate.gob.ar\/portal\/wp-content\/uploads\/2025\/11\/concejo-deliberante-300x61.jpg\" class=\"attachment-medium size-medium wp-image-26726\" alt=\"\" srcset=\"https:\/\/www.hcdelcalafate.gob.ar\/portal\/wp-content\/uploads\/2025\/11\/concejo-deliberante-300x61.jpg 300w, https:\/\/www.hcdelcalafate.gob.ar\/portal\/wp-content\/uploads\/2025\/11\/concejo-deliberante-1024x207.jpg 1024w, https:\/\/www.hcdelcalafate.gob.ar\/portal\/wp-content\/uploads\/2025\/11\/concejo-deliberante-768x156.jpg 768w, https:\/\/www.hcdelcalafate.gob.ar\/portal\/wp-content\/uploads\/2025\/11\/concejo-deliberante-1536x311.jpg 1536w, https:\/\/www.hcdelcalafate.gob.ar\/portal\/wp-content\/uploads\/2025\/11\/concejo-deliberante-2048x415.jpg 2048w\" sizes=\"(max-width: 300px) 100vw, 300px\" \/><\/div>\n\t\t<\/a>\n\t\t\t\t<div class=\"elementor-post__text\">\n\t\t\t\t<h2 class=\"elementor-post__title\">\n\t\t\t<a href=\"https:\/\/www.hcdelcalafate.gob.ar\/portal\/homenajes-y-felicitaciones-2\/\" >\n\t\t\t\tHomenajes y felicitaciones\t\t\t<\/a>\n\t\t<\/h2>\n\t\t\t\t<div class=\"elementor-post__meta-data\">\n\t\t\t\t\t<span class=\"elementor-post-author\">\n\t\t\tprensa HCD\t\t<\/span>\n\t\t\t\t<span class=\"elementor-post-date\">\n\t\t\t13\/11\/2025\t\t<\/span>\n\t\t\t\t<\/div>\n\t\t\t\t<div class=\"elementor-post__excerpt\">\n\t\t\t<p>En la XIII Sesi\u00f3n Ordinaria celebrada en el d\u00eda de la fecha, los ediles felicitaron a los estudiantes Gonzalo Quintana, Catalina Fernandez, Mauro Arg\u00fcello y Luka Arce de la Escuela<\/p>\n\t\t<\/div>\n\t\t\n\t\t<a class=\"elementor-post__read-more\" href=\"https:\/\/www.hcdelcalafate.gob.ar\/portal\/homenajes-y-felicitaciones-2\/\" >\n\t\t\tLeer + \u00bb\t\t<\/a>\n\n\t\t\t\t<\/div>\n\t\t\t\t<\/article>\n\t\t\t\t<article class=\"elementor-post elementor-grid-item post-26699 post type-post status-publish format-standard hentry category-ordenanzas tag-77 tag-ordenanzas\">\n\t\t\t\t<div class=\"elementor-post__text\">\n\t\t\t\t<h2 class=\"elementor-post__title\">\n\t\t\t<a href=\"https:\/\/www.hcdelcalafate.gob.ar\/portal\/ordenanza-n-2514-25\/\" >\n\t\t\t\tOrdenanza N\u00b0 2514\/25\t\t\t<\/a>\n\t\t<\/h2>\n\t\t\t\t<div class=\"elementor-post__meta-data\">\n\t\t\t\t\t<span class=\"elementor-post-author\">\n\t\t\tSGA\t\t<\/span>\n\t\t\t\t<span class=\"elementor-post-date\">\n\t\t\t03\/11\/2025\t\t<\/span>\n\t\t\t\t<\/div>\n\t\t\t\t<div class=\"elementor-post__excerpt\">\n\t\t\t<p>DAR CONFORMIDAD, a las actuaciones contenidas en el Expediente Municipal N\u00b0672\/2025, iniciado por la Secretar\u00eda de Hacienda del Departamento Ejecutivo Municipal. VER DOCUMENTO COMPLETO \/\/ Estado: VIGENTE<\/p>\n\t\t<\/div>\n\t\t\n\t\t<a class=\"elementor-post__read-more\" href=\"https:\/\/www.hcdelcalafate.gob.ar\/portal\/ordenanza-n-2514-25\/\" >\n\t\t\tLeer + \u00bb\t\t<\/a>\n\n\t\t\t\t<\/div>\n\t\t\t\t<\/article>\n\t\t\t\t<article class=\"elementor-post elementor-grid-item post-26694 post type-post status-publish format-standard hentry category-ordenanzas tag-77 tag-ordenanzas\">\n\t\t\t\t<div class=\"elementor-post__text\">\n\t\t\t\t<h2 class=\"elementor-post__title\">\n\t\t\t<a href=\"https:\/\/www.hcdelcalafate.gob.ar\/portal\/ordenanza-n-2513-25\/\" >\n\t\t\t\tOrdenanza N\u00b0 2513\/25\t\t\t<\/a>\n\t\t<\/h2>\n\t\t\t\t<div class=\"elementor-post__meta-data\">\n\t\t\t\t\t<span class=\"elementor-post-author\">\n\t\t\tSGA\t\t<\/span>\n\t\t\t\t<span class=\"elementor-post-date\">\n\t\t\t03\/11\/2025\t\t<\/span>\n\t\t\t\t<\/div>\n\t\t\t\t<div class=\"elementor-post__excerpt\">\n\t\t\t<p>SIN DOCUMENTACION VER DOCUMENTO COMPLETO \/\/ Estado: VIGENTE<\/p>\n\t\t<\/div>\n\t\t\n\t\t<a class=\"elementor-post__read-more\" href=\"https:\/\/www.hcdelcalafate.gob.ar\/portal\/ordenanza-n-2513-25\/\" >\n\t\t\tLeer + \u00bb\t\t<\/a>\n\n\t\t\t\t<\/div>\n\t\t\t\t<\/article>\n\t\t\t\t<article class=\"elementor-post elementor-grid-item post-26689 post type-post status-publish format-standard hentry category-ordenanzas tag-77 tag-ordenanzas\">\n\t\t\t\t<div class=\"elementor-post__text\">\n\t\t\t\t<h2 class=\"elementor-post__title\">\n\t\t\t<a href=\"https:\/\/www.hcdelcalafate.gob.ar\/portal\/ordenanza-n-2512-25\/\" >\n\t\t\t\tOrdenanza N\u00b0 2512\/25\t\t\t<\/a>\n\t\t<\/h2>\n\t\t\t\t<div class=\"elementor-post__meta-data\">\n\t\t\t\t\t<span class=\"elementor-post-author\">\n\t\t\tSGA\t\t<\/span>\n\t\t\t\t<span class=\"elementor-post-date\">\n\t\t\t03\/11\/2025\t\t<\/span>\n\t\t\t\t<\/div>\n\t\t\t\t<div class=\"elementor-post__excerpt\">\n\t\t\t<p>ARTICULO 1\u00b0: Autorizar la ampliaci\u00f3n del factor de ocupaci\u00f3n del suelo (FOS) del 10% al 13%, para la obra en ejecuci\u00f3n que se emplaza en la Quinta N\u00b0 7300, propiedad<\/p>\n\t\t<\/div>\n\t\t\n\t\t<a class=\"elementor-post__read-more\" href=\"https:\/\/www.hcdelcalafate.gob.ar\/portal\/ordenanza-n-2512-25\/\" >\n\t\t\tLeer + \u00bb\t\t<\/a>\n\n\t\t\t\t<\/div>\n\t\t\t\t<\/article>\n\t\t\t\t<\/div>\n\n\n\t\t\n\t\t\t\t<div class=\"e-load-more-anchor\" data-page=\"1\" data-max-page=\"314\" data-next-page=\"https:\/\/www.hcdelcalafate.gob.ar\/portal\/wp-json\/wp\/v2\/pages\/76\/page\/2\/\"><\/div>\n\t\t\t\t<nav class=\"elementor-pagination\" role=\"navigation\" aria-label=\"Pagination\">\n\t\t\t<span class=\"page-numbers prev\">&laquo; Anterior<\/span>\n<a class=\"page-numbers next\" href=\"https:\/\/www.hcdelcalafate.gob.ar\/portal\/wp-json\/wp\/v2\/pages\/76\/page\/2\/\">Pr\u00f3ximo &raquo;<\/a>\t\t<\/nav>\n\t\t\t\t\t\t<\/div>\n\t\t\t\t<\/div>\n\t\t\t\t\t<\/div>\n\t\t<\/div>\n\t\t\t\t\t<\/div>\n\t\t<\/section>\n\t\t\t\t<\/div>\n\t\t","protected":false},"excerpt":{"rendered":"","protected":false},"author":1,"featured_media":0,"parent":0,"menu_order":0,"comment_status":"closed","ping_status":"closed","template":"","meta":{"footnotes":""},"class_list":["post-76","page","type-page","status-publish","hentry"],"_links":{"self":[{"href":"https:\/\/www.hcdelcalafate.gob.ar\/portal\/wp-json\/wp\/v2\/pages\/76","targetHints":{"allow":["GET"]}}],"collection":[{"href":"https:\/\/www.hcdelcalafate.gob.ar\/portal\/wp-json\/wp\/v2\/pages"}],"about":[{"href":"https:\/\/www.hcdelcalafate.gob.ar\/portal\/wp-json\/wp\/v2\/types\/page"}],"author":[{"embeddable":true,"href":"https:\/\/www.hcdelcalafate.gob.ar\/portal\/wp-json\/wp\/v2\/users\/1"}],"replies":[{"embeddable":true,"href":"https:\/\/www.hcdelcalafate.gob.ar\/portal\/wp-json\/wp\/v2\/comments?post=76"}],"version-history":[{"count":16,"href":"https:\/\/www.hcdelcalafate.gob.ar\/portal\/wp-json\/wp\/v2\/pages\/76\/revisions"}],"predecessor-version":[{"id":23978,"href":"https:\/\/www.hcdelcalafate.gob.ar\/portal\/wp-json\/wp\/v2\/pages\/76\/revisions\/23978"}],"wp:attachment":[{"href":"https:\/\/www.hcdelcalafate.gob.ar\/portal\/wp-json\/wp\/v2\/media?parent=76"}],"curies":[{"name":"wp","href":"https:\/\/api.w.org\/{rel}","templated":true}]}}