{"id":4207,"date":"2020-11-30T13:43:26","date_gmt":"2020-11-30T16:43:26","guid":{"rendered":"http:\/\/www.hcdelcalafate.gob.ar\/portal\/?page_id=4207"},"modified":"2026-02-24T10:14:58","modified_gmt":"2026-02-24T13:14:58","slug":"ordenanzas-2020","status":"publish","type":"page","link":"https:\/\/www.hcdelcalafate.gob.ar\/portal\/ordenanzas-2020\/","title":{"rendered":"Ordenanzas 2020"},"content":{"rendered":"\n<ul class=\"lcp_catlist\" id=\"lcp_instance_0\"><li><a href=\"https:\/\/www.hcdelcalafate.gob.ar\/portal\/ordenanza-n-2235-20\/\">Ordenanza N\u00b0 2235\/20<\/a><div class=\"lcp_excerpt\">PRORROGAR, desde el 1\u00b0 de marzo y hasta el 31 de diciembre del a\u00f1o 2020, el Sistema de Retiro Voluntario para el Personal Municipal de la Planta Contratada, Transitoria y Permanente creado mediante Ordenanza N\u00b0 1.762\/15, en un todo de acuerdo a los considerandos expuestos.\n\t\t\t\n\t\t\t\t\t\tVER DOCUMENTO COMPLETO \/\/ Estado: VIGENTE\n\t\t\t\t\t\n<\/div><\/li><li><a href=\"https:\/\/www.hcdelcalafate.gob.ar\/portal\/ordenanza-n-2234-20\/\">Ordenanza N\u00b0 2234\/20<\/a><div class=\"lcp_excerpt\">EXIMASE del pago de renovaci\u00f3n anual de habilitaci\u00f3n comercial a los rubros que se detallan a continuaci\u00f3n: guarder\u00edas y salas de cuidados infantiles, locales de esparcimiento nocturnos, salones de eventos, remisses, agencias de viajes, agencias de representaciones, restaurantes, alojamientos, y alquileres de autos sin chofer.\n\t\t\t\n\t\t\t\t\t\tVER DOCUMENTO COMPLETO \/\/ Estado: VIGENTE\n\t\t\t\t\t\n<\/div><\/li><li><a href=\"https:\/\/www.hcdelcalafate.gob.ar\/portal\/ordenanza-n-2233-20\/\">Ordenanza N\u00b0 2233\/20<\/a><div class=\"lcp_excerpt\">AUTORIZAR, al Departamento Ejecutivo a modificar el valor de la Unidad Fija a CUATRO PESOS CON CUARENTA CENTAVOS ($4,40) para el a\u00f1o 2021, quedando la misma en suspenso hasta que la situaci\u00f3n en lo referente a la pandemia COVID-19, lo amerite. DEROGUESE, toda norma que se oponga a la presente.\nDEROGADA ...<\/div><\/li><li><a href=\"https:\/\/www.hcdelcalafate.gob.ar\/portal\/ordenanza-n-2232-20\/\">Ordenanza N\u00b0 2232\/20<\/a><div class=\"lcp_excerpt\">AUTORIZAR al Departamento Ejecutivo el cobro en cuotas del Impuesto Patente Automotor per\u00edodo fiscal a\u00f1o DOS MIL VEINTIUNO.\n\t\t\t\n\t\t\t\t\t\tVER DOCUMENTO COMPLETO \/\/ Estado: VIGENTE\n\t\t\t\t\t\n<\/div><\/li><li><a href=\"https:\/\/www.hcdelcalafate.gob.ar\/portal\/ordenanza-n-2231-20\/\">Ordenanza N\u00b0 2231\/20<\/a><div class=\"lcp_excerpt\">AUTORIZAR al Departamento Ejecutivo Municipal al cobro en cuotas del Impuesto Inmobiliario, las Tasas por Servicios Retribuidos y la sobretasa por bald\u00edo urbano, correspondientes al Per\u00edodo Fiscal vencido a\u00f1o DOS MIL VEINTE.\n\t\t\t\n\t\t\t\t\t\tVER DOCUMENTO COMPLETO \/\/ Estado: VIGENTE\n\t\t\t\t\t\n<\/div><\/li><li><a href=\"https:\/\/www.hcdelcalafate.gob.ar\/portal\/ordenanza-n-2230-20\/\">Ordenanza N\u00b0 2230\/20<\/a><div class=\"lcp_excerpt\">ESTABLECER para el cobro de las Obligaciones Fiscales Municipales con vencimiento durante el Ejercicio Fiscal A\u00f1o DOS MIL VEINTIUNO de acuerdo a Cronograma de Pagos.\n\t\t\t\n\t\t\t\t\t\tVER DOCUMENTO COMPLETO \/\/ Estado: VIGENTE\n\t\t\t\t\t\n<\/div><\/li><li><a href=\"https:\/\/www.hcdelcalafate.gob.ar\/portal\/ordenanza-n-2229-20\/\">Ordenanza N\u00b0 2229\/20<\/a><div class=\"lcp_excerpt\">SANCI\u00d3NESE con fuerza de Ordenanza, el PRESUPUESTO GENERAL DE RECURSOS Y EROGACIONES DE LA MUNICIPALIDAD DE EL CALAFATE PARA EL A\u00d1O 2021.\n\t\t\t\n\t\t\t\t\t\tVER DOCUMENTO COMPLETO \/\/ Estado: VIGENTE\n\t\t\t\t\t\n<\/div><\/li><li><a href=\"https:\/\/www.hcdelcalafate.gob.ar\/portal\/ordenanza-n-2228-20\/\">Ordenanza N\u00b0 2228\/20<\/a><div class=\"lcp_excerpt\">AUTORIZASE en la Ciudad de El Calafate la creaci\u00f3n de un \"Registro de Pacientes Voluntarios para Tratamiento de COVID-19 mediante Ensayos con Ibuprofeno Inhalado\" a los fines de llevar adelante dicho m\u00e9todo experimental por aquellos pacientes que, han transitado la fase 2 (dos) de dicha patolog\u00eda, y manifiesten su voluntad ...<\/div><\/li><li><a href=\"https:\/\/www.hcdelcalafate.gob.ar\/portal\/ordenanza-n-2227-20\/\">Ordenanza N\u00b0 2227\/20<\/a><div class=\"lcp_excerpt\">CREASE, el Registro P\u00fablico, Unico y Obligatorio de Inmuebles de Alquiler Tur\u00edstico Temporario en el que se registrar\u00e1n todos los inmuebles que se ofrezcan al p\u00fablico para alojamiento de turistas, y que no se encuentren habilitados y categorizados seg\u00fan la normativa vigente.\n\t\t\t\n\t\t\t\t\t\tVER DOCUMENTO COMPLETO \/\/ Estado: VIGENTE\n\t\t\t\t\t\n<\/div><\/li><li><a href=\"https:\/\/www.hcdelcalafate.gob.ar\/portal\/ordenanza-n-2226-20\/\">Ordenanza N\u00b0 2226\/20<\/a><div class=\"lcp_excerpt\">ESTABLEZCASE, dentro del marco regulatorio para la Gesti\u00f3n Integral de los Residuos S\u00f3lidos Urbanos de la ciudad de El Calafate, la obligatoriedad de llevar a cabo la separaci\u00f3n en origen de los residuos, en todos los organismos p\u00fablicos municipales, provinciales y nacionales con asiento en nuestra ciudad.\n\t\t\t\n\t\t\t\t\t\tVER DOCUMENTO COMPLETO \/\/ ...<\/div><\/li><li><a href=\"https:\/\/www.hcdelcalafate.gob.ar\/portal\/ordenanza-n-2225-20\/\">Ordenanza N\u00b0 2225\/20<\/a><div class=\"lcp_excerpt\">AMPLIASE, el mecanismo de recaudaci\u00f3n para el derecho sobre las actividades de abasto a aquellos servicios y\/o transportes que ingresen a la localidad con cargas, mercader\u00edas, bienes, y afines, que no se encuentren amparados por la habilitaci\u00f3n comercial correspondiente.\n\t\t\t\n\t\t\t\t\t\tVER DOCUMENTO COMPLETO \/\/ Estado: VIGENTE\n\t\t\t\t\t\n<\/div><\/li><li><a href=\"https:\/\/www.hcdelcalafate.gob.ar\/portal\/ordenanza-n-2224-20\/\">Ordenanza N\u00b0 2224\/20<\/a><div class=\"lcp_excerpt\">APROBAR en todos sus t\u00e9rminos el Decreto Municipal N\u00b0 448\/20, Ad-Refer\u00e9ndum de este Honorable Concejo Deliberante, referente a \"Desafectar del domino p\u00fablico la superficie de tierras de 2046,91 metros cuadrados aproximados, ubicados entre la Mz. 46703 y Mz. 4641\".\n\t\t\t\n\t\t\t\t\t\tVER DOCUMENTO COMPLETO \/\/ Estado: VIGENTE\n\t\t\t\t\t\n<\/div><\/li><li><a href=\"https:\/\/www.hcdelcalafate.gob.ar\/portal\/ordenanza-n-2223-20\/\">Ordenanza N\u00b0 2223\/20<\/a><div class=\"lcp_excerpt\">INCORPORAR, a la Ordenanza Tarifaria Municipal N\u00b0 247\/94, los siguientes rubros:\n\"Industria de jabones y aromatizantes 15.000 U.F.\"\n\"Industria de aceites esenciales y cremas en base a arom\u00e1ticas de origen vegetal. 15.000 U.F.\"\n\t\t\t\n\t\t\t\t\t\tVER DOCUMENTO COMPLETO \/\/ Estado: VIGENTE\n\t\t\t\t\t\n<\/div><\/li><li><a href=\"https:\/\/www.hcdelcalafate.gob.ar\/portal\/ordenanza-n-2222-20\/\">Ordenanza N\u00b0 2222\/20<\/a><div class=\"lcp_excerpt\">CREASE el Fondo de Emergencia Solidario constituido por un monto de cien millones de pesos ($ 100.000.000), destinado al financiamiento del Programa de Ingreso Familiar Extraordinario Municipal. El programa \"Ingreso Familiar Extraordinario Municipal\", I.F.E.M, contar\u00e1 con un presupuesto de cien millones de pesos, ($ 100.000.000, 00), y tendr\u00e1 como objetivo ...<\/div><\/li><li><a href=\"https:\/\/www.hcdelcalafate.gob.ar\/portal\/ordenanza-n-2221-20\/\">Ordenanza N\u00b0 2221\/20<\/a><div class=\"lcp_excerpt\">AUTORICESE, al Departamento Ejecutivo Municipal a realizar la ampliaci\u00f3n presupuestaria del ejercicio fiscal 2020 por cien millones de pesos ($ 100.000.000), creando la sub-partida I.F.E.M en la partida presupuestaria 1300 -Transferencias-, a\u00a0 efectos de dar cumplimiento a lo acordado por el Consejo Asesor Social y Econ\u00f3mico Municipal para el establecimiento ...<\/div><\/li><li><a href=\"https:\/\/www.hcdelcalafate.gob.ar\/portal\/ordenanza-n-2220-20\/\">Ordenanza N\u00b0 2220\/20<\/a><div class=\"lcp_excerpt\">APROBAR en todos sus t\u00e9rminos el Decreto Municipal N\u00b0 420\/20, Ad-Refer\u00e9ndum de este Honorable Concejo Deliberante, referente a la \"Creaci\u00f3n del Consejo Asesor Social y Econ\u00f3mico de la Municipalidad de El Calafate\".\n\t\t\t\n\t\t\t\t\t\tVER DOCUMENTO COMPLETO \/\/ Estado: VIGENTE\n\t\t\t\t\t\n<\/div><\/li><li><a href=\"https:\/\/www.hcdelcalafate.gob.ar\/portal\/ordenanza-n-2219-20\/\">Ordenanza N\u00b0 2219\/20<\/a><div class=\"lcp_excerpt\">APROBAR en todos sus t\u00e9rminos el Decreto Municipal N\u00b0 374\/20, Ad-Refer\u00e9ndum de este Honorable Concejo Deliberante, referente a la \"Venta de la Fracci\u00f3n N\u00b0 873 A y N\u00b0 873 B\". DEROGA LA\u00a0ORDENANZA N\u00b0 2207\/20.\n\t\t\t\n\t\t\t\t\t\tVER DOCUMENTO COMPLETO \/\/ Estado: VIGENTE\n\t\t\t\t\t\n<\/div><\/li><li><a href=\"https:\/\/www.hcdelcalafate.gob.ar\/portal\/ordenanza-n-2218-20\/\">Ordenanza N\u00b0 2218\/20<\/a><div class=\"lcp_excerpt\">ADHI\u00c9RASE en todos su t\u00e9rminos a la Ley N\u00b0 3.488, mediante la cual la Provincia de Santa Cruz adhiere a la Ley Nacional N\u00b0 27.098 \"R\u00e9gimen de Promoci\u00f3n de Clubes de Barrio y de Pueblo\".\n\t\t\t\n\t\t\t\t\t\tVER DOCUMENTO COMPLETO \/\/ Estado: VIGENTE\n\t\t\t\t\t\n<\/div><\/li><li><a href=\"https:\/\/www.hcdelcalafate.gob.ar\/portal\/ordenanza-n-2217-20\/\">Ordenanza N\u00b0 2217\/20<\/a><div class=\"lcp_excerpt\">DENOMINESE con el nombre de Antonio Torrej\u00f3n, a una arteria de nuestra localidad, en reconocimiento a su trayectoria y por su incansable gesti\u00f3n en la planificaci\u00f3n tur\u00edstica de la Patagonia y El Calafate, como as\u00ed tambi\u00e9n por su valioso aporte a la educaci\u00f3n en turismo y su contribuci\u00f3n a la ...<\/div><\/li><li><a href=\"https:\/\/www.hcdelcalafate.gob.ar\/portal\/ordenanza-n-2216-20\/\">Ordenanza N\u00b0 2216\/20<\/a><div class=\"lcp_excerpt\">APROBAR, la renovaci\u00f3n del Convenio suscripto entre la Municipalidad de El Calafate y Lib\u00e9lula Sur, suscripta el 8 de julio de 2020.\n\t\t\t\n\t\t\t\t\t\tVER DOCUMENTO COMPLETO \/\/ Estado: VIGENTE\n\t\t\t\t\t\n<\/div><\/li><li><a href=\"https:\/\/www.hcdelcalafate.gob.ar\/portal\/ordenanza-n-2215-20\/\">Ordenanza N\u00b0 2215\/20<\/a><div class=\"lcp_excerpt\">APROBAR la renovaci\u00f3n del Convenio suscripto entre la Municipalidad de El Calafate y la Cooperativa Telef\u00f3nica de El Calafate Ltda., suscripta el 22 de julio de 2020.\n\t\t\t\n\t\t\t\t\t\tVER DOCUMENTO COMPLETO \/\/ Estado: VIGENTE\n\t\t\t\t\t\n<\/div><\/li><li><a href=\"https:\/\/www.hcdelcalafate.gob.ar\/portal\/ordenanza-n-2214-20\/\">Ordenanza N\u00b0 2214\/20<\/a><div class=\"lcp_excerpt\">APROBAR por \u00fanica vez, la solicitud de excepci\u00f3n al C\u00f3digo de Planeamiento Urbano, para la ampliaci\u00f3n en un 7% el F.O.S. y en un 14% el F.O.T. de la Manzana A - Lote 1 de nuestra localidad, cuyo titular es la Sra. ARANGOITIA CONTRERAS, Faustina Esther.\n\t\t\t\n\t\t\t\t\t\tVER DOCUMENTO COMPLETO \/\/ Estado: ...<\/div><\/li><li><a href=\"https:\/\/www.hcdelcalafate.gob.ar\/portal\/ordenanza-no-2212-20\/\">Ordenanza N\u00b0 2212\/20<\/a><div class=\"lcp_excerpt\">APROBAR, en todos sus t\u00e9rminos, el Decreto Municipal N\u00b0 220\/2020, Ad-Refer\u00e9ndum de este Honorable Concejo Deliberante, referente a la donaci\u00f3n de una superficie de tierras de, aproximadamente, 450 mts. cuadrados, ubicados en la Manzana 2Bis, Lote 4 de esta ciudad.\n\t\t\t\n\t\t\t\t\t\tVER DOCUMENTO COMPLETO \/\/ Estado: VIGENTE\n\t\t\t\t\t\n<\/div><\/li><li><a href=\"https:\/\/www.hcdelcalafate.gob.ar\/portal\/ordenanza-no-2211-20\/\">Ordenanza N\u00b0 2211\/20<\/a><div class=\"lcp_excerpt\">EXIMIR, del pago de Impuesto Inmobiliario Municipal y Servicios Retribuidos a la Asociaci\u00f3n Civil Lib\u00e9lula Sur Teatro (Legajo N\u00b0 1208 del Registro de Asociaciones Civiles con Personer\u00eda Jur\u00eddica), correspondiente al inmueble ubicado en la Manzana 566 - Lote 4, per\u00edodos fiscales de los a\u00f1os 2018 (cuotas 4, 5 y 6, ...<\/div><\/li><li><a href=\"https:\/\/www.hcdelcalafate.gob.ar\/portal\/ordenanza-no-2210-20\/\">Ordenanza N\u00b0 2210\/20<\/a><div class=\"lcp_excerpt\">APROBAR en todos sus t\u00e9rminos el Decreto Municipal N\u00b0 101\/20 Ad-Refer\u00e9ndum de este Honorable Concejo Deliberante, referente al \"Convenio de Donaci\u00f3n celebrado entre la Municipalidad de El Calafate y el Sr. Gerardo Daniel Padula\".\n\t\t\t\n\t\t\t\t\t\tVER DOCUMENTO COMPLETO \/\/ Estado: VIGENTE\n\t\t\t\t\t\n<\/div><\/li><li><a href=\"https:\/\/www.hcdelcalafate.gob.ar\/portal\/ordenanza-no-2209-20\/\">Ordenanza N\u00b0 2209\/20<\/a><div class=\"lcp_excerpt\">INCORPORESE, como 2\u00b0 p\u00e1rrafo del inc. 3\u00b0, Art. 3\u00b0 de la Ordenanza Municipal N\u00b0 247\/94 el siguiente texto: (...) \"Cuando se encuentren cumplidas las obligaciones fiscales establecidas por la presente Ordenanza y se generare una transferencia de derechos o titularidad sobre un bien inmueble, el departamento Ejecutivo Municipal podr\u00e1 autorizar ...<\/div><\/li><li><a href=\"https:\/\/www.hcdelcalafate.gob.ar\/portal\/ordenanza-no-2208-20-2\/\">Ordenanza N\u00b0 2208\/20<\/a><div class=\"lcp_excerpt\">ESTABLEZCASE, a partir de la entrada en vigencia de la presente norma, la no adquisici\u00f3n por parte del Departamento Ejecutivo Municipal, de productos pl\u00e1sticos de un solo uso para ser utilizados dentro de sus dependencias o para ser afectados a la prestaci\u00f3n de bienes o servicios que de ella dependan.\n\t\t\t\n\t\t\t\t\t\tVER ...<\/div><\/li><li><a href=\"https:\/\/www.hcdelcalafate.gob.ar\/portal\/ordenanza-no-2207-20-2\/\">Ordenanza N\u00b0 2207\/20<\/a><div class=\"lcp_excerpt\">APROBAR en todos sus t\u00e9rminos el Decreto Municipal N\u00b0 204\/20, AdRefer\u00e9ndum de este Honorable Concejo Deliberante, referente a la \"Venta de la Fracci\u00f3n N\u00b0 873\"\n\t\t\t\n\t\t\t\t\t\tVER DOCUMENTO COMPLETO \/\/ Estado: DEROGADA\n\t\t\t\t\t\nDEROGADA POR ORDENANZA N\u00b0 2219\/20.\n\t\t\t\n\t\t\t\t\t\n<\/div><\/li><li><a href=\"https:\/\/www.hcdelcalafate.gob.ar\/portal\/ordenanza-no-2206-20\/\">Ordenanza N\u00b0 2206\/20<\/a><div class=\"lcp_excerpt\">APROBAR en todos sus t\u00e9rminos el Decreto Municipal N\u00b0 058\/20, Ad-Refer\u00e9ndum de este Honorable Concejo Deliberante, referente a la \u201cModificaci\u00f3n del Art. 3\u00b0 de la Ordenanza N\u00b0 1372\/11\u201d. (NATATORIO MUNICIPAL)\n\t\t\t\n\t\t\t\t\t\tVER DOCUMENTO COMPLETO \/\/ Estado: VIGENTE\n\t\t\t\t\t\n<\/div><\/li><li><a href=\"https:\/\/www.hcdelcalafate.gob.ar\/portal\/ordenanza-no-2205-20\/\">Ordenanza N\u00b0 2205\/20<\/a><div class=\"lcp_excerpt\">\n\n\nADHIERASE, en todos sus t\u00e9rminos y alcances, a la Ley Provincial N\u00ba 3669, Licencia Especial por Situaciones de Violencia.\n\u00a0\n\n\n\n\t\t\t\n\t\t\t\t\t\tVER DOCUMENTO COMPLETO \/\/ Estado: VIGENTE\n\t\t\t\t\t\n<\/div><\/li><li><a href=\"https:\/\/www.hcdelcalafate.gob.ar\/portal\/ordenanza-no-2204-20\/\">Ordenanza N\u00b0 2204\/20<\/a><div class=\"lcp_excerpt\">ADHIERASE a la Ley Provincial N\u00b0 3.642, mediante la cual la Provincia de Santa Cruz, adhiere en todos sus t\u00e9rminos a la Ley Nacional N\u00b0 27.499 \"Ley Micaela\" de Capacitaci\u00f3n Obligatoria en G\u00e9nero para todas las personas que integran los tres Poderes del Estado.\n\t\t\t\n\t\t\t\t\t\tVER DOCUMENTO COMPLETO \/\/ Estado: VIGENTE\n\t\t\t\t\t\n<\/div><\/li><li><a href=\"https:\/\/www.hcdelcalafate.gob.ar\/portal\/ordenanza-no-2203-20\/\">Ordenanza N\u00ba 2203\/20<\/a><div class=\"lcp_excerpt\">APROBAR en todos sus t\u00e9rminos el Decreto Municipal N\u00b0 070\/20, Ad-Refer\u00e9ndum de este Honorable Concejo Deliberante, referente a la \"Establecer nuevo valor de uso de la Terminal de \u00d3mnibus de El Calafate\".\nDEROGADA POR ORDENANZA N\u00b0 2487\/24.\n\t\t\t\n\t\t\t\t\t\t\t\t\tVER DOCUMENTO COMPLETO \/\/ Estado: DEROGADA\n\t\t\t\t\t\n<\/div><\/li><li><a href=\"https:\/\/www.hcdelcalafate.gob.ar\/portal\/ordenanza-no-2202-20\/\">Ordenanza N\u00b0 2202\/20<\/a><div class=\"lcp_excerpt\">APROBAR en todos sus t\u00e9rminos el Decreto Municipal N\u00b0 090\/20, Ad-Refer\u00e9ndum de este Honorable Concejo Deliberante, referente a la \"Establecer precio de venta de Manzanas N\u00b0 456, N\u00b0 457, N\u00b0 465A, N\u00b0 465B y N\u00b0 468\".\n\t\t\t\n\t\t\t\t\t\tVER DOCUMENTO COMPLETO \/\/ Estado: VIGENTE\n\t\t\t\t\t\n<\/div><\/li><li><a href=\"https:\/\/www.hcdelcalafate.gob.ar\/portal\/ordenanza-no-2201-20\/\">Ordenanza N\u00b0 2201\/20<\/a><div class=\"lcp_excerpt\">APROBAR en todos sus t\u00e9rminos el Decreto Municipal N\u00b0 1.093\/19, Ad-Refer\u00e9ndum de este Honorable Concejo Deliberante, referente a la \"Modificaci\u00f3n del Art. 3\u00b0 del Decreto N\u00ba 838\/17\".\n\t\t\t\n\t\t\t\t\t\tVER DOCUMENTO COMPLETO \/\/ Estado: VIGENTE\n\t\t\t\t\t\n<\/div><\/li><li><a href=\"https:\/\/www.hcdelcalafate.gob.ar\/portal\/ordenanza-no-2200-20\/\">Ordenanza N\u00b0 2200\/20<\/a><div class=\"lcp_excerpt\">APROBAR en todos sus t\u00e9rminos el Decreto Municipal N\u00b0 1.092\/19, Ad-Refer\u00e9ndum de este Honorable Concejo Deliberante, referente a la \"Prohibici\u00f3n de Instalaci\u00f3n de carteler\u00eda particular publicitaria, indicativa y de prestaci\u00f3n de servicios en las v\u00edas de acceso o calles de la ciudad de manera eventual, sin la correspondiente autorizaci\u00f3n del ...<\/div><\/li><li><a href=\"https:\/\/www.hcdelcalafate.gob.ar\/portal\/ordenanza-no-2199-20\/\">Ordenanza N\u00b0 2199\/20<\/a><div class=\"lcp_excerpt\">APROBAR en todos sus t\u00e9rminos del Decreto Municipal N\u00ba 144\/2020, que adjunta Anexos I y 11, Ad-Refer\u00e9ndum de este Honorable Concejo Deliberante, referente a la nueva Escala Salarial de Obreros y Empleados Municipales, a partir del 1\u00b0 de marzo y 10 de septiembre, respectivamente, del corriente a\u00f1o.\n\t\t\t\n\t\t\t\t\t\tVER DOCUMENTO COMPLETO \/\/ ...<\/div><\/li><li><a href=\"https:\/\/www.hcdelcalafate.gob.ar\/portal\/ordenanza-no-2198-20\/\">Ordenanza N\u00b0 2198\/20<\/a><div class=\"lcp_excerpt\">DECLARAR la Emergencia Sanitaria, Econ\u00f3mica y Social en la ciudad de El Calafate, de acuerdo a lo establecido por el Decreto Nro. 260\/2020 del Poder Ejecutivo Nacional y el Decreto Nro. 273\/2020 del Poder Ejecutivo Provincial.\nAUTORIZAR, al Departamento Ejecutivo Municipal a realizar gastos extraordinarios por medio de la adquisici\u00f3n de ...<\/div><\/li><li><a href=\"https:\/\/www.hcdelcalafate.gob.ar\/portal\/ordenanza-no-2197-20\/\">Ordenanza N\u00b0 2197\/20<\/a><div class=\"lcp_excerpt\">APROBAR en todos sus t\u00e9rminos el Decreto Municipal N\u00b0 121\/20 Ad-Refer\u00e9ndum de este Honorable Concejo Deliberante, referente a la \"Suspensi\u00f3n de todos los actos p\u00fablicos, espect\u00e1culos deportivos, congregaciones, reuniones sociales, simposios, congresos y eventos en general con convocatoria masiva de p\u00fablico, organizados por el Estado Municipal, o en los que ...<\/div><\/li><\/ul>\n\n\n\n<hr class=\"wp-block-separator has-alpha-channel-opacity\"\/>\n\n\n\n<p class=\"has-text-align-center\"><em>Nota importante: Las Ordenanzas ser\u00e1n publicadas una vez promulgadas, <\/em><br><em>seg\u00fan se establece en el Art. N\u00b0 61 Inc. \u201ca\u201d de la Ley Provincial N\u00b0 55.<\/em><br><br><em>Puede ser que el estado del documento visitado no est\u00e9 actualizado, consulte el <\/em><br><em>Digesto Oficial en nuestras oficinas administrativas.<\/em> <\/p>\n","protected":false},"excerpt":{"rendered":"<p>Nota importante: Las Ordenanzas ser\u00e1n publicadas una vez promulgadas, seg\u00fan se establece en el Art. N\u00b0 61 Inc. \u201ca\u201d de la Ley Provincial N\u00b0 55. Puede ser que el estado&hellip; <\/p>\n","protected":false},"author":1,"featured_media":0,"parent":0,"menu_order":0,"comment_status":"closed","ping_status":"closed","template":"","meta":{"footnotes":""},"class_list":["post-4207","page","type-page","status-publish","hentry"],"_links":{"self":[{"href":"https:\/\/www.hcdelcalafate.gob.ar\/portal\/wp-json\/wp\/v2\/pages\/4207","targetHints":{"allow":["GET"]}}],"collection":[{"href":"https:\/\/www.hcdelcalafate.gob.ar\/portal\/wp-json\/wp\/v2\/pages"}],"about":[{"href":"https:\/\/www.hcdelcalafate.gob.ar\/portal\/wp-json\/wp\/v2\/types\/page"}],"author":[{"embeddable":true,"href":"https:\/\/www.hcdelcalafate.gob.ar\/portal\/wp-json\/wp\/v2\/users\/1"}],"replies":[{"embeddable":true,"href":"https:\/\/www.hcdelcalafate.gob.ar\/portal\/wp-json\/wp\/v2\/comments?post=4207"}],"version-history":[{"count":42,"href":"https:\/\/www.hcdelcalafate.gob.ar\/portal\/wp-json\/wp\/v2\/pages\/4207\/revisions"}],"predecessor-version":[{"id":26790,"href":"https:\/\/www.hcdelcalafate.gob.ar\/portal\/wp-json\/wp\/v2\/pages\/4207\/revisions\/26790"}],"wp:attachment":[{"href":"https:\/\/www.hcdelcalafate.gob.ar\/portal\/wp-json\/wp\/v2\/media?parent=4207"}],"curies":[{"name":"wp","href":"https:\/\/api.w.org\/{rel}","templated":true}]}}