{"id":2,"date":"2020-05-29T00:16:36","date_gmt":"2020-05-29T03:16:36","guid":{"rendered":"http:\/\/www.hcdelcalafate.gov.ar\/portal\/?page_id=2"},"modified":"2025-06-09T12:04:57","modified_gmt":"2025-06-09T15:04:57","slug":"pagina-inicio","status":"publish","type":"page","link":"https:\/\/www.hcdelcalafate.gob.ar\/portal\/","title":{"rendered":"Bienvenidos"},"content":{"rendered":"\t\t<div data-elementor-type=\"wp-page\" data-elementor-id=\"2\" class=\"elementor elementor-2\">\n\t\t\t\t\t\t<section class=\"elementor-section elementor-top-section elementor-element elementor-element-51fc55f elementor-section-boxed elementor-section-height-default elementor-section-height-default\" data-id=\"51fc55f\" data-element_type=\"section\" data-e-type=\"section\">\n\t\t\t\t\t\t<div class=\"elementor-container elementor-column-gap-default\">\n\t\t\t\t\t<div class=\"elementor-column elementor-col-100 elementor-top-column elementor-element elementor-element-d1a971c\" data-id=\"d1a971c\" data-element_type=\"column\" data-e-type=\"column\">\n\t\t\t<div class=\"elementor-widget-wrap elementor-element-populated\">\n\t\t\t\t\t\t<div class=\"elementor-element elementor-element-5605252 elementor-widget elementor-widget-heading\" data-id=\"5605252\" data-element_type=\"widget\" data-e-type=\"widget\" data-widget_type=\"heading.default\">\n\t\t\t\t<div class=\"elementor-widget-container\">\n\t\t\t\t\t<h2 class=\"elementor-heading-title elementor-size-default\">Bienvenidos<\/h2>\t\t\t\t<\/div>\n\t\t\t\t<\/div>\n\t\t\t\t\t<\/div>\n\t\t<\/div>\n\t\t\t\t\t<\/div>\n\t\t<\/section>\n\t\t\t\t<section class=\"elementor-section elementor-top-section elementor-element elementor-element-61f44f8 elementor-section-full_width elementor-section-height-default elementor-section-height-default\" data-id=\"61f44f8\" data-element_type=\"section\" data-e-type=\"section\">\n\t\t\t\t\t\t<div class=\"elementor-container elementor-column-gap-default\">\n\t\t\t\t\t<div class=\"elementor-column elementor-col-100 elementor-top-column elementor-element elementor-element-0657cf6\" data-id=\"0657cf6\" data-element_type=\"column\" data-e-type=\"column\">\n\t\t\t<div class=\"elementor-widget-wrap elementor-element-populated\">\n\t\t\t\t\t\t<div class=\"elementor-element elementor-element-6e5f281 elementor-widget elementor-widget-image\" data-id=\"6e5f281\" data-element_type=\"widget\" data-e-type=\"widget\" data-widget_type=\"image.default\">\n\t\t\t\t<div class=\"elementor-widget-container\">\n\t\t\t\t\t\t\t\t\t\t\t\t\t\t\t<img fetchpriority=\"high\" decoding=\"async\" width=\"2560\" height=\"773\" src=\"https:\/\/www.hcdelcalafate.gob.ar\/portal\/wp-content\/uploads\/2021\/03\/fachada-hcd--scaled.jpg\" class=\"attachment-full size-full wp-image-11885\" alt=\"\" srcset=\"https:\/\/www.hcdelcalafate.gob.ar\/portal\/wp-content\/uploads\/2021\/03\/fachada-hcd--scaled.jpg 2560w, https:\/\/www.hcdelcalafate.gob.ar\/portal\/wp-content\/uploads\/2021\/03\/fachada-hcd--300x91.jpg 300w, https:\/\/www.hcdelcalafate.gob.ar\/portal\/wp-content\/uploads\/2021\/03\/fachada-hcd--1024x309.jpg 1024w, https:\/\/www.hcdelcalafate.gob.ar\/portal\/wp-content\/uploads\/2021\/03\/fachada-hcd--768x232.jpg 768w, https:\/\/www.hcdelcalafate.gob.ar\/portal\/wp-content\/uploads\/2021\/03\/fachada-hcd--1536x464.jpg 1536w, https:\/\/www.hcdelcalafate.gob.ar\/portal\/wp-content\/uploads\/2021\/03\/fachada-hcd--2048x619.jpg 2048w\" sizes=\"(max-width: 2560px) 100vw, 2560px\" \/>\t\t\t\t\t\t\t\t\t\t\t\t\t\t\t<\/div>\n\t\t\t\t<\/div>\n\t\t\t\t\t<\/div>\n\t\t<\/div>\n\t\t\t\t\t<\/div>\n\t\t<\/section>\n\t\t\t\t<section class=\"elementor-section elementor-top-section elementor-element elementor-element-7b94c277 elementor-section-boxed elementor-section-height-default elementor-section-height-default\" data-id=\"7b94c277\" data-element_type=\"section\" data-e-type=\"section\">\n\t\t\t\t\t\t<div class=\"elementor-container elementor-column-gap-default\">\n\t\t\t\t\t<div class=\"elementor-column elementor-col-100 elementor-top-column elementor-element elementor-element-4522c978\" data-id=\"4522c978\" data-element_type=\"column\" data-e-type=\"column\">\n\t\t\t<div class=\"elementor-widget-wrap elementor-element-populated\">\n\t\t\t\t\t\t<div class=\"elementor-element elementor-element-7d920d6b elementor-widget elementor-widget-text-editor\" data-id=\"7d920d6b\" data-element_type=\"widget\" data-e-type=\"widget\" data-widget_type=\"text-editor.default\">\n\t\t\t\t<div class=\"elementor-widget-container\">\n\t\t\t\t\t\t\t\t\t<p><\/p>\n<p><span style=\"font-size: 17px;\">Esta Web es puesta al servicio de nuestros vecinos de El Calafate, e intenta vincular a\u00fan m\u00e1s a los ciudadanos y sus representantes; pretende tambi\u00e9n informar al vecino de todas las cuestiones inherentes a la vida pol\u00edtico-institucional de nuestra Ciudad de una manera sencilla y que est\u00e9 al alcance de qui\u00e9n tenga inquietudes que, muchas veces, cree no poder abordar o que est\u00e1 demasiado lejos de sus posibilidades.<\/span><\/p>\n<p><span style=\"font-size: 17px;\">Este sitio contiene, entre otros puntos importantes, informaci\u00f3n relacionada con el trabajo del H.C.D. y, fundamentalmente, aquellas a la que el ciudadano tiene derecho a acceder, entre ellas todas las relacionadas con los distintas consultas, problem\u00e1ticas o inquietudes que cada vecino pretenda realizar. De acceso sencillo, intentamos desde aqu\u00ed convertir al H.C.D. de El Calafate en un punto de referencia que integre en su totalidad al pueblo y a sus representantes legislativos.\u00a0 \u00a0 \u00a0 \u00a0 \u00a0 \u00a0 \u00a0 \u00a0 \u00a0 \u00a0 \u00a0 \u00a0 \u00a0 \u00a0 \u00a0 \u00a0 \u00a0 \u00a0 \u00a0 \u00a0 \u00a0 \u00a0 \u00a0 \u00a0 \u00a0 \u00a0 \u00a0 \u00a0 \u00a0 \u00a0 \u00a0 \u00a0 \u00a0 \u00a0 \u00a0 \u00a0 \u00a0 \u00a0 \u00a0 \u00a0<\/span><\/p>\n<p><span style=\"font-size: 17px;\">Asimismo, este portal web ser\u00e1 de vital importancia para todas las Organizaciones no Gubernamentales, Empresas, C\u00e1maras de Comercio, Industria, etc., Instituciones de Bien P\u00fablico, Partidos Pol\u00edticos, etc. y especialmente, a los vecinos de El Calafate, abriendo un segmento de participaci\u00f3n acorde a las necesidades y los requerimientos que impone la sociedad moderna.<\/span><\/p>\n<p><\/p>\t\t\t\t\t\t\t\t<\/div>\n\t\t\t\t<\/div>\n\t\t\t\t\t<\/div>\n\t\t<\/div>\n\t\t\t\t\t<\/div>\n\t\t<\/section>\n\t\t\t\t<section class=\"elementor-section elementor-top-section elementor-element elementor-element-1b9144d elementor-section-boxed elementor-section-height-default elementor-section-height-default\" data-id=\"1b9144d\" data-element_type=\"section\" data-e-type=\"section\">\n\t\t\t\t\t\t<div class=\"elementor-container elementor-column-gap-default\">\n\t\t\t\t\t<div class=\"elementor-column elementor-col-100 elementor-top-column elementor-element elementor-element-71375f7\" data-id=\"71375f7\" data-element_type=\"column\" data-e-type=\"column\">\n\t\t\t<div class=\"elementor-widget-wrap elementor-element-populated\">\n\t\t\t\t\t\t<div class=\"elementor-element elementor-element-967465a elementor-widget elementor-widget-google_maps\" data-id=\"967465a\" data-element_type=\"widget\" data-e-type=\"widget\" data-widget_type=\"google_maps.default\">\n\t\t\t\t<div class=\"elementor-widget-container\">\n\t\t\t\t\t\t\t<div class=\"elementor-custom-embed\">\n\t\t\t<iframe loading=\"lazy\"\n\t\t\t\t\tsrc=\"https:\/\/maps.google.com\/maps?q=honorable%20concejo%20deliberante%20de%20el%20calafate&#038;t=m&#038;z=15&#038;output=embed&#038;iwloc=near\"\n\t\t\t\t\ttitle=\"honorable concejo deliberante de el calafate\"\n\t\t\t\t\taria-label=\"honorable concejo deliberante de el calafate\"\n\t\t\t><\/iframe>\n\t\t<\/div>\n\t\t\t\t\t\t<\/div>\n\t\t\t\t<\/div>\n\t\t\t\t\t<\/div>\n\t\t<\/div>\n\t\t\t\t\t<\/div>\n\t\t<\/section>\n\t\t\t\t<section class=\"elementor-section elementor-top-section elementor-element elementor-element-ee46354 elementor-section-boxed elementor-section-height-default elementor-section-height-default\" data-id=\"ee46354\" data-element_type=\"section\" data-e-type=\"section\">\n\t\t\t\t\t\t<div class=\"elementor-container elementor-column-gap-default\">\n\t\t\t\t\t<div class=\"elementor-column elementor-col-100 elementor-top-column elementor-element elementor-element-d11154a\" data-id=\"d11154a\" data-element_type=\"column\" data-e-type=\"column\">\n\t\t\t<div class=\"elementor-widget-wrap elementor-element-populated\">\n\t\t\t\t\t\t<div class=\"elementor-element elementor-element-34b9501 elementor-widget elementor-widget-spacer\" data-id=\"34b9501\" data-element_type=\"widget\" data-e-type=\"widget\" data-widget_type=\"spacer.default\">\n\t\t\t\t<div class=\"elementor-widget-container\">\n\t\t\t\t\t\t\t<div class=\"elementor-spacer\">\n\t\t\t<div class=\"elementor-spacer-inner\"><\/div>\n\t\t<\/div>\n\t\t\t\t\t\t<\/div>\n\t\t\t\t<\/div>\n\t\t\t\t\t<\/div>\n\t\t<\/div>\n\t\t\t\t\t<\/div>\n\t\t<\/section>\n\t\t\t\t<section class=\"elementor-section elementor-top-section elementor-element elementor-element-229b11e elementor-section-full_width elementor-section-height-default elementor-section-height-default\" data-id=\"229b11e\" data-element_type=\"section\" data-e-type=\"section\">\n\t\t\t\t\t\t<div class=\"elementor-container elementor-column-gap-default\">\n\t\t\t\t\t<div class=\"elementor-column elementor-col-100 elementor-top-column elementor-element elementor-element-2325ebd\" data-id=\"2325ebd\" data-element_type=\"column\" data-e-type=\"column\">\n\t\t\t<div class=\"elementor-widget-wrap elementor-element-populated\">\n\t\t\t\t\t\t<div class=\"elementor-element elementor-element-33ed82d elementor-widget elementor-widget-image\" data-id=\"33ed82d\" data-element_type=\"widget\" data-e-type=\"widget\" data-widget_type=\"image.default\">\n\t\t\t\t<div class=\"elementor-widget-container\">\n\t\t\t\t\t\t\t\t\t\t\t\t\t\t\t<img decoding=\"async\" width=\"772\" height=\"97\" src=\"https:\/\/www.hcdelcalafate.gob.ar\/portal\/wp-content\/uploads\/2020\/12\/banner_atencion_vecino-1.gif\" class=\"attachment-full size-full wp-image-706\" alt=\"\" \/>\t\t\t\t\t\t\t\t\t\t\t\t\t\t\t<\/div>\n\t\t\t\t<\/div>\n\t\t\t\t<div class=\"elementor-element elementor-element-e804c8b elementor-widget elementor-widget-image\" data-id=\"e804c8b\" data-element_type=\"widget\" data-e-type=\"widget\" data-widget_type=\"image.default\">\n\t\t\t\t<div class=\"elementor-widget-container\">\n\t\t\t\t\t\t\t\t\t\t\t\t\t\t\t<img decoding=\"async\" width=\"772\" height=\"200\" src=\"https:\/\/www.hcdelcalafate.gob.ar\/portal\/wp-content\/uploads\/2022\/06\/banner_NiUnaMenos.jpg\" class=\"attachment-full size-full wp-image-21903\" alt=\"\" srcset=\"https:\/\/www.hcdelcalafate.gob.ar\/portal\/wp-content\/uploads\/2022\/06\/banner_NiUnaMenos.jpg 772w, https:\/\/www.hcdelcalafate.gob.ar\/portal\/wp-content\/uploads\/2022\/06\/banner_NiUnaMenos-300x78.jpg 300w, https:\/\/www.hcdelcalafate.gob.ar\/portal\/wp-content\/uploads\/2022\/06\/banner_NiUnaMenos-768x199.jpg 768w\" sizes=\"(max-width: 772px) 100vw, 772px\" \/>\t\t\t\t\t\t\t\t\t\t\t\t\t\t\t<\/div>\n\t\t\t\t<\/div>\n\t\t\t\t\t<\/div>\n\t\t<\/div>\n\t\t\t\t\t<\/div>\n\t\t<\/section>\n\t\t\t\t<\/div>\n\t\t","protected":false},"excerpt":{"rendered":"<p>Bienvenidos Esta Web es puesta al servicio de nuestros vecinos de El Calafate, e intenta vincular a\u00fan m\u00e1s a los ciudadanos y sus representantes; pretende tambi\u00e9n informar al vecino de&hellip; <\/p>\n","protected":false},"author":1,"featured_media":0,"parent":0,"menu_order":0,"comment_status":"closed","ping_status":"closed","template":"","meta":{"footnotes":""},"class_list":["post-2","page","type-page","status-publish","hentry"],"_links":{"self":[{"href":"https:\/\/www.hcdelcalafate.gob.ar\/portal\/wp-json\/wp\/v2\/pages\/2","targetHints":{"allow":["GET"]}}],"collection":[{"href":"https:\/\/www.hcdelcalafate.gob.ar\/portal\/wp-json\/wp\/v2\/pages"}],"about":[{"href":"https:\/\/www.hcdelcalafate.gob.ar\/portal\/wp-json\/wp\/v2\/types\/page"}],"author":[{"embeddable":true,"href":"https:\/\/www.hcdelcalafate.gob.ar\/portal\/wp-json\/wp\/v2\/users\/1"}],"replies":[{"embeddable":true,"href":"https:\/\/www.hcdelcalafate.gob.ar\/portal\/wp-json\/wp\/v2\/comments?post=2"}],"version-history":[{"count":292,"href":"https:\/\/www.hcdelcalafate.gob.ar\/portal\/wp-json\/wp\/v2\/pages\/2\/revisions"}],"predecessor-version":[{"id":26323,"href":"https:\/\/www.hcdelcalafate.gob.ar\/portal\/wp-json\/wp\/v2\/pages\/2\/revisions\/26323"}],"wp:attachment":[{"href":"https:\/\/www.hcdelcalafate.gob.ar\/portal\/wp-json\/wp\/v2\/media?parent=2"}],"curies":[{"name":"wp","href":"https:\/\/api.w.org\/{rel}","templated":true}]}}