{"id":1906,"date":"1986-01-01T00:44:43","date_gmt":"1986-01-01T03:44:43","guid":{"rendered":"http:\/\/www.hcdelcalafate.gob.ar\/portal\/?page_id=1906"},"modified":"2026-02-24T10:20:05","modified_gmt":"2026-02-24T13:20:05","slug":"ordenanzas-1986","status":"publish","type":"page","link":"https:\/\/www.hcdelcalafate.gob.ar\/portal\/ordenanzas-1986\/","title":{"rendered":"Ordenanzas 1986"},"content":{"rendered":"\n<ul class=\"lcp_catlist\" id=\"lcp_instance_0\"><li><a href=\"https:\/\/www.hcdelcalafate.gob.ar\/portal\/ordenanza-n-050-86\/\">Ordenanza N\u00b0 050\/86<\/a><div class=\"lcp_excerpt\">Referente a prorrogar el presupuesto Municipal a\u00f1o 1986 hasta 31\/03\/87.\n\t\t\t\n\t\t\t\t\t\tVER DOCUMENTO COMPLETO \/\/ Estado: VIGENTE\n\t\t\t\t\t\n<\/div><\/li><li><a href=\"https:\/\/www.hcdelcalafate.gob.ar\/portal\/ordenanza-n-049-86\/\">Ordenanza N\u00b0 049\/86<\/a><div class=\"lcp_excerpt\">Referente a fijar importes detallados en Anexos.\n\t\t\t\n\t\t\t\t\t\tVER DOCUMENTO COMPLETO \/\/ Estado: VIGENTE\n\t\t\t\t\t\n<\/div><\/li><li><a href=\"https:\/\/www.hcdelcalafate.gob.ar\/portal\/ordenanza-n-048-86\/\">Ordenanza N\u00b0 048\/86<\/a><div class=\"lcp_excerpt\">Referente a la construcci\u00f3n de una represa en el Arroyo Calafate.\n\t\t\t\n\t\t\t\t\t\tVER DOCUMENTO COMPLETO \/\/ Estado: VIGENTE\n\t\t\t\t\t\n<\/div><\/li><li><a href=\"https:\/\/www.hcdelcalafate.gob.ar\/portal\/ordenanza-n-047-86\/\">Ordenanza N\u00b0 047\/86<\/a><div class=\"lcp_excerpt\">Referente a pautas para el cobro del Impuesto Inmobiliario a\u00f1o 1986.\n\t\t\t\n\t\t\t\t\t\tVER DOCUMENTO COMPLETO \/\/ Estado: VIGENTE\n\t\t\t\t\t\n<\/div><\/li><li><a href=\"https:\/\/www.hcdelcalafate.gob.ar\/portal\/ordenanza-n-046-86\/\">Ordenanza N\u00b0 046\/86<\/a><div class=\"lcp_excerpt\">Referente a autorizar a la Municipalidad al cobro correspondiente de Tr\u00e1ileres, caba\u00f1as, carpas, casillas rodantes y sanitarios en el Camping Municipal.\nDEROGADA POR ORDENANZA N\u00b0 001\/88.\n\t\t\t\n\t\t\t\t\t\tVER DOCUMENTO COMPLETO \/\/ Estado: DEROGADA\n\t\t\t\t\t\n<\/div><\/li><li><a href=\"https:\/\/www.hcdelcalafate.gob.ar\/portal\/ordenanza-n-045-86\/\">Ordenanza N\u00b0 045\/86<\/a><div class=\"lcp_excerpt\">Referente a dar de baja a las Unidades Automotores.\n\t\t\t\n\t\t\t\t\t\tVER DOCUMENTO COMPLETO \/\/ Estado: VIGENTE\n\t\t\t\t\t\n<\/div><\/li><li><a href=\"https:\/\/www.hcdelcalafate.gob.ar\/portal\/ordenanza-n-044-86\/\">Ordenanza N\u00b0 044\/86<\/a><div class=\"lcp_excerpt\">Referente al Decreto Municipal N\u00b0 299\/86.\n\t\t\t\n\t\t\t\t\t\tVER DOCUMENTO COMPLETO \/\/ Estado: VIGENTE\n\t\t\t\t\t\n<\/div><\/li><li><a href=\"https:\/\/www.hcdelcalafate.gob.ar\/portal\/ordenanza-n-043-86\/\">Ordenanza N\u00b0 043\/86<\/a><div class=\"lcp_excerpt\">Referente a fijar importes detallados en Anexos.\n\t\t\t\n\t\t\t\t\t\tVER DOCUMENTO COMPLETO \/\/ Estado: VIGENTE\n\t\t\t\t\t\n<\/div><\/li><li><a href=\"https:\/\/www.hcdelcalafate.gob.ar\/portal\/ordenanza-n-042-86\/\">Ordenanza N\u00b0 042\/86<\/a><div class=\"lcp_excerpt\">Referente a realizar un Concurso P\u00fablico destinado a la elecci\u00f3n del Logotipo del Museo Regional de El Calafate.\n\t\t\t\n\t\t\t\t\t\tVER DOCUMENTO COMPLETO \/\/ Estado: VIGENTE\n\t\t\t\t\t\n<\/div><\/li><li><a href=\"https:\/\/www.hcdelcalafate.gob.ar\/portal\/ordenanza-n-041-86\/\">Ordenanza N\u00b0 041\/86<\/a><div class=\"lcp_excerpt\">Referente al cobro de todos los Impuestos adeudados hasta el a\u00f1o 1984, aplicando la indexaci\u00f3n correspondiente por mora.\n\t\t\t\n\t\t\t\t\t\tVER DOCUMENTO COMPLETO \/\/ Estado: VIGENTE\n\t\t\t\t\t\n<\/div><\/li><li><a href=\"https:\/\/www.hcdelcalafate.gob.ar\/portal\/ordenanza-n-040-86\/\">Ordenanza N\u00b0 040\/86<\/a><div class=\"lcp_excerpt\">Referente a aprobar el reglamento por el que se regir\u00e1 la Biblioteca Municipal.\n\t\t\t\n\t\t\t\t\t\tVER DOCUMENTO COMPLETO \/\/ Estado: VIGENTE\n\t\t\t\t\t\n<\/div><\/li><li><a href=\"https:\/\/www.hcdelcalafate.gob.ar\/portal\/ordenanza-n-039-86\/\">Ordenanza N\u00b0 039\/86<\/a><div class=\"lcp_excerpt\">Referente a fijar importes detallados en Anexos.\n\t\t\t\n\t\t\t\t\t\tVER DOCUMENTO COMPLETO \/\/ Estado: VIGENTE\n\t\t\t\t\t\n<\/div><\/li><li><a href=\"https:\/\/www.hcdelcalafate.gob.ar\/portal\/ordenanza-n-038-86\/\">Ordenanza N\u00b0 038\/86<\/a><div class=\"lcp_excerpt\">Referente a llamar a licitaci\u00f3n para el reparto de gas envasado.\n\t\t\t\n\t\t\t\t\t\tVER DOCUMENTO COMPLETO \/\/ Estado: VIGENTE\n\t\t\t\t\t\n<\/div><\/li><li><a href=\"https:\/\/www.hcdelcalafate.gob.ar\/portal\/ordenanza-n-037-86\/\">Ordenanza N\u00b0 037\/86<\/a><div class=\"lcp_excerpt\">Referente a extender pasajes a favor de alumnos del Colegio Secundario Provincial N\u00b0 9.\n\t\t\t\n\t\t\t\t\t\tVER DOCUMENTO COMPLETO \/\/ Estado: VIGENTE\n\t\t\t\t\t\n<\/div><\/li><li><a href=\"https:\/\/www.hcdelcalafate.gob.ar\/portal\/ordenanza-n-036-86\/\">Ordenanza N\u00b0 036\/86<\/a><div class=\"lcp_excerpt\">Referente al Art\u00edculo 1\u00b0 el C\u00f3digo Fiscal - Inspecci\u00f3n y Derecho de peaje.\nDEROGADA POR ORDENANZA N\u00b0 022\/88.\n\t\t\t\n\t\t\t\t\t\tVER DOCUMENTO COMPLETO \/\/ Estado: DEROGADA\n\t\t\t\t\t\n<\/div><\/li><li><a href=\"https:\/\/www.hcdelcalafate.gob.ar\/portal\/ordenanza-n-035-86\/\">Ordenanza N\u00b0 035\/86<\/a><div class=\"lcp_excerpt\">Referente a llamar a concurso para la contrataci\u00f3n de una cuadrilla para captura de canes sueltos en la V\u00eda P\u00fablica.\n\t\t\t\n\t\t\t\t\t\tVER DOCUMENTO COMPLETO \/\/ Estado: VIGENTE\n\t\t\t\t\t\n<\/div><\/li><li><a href=\"https:\/\/www.hcdelcalafate.gob.ar\/portal\/ordenanza-n-034-86\/\">Ordenanza N\u00b0 034\/86<\/a><div class=\"lcp_excerpt\">Referente a promocionar con retroactividad al 01\/01\/86 a la m\u00e1xima categor\u00eda de su carrera a todo el personal que computa como m\u00ednimo 10 a\u00f1os de servicios.\n\t\t\t\n\t\t\t\t\t\tVER DOCUMENTO COMPLETO \/\/ Estado: VIGENTE\n\t\t\t\t\t\n<\/div><\/li><li><a href=\"https:\/\/www.hcdelcalafate.gob.ar\/portal\/ordenanza-n-033-86\/\">Ordenanza N\u00b0 033\/86<\/a><div class=\"lcp_excerpt\">Referente a la creaci\u00f3n de la Reserva Faun\u00edstica y Flor\u00edstica Municipal Laguna Nimez.\n\t\t\t\n\t\t\t\t\t\tVER DOCUMENTO COMPLETO \/\/ Estado: VIGENTE\n\t\t\t\t\t\n<\/div><\/li><li><a href=\"https:\/\/www.hcdelcalafate.gob.ar\/portal\/ordenanza-n-032-86\/\">Ordenanza N\u00b0 032\/86<\/a><div class=\"lcp_excerpt\">Referente a la aprobaci\u00f3n de la Organizaci\u00f3n del Museo Regional de El Calafate.\n\t\t\t\n\t\t\t\t\t\tVER DOCUMENTO COMPLETO \/\/ Estado: VIGENTE\n\t\t\t\t\t\n<\/div><\/li><li><a href=\"https:\/\/www.hcdelcalafate.gob.ar\/portal\/ordenanza-n-031-86\/\">Ordenanza N\u00b0 031\/86<\/a><div class=\"lcp_excerpt\">Referente a la donaci\u00f3n de libros del Sr. Don Luis Repetto para la Biblioteca P\u00fablica Municipal.\n\t\t\t\n\t\t\t\t\t\tVER DOCUMENTO COMPLETO \/\/ Estado: VIGENTE\n\t\t\t\t\t\n<\/div><\/li><li><a href=\"https:\/\/www.hcdelcalafate.gob.ar\/portal\/ordenanza-n-030-86\/\">Ordenanza N\u00b0 030\/86<\/a><div class=\"lcp_excerpt\">Referente a establecer que todo animal que est\u00e9 suelto y cause molestias y\/o destrozos en Propiedad privada - Multa al propietario. \nMODIFICADA POR\u00a0ORDENANZA N\u00b0 026\/89.\n\t\t\t\n\t\t\t\t\t\tVER DOCUMENTO COMPLETO \/\/ Estado: MODIFICADA\n\t\t\t\t\t\n<\/div><\/li><li><a href=\"https:\/\/www.hcdelcalafate.gob.ar\/portal\/ordenanza-n-029-86\/\">Ordenanza N\u00b0 029\/86<\/a><div class=\"lcp_excerpt\">Referente a poner en vigencia a partir del 01\/09\/86 un adicional por asistencia perfecta al personal Cat. 01 a 17.\n\t\t\t\n\t\t\t\t\t\tVER DOCUMENTO COMPLETO \/\/ Estado: VIGENTE\n\t\t\t\t\t\n<\/div><\/li><li><a href=\"https:\/\/www.hcdelcalafate.gob.ar\/portal\/ordenanza-n-028-86\/\">Ordenanza N\u00b0 028\/86<\/a><div class=\"lcp_excerpt\">Referente a imputaciones del Plan de Trabajos P\u00fablicos ejercicio 1986.\n\t\t\t\n\t\t\t\t\t\tVER DOCUMENTO COMPLETO \/\/ Estado: VIGENTE\n\t\t\t\t\t\n<\/div><\/li><li><a href=\"https:\/\/www.hcdelcalafate.gob.ar\/portal\/ordenanza-n-027-86\/\">Ordenanza N\u00b0 027\/86<\/a><div class=\"lcp_excerpt\">Referente a derogar el Art\u00edculo N\u00b0 9 de la Ordenanza N\u00b0 067\/84.\n MODIFICADA POR\u00a0ORDENANZA N\u00b0 026\/89.\n DEROGADA MEDIANTE Art. N\u00b048 ORDENANZA N\u00b0 575\/00.\n\t\t\t\n\t\t\t\t\t\tVER DOCUMENTO COMPLETO \/\/ Estado: DEROGADA\n\t\t\t\t\t\n<\/div><\/li><li><a href=\"https:\/\/www.hcdelcalafate.gob.ar\/portal\/ordenanza-n-026-86\/\">Ordenanza N\u00b0 026\/86<\/a><div class=\"lcp_excerpt\">Referente a gestionar un pr\u00e9stamo para la financiaci\u00f3n de 45 cuadras de pavimento en la localidad.\n\t\t\t\n\t\t\t\t\t\tVER DOCUMENTO COMPLETO \/\/ Estado: VIGENTE\n\t\t\t\t\t\n<\/div><\/li><li><a href=\"https:\/\/www.hcdelcalafate.gob.ar\/portal\/ordenanza-n-025-86\/\">Ordenanza N\u00b0 025\/86<\/a><div class=\"lcp_excerpt\">Referente a gestionar un pr\u00e9stamo para la financiaci\u00f3n de 40 cuadras\u00a0 de pavimento en la localidad.\n\t\t\t\n\t\t\t\t\t\tVER DOCUMENTO COMPLETO \/\/ Estado: VIGENTE\n\t\t\t\t\t\n<\/div><\/li><li><a href=\"https:\/\/www.hcdelcalafate.gob.ar\/portal\/ordenanza-n-024-86\/\">Ordenanza N\u00b0 024\/86<\/a><div class=\"lcp_excerpt\">Referente a fijar el subsidio de combustibles para carenciados seg\u00fan escala.\n\t\t\t\n\t\t\t\t\t\tVER DOCUMENTO COMPLETO \/\/ Estado: VIGENTE\n\t\t\t\t\t\n<\/div><\/li><li><a href=\"https:\/\/www.hcdelcalafate.gob.ar\/portal\/ordenanza-n-023-86\/\">Ordenanza N\u00b0 023\/86<\/a><div class=\"lcp_excerpt\">Referente a aprobar el Decreto Municipal N\u00b0 206\/86.\n\t\t\t\n\t\t\t\t\t\tVER DOCUMENTO COMPLETO \/\/ Estado: VIGENTE\n\t\t\t\t\t\n<\/div><\/li><li><a href=\"https:\/\/www.hcdelcalafate.gob.ar\/portal\/ordenanza-n-022-86\/\">Ordenanza N\u00b0 022\/86<\/a><div class=\"lcp_excerpt\">Referente a declarar de Inter\u00e9s Municipal el 11 de Septiembre \"D\u00eda del \u00c1rbol\".\nDEROGADA POR ORDENANZA N\u00b0 66\/92.\n\t\t\t\n\t\t\t\t\t\tVER DOCUMENTO COMPLETO \/\/ Estado:DEROGADA\n\t\t\t\t\t\n<\/div><\/li><li><a href=\"https:\/\/www.hcdelcalafate.gob.ar\/portal\/ordenanza-n-021-86\/\">Ordenanza N\u00b0 021\/86<\/a><div class=\"lcp_excerpt\">Referente a fijar importes detallados en Anexos.\n\t\t\t\n\t\t\t\t\t\tVER DOCUMENTO COMPLETO \/\/ Estado: VIGENTE\n\t\t\t\t\t\n<\/div><\/li><li><a href=\"https:\/\/www.hcdelcalafate.gob.ar\/portal\/ordenanza-n-020-86\/\">Ordenanza N\u00b0 020\/86<\/a><div class=\"lcp_excerpt\">Referente a la entrega de una medalla en reconocimiento a todos los empleados municipales que cumplan 25 a\u00f1os.\n\t\t\t\n\t\t\t\t\t\tVER DOCUMENTO COMPLETO \/\/ Estado: VIGENTE\n\t\t\t\t\t\n<\/div><\/li><li><a href=\"https:\/\/www.hcdelcalafate.gob.ar\/portal\/ordenanza-n-019-86\/\">Ordenanza N\u00b0 019\/86<\/a><div class=\"lcp_excerpt\">Referente a la caducaci\u00f3n de la 3ra cuota de los Servicios retribuidos establecida en la Ordenanza N\u00b0 008\/86.\n\t\t\t\n\t\t\t\t\t\tVER DOCUMENTO COMPLETO \/\/ Estado: VIGENTE\n\t\t\t\t\t\n<\/div><\/li><li><a href=\"https:\/\/www.hcdelcalafate.gob.ar\/portal\/ordenanza-n-018-86\/\">Ordenanza N\u00b0 018\/86<\/a><div class=\"lcp_excerpt\">Referente a implementar el Art\u00edculo 6\u00b0 Bis de la Ordenanza N\u00b0 024\/HCD\/85 - Habilitaci\u00f3n Comercial.\n\t\t\t\n\t\t\t\t\t\tVER DOCUMENTO COMPLETO \/\/ Estado: VIGENTE\n\t\t\t\t\t\n<\/div><\/li><li><a href=\"https:\/\/www.hcdelcalafate.gob.ar\/portal\/ordenanza-n-017-86\/\">Ordenanza N\u00b0 017\/86<\/a><div class=\"lcp_excerpt\">Referente a registro de Proveedores Municipales.\n\t\t\t\n\t\t\t\t\t\tVER DOCUMENTO COMPLETO \/\/ Estado: VIGENTE\n\t\t\t\t\t\n<\/div><\/li><li><a href=\"https:\/\/www.hcdelcalafate.gob.ar\/portal\/ordenanza-n-016-86\/\">Ordenanza N\u00b0 016\/86<\/a><div class=\"lcp_excerpt\">Referente a cobro del Impuesto Parque Automotor correspondiente a 1986.\nDEROGADA POR ORDENANZA N\u00b0 63\/90.\n\t\t\t\n\t\t\t\t\t\tVER DOCUMENTO COMPLETO \/\/ Estado: DEROGADA\n\t\t\t\t\t\n<\/div><\/li><li><a href=\"https:\/\/www.hcdelcalafate.gob.ar\/portal\/ordenanza-n-015-86\/\">Ordenanza N\u00b0 015\/86<\/a><div class=\"lcp_excerpt\">Referente a poner a la venta los canastos para residuos.\n\t\t\t\n\t\t\t\t\t\tVER DOCUMENTO COMPLETO \/\/ Estado: VIGENTE\n\t\t\t\t\t\n<\/div><\/li><li><a href=\"https:\/\/www.hcdelcalafate.gob.ar\/portal\/ordenanza-n-014-86\/\">Ordenanza N\u00b0 014\/86<\/a><div class=\"lcp_excerpt\">Referente a eximir del pago de los Servicios Retribuidos hasta el a\u00f1o 1985 al Club Social y Deportivo Lago Argentino.\n\t\t\t\n\t\t\t\t\t\tVER DOCUMENTO COMPLETO \/\/ Estado: VIGENTE\n\t\t\t\t\t\n<\/div><\/li><li><a href=\"https:\/\/www.hcdelcalafate.gob.ar\/portal\/ordenanza-n-013-86\/\">Ordenanza N\u00b0 013\/86<\/a><div class=\"lcp_excerpt\">Referente a ordenar la formaci\u00f3n de la Comisi\u00f3n Municipal Deportes.\n\t\t\t\n\t\t\t\t\t\tVER DOCUMENTO COMPLETO \/\/ Estado: VIGENTE\n\t\t\t\t\t\n<\/div><\/li><li><a href=\"https:\/\/www.hcdelcalafate.gob.ar\/portal\/ordenanza-n-012-86\/\">Ordenanza N\u00b0 012\/86<\/a><div class=\"lcp_excerpt\">Referente a donar una fracci\u00f3n de terreno para Camping al Gremio del Personal de la Administraci\u00f3n P\u00fablica.\n\t\t\t\n\t\t\t\t\t\tVER DOCUMENTO COMPLETO \/\/ Estado: VIGENTE\n\t\t\t\t\t\n<\/div><\/li><li><a href=\"https:\/\/www.hcdelcalafate.gob.ar\/portal\/ordenanza-n-011-86\/\">Ordenanza N\u00b0 011\/86<\/a><div class=\"lcp_excerpt\">Referente a llamar \"Guillermo Eike\", \"Comandante Luis Piedrabuena\", \"Casimiro Bigua\", \"Napole\u00f3n Irusta\" y \"Comodoro Py\" a distintas calles de nuestra localidad.\n\t\t\t\n\t\t\t\t\t\tVER DOCUMENTO COMPLETO \/\/ Estado: VIGENTE\n\t\t\t\t\t\n<\/div><\/li><li><a href=\"https:\/\/www.hcdelcalafate.gob.ar\/portal\/ordenanza-n-010-86\/\">Ordenanza N\u00b0 010\/86<\/a><div class=\"lcp_excerpt\">Referente a prorrogar el vencimiento de la Primera cuota de la Ordenanza N\u00b0 008\/86.\n\t\t\t\n\t\t\t\t\t\tVER DOCUMENTO COMPLETO \/\/ Estado: VIGENTE\n\t\t\t\t\t\n<\/div><\/li><li><a href=\"https:\/\/www.hcdelcalafate.gob.ar\/portal\/ordenanza-n-009-86\/\">Ordenanza N\u00b0 009\/86<\/a><div class=\"lcp_excerpt\">Referente a realizaci\u00f3n de un examen bioqu\u00edmico anual a todo el personal dependiente de la Municipalidad de El Calafate.\n\t\t\t\n\t\t\t\t\t\tVER DOCUMENTO COMPLETO \/\/ Estado: VIGENTE\n\t\t\t\t\t\n<\/div><\/li><li><a href=\"https:\/\/www.hcdelcalafate.gob.ar\/portal\/ordenanza-n-008-86\/\">Ordenanza N\u00b0 008\/86<\/a><div class=\"lcp_excerpt\">Referente a fijar valores para las Tasas de Barrido y Limpieza de calles, mantenimiento de la V\u00eda P\u00fablica, alumbrado y recolecci\u00f3n de residuos - A\u00f1o 1985.\n\t\t\t\n\t\t\t\t\t\tVER DOCUMENTO COMPLETO \/\/ Estado: VIGENTE\n\t\t\t\t\t\n<\/div><\/li><li><a href=\"https:\/\/www.hcdelcalafate.gob.ar\/portal\/ordenanza-n-007-86\/\">Ordenanza N\u00b0 007\/86<\/a><div class=\"lcp_excerpt\">Referente a fijar importes detallados en Anexos.\n\t\t\t\n\t\t\t\t\t\tVER DOCUMENTO COMPLETO \/\/ Estado: VIGENTE\n\t\t\t\t\t\n<\/div><\/li><li><a href=\"https:\/\/www.hcdelcalafate.gob.ar\/portal\/ordenanza-n-006-86\/\">Ordenanza N\u00b0 006\/86<\/a><div class=\"lcp_excerpt\">Referente a fijar importes detallados en Anexos.\n\t\t\t\n\t\t\t\t\t\tVER DOCUMENTO COMPLETO \/\/ Estado: VIGENTE\n\t\t\t\t\t\n<\/div><\/li><li><a href=\"https:\/\/www.hcdelcalafate.gob.ar\/portal\/ordenanza-n-005-86\/\">Ordenanza N\u00b0 005\/86<\/a><div class=\"lcp_excerpt\">Referente a fijar zona \u00fanica para vaciadero y acumulaci\u00f3n de residuos domiciliarios en \u00e1rea situada al sureste de la pedrera inundable de esta localidad.\n MODIFICADA POR\u00a0ORDENANZA N\u00b0 026\/89.\n\t\t\t\n\t\t\t\t\t\tVER DOCUMENTO COMPLETO \/\/ Estado: MODIFICADA\n\t\t\t\t\t\n<\/div><\/li><li><a href=\"https:\/\/www.hcdelcalafate.gob.ar\/portal\/ordenanza-n-004-86\/\">Ordenanza N\u00b0 004\/86<\/a><div class=\"lcp_excerpt\">Referente a fijar precios m\u00e1ximos para el Transporte de pasajeros.\n\t\t\t\n\t\t\t\t\t\tVER DOCUMENTO COMPLETO \/\/ Estado: VIGENTE\n\t\t\t\t\t\n<\/div><\/li><li><a href=\"https:\/\/www.hcdelcalafate.gob.ar\/portal\/ordenanza-n-003-86\/\">Ordenanza N\u00b0 003\/86<\/a><div class=\"lcp_excerpt\">Referente a realizar un concurso p\u00fablico destinado a la elecci\u00f3n de nombres de arterias y\/o pasajes de la localidad.\n\t\t\t\n\t\t\t\t\t\tVER DOCUMENTO COMPLETO \/\/ Estado: VIGENTE\n\t\t\t\t\t\n<\/div><\/li><li><a href=\"https:\/\/www.hcdelcalafate.gob.ar\/portal\/ordenanza-n-002-86\/\">Ordenanza N\u00b0 002\/86<\/a><div class=\"lcp_excerpt\">Referente a autorizar a la Municipalidad de realizar cobros correspondientes a tr\u00e1ileres y casillas de su propiedad.\n\t\t\t\n\t\t\t\t\t\tVER DOCUMENTO COMPLETO \/\/ Estado: VIGENTE\n\t\t\t\t\t\n<\/div><\/li><li><a href=\"https:\/\/www.hcdelcalafate.gob.ar\/portal\/ordenanza-n-001-86\/\">Ordenanza N\u00b0 001\/86<\/a><div class=\"lcp_excerpt\">Referente a presupuesto del Ejercicio a\u00f1o 1985 - (27\/12\/85).\n\t\t\t\n\t\t\t\t\t\tVER DOCUMENTO COMPLETO \/\/ Estado: VIGENTE\n\t\t\t\t\t\n<\/div><\/li><\/ul>\n\n\n\n<hr class=\"wp-block-separator has-alpha-channel-opacity\"\/>\n\n\n\n<p class=\"has-text-align-center\"><em>Nota importante: Las Ordenanzas ser\u00e1n publicadas una vez promulgadas, <\/em><br><em>seg\u00fan se establece en el Art. N\u00b0 61 Inc. \u201ca\u201d de la Ley Provincial N\u00b0 55.<\/em><br><br><em>Puede ser que el estado del documento visitado no est\u00e9 actualizado, consulte el <\/em><br><em>Digesto Oficial en nuestras oficinas administrativas.<\/em> <\/p>\n","protected":false},"excerpt":{"rendered":"<p>Nota importante: Las Ordenanzas ser\u00e1n publicadas una vez promulgadas, seg\u00fan se establece en el Art. N\u00b0 61 Inc. \u201ca\u201d de la Ley Provincial N\u00b0 55. Puede ser que el estado&hellip; <\/p>\n","protected":false},"author":1,"featured_media":0,"parent":0,"menu_order":0,"comment_status":"closed","ping_status":"closed","template":"","meta":{"footnotes":""},"class_list":["post-1906","page","type-page","status-publish","hentry"],"_links":{"self":[{"href":"https:\/\/www.hcdelcalafate.gob.ar\/portal\/wp-json\/wp\/v2\/pages\/1906","targetHints":{"allow":["GET"]}}],"collection":[{"href":"https:\/\/www.hcdelcalafate.gob.ar\/portal\/wp-json\/wp\/v2\/pages"}],"about":[{"href":"https:\/\/www.hcdelcalafate.gob.ar\/portal\/wp-json\/wp\/v2\/types\/page"}],"author":[{"embeddable":true,"href":"https:\/\/www.hcdelcalafate.gob.ar\/portal\/wp-json\/wp\/v2\/users\/1"}],"replies":[{"embeddable":true,"href":"https:\/\/www.hcdelcalafate.gob.ar\/portal\/wp-json\/wp\/v2\/comments?post=1906"}],"version-history":[{"count":23,"href":"https:\/\/www.hcdelcalafate.gob.ar\/portal\/wp-json\/wp\/v2\/pages\/1906\/revisions"}],"predecessor-version":[{"id":26824,"href":"https:\/\/www.hcdelcalafate.gob.ar\/portal\/wp-json\/wp\/v2\/pages\/1906\/revisions\/26824"}],"wp:attachment":[{"href":"https:\/\/www.hcdelcalafate.gob.ar\/portal\/wp-json\/wp\/v2\/media?parent=1906"}],"curies":[{"name":"wp","href":"https:\/\/api.w.org\/{rel}","templated":true}]}}