{"id":1903,"date":"1987-01-01T00:43:42","date_gmt":"1987-01-01T03:43:42","guid":{"rendered":"http:\/\/www.hcdelcalafate.gob.ar\/portal\/?page_id=1903"},"modified":"2026-02-24T10:20:00","modified_gmt":"2026-02-24T13:20:00","slug":"ordenanzas-1987","status":"publish","type":"page","link":"https:\/\/www.hcdelcalafate.gob.ar\/portal\/ordenanzas-1987\/","title":{"rendered":"Ordenanzas 1987"},"content":{"rendered":"\n<ul class=\"lcp_catlist\" id=\"lcp_instance_0\"><li><a href=\"https:\/\/www.hcdelcalafate.gob.ar\/portal\/ordenanza-n-034-87\/\">Ordenanza N\u00b0 034\/87<\/a><div class=\"lcp_excerpt\">Referente a prorrogar Presupuesto del Ejercicio 1987.\n\t\t\t\n\t\t\t\t\t\tVER DOCUMENTO COMPLETO \/\/ Estado: VIGENTE\n\t\t\t\t\t\n<\/div><\/li><li><a href=\"https:\/\/www.hcdelcalafate.gob.ar\/portal\/ordenanza-n-033-87\/\">Ordenanza N\u00b0 033\/87<\/a><div class=\"lcp_excerpt\">Referente a designaci\u00f3n de Agentes Municipales (Ver\u00f3nica Garc\u00eda como Tesorera Municipal e Isabel Gordillo como Jefe del Departamento de Contadur\u00eda).\n\t\t\t\n\t\t\t\t\t\tVER DOCUMENTO COMPLETO \/\/ Estado: VIGENTE\n\t\t\t\t\t\n<\/div><\/li><li><a href=\"https:\/\/www.hcdelcalafate.gob.ar\/portal\/ordenanza-n-032-87\/\">Ordenanza N\u00b0 032\/87<\/a><div class=\"lcp_excerpt\">Referente a fijaci\u00f3n de importes detallados en Anexos.\n\t\t\t\n\t\t\t\t\t\tVER DOCUMENTO COMPLETO \/\/ Estado: VIGENTE\n\t\t\t\t\t\n<\/div><\/li><li><a href=\"https:\/\/www.hcdelcalafate.gob.ar\/portal\/ordenanza-n-031-87\/\">Ordenanza N\u00b0 031\/87<\/a><div class=\"lcp_excerpt\">Referente a R\u00e9gimen para el Personal de la Administraci\u00f3n de la Municipalidad de El Calafate.\n DEROGADA POR ORDENANZA N\u00b0 023\/88.\n\t\t\t\n\t\t\t\t\t\tVER DOCUMENTO COMPLETO \/\/ Estado: DEROGADA\n\t\t\t\t\t\n<\/div><\/li><li><a href=\"https:\/\/www.hcdelcalafate.gob.ar\/portal\/ordenanza-n-030-87\/\">Ordenanza N\u00b0 030\/87<\/a><div class=\"lcp_excerpt\">Referente a fijaci\u00f3n de importes detallados en Anexos.\n\t\t\t\n\t\t\t\t\t\tVER DOCUMENTO COMPLETO \/\/ Estado: VIGENTE\n\t\t\t\t\t\n<\/div><\/li><li><a href=\"https:\/\/www.hcdelcalafate.gob.ar\/portal\/ordenanza-n-029-87\/\">Ordenanza N\u00b0 029\/87<\/a><div class=\"lcp_excerpt\">Referente a denominar \"Avenida Leandro N. Alem\" a una calle.\n\t\t\t\n\t\t\t\t\t\tVER DOCUMENTO COMPLETO \/\/ Estado: VIGENTE\n\t\t\t\t\t\n<\/div><\/li><li><a href=\"https:\/\/www.hcdelcalafate.gob.ar\/portal\/ordenanza-n-028-87\/\">Ordenanza N\u00b0 028\/87<\/a><div class=\"lcp_excerpt\">Referente a denominar \"Avenida General Juan Domingo Per\u00f3n\" a una arteria.\n\t\t\t\n\t\t\t\t\t\tVER DOCUMENTO COMPLETO \/\/ Estado: VIGENTE\n\t\t\t\t\t\n<\/div><\/li><li><a href=\"https:\/\/www.hcdelcalafate.gob.ar\/portal\/ordenanza-n-027-87\/\">Ordenanza N\u00b0 027\/87<\/a><div class=\"lcp_excerpt\">Referente a decretar \"D\u00eda de la limpieza\" el 18 de Noviembre.\n\t\t\t\n\t\t\t\t\t\tVER DOCUMENTO COMPLETO \/\/ Estado: VIGENTE\n\t\t\t\t\t\n<\/div><\/li><li><a href=\"https:\/\/www.hcdelcalafate.gob.ar\/portal\/ordenanza-n-026-87\/\">Ordenanza N\u00b0 026\/87<\/a><div class=\"lcp_excerpt\">Referente a declarar de Inter\u00e9s Municipal al primer Congreso Federal de Inform\u00e1tica Municipal a realizarse en Buenos Aires (Cap. Fed.).\n\t\t\t\n\t\t\t\t\t\tVER DOCUMENTO COMPLETO \/\/ Estado: VIGENTE\n\t\t\t\t\t\n<\/div><\/li><li><a href=\"https:\/\/www.hcdelcalafate.gob.ar\/portal\/ordenanza-n-025-87\/\">Ordenanza N\u00b0 025\/87<\/a><div class=\"lcp_excerpt\">Referente a venta de tierras fiscales.\nMODIFICADA POR ORDENANZA N\u00b0 62\/92.\nMODIFICADA POR ORDENANZA N\u00b0 683\/01.\nDEROGADA POR ORDENANZA N\u00b0 1082\/07.\n\t\t\t\n\t\t\t\t\t\tVER DOCUMENTO COMPLETO \/\/ Estado: DEROGADA\n\t\t\t\t\t\n<\/div><\/li><li><a href=\"https:\/\/www.hcdelcalafate.gob.ar\/portal\/ordenanza-n-024-87\/\">Ordenanza N\u00b0 024\/87<\/a><div class=\"lcp_excerpt\">Referente a Transporte - Deroga Ordenanza N\u00b0 020\/HCD\/87 - Departamento Ejecutivo Municipal adquirir\u00e1 una unidad usada Mercedes Benz.\n\t\t\t\n\t\t\t\t\t\tVER DOCUMENTO COMPLETO \/\/ Estado: VIGENTE\n\t\t\t\t\t\n<\/div><\/li><li><a href=\"https:\/\/www.hcdelcalafate.gob.ar\/portal\/ordenanza-n-023-87\/\">Ordenanza N\u00b0 023\/87<\/a><div class=\"lcp_excerpt\">Referente a establecer Concepto de Inter\u00e9s de financiaci\u00f3n de facilidades de Pago de Tributos, recargos y Multas al Municipio: Tasa Reguladora Activa - Operaciones Restantes.\nDEROGADA POR ORDENANZA N\u00b0 48\/90.\n\t\t\t\n\t\t\t\t\t\tVER DOCUMENTO COMPLETO \/\/ Estado: DEROGADA\n\t\t\t\t\t\n<\/div><\/li><li><a href=\"https:\/\/www.hcdelcalafate.gob.ar\/portal\/ordenanza-n-022-87\/\">Ordenanza N\u00b0 022\/87<\/a><div class=\"lcp_excerpt\">Referente a aprobar Resoluci\u00f3n N\u00b0 1217\/87 - Subasta P\u00fablica N\u00b0 02\/87.\n\t\t\t\n\t\t\t\t\t\tVER DOCUMENTO COMPLETO \/\/ Estado: VIGENTE\n\t\t\t\t\t\n<\/div><\/li><li><a href=\"https:\/\/www.hcdelcalafate.gob.ar\/portal\/ordenanza-n-021-87\/\">Ordenanza N\u00b0 021\/87<\/a><div class=\"lcp_excerpt\">Referente a derogar Ordenanza N\u00b0 11\/\/85 - Normas para el Servicio de Transporte P\u00fablico de Pasajeros dentro del Ejido Municipal.\nMODIFICADA POR ORDENANZA N\u00b0 004\/88.\nMODIFICADA POR ORDENANZA N\u00b0 038\/89.\nDEROGADA POR ORDENANZA N\u00b0 79\/92.\n\t\t\t\n\t\t\t\t\t\tVER DOCUMENTO COMPLETO \/\/ Estado: DEROGADA\n\t\t\t\t\t\n<\/div><\/li><li><a href=\"https:\/\/www.hcdelcalafate.gob.ar\/portal\/ordenanza-n-020-87\/\">Ordenanza N\u00b0 020\/87<\/a><div class=\"lcp_excerpt\">Referente a Departamento Ejecutivo Municipal adquirir\u00e1 una Unidad usada Mercedes Benz.\nDEROGADA POR ORDENANZA N\u00b0 024\/87.\n\t\t\t\n\t\t\t\t\t\tVER DOCUMENTO COMPLETO \/\/ Estado: DEROGADA\n\t\t\t\t\t\n<\/div><\/li><li><a href=\"https:\/\/www.hcdelcalafate.gob.ar\/portal\/ordenanza-n-019-87\/\">Ordenanza N\u00b0 019\/87<\/a><div class=\"lcp_excerpt\">Referente a fijaci\u00f3n de importes detallados en Anexos.\n\t\t\t\n\t\t\t\t\t\tVER DOCUMENTO COMPLETO \/\/ Estado: VIGENTE\n\t\t\t\t\t\n<\/div><\/li><li><a href=\"https:\/\/www.hcdelcalafate.gob.ar\/portal\/ordenanza-n-018-87\/\">Ordenanza N\u00b0 018\/87<\/a><div class=\"lcp_excerpt\">Referente a aprobar la NO incorporaci\u00f3n al Dominio P\u00fablico la parcela denominada \"Calle a ceder\".\n\t\t\t\n\t\t\t\t\t\tVER DOCUMENTO COMPLETO \/\/ Estado: VIGENTE\n\t\t\t\t\t\n<\/div><\/li><li><a href=\"https:\/\/www.hcdelcalafate.gob.ar\/portal\/ordenanza-n-017-87\/\">Ordenanza N\u00b0 017\/87<\/a><div class=\"lcp_excerpt\">Referente a aprobar Decreto N\u00b0 196\/87 - Fecha de vencimiento para el cobro de Alumbrado, Barrido y Limpieza - Ejercicio 1986.\n\t\t\t\n\t\t\t\t\t\tVER DOCUMENTO COMPLETO \/\/ Estado: VIGENTE\n\t\t\t\t\t\n<\/div><\/li><li><a href=\"https:\/\/www.hcdelcalafate.gob.ar\/portal\/ordenanza-n-016-87\/\">Ordenanza N\u00b0 016\/87<\/a><div class=\"lcp_excerpt\">Referente a aprobar Decreto N\u00b0 195\/87 - Cobro del Impuesto Patente del Automotor A\u00f1o 1987.\n\t\t\t\n\t\t\t\t\t\tVER DOCUMENTO COMPLETO \/\/ Estado: VIGENTE\n\t\t\t\t\t\n<\/div><\/li><li><a href=\"https:\/\/www.hcdelcalafate.gob.ar\/portal\/ordenanza-n-015-87\/\">Ordenanza N\u00b0 015\/87<\/a><div class=\"lcp_excerpt\">Referente a modificar Art\u00edculo 3\u00b0 de la Ordenanza N\u00b0 005\/HCD\/87.\n\t\t\t\n\t\t\t\t\t\tVER DOCUMENTO COMPLETO \/\/ Estado: VIGENTE\n\t\t\t\t\t\n<\/div><\/li><li><a href=\"https:\/\/www.hcdelcalafate.gob.ar\/portal\/ordenanza-n-014-87\/\">Ordenanza N\u00b0 014\/87<\/a><div class=\"lcp_excerpt\">Referente a Propietarios - Mantener el perfecto estado de conservaci\u00f3n e higiene de viviendas, patios y veredas.\n MODIFICADA POR\u00a0ORDENANZA N\u00b0 026\/89.\n\t\t\t\n\t\t\t\t\t\tVER DOCUMENTO COMPLETO \/\/ Estado: MODIFICADA\n\t\t\t\t\t\n<\/div><\/li><li><a href=\"https:\/\/www.hcdelcalafate.gob.ar\/portal\/ordenanza-n-013-87\/\">Ordenanza N\u00b0 013\/87<\/a><div class=\"lcp_excerpt\">Referente a implementar un Art\u00edculo m\u00e1s en la Ordenanza tarifaria - Abono por colocaci\u00f3n de circuito cerrado de televisi\u00f3n o M\u00fasica ambiental\n\t\t\t\n\t\t\t\t\t\tVER DOCUMENTO COMPLETO \/\/ Estado: VIGENTE\n\t\t\t\t\t\n<\/div><\/li><li><a href=\"https:\/\/www.hcdelcalafate.gob.ar\/portal\/ordenanza-n-012-87\/\">Ordenanza N\u00b0 012\/87<\/a><div class=\"lcp_excerpt\">Referente a prescripciones para obtener el permiso para la instalaci\u00f3n y explotaci\u00f3n de servicios de transmisi\u00f3n de videos y sonido por el sistema de circuito cerrado y de propagaci\u00f3n de m\u00fasica ambiental.\n\t\t\t\n\t\t\t\t\t\tVER DOCUMENTO COMPLETO \/\/ Estado: VIGENTE\n\t\t\t\t\t\n<\/div><\/li><li><a href=\"https:\/\/www.hcdelcalafate.gob.ar\/portal\/ordenanza-n-011-87\/\">Ordenanza N\u00b0 011\/87<\/a><div class=\"lcp_excerpt\">Referente a implementar un adicional en la remuneraci\u00f3n por disponibilidad o guardia de aquellos Agentes Municipales con Tareas Especiales.\n\t\t\t\n\t\t\t\t\t\tVER DOCUMENTO COMPLETO \/\/ Estado: VIGENTE\n\t\t\t\t\t\n<\/div><\/li><li><a href=\"https:\/\/www.hcdelcalafate.gob.ar\/portal\/ordenanza-n-010-87\/\">Ordenanza N\u00b0 010\/87<\/a><div class=\"lcp_excerpt\">Referente a fijaci\u00f3n de importes detallados en Anexos.\n\t\t\t\n\t\t\t\t\t\tVER DOCUMENTO COMPLETO \/\/ Estado: VIGENTE\n\t\t\t\t\t\n<\/div><\/li><li><a href=\"https:\/\/www.hcdelcalafate.gob.ar\/portal\/ordenanza-n-009-87\/\">Ordenanza N\u00b0 009\/87<\/a><div class=\"lcp_excerpt\">Referente a fijaci\u00f3n de importes detallados en Anexos.\n\t\t\t\n\t\t\t\t\t\tVER DOCUMENTO COMPLETO \/\/ Estado: VIGENTE\n\t\t\t\t\t\n<\/div><\/li><li><a href=\"https:\/\/www.hcdelcalafate.gob.ar\/portal\/ordenanza-n-008-87\/\">Ordenanza N\u00b0 008\/87<\/a><div class=\"lcp_excerpt\">Referente a fijaci\u00f3n de importes detallados en Anexos.\n\t\t\t\n\t\t\t\t\t\tVER DOCUMENTO COMPLETO \/\/ Estado: VIGENTE\n\t\t\t\t\t\n<\/div><\/li><li><a href=\"https:\/\/www.hcdelcalafate.gob.ar\/portal\/ordenanza-n-007-87\/\">Ordenanza N\u00b0 007\/87<\/a><div class=\"lcp_excerpt\">Referente a fijar la suma de Australes 2.253.671,00 de acuerdo a las planillas Anexas (Presupuesto General de Gastos - Ejercicio 1987).\n\t\t\t\n\t\t\t\t\t\tVER DOCUMENTO COMPLETO \/\/ Estado: VIGENTE\n\t\t\t\t\t\n<\/div><\/li><li><a href=\"https:\/\/www.hcdelcalafate.gob.ar\/portal\/ordenanza-n-006-87\/\">Ordenanza N\u00b0 006\/87<\/a><div class=\"lcp_excerpt\">Referente a la Resoluci\u00f3n N\u00b0 543\/87 - Subasta P\u00fablica N\u00b0 01\/87 - BIS\n\t\t\t\n\t\t\t\t\t\tVER DOCUMENTO COMPLETO \/\/ Estado: VIGENTE\n\t\t\t\t\t\n<\/div><\/li><li><a href=\"https:\/\/www.hcdelcalafate.gob.ar\/portal\/ordenanza-n-005-87\/\">Ordenanza N\u00b0 005\/87<\/a><div class=\"lcp_excerpt\">Referente a efectuar el cobro del Impuesto Parque Automotor correspondiente a 1987.\nMODIFICADA POR ORDENANZA N\u00b0 015\/87 - Art. N\u00b0 3.\n\t\t\t\n\t\t\t\t\t\tVER DOCUMENTO COMPLETO \/\/ Estado: MODIFICADA\n\t\t\t\t\t\n<\/div><\/li><li><a href=\"https:\/\/www.hcdelcalafate.gob.ar\/portal\/ordenanza-n-004-87\/\">Ordenanza N\u00b0 004\/87<\/a><div class=\"lcp_excerpt\">Referente a Autorizar a la Secretar\u00eda de Hacienda a la formulaci\u00f3n de Planes de Pago para los Derechos de Construcci\u00f3n.\nDEROGADA POR ORDENANZA N\u00b0 48\/90.\n\t\t\t\n\t\t\t\t\t\tVER DOCUMENTO COMPLETO \/\/ Estado: DEROGADA\n\t\t\t\t\t\n<\/div><\/li><li><a href=\"https:\/\/www.hcdelcalafate.gob.ar\/portal\/ordenanza-n-003-87\/\">Ordenanza N\u00b0 003\/87<\/a><div class=\"lcp_excerpt\">Referente a establecer valores para las Tasas de Barrido y Limpieza de calles, mantenimiento de la V\u00eda P\u00fablica, alumbrado y recolecci\u00f3n de residuos - A\u00f1o 1986.\n\t\t\t\n\t\t\t\t\t\tVER DOCUMENTO COMPLETO \/\/ Estado: VIGENTE\n\t\t\t\t\t\n<\/div><\/li><li><a href=\"https:\/\/www.hcdelcalafate.gob.ar\/portal\/ordenanza-n-002-87\/\">Ordenanza N\u00b0 002\/87<\/a><div class=\"lcp_excerpt\">Referente a fijaci\u00f3n de importes detallados en Anexos.\n\t\t\t\n\t\t\t\t\t\tVER DOCUMENTO COMPLETO \/\/ Estado: VIGENTE\n\t\t\t\t\t\n<\/div><\/li><li><a href=\"https:\/\/www.hcdelcalafate.gob.ar\/portal\/ordenanza-n-001-87\/\">Ordenanza N\u00b0 001\/87<\/a><div class=\"lcp_excerpt\">Referente a donaci\u00f3n de una chata y 4 ruedas con Plato A\u00f1o 1910 del Sr. Samuel Mu\u00f1oz para colocar en la Avenida Libertador frente a la Plaza 17 de Diciembre.\n\t\t\t\n\t\t\t\t\t\tVER DOCUMENTO COMPLETO \/\/ Estado: VIGENTE\n\t\t\t\t\t\n<\/div><\/li><\/ul>\n\n\n\n<hr class=\"wp-block-separator has-alpha-channel-opacity\"\/>\n\n\n\n<p class=\"has-text-align-center\"><em>Nota importante: Las Ordenanzas ser\u00e1n publicadas una vez promulgadas, <\/em><br><em>seg\u00fan se establece en el Art. N\u00b0 61 Inc. \u201ca\u201d de la Ley Provincial N\u00b0 55.<\/em><br><br><em>Puede ser que el estado del documento visitado no est\u00e9 actualizado, consulte el <\/em><br><em>Digesto Oficial en nuestras oficinas administrativas.<\/em> <\/p>\n","protected":false},"excerpt":{"rendered":"<p>Nota importante: Las Ordenanzas ser\u00e1n publicadas una vez promulgadas, seg\u00fan se establece en el Art. N\u00b0 61 Inc. \u201ca\u201d de la Ley Provincial N\u00b0 55. Puede ser que el estado&hellip; <\/p>\n","protected":false},"author":1,"featured_media":0,"parent":0,"menu_order":0,"comment_status":"closed","ping_status":"closed","template":"","meta":{"footnotes":""},"class_list":["post-1903","page","type-page","status-publish","hentry"],"_links":{"self":[{"href":"https:\/\/www.hcdelcalafate.gob.ar\/portal\/wp-json\/wp\/v2\/pages\/1903","targetHints":{"allow":["GET"]}}],"collection":[{"href":"https:\/\/www.hcdelcalafate.gob.ar\/portal\/wp-json\/wp\/v2\/pages"}],"about":[{"href":"https:\/\/www.hcdelcalafate.gob.ar\/portal\/wp-json\/wp\/v2\/types\/page"}],"author":[{"embeddable":true,"href":"https:\/\/www.hcdelcalafate.gob.ar\/portal\/wp-json\/wp\/v2\/users\/1"}],"replies":[{"embeddable":true,"href":"https:\/\/www.hcdelcalafate.gob.ar\/portal\/wp-json\/wp\/v2\/comments?post=1903"}],"version-history":[{"count":23,"href":"https:\/\/www.hcdelcalafate.gob.ar\/portal\/wp-json\/wp\/v2\/pages\/1903\/revisions"}],"predecessor-version":[{"id":26823,"href":"https:\/\/www.hcdelcalafate.gob.ar\/portal\/wp-json\/wp\/v2\/pages\/1903\/revisions\/26823"}],"wp:attachment":[{"href":"https:\/\/www.hcdelcalafate.gob.ar\/portal\/wp-json\/wp\/v2\/media?parent=1903"}],"curies":[{"name":"wp","href":"https:\/\/api.w.org\/{rel}","templated":true}]}}