{"id":1900,"date":"1988-01-01T00:43:10","date_gmt":"1988-01-01T03:43:10","guid":{"rendered":"http:\/\/www.hcdelcalafate.gob.ar\/portal\/?page_id=1900"},"modified":"2026-02-24T10:19:54","modified_gmt":"2026-02-24T13:19:54","slug":"ordenanzas-1988","status":"publish","type":"page","link":"https:\/\/www.hcdelcalafate.gob.ar\/portal\/ordenanzas-1988\/","title":{"rendered":"Ordenanzas 1988"},"content":{"rendered":"\n<ul class=\"lcp_catlist\" id=\"lcp_instance_0\"><li><a href=\"https:\/\/www.hcdelcalafate.gob.ar\/portal\/ordenanza-n-065-88\/\">Ordenanza N\u00b0 065\/88<\/a><div class=\"lcp_excerpt\">Referente a fijaci\u00f3n de pautas para el cobro del Impuesto Inmobiliario a\u00f1o 1988.\nMODIFICADA POR ORDENANZA N\u00b0 014\/89.\n\t\t\t\n\t\t\t\t\t\tVER DOCUMENTO COMPLETO \/\/ Estado: MODIFICADA\n\t\t\t\t\t\n<\/div><\/li><li><a href=\"https:\/\/www.hcdelcalafate.gob.ar\/portal\/ordenanza-n-064-88\/\">Ordenanza N\u00b0 064\/88<\/a><div class=\"lcp_excerpt\">Referente a sobretasa a propietarios y\/o responsables de Bald\u00edos Urbanos - A\u00f1o 1988.\nDEROGADA POR ORDENANZA N\u00b0 07\/91.\n\t\t\t\n\t\t\t\t\t\tVER DOCUMENTO COMPLETO \/\/ Estado: DEROGADA\n\t\t\t\t\t\n<\/div><\/li><li><a href=\"https:\/\/www.hcdelcalafate.gob.ar\/portal\/ordenanza-n-063-88\/\">Ordenanza N\u00b0 063\/88<\/a><div class=\"lcp_excerpt\">Referente a establecer valores para las tasas de Barrido y Limpieza de calles, mantenimiento de la V\u00eda P\u00fablica, alumbrado y recolecci\u00f3n de residuos - A\u00f1o 1988.\n\t\t\t\n\t\t\t\t\t\tVER DOCUMENTO COMPLETO \/\/ Estado: VIGENTE\n\t\t\t\t\t\n<\/div><\/li><li><a href=\"https:\/\/www.hcdelcalafate.gob.ar\/portal\/ordenanza-n-062-88\/\">Ordenanza N\u00b0 062\/88<\/a><div class=\"lcp_excerpt\">Referente a prorrogar Presupuesto del Ejercicio a\u00f1o 1988.\n\t\t\t\n\t\t\t\t\t\tVER DOCUMENTO COMPLETO \/\/ Estado: VIGENTE\n\t\t\t\t\t\n<\/div><\/li><li><a href=\"https:\/\/www.hcdelcalafate.gob.ar\/portal\/ordenanza-n-061-88\/\">Ordenanza N\u00b0 061\/88<\/a><div class=\"lcp_excerpt\">Referente a autorizar pasajes de R\u00edo Gallegos - Buenos Aires a alumnos de 5to a\u00f1o Comercial.\n\t\t\t\n\t\t\t\t\t\tVER DOCUMENTO COMPLETO \/\/ Estado: VIGENTE\n\t\t\t\t\t\n<\/div><\/li><li><a href=\"https:\/\/www.hcdelcalafate.gob.ar\/portal\/ordenanza-n-060-88\/\">Ordenanza N\u00b0 060\/88<\/a><div class=\"lcp_excerpt\">Referente a fijar Importes detallados en Anexos.\nDeroga Ordenanza N\u00b0 08\/85.\nDeroga Ordenanza N\u00b0 021\/88.\n\t\t\t\n\t\t\t\t\t\tVER DOCUMENTO COMPLETO \/\/ Estado: VIGENTE\n\t\t\t\t\t\n<\/div><\/li><li><a href=\"https:\/\/www.hcdelcalafate.gob.ar\/portal\/ordenanza-n-059-88\/\">Ordenanza N\u00b0 059\/88<\/a><div class=\"lcp_excerpt\">Referente a fijar Importes detallados en Anexos.\n\t\t\t\n\t\t\t\t\t\tVER DOCUMENTO COMPLETO \/\/ Estado: VIGENTE\n\t\t\t\t\t\n<\/div><\/li><li><a href=\"https:\/\/www.hcdelcalafate.gob.ar\/portal\/ordenanza-n-058-88\/\">Ordenanza N\u00b0 058\/88<\/a><div class=\"lcp_excerpt\">Referente a derogar Ordenanza N\u00b0 078\/84 y Ordenanza 046\/88 - Establecer el pago de un suplemento por tareas riesgosas y\/o insalubres (50% de asignaci\u00f3n de la categor\u00eda 10).\nMODIFICADA POR ORDENANZA N\u00b0 110\/93.\nDEROGADA MEDIANTE ORDENANZA N\u00b0 502\/98.\n\u00a0\n\t\t\t\n\t\t\t\t\t\tVER DOCUMENTO COMPLETO \/\/ Estado: DEROGADA\n\t\t\t\t\t\n<\/div><\/li><li><a href=\"https:\/\/www.hcdelcalafate.gob.ar\/portal\/ordenanza-n-057-88\/\">Ordenanza N\u00b0 057\/88<\/a><div class=\"lcp_excerpt\">Referente a rechazar veto impuesto al art. 1\u00b0 y 4\u00b0 de la Ordenanza N\u00b0 053\/88 por Decreto N\u00b0 392\/88.\n\t\t\t\n\t\t\t\t\t\tVER DOCUMENTO COMPLETO \/\/ Estado: VIGENTE\n\t\t\t\t\t\n<\/div><\/li><li><a href=\"https:\/\/www.hcdelcalafate.gob.ar\/portal\/ordenanza-n-056-88\/\">Ordenanza N\u00b0 056\/88<\/a><div class=\"lcp_excerpt\">Referente al Pago de un suplemento adicional por turnos rotativos (25% de la asignaci\u00f3n de la categor\u00eda 10) .\nDEROGADA POR ORDENANZA N\u00b0 558\/00.\n\t\t\t\n\t\t\t\t\t\tVER DOCUMENTO COMPLETO \/\/ Estado: DEROGADA\n\t\t\t\t\t\n<\/div><\/li><li><a href=\"https:\/\/www.hcdelcalafate.gob.ar\/portal\/ordenanza-n-055-88\/\">Ordenanza N\u00b0 055\/88<\/a><div class=\"lcp_excerpt\">Referente a rechazar veto de la Ordenanza N\u00b0 048\/88 por Decreto N\u00b0 367\/88.\n\t\t\t\n\t\t\t\t\t\tVER DOCUMENTO COMPLETO \/\/ Estado: VIGENTE\n\t\t\t\t\t\n<\/div><\/li><li><a href=\"https:\/\/www.hcdelcalafate.gob.ar\/portal\/ordenanza-n-054-88\/\">Ordenanza N\u00b0 054\/88<\/a><div class=\"lcp_excerpt\">Referente a Tierras - Tr\u00e1mites para la aprobaci\u00f3n de la documentaci\u00f3n de obras.\n\t\t\t\n\t\t\t\t\t\tVER DOCUMENTO COMPLETO \/\/ Estado: VIGENTE\n\t\t\t\t\t\n<\/div><\/li><li><a href=\"https:\/\/www.hcdelcalafate.gob.ar\/portal\/ordenanza-n-053-88\/\">Ordenanza N\u00b0 053\/88<\/a><div class=\"lcp_excerpt\">Referente a equiparar categor\u00eda y haberes de Intendente, Concejales y Secretarios.\n\t\t\t\n\t\t\t\t\t\tVER DOCUMENTO COMPLETO \/\/ Estado: VIGENTE\n\t\t\t\t\t\n<\/div><\/li><li><a href=\"https:\/\/www.hcdelcalafate.gob.ar\/portal\/ordenanza-n-052-88\/\">Ordenanza N\u00b0 052\/88<\/a><div class=\"lcp_excerpt\">Referente a que el Ejecutivo Municipal ordenar\u00e1 a la Secretar\u00eda de Turismo que eleve un informe quincenal a la Casa de la Provincia de Santa Cruz con informaci\u00f3n tur\u00edstica.\n\t\t\t\n\t\t\t\t\t\tVER DOCUMENTO COMPLETO \/\/ Estado: VIGENTE\n\t\t\t\t\t\n<\/div><\/li><li><a href=\"https:\/\/www.hcdelcalafate.gob.ar\/portal\/ordenanza-n-051-88\/\">Ordenanza N\u00b0 051\/88<\/a><div class=\"lcp_excerpt\">Referente a congelar la asignaci\u00f3n por vi\u00e1ticos y movilidad otorgado por la Ordenanza N\u00b0 003\/88.\n\t\t\t\n\t\t\t\t\t\tVER DOCUMENTO COMPLETO \/\/ Estado: VIGENTE\n\t\t\t\t\t\n<\/div><\/li><li><a href=\"https:\/\/www.hcdelcalafate.gob.ar\/portal\/ordenanza-n-050-88\/\">Ordenanza N\u00b0 050\/88<\/a><div class=\"lcp_excerpt\">Referente al traslado y ausencia del Sr. Intendente a la Provincia o fuera de ella, seg\u00fan se requiera - Gestionar\u00e1 solicitudes correspondientes\n\t\t\t\n\t\t\t\t\t\tVER DOCUMENTO COMPLETO \/\/ Estado: VIGENTE\n\t\t\t\t\t\n<\/div><\/li><li><a href=\"https:\/\/www.hcdelcalafate.gob.ar\/portal\/ordenanza-n-049-88\/\">Ordenanza N\u00b0 049\/88<\/a><div class=\"lcp_excerpt\">Referente a fijar un adicional por presentismo de un 15% sobre la asignaci\u00f3n de la categor\u00eda 10.\n\t\t\t\n\t\t\t\t\t\tVER DOCUMENTO COMPLETO \/\/ Estado: VIGENTE\n\t\t\t\t\t\n<\/div><\/li><li><a href=\"https:\/\/www.hcdelcalafate.gob.ar\/portal\/ordenanza-n-048-88\/\">Ordenanza N\u00b0 048\/88<\/a><div class=\"lcp_excerpt\">Referente a derogar \u00cdtem I de la Ordenanza N\u00b0 14\/82.\n\t\t\t\n\t\t\t\t\t\tVER DOCUMENTO COMPLETO \/\/ Estado: VIGENTE\n\t\t\t\t\t\n<\/div><\/li><li><a href=\"https:\/\/www.hcdelcalafate.gob.ar\/portal\/ordenanza-n-047-88\/\">Ordenanza N\u00b0 047\/88<\/a><div class=\"lcp_excerpt\">Referente a refuerzo Partida Principal 1 - Personal Planta Permanente y Parcial 2 - Personal Planta Transitoria del Presupuesto A\u00f1o 1988.\n\t\t\t\n\t\t\t\t\t\tVER DOCUMENTO COMPLETO \/\/ Estado: VIGENTE\n\t\t\t\t\t\n<\/div><\/li><li><a href=\"https:\/\/www.hcdelcalafate.gob.ar\/portal\/ordenanza-n-046-88\/\">Ordenanza N\u00b0 046\/88<\/a><div class=\"lcp_excerpt\">Referente a rechazar Proyectos de Ordenanza mediante Expedientes N\u00b0 586 y 588\/88 por encontrarse en vigencia la Ordenanza N\u00b0 078\/84.\nDEROGADA POR ORDENANZA N\u00b0 046\/88.\n\t\t\t\n\t\t\t\t\t\tVER DOCUMENTO COMPLETO \/\/ Estado: DEROGADA\n\t\t\t\t\t\n<\/div><\/li><li><a href=\"https:\/\/www.hcdelcalafate.gob.ar\/portal\/ordenanza-n-045-88\/\">Ordenanza N\u00b0 045\/88<\/a><div class=\"lcp_excerpt\">Referente a establecer como Parque del Arroyo Calafate para actividades recreativas y tur\u00edsticas.\n\t\t\t\n\t\t\t\t\t\tVER DOCUMENTO COMPLETO \/\/ Estado: VIGENTE\n\t\t\t\t\t\n<\/div><\/li><li><a href=\"https:\/\/www.hcdelcalafate.gob.ar\/portal\/ordenanza-n-044-88\/\">Ordenanza N\u00b0 044\/88<\/a><div class=\"lcp_excerpt\">Referente a regularizar las construcciones no declaradas, visaci\u00f3n de planos, inspecci\u00f3n, aprobaci\u00f3n, derechos de construcci\u00f3n, etc.\u00a0\n\t\t\t\n\t\t\t\t\t\tVER DOCUMENTO COMPLETO \/\/ Estado: VIGENTE\n\t\t\t\t\t\n<\/div><\/li><li><a href=\"https:\/\/www.hcdelcalafate.gob.ar\/portal\/ordenanza-n-043-88\/\">Ordenanza N\u00b0 043\/88<\/a><div class=\"lcp_excerpt\">Referente a fijar Importes detallados en Anexos.\n\t\t\t\n\t\t\t\t\t\tVER DOCUMENTO COMPLETO \/\/ Estado: VIGENTE\n\t\t\t\t\t\n<\/div><\/li><li><a href=\"https:\/\/www.hcdelcalafate.gob.ar\/portal\/ordenanza-n-042-88\/\">Ordenanza N\u00b0 042\/88<\/a><div class=\"lcp_excerpt\">Referente a rechazar el Proyecto de Ordenanza mediante Expedientes N\u00b0 432\/88 por no estar bien determinada la capacidad del Departamento T\u00e9cnico para otorgar la Certificaci\u00f3n para Construcci\u00f3n.\n\t\t\t\n\t\t\t\t\t\tVER DOCUMENTO COMPLETO \/\/ Estado: VIGENTE\n\t\t\t\t\t\n<\/div><\/li><li><a href=\"https:\/\/www.hcdelcalafate.gob.ar\/portal\/ordenanza-n-041-88\/\">Ordenanza N\u00b0 041\/88<\/a><div class=\"lcp_excerpt\">Referente a derogar por estar determinado en Ordenanza N\u00b0 039\/88 - Creaci\u00f3n de Incisos y Puntos de la Ordenanza derogada.\n\t\t\t\n\t\t\t\t\t\tVER DOCUMENTO COMPLETO \/\/ Estado: VIGENTE\n\t\t\t\t\t\n<\/div><\/li><li><a href=\"https:\/\/www.hcdelcalafate.gob.ar\/portal\/ordenanza-n-040-88\/\">Ordenanza N\u00b0 040\/88<\/a><div class=\"lcp_excerpt\">Referente a agregar Sectores al art\u00edculo 15\u00b0 de la Ordenanza N\u00b0 022\/88.\n\t\t\t\n\t\t\t\t\t\tVER DOCUMENTO COMPLETO \/\/ Estado: VIGENTE\n\t\t\t\t\t\n<\/div><\/li><li><a href=\"https:\/\/www.hcdelcalafate.gob.ar\/portal\/ordenanza-n-039-88\/\">Ordenanza N\u00b0 039\/88<\/a><div class=\"lcp_excerpt\">Referente a modificar el Art\u00edculo N\u00b0 2\u00b0 de la Ordenanza N\u00b0 022\/88 - Agregar art\u00edculo N\u00b0 38\u00b0 y 39\u00b0.\n\t\t\t\n\t\t\t\t\t\tVER DOCUMENTO COMPLETO \/\/ Estado: VIGENTE\n\t\t\t\t\t\n<\/div><\/li><li><a href=\"https:\/\/www.hcdelcalafate.gob.ar\/portal\/ordenanza-n-038-88\/\">Ordenanza N\u00b0 038\/88<\/a><div class=\"lcp_excerpt\">Referente a fijar Australes 110,00 como cuota mensual por la utilizaci\u00f3n de la Guarder\u00eda Municipal.\nMODIFICADA POR ORDENANZA N\u00b0 026\/89.\n\t\t\t\n\t\t\t\t\t\tVER DOCUMENTO COMPLETO \/\/ Estado: MODIFICADA\n\t\t\t\t\t\n<\/div><\/li><li><a href=\"https:\/\/www.hcdelcalafate.gob.ar\/portal\/ordenanza-n-037-88\/\">Ordenanza N\u00b0 037\/88<\/a><div class=\"lcp_excerpt\">Referente a fijar Importes detallados en Anexos.\n\t\t\t\n\t\t\t\t\t\tVER DOCUMENTO COMPLETO \/\/ Estado: VIGENTE\n\t\t\t\t\t\n<\/div><\/li><li><a href=\"https:\/\/www.hcdelcalafate.gob.ar\/portal\/ordenanza-n-036-88\/\">Ordenanza N\u00b0 036\/88<\/a><div class=\"lcp_excerpt\">Referente a afectar a personal de la Municipalidad a la limpieza de la Ciudad.\n\t\t\t\n\t\t\t\t\t\tVER DOCUMENTO COMPLETO \/\/ Estado: VIGENTE\n\t\t\t\t\t\n<\/div><\/li><li><a href=\"https:\/\/www.hcdelcalafate.gob.ar\/portal\/ordenanza-n-035-88\/\">Ordenanza N\u00b0 035\/88<\/a><div class=\"lcp_excerpt\">Referente a Actos a llevarse a cabo por el D\u00eda del Estudiante - Septiembre.\n\t\t\t\n\t\t\t\t\t\tVER DOCUMENTO COMPLETO \/\/ Estado: VIGENTE\n\t\t\t\t\t\n<\/div><\/li><li><a href=\"https:\/\/www.hcdelcalafate.gob.ar\/portal\/ordenanza-n-034-88\/\">Ordenanza N\u00b0 034\/88<\/a><div class=\"lcp_excerpt\">Referente a realizar una Licitaci\u00f3n P\u00fablica para la Adquisici\u00f3n de artefactos de luz.\n\t\t\t\n\t\t\t\t\t\tVER DOCUMENTO COMPLETO \/\/ Estado: VIGENTE\n\t\t\t\t\t\n<\/div><\/li><li><a href=\"https:\/\/www.hcdelcalafate.gob.ar\/portal\/ordenanza-n-033-88\/\">Ordenanza N\u00b0 033\/88<\/a><div class=\"lcp_excerpt\">Referente a modificaci\u00f3n de la Ordenanza Tarifaria Anual 1988 debido a la existencia de disparidad al momento actual.\n\t\t\t\n\t\t\t\t\t\tVER DOCUMENTO COMPLETO \/\/ Estado: VIGENTE\n\t\t\t\t\t\n<\/div><\/li><li><a href=\"https:\/\/www.hcdelcalafate.gob.ar\/portal\/ordenanza-n-032-88\/\">Ordenanza N\u00b0 032\/88<\/a><div class=\"lcp_excerpt\">Referente a que el Ejecutivo Municipal tendr\u00e1 a su cargo la reparaci\u00f3n, acondicionamiento y ampliaci\u00f3n del Cementerio local.\nMODIFICADA POR ORDENANZA N\u00b0 032\/88.\n\t\t\t\n\t\t\t\t\t\tVER DOCUMENTO COMPLETO \/\/ Estado: MODIFICADA\n\t\t\t\t\t\n<\/div><\/li><li><a href=\"https:\/\/www.hcdelcalafate.gob.ar\/portal\/ordenanza-n-031-88\/\">Ordenanza N\u00b0 031\/88<\/a><div class=\"lcp_excerpt\">SIN DOCUMENTACION EXISTENTE.\n\t\t\t\n\t\t\t\t\t\tVER DOCUMENTO COMPLETO \/\/ Estado:\n\t\t\t\t\t\n<\/div><\/li><li><a href=\"https:\/\/www.hcdelcalafate.gob.ar\/portal\/ordenanza-n-030-88\/\">Ordenanza N\u00b0 030\/88<\/a><div class=\"lcp_excerpt\">Referente a fijar Importes detallados en Anexos.\n\t\t\t\n\t\t\t\t\t\tVER DOCUMENTO COMPLETO \/\/ Estado: VIGENTE\n\t\t\t\t\t\n<\/div><\/li><li><a href=\"https:\/\/www.hcdelcalafate.gob.ar\/portal\/ordenanza-n-029-88\/\">Ordenanza N\u00b0 029\/88<\/a><div class=\"lcp_excerpt\">Referente a fijar Importes detallados en Anexos.\n\t\t\t\n\t\t\t\t\t\tVER DOCUMENTO COMPLETO \/\/ Estado: VIGENTE\n\t\t\t\t\t\n<\/div><\/li><li><a href=\"https:\/\/www.hcdelcalafate.gob.ar\/portal\/ordenanza-n-028-88\/\">Ordenanza N\u00b0 028\/88<\/a><div class=\"lcp_excerpt\">Referente a rechazar veto a los Art\u00edculos 19\u00b0 y 98\u00b0 de la Ordenanza N\u00b0 027\/88, Decreto N\u00b0 228\/88.\n\t\t\t\n\t\t\t\t\t\tVER DOCUMENTO COMPLETO \/\/ Estado: VIGENTE\n\t\t\t\t\t\n<\/div><\/li><li><a href=\"https:\/\/www.hcdelcalafate.gob.ar\/portal\/ordenanza-n-027-88\/\">Ordenanza N\u00b0 027\/88<\/a><div class=\"lcp_excerpt\">Referente a fijar r\u00e9gimen para el personal de la Administraci\u00f3n de la Municipalidad de El Calafate.\nMODIFICADA MEDIANTE ORDENANZA N\u00b0 190\/94.\nMODIFICADA MEDIANTE ORDENANZA N\u00b0 320\/96.\n\t\t\t\n\t\t\t\t\t\tVER DOCUMENTO COMPLETO \/\/ Estado: MODIFICADA\n\t\t\t\t\t\n<\/div><\/li><li><a href=\"https:\/\/www.hcdelcalafate.gob.ar\/portal\/ordenanza-n-026-88\/\">Ordenanza N\u00b0 026\/88<\/a><div class=\"lcp_excerpt\">Referente a fijar Importes detallados en Anexos.\n\t\t\t\n\t\t\t\t\t\tVER DOCUMENTO COMPLETO \/\/ Estado: VIGENTE\n\t\t\t\t\t\n<\/div><\/li><li><a href=\"https:\/\/www.hcdelcalafate.gob.ar\/portal\/ordenanza-n-025-88\/\">Ordenanza N\u00b0 025\/88<\/a><div class=\"lcp_excerpt\">Referente a rechazar el veto por Decreto N\u00b0 176\/88 e insistir con la sanci\u00f3n de la Ordenanza N\u00b0 023\/88.\n\t\t\t\n\t\t\t\t\t\tVER DOCUMENTO COMPLETO \/\/ Estado: VIGENTE\n\t\t\t\t\t\n<\/div><\/li><li><a href=\"https:\/\/www.hcdelcalafate.gob.ar\/portal\/ordenanza-n-024-88\/\">Ordenanza N\u00b0 024\/88<\/a><div class=\"lcp_excerpt\">Referente a aceptar el veto al Art\u00edculo 36\u00b0 inciso 4\u00b0 de Ordenanza N\u00b0 022\/88 por Decreto N\u00b0 1.788.\n\t\t\t\n\t\t\t\t\t\tVER DOCUMENTO COMPLETO \/\/ Estado: VIGENTE\n\t\t\t\t\t\n<\/div><\/li><li><a href=\"https:\/\/www.hcdelcalafate.gob.ar\/portal\/ordenanza-n-023-88\/\">Ordenanza N\u00b0 023\/88<\/a><div class=\"lcp_excerpt\">Referente a derogar\u00a0Ordenanza N\u00b0 031\/87.\n\t\t\t\n\t\t\t\t\t\tVER DOCUMENTO COMPLETO \/\/ Estado: VIGENTE\n\t\t\t\t\t\n<\/div><\/li><li><a href=\"https:\/\/www.hcdelcalafate.gob.ar\/portal\/ordenanza-n-022-88\/\">Ordenanza N\u00b0 022\/88<\/a><div class=\"lcp_excerpt\">Referente a impuestos, tasas, derechos, contribuciones, multas, recargos e intereses - A\u00f1o 1988.\nMODIFICADA POR ORDENANZA N\u00b0 024\/88.\nMODIFICADA POR ORDENANZA N\u00b0 039\/88.\nMODIFICADA POR ORDENANZA N\u00b0 040\/88.\nMODIFICADA POR ORDENANZA N\u00b0 036\/89.\nDEROGA ORDENANZA N\u00b0 36\/86.\n\t\t\t\n\t\t\t\t\t\tVER DOCUMENTO COMPLETO \/\/ Estado: MODIFICADA\n\t\t\t\t\t\n<\/div><\/li><li><a href=\"https:\/\/www.hcdelcalafate.gob.ar\/portal\/ordenanza-n-021-88\/\">Ordenanza N\u00b0 021\/88<\/a><div class=\"lcp_excerpt\">Referente a sobretasa a propietarios y\/o responsables de Bald\u00edos Urbanos - A\u00f1o 1987.\nDEROGADA POR ORDENANZA N\u00b0 060\/88.\n\t\t\t\n\t\t\t\t\t\tVER DOCUMENTO COMPLETO \/\/ Estado: DEROGADA\n\t\t\t\t\t\n<\/div><\/li><li><a href=\"https:\/\/www.hcdelcalafate.gob.ar\/portal\/ordenanza-n-020-88\/\">Ordenanza N\u00b0 020\/88<\/a><div class=\"lcp_excerpt\">Referente a que el Ejecutivo Municipal pondr\u00e1 en vigencia lo determinado en esta Ordenanza para la habilitaci\u00f3n del transporte escolar.\nMODIFICADA POR ORDENANZA N\u00b0 1129\/08.\nMODIFICADA POR ORDENANZA N\u00b0 414\/97.\n\t\t\t\n\t\t\t\t\t\tVER DOCUMENTO COMPLETO \/\/ Estado: MODIFICADA\n\t\t\t\t\t\n<\/div><\/li><li><a href=\"https:\/\/www.hcdelcalafate.gob.ar\/portal\/ordenanza-n-019-88\/\">Ordenanza N\u00b0 019\/88<\/a><div class=\"lcp_excerpt\">Referente a la elaboraci\u00f3n de una estad\u00edstica sobre el ingreso de turistas a la localidad, que ser\u00e1 ejecutada y controlada por la Secretar\u00eda de Turismo.\n\t\t\t\n\t\t\t\t\t\tVER DOCUMENTO COMPLETO \/\/ Estado: VIGENTE\n\t\t\t\t\t\n<\/div><\/li><li><a href=\"https:\/\/www.hcdelcalafate.gob.ar\/portal\/ordenanza-n-018-88\/\">Ordenanza N\u00b0 018\/88<\/a><div class=\"lcp_excerpt\">Referente a que el Ejecutivo Municipal pondr\u00e1 en vigencia la construcci\u00f3n de veredas frente a viviendas, locales, dep\u00f3sitos, obras en construcci\u00f3n.\n MODIFICADA POR\u00a0ORDENANZA N\u00b0 026\/89.\n\t\t\t\n\t\t\t\t\t\tVER DOCUMENTO COMPLETO \/\/ Estado: MODIFICADA\n\t\t\t\t\t\n<\/div><\/li><li><a href=\"https:\/\/www.hcdelcalafate.gob.ar\/portal\/ordenanza-n-017-88\/\">Ordenanza N\u00b0 017\/88<\/a><div class=\"lcp_excerpt\">Referente a constituir el Tribunal de faltas Municipal.\n\t\t\t\n\t\t\t\t\t\tVER DOCUMENTO COMPLETO \/\/ Estado: VIGENTE\n\t\t\t\t\t\n<\/div><\/li><li><a href=\"https:\/\/www.hcdelcalafate.gob.ar\/portal\/ordenanza-n-016-88\/\">Ordenanza N\u00b0 016\/88<\/a><div class=\"lcp_excerpt\">Referente a fijar Importes detallados en Anexos.\n\t\t\t\n\t\t\t\t\t\tVER DOCUMENTO COMPLETO \/\/ Estado: VIGENTE\n\t\t\t\t\t\n<\/div><\/li><li><a href=\"https:\/\/www.hcdelcalafate.gob.ar\/portal\/ordenanza-n-015-88\/\">Ordenanza N\u00b0 015\/88<\/a><div class=\"lcp_excerpt\">Referente a fijar Unidades Fijas (U.F.) para cobro de todo tipo de Impuesto, Tasas, Contribuciones y Multas.\n\t\t\t\n\t\t\t\t\t\tVER DOCUMENTO COMPLETO \/\/ Estado: VIGENTE\n\t\t\t\t\t\n<\/div><\/li><li><a href=\"https:\/\/www.hcdelcalafate.gob.ar\/portal\/ordenanza-n-014-88\/\">Ordenanza N\u00b0 014\/88<\/a><div class=\"lcp_excerpt\">Referente a que el Ejecutivo Municipal establecer\u00e1 la vigencia de la presente Ordenanza . (Manejo de agua).\n\t\t\t\n\t\t\t\t\t\tVER DOCUMENTO COMPLETO \/\/ Estado: VIGENTE\n\t\t\t\t\t\n<\/div><\/li><li><a href=\"https:\/\/www.hcdelcalafate.gob.ar\/portal\/ordenanza-n-013-88\/\">Ordenanza N\u00b0 013\/88<\/a><div class=\"lcp_excerpt\">Referente a calificaci\u00f3n para todo el personal de la Municipalidad que se encuentre en Planta Transitoria o Permanente.\n\t\t\t\n\t\t\t\t\t\tVER DOCUMENTO COMPLETO \/\/ Estado: VIGENTE\n\t\t\t\t\t\n<\/div><\/li><li><a href=\"https:\/\/www.hcdelcalafate.gob.ar\/portal\/ordenanza-n-012-88\/\">Ordenanza N\u00b0 012\/88<\/a><div class=\"lcp_excerpt\">Referente a fijar pautas para el cobro del Impuesto Inmobiliario a\u00f1o 1987.\n\t\t\t\n\t\t\t\t\t\tVER DOCUMENTO COMPLETO \/\/ Estado: VIGENTE\n\t\t\t\t\t\n<\/div><\/li><li><a href=\"https:\/\/www.hcdelcalafate.gob.ar\/portal\/ordenanza-n-011-88\/\">Ordenanza N\u00b0 011\/88<\/a><div class=\"lcp_excerpt\">Referente a establecer Valores para las tasas de Barrido y Limpieza de calles, mantenimiento de la V\u00eda P\u00fablica, alumbrado y recolecci\u00f3n de residuos - A\u00f1o 1987.\n\t\t\t\n\t\t\t\t\t\tVER DOCUMENTO COMPLETO \/\/ Estado: VIGENTE\n\t\t\t\t\t\n<\/div><\/li><li><a href=\"https:\/\/www.hcdelcalafate.gob.ar\/portal\/ordenanza-n-010-88\/\">Ordenanza N\u00b0 010\/88<\/a><div class=\"lcp_excerpt\">Referente a fijar Importes detallados en Anexos.\n\t\t\t\n\t\t\t\t\t\tVER DOCUMENTO COMPLETO \/\/ Estado: VIGENTE\n\t\t\t\t\t\n<\/div><\/li><li><a href=\"https:\/\/www.hcdelcalafate.gob.ar\/portal\/ordenanza-n-009-88\/\">Ordenanza N\u00b0 009\/88<\/a><div class=\"lcp_excerpt\">Referente a ratificar la adhesi\u00f3n del Municipio a la Ley de Moratoria N\u00b0 1.943 para el pago de deudas.\n\t\t\t\n\t\t\t\t\t\tVER DOCUMENTO COMPLETO \/\/ Estado: VIGENTE\n\t\t\t\t\t\n<\/div><\/li><li><a href=\"https:\/\/www.hcdelcalafate.gob.ar\/portal\/ordenanza-n-008-88\/\">Ordenanza N\u00b0 008\/88<\/a><div class=\"lcp_excerpt\">Referente a fijar Importes detallados en Anexos.\n\t\t\t\n\t\t\t\t\t\tVER DOCUMENTO COMPLETO \/\/ Estado: VIGENTE\n\t\t\t\t\t\n<\/div><\/li><li><a href=\"https:\/\/www.hcdelcalafate.gob.ar\/portal\/ordenanza-n-007-88\/\">Ordenanza N\u00b0 007\/88<\/a><div class=\"lcp_excerpt\">Referente a rechazar Veto al Decreto N\u00b0 035\/88.\n\t\t\t\n\t\t\t\t\t\tVER DOCUMENTO COMPLETO \/\/ Estado: VIGENTE\n\t\t\t\t\t\n<\/div><\/li><li><a href=\"https:\/\/www.hcdelcalafate.gob.ar\/portal\/ordenanza-n-006-88\/\">Ordenanza N\u00b0 006\/88<\/a><div class=\"lcp_excerpt\">Referente a rechazar Veto al Decreto N\u00b0 036\/88.\n\t\t\t\n\t\t\t\t\t\tVER DOCUMENTO COMPLETO \/\/ Estado: VIGENTE\n\t\t\t\t\t\n<\/div><\/li><li><a href=\"https:\/\/www.hcdelcalafate.gob.ar\/portal\/ordenanza-n-005-88\/\">Ordenanza N\u00b0 005\/88<\/a><div class=\"lcp_excerpt\">Referente a derogar Art. 36\u00b0 de la Ordenanza N\u00b0 015\/85.\n\t\t\t\n\t\t\t\t\t\tVER DOCUMENTO COMPLETO \/\/ Estado: VIGENTE\n\t\t\t\t\t\n<\/div><\/li><li><a href=\"https:\/\/www.hcdelcalafate.gob.ar\/portal\/ordenanza-n-004-88\/\">Ordenanza N\u00b0 004\/88<\/a><div class=\"lcp_excerpt\">Referente a derogar Inciso \"C\" del Art\u00edculo 7\u00b0 de la Ordenanza N\u00b0 021\/87.\nDEROGADA POR ORDENANZA N\u00b0 79\/92.\n\t\t\t\n\t\t\t\t\t\tVER DOCUMENTO COMPLETO \/\/ Estado: DEROGADA\n\t\t\t\t\t\n<\/div><\/li><li><a href=\"https:\/\/www.hcdelcalafate.gob.ar\/portal\/ordenanza-n-003-88\/\">Ordenanza N\u00b0 003\/88<\/a><div class=\"lcp_excerpt\">Referente al valor del vi\u00e1tico diario para el personal de la Administraci\u00f3n P\u00fablica Municipal.\n\t\t\t\n\t\t\t\t\t\tVER DOCUMENTO COMPLETO \/\/ Estado: VIGENTE\n\t\t\t\t\t\n<\/div><\/li><li><a href=\"https:\/\/www.hcdelcalafate.gob.ar\/portal\/ordenanza-n-002-88\/\">Ordenanza N\u00b0 002\/88<\/a><div class=\"lcp_excerpt\">Referente a efectuar Cobro del Impuesto Parque Automotor correspondiente al A\u00f1o 1988.\n\t\t\t\n\t\t\t\t\t\tVER DOCUMENTO COMPLETO \/\/ Estado: VIGENTE\n\t\t\t\t\t\n<\/div><\/li><li><a href=\"https:\/\/www.hcdelcalafate.gob.ar\/portal\/ordenanza-n-001-88\/\">Ordenanza N\u00b0 001\/88<\/a><div class=\"lcp_excerpt\">Referente a derogar Ordenanza N\u00b0 046\/HCD\/86.\nDEROGADA POR ORDENANZA N\u00b0 41\/89.\n\t\t\t\n\t\t\t\t\t\tVER DOCUMENTO COMPLETO \/\/ Estado: DEROGADA\n\t\t\t\t\t\n<\/div><\/li><\/ul>\n\n\n\n<hr class=\"wp-block-separator has-alpha-channel-opacity\"\/>\n\n\n\n<p class=\"has-text-align-center\"><em>Nota importante: Las Ordenanzas ser\u00e1n publicadas una vez promulgadas, <\/em><br><em>seg\u00fan se establece en el Art. N\u00b0 61 Inc. \u201ca\u201d de la Ley Provincial N\u00b0 55.<\/em><br><br><em>Puede ser que el estado del documento visitado no est\u00e9 actualizado, consulte el <\/em><br><em>Digesto Oficial en nuestras oficinas administrativas.<\/em> <\/p>\n","protected":false},"excerpt":{"rendered":"<p>Nota importante: Las Ordenanzas ser\u00e1n publicadas una vez promulgadas, seg\u00fan se establece en el Art. N\u00b0 61 Inc. \u201ca\u201d de la Ley Provincial N\u00b0 55. Puede ser que el estado&hellip; <\/p>\n","protected":false},"author":1,"featured_media":0,"parent":0,"menu_order":0,"comment_status":"closed","ping_status":"closed","template":"","meta":{"footnotes":""},"class_list":["post-1900","page","type-page","status-publish","hentry"],"_links":{"self":[{"href":"https:\/\/www.hcdelcalafate.gob.ar\/portal\/wp-json\/wp\/v2\/pages\/1900","targetHints":{"allow":["GET"]}}],"collection":[{"href":"https:\/\/www.hcdelcalafate.gob.ar\/portal\/wp-json\/wp\/v2\/pages"}],"about":[{"href":"https:\/\/www.hcdelcalafate.gob.ar\/portal\/wp-json\/wp\/v2\/types\/page"}],"author":[{"embeddable":true,"href":"https:\/\/www.hcdelcalafate.gob.ar\/portal\/wp-json\/wp\/v2\/users\/1"}],"replies":[{"embeddable":true,"href":"https:\/\/www.hcdelcalafate.gob.ar\/portal\/wp-json\/wp\/v2\/comments?post=1900"}],"version-history":[{"count":23,"href":"https:\/\/www.hcdelcalafate.gob.ar\/portal\/wp-json\/wp\/v2\/pages\/1900\/revisions"}],"predecessor-version":[{"id":26822,"href":"https:\/\/www.hcdelcalafate.gob.ar\/portal\/wp-json\/wp\/v2\/pages\/1900\/revisions\/26822"}],"wp:attachment":[{"href":"https:\/\/www.hcdelcalafate.gob.ar\/portal\/wp-json\/wp\/v2\/media?parent=1900"}],"curies":[{"name":"wp","href":"https:\/\/api.w.org\/{rel}","templated":true}]}}