{"id":1897,"date":"1989-01-01T00:39:24","date_gmt":"1989-01-01T02:39:24","guid":{"rendered":"http:\/\/www.hcdelcalafate.gob.ar\/portal\/?page_id=1897"},"modified":"2026-02-24T10:19:46","modified_gmt":"2026-02-24T13:19:46","slug":"ordenanzas-1989","status":"publish","type":"page","link":"https:\/\/www.hcdelcalafate.gob.ar\/portal\/ordenanzas-1989\/","title":{"rendered":"Ordenanzas 1989"},"content":{"rendered":"\n<ul class=\"lcp_catlist\" id=\"lcp_instance_0\"><li><a href=\"https:\/\/www.hcdelcalafate.gob.ar\/portal\/ordenanza-n-050-89\/\">Ordenanza N\u00b0 050\/89<\/a><div class=\"lcp_excerpt\">Referente a pr\u00f3rroga para la ampliaci\u00f3n del Presupuesto a\u00f1o 1989.\n\t\t\t\n\t\t\t\t\t\tVER DOCUMENTO COMPLETO \/\/ Estado: VIGENTE\n\t\t\t\t\t\n<\/div><\/li><li><a href=\"https:\/\/www.hcdelcalafate.gob.ar\/portal\/ordenanza-n-049-89\/\">Ordenanza N\u00b0 049\/89<\/a><div class=\"lcp_excerpt\">Referente al presupuesto del Ejercicio a\u00f1o 1989.\n\t\t\t\n\t\t\t\t\t\tVER DOCUMENTO COMPLETO \/\/ Estado: VIGENTE\n\t\t\t\t\t\n<\/div><\/li><li><a href=\"https:\/\/www.hcdelcalafate.gob.ar\/portal\/ordenanza-n-048-89\/\">Ordenanza N\u00b0 048\/89<\/a><div class=\"lcp_excerpt\">Referente a Incremento del 4% (aprox.) en Escala salarial\n\t\t\t\n\t\t\t\t\t\tVER DOCUMENTO COMPLETO \/\/ Estado: VIGENTE\n\t\t\t\t\t\n<\/div><\/li><li><a href=\"https:\/\/www.hcdelcalafate.gob.ar\/portal\/ordenanza-n-047-89\/\">Ordenanza N\u00b0 047\/89<\/a><div class=\"lcp_excerpt\">Referente a adhesi\u00f3n la Municipalidad de El Calafate, el Decreto N\u00b0 1528 (deducci\u00f3n de haberes).\n\t\t\t\n\t\t\t\t\t\tVER DOCUMENTO COMPLETO \/\/ Estado: VIGENTE\n\t\t\t\t\t\n<\/div><\/li><li><a href=\"https:\/\/www.hcdelcalafate.gob.ar\/portal\/ordenanza-n-046-89\/\">Ordenanza N\u00b0 046\/89<\/a><div class=\"lcp_excerpt\">Referente a Decreto N\u00b0 1505 (Escala salarial)\n\t\t\t\n\t\t\t\t\t\tVER DOCUMENTO COMPLETO \/\/ Estado: VIGENTE\n\t\t\t\t\t\n<\/div><\/li><li><a href=\"https:\/\/www.hcdelcalafate.gob.ar\/portal\/ordenanza-n-045-89\/\">Ordenanza N\u00b0 045\/89<\/a><div class=\"lcp_excerpt\">Referente a otorgar permiso de venta de productos caseros de forma manual.\nMODIFICADA POR ORDENANZA N\u00b0 203\/94.\n\t\t\t\n\t\t\t\t\t\tVER DOCUMENTO COMPLETO \/\/ Estado: MODIFICADA\n\t\t\t\t\t\n<\/div><\/li><li><a href=\"https:\/\/www.hcdelcalafate.gob.ar\/portal\/ordenanza-n-044-89\/\">Ordenanza N\u00b0 044\/89<\/a><div class=\"lcp_excerpt\">SIN DOCUMENTACION\n\t\t\t\n\t\t\t\t\t\tVER DOCUMENTO COMPLETO \/\/ Estado: -----------\n\t\t\t\t\t\n<\/div><\/li><li><a href=\"https:\/\/www.hcdelcalafate.gob.ar\/portal\/ordenanza-n-043-89\/\">Ordenanza N\u00b0 043\/89<\/a><div class=\"lcp_excerpt\">Referente a Ejecutivo Municipal adquirir\u00e1 100 Poster del Glaciar Perito Moreno y 100 Poster del Cerro Fitz Roy para distribuirse en lugares puntuales de Argentina.\n\t\t\t\n\t\t\t\t\t\tVER DOCUMENTO COMPLETO \/\/ Estado: VIGENTE\n\t\t\t\t\t\n<\/div><\/li><li><a href=\"https:\/\/www.hcdelcalafate.gob.ar\/portal\/ordenanza-n-042-89\/\">Ordenanza N\u00b0 042\/89<\/a><div class=\"lcp_excerpt\">Referente a otorgar permiso de venta de productos caseros de forma manual.\n\t\t\t\n\t\t\t\t\t\tVER DOCUMENTO COMPLETO \/\/ Estado: VIGENTE\n\t\t\t\t\t\n<\/div><\/li><li><a href=\"https:\/\/www.hcdelcalafate.gob.ar\/portal\/ordenanza-n-041-89\/\">Ordenanza N\u00b0 041\/89<\/a><div class=\"lcp_excerpt\">Referente a derogar la Ordenanza N\u00b0 001\/HCD\/88. (Autorizaci\u00f3n a la Municipalidad de El Calafate a realizar cobros correspondientes a veh\u00edculos en el Camping Municipal).\n\t\t\t\n\t\t\t\t\t\tVER DOCUMENTO COMPLETO \/\/ Estado: VIGENTE\n\t\t\t\t\t\n<\/div><\/li><li><a href=\"https:\/\/www.hcdelcalafate.gob.ar\/portal\/ordenanza-n-040-89\/\">Ordenanza N\u00b0 040\/89<\/a><div class=\"lcp_excerpt\">Referente a fijar la suma de Australes 63.000,00 a todo el personal dependiente de la Municipalidad de El Calafate.\n\t\t\t\n\t\t\t\t\t\tVER DOCUMENTO COMPLETO \/\/ Estado: VIGENTE\n\t\t\t\t\t\n<\/div><\/li><li><a href=\"https:\/\/www.hcdelcalafate.gob.ar\/portal\/ordenanza-n-039-89\/\">Ordenanza N\u00b0 039\/89<\/a><div class=\"lcp_excerpt\">Referente a abonar anualmente por tasa la habilitaci\u00f3n de transportista.\nDEROGADA POR ORDENANZA N\u00b0 011\/90.\n\t\t\t\n\t\t\t\t\t\tVER DOCUMENTO COMPLETO \/\/ Estado: DEROGADA\n\t\t\t\t\t\n<\/div><\/li><li><a href=\"https:\/\/www.hcdelcalafate.gob.ar\/portal\/ordenanza-n-038-89\/\">Ordenanza N\u00b0 038\/89<\/a><div class=\"lcp_excerpt\">Referente a incorporar a la Ordenanza N\u00b0 021\/87.\u00a0 (Transporte P\u00fablico de Pasajeros los montos por infracciones).\n\t\t\t\n\t\t\t\t\t\tVER DOCUMENTO COMPLETO \/\/ Estado: VIGENTE\n\t\t\t\t\t\n<\/div><\/li><li><a href=\"https:\/\/www.hcdelcalafate.gob.ar\/portal\/ordenanza-n-037-89\/\">Ordenanza N\u00b0 037\/89<\/a><div class=\"lcp_excerpt\">Referente a aprobar el convenio entre la Municipalidad de El Calafate y Gas del Estado.\n\t\t\t\n\t\t\t\t\t\tVER DOCUMENTO COMPLETO \/\/ Estado: VIGENTE\n\t\t\t\t\t\n<\/div><\/li><li><a href=\"https:\/\/www.hcdelcalafate.gob.ar\/portal\/ordenanza-n-036-89\/\">Ordenanza N\u00b0 036\/89<\/a><div class=\"lcp_excerpt\">Referente a derogar el Art. 27\u00b0 de Ordenanza N\u00b0 022\/88 y art. 14\u00b0 de Ordenanza N\u00b0 032\/88 (Derechos y Servicios de Cementerio).\nMODIFICA ORDENANZA N\u00b0 022\/88.\nMODIFICA ORDENANZA N\u00b0 032\/88.\n\t\t\t\n\t\t\t\t\t\tVER DOCUMENTO COMPLETO \/\/ Estado: VIGENTE\n\t\t\t\t\t\n<\/div><\/li><li><a href=\"https:\/\/www.hcdelcalafate.gob.ar\/portal\/ordenanza-n-035-89\/\">Ordenanza N\u00b0 035\/89<\/a><div class=\"lcp_excerpt\">Referente a fijar nuevos montos para liquidar los salarios familiares con los haberes del mes de Septiembre\/89.\n\t\t\t\n\t\t\t\t\t\tVER DOCUMENTO COMPLETO \/\/ Estado: VIGENTE\n\t\t\t\t\t\n<\/div><\/li><li><a href=\"https:\/\/www.hcdelcalafate.gob.ar\/portal\/ordenanza-n-034-89\/\">Ordenanza N\u00b0 034\/89<\/a><div class=\"lcp_excerpt\">Referente a otorgar la suma de Australes 100.000,00 para colaborar con el viaje de egresados del Colegio Provincial N\u00b0 9 y la Escuela Primaria Provincial N\u00b0 9.\n\t\t\t\n\t\t\t\t\t\tVER DOCUMENTO COMPLETO \/\/ Estado: VIGENTE\n\t\t\t\t\t\n<\/div><\/li><li><a href=\"https:\/\/www.hcdelcalafate.gob.ar\/portal\/ordenanza-n-033-89\/\">Ordenanza N\u00b0 033\/89<\/a><div class=\"lcp_excerpt\">Referente a modificacion de Art\u00edculos de la Ordenanza N\u00b0 023\/89 mediante Decreto N\u00b0 381\/89.\nDEROGADA POR ORDENANZA N\u00b0 023\/90.\n\t\t\t\n\t\t\t\t\t\tVER DOCUMENTO COMPLETO \/\/ Estado: DEROGADA\n\t\t\t\t\t\n<\/div><\/li><li><a href=\"https:\/\/www.hcdelcalafate.gob.ar\/portal\/ordenanza-n-032-89\/\">Ordenanza N\u00b0 032\/89<\/a><div class=\"lcp_excerpt\">Referente a incremento en la escala salarial.\n\t\t\t\n\t\t\t\t\t\tVER DOCUMENTO COMPLETO \/\/ Estado: VIGENTE\n\t\t\t\t\t\n<\/div><\/li><li><a href=\"https:\/\/www.hcdelcalafate.gob.ar\/portal\/ordenanza-n-031-89\/\">Ordenanza N\u00b0 031\/89<\/a><div class=\"lcp_excerpt\">Referente a la suma de Australes 8.000,00 que ser\u00e1 abonada con los haberes del mes de Agosto\/89.\n\t\t\t\n\t\t\t\t\t\tVER DOCUMENTO COMPLETO \/\/ Estado: VIGENTE\n\t\t\t\t\t\n<\/div><\/li><li><a href=\"https:\/\/www.hcdelcalafate.gob.ar\/portal\/ordenanza-n-030-89\/\">Ordenanza N\u00b0 030\/89<\/a><div class=\"lcp_excerpt\">Referente al Incremento del 50% en la Liquidaci\u00f3n del Sueldo Anual Complementario (SAC) 1\u00b0 semestre a\u00f1o 1989.\n\t\t\t\n\t\t\t\t\t\tVER DOCUMENTO COMPLETO \/\/ Estado: VIGENTE\n\t\t\t\t\t\n<\/div><\/li><li><a href=\"https:\/\/www.hcdelcalafate.gob.ar\/portal\/ordenanza-n-029-89\/\">Ordenanza N\u00b0 029\/89<\/a><div class=\"lcp_excerpt\">Referente a crear el Consejo de Emergencia de El Calafate (Decreto Nacional N\u00b0 400, Art. N\u00b0 3).\nDEROGA la Ordenanza N\u00b0 012\/89.\nMODIFICADA POR ORDENANZA N\u00b0 10\/90.\n\t\t\t\n\t\t\t\t\t\tVER DOCUMENTO COMPLETO \/\/ Estado: MODIFICADA\n\t\t\t\t\t\n<\/div><\/li><li><a href=\"https:\/\/www.hcdelcalafate.gob.ar\/portal\/ordenanza-n-028-89\/\">Ordenanza N\u00b0 028\/89<\/a><div class=\"lcp_excerpt\">Referente a autorizaci\u00f3n para eximir del Pago de los Servicios Retribuidos al Club Social y Deportivo Lago Argentino.\n\t\t\t\n\t\t\t\t\t\tVER DOCUMENTO COMPLETO \/\/ Estado: VIGENTE\n\t\t\t\t\t\n<\/div><\/li><li><a href=\"https:\/\/www.hcdelcalafate.gob.ar\/portal\/ordenanza-n-027-89\/\">Ordenanza N\u00b0 027\/89<\/a><div class=\"lcp_excerpt\">SIN DOCUMENTACION\n\t\t\t\n\t\t\t\t\t\tVER DOCUMENTO COMPLETO \/\/ Estado: ---------\n\t\t\t\t\t\n<\/div><\/li><li><a href=\"https:\/\/www.hcdelcalafate.gob.ar\/portal\/ordenanza-n-026-89\/\">Ordenanza N\u00b0 026\/89<\/a><div class=\"lcp_excerpt\">Referente a fijar para las tarifas de las Ordenanzas 015\/85, 018\/85, 065\/85, 005\/86, 027\/86, 030\/86, 014\/87, 018\/88, la modalidad establecida en el Art. 1\u00b0 de la Ordenanza N\u00b0 038\/88.\n\t\t\t\n\t\t\t\t\t\tVER DOCUMENTO COMPLETO \/\/ Estado: VIGENTE\n\t\t\t\t\t\n<\/div><\/li><li><a href=\"https:\/\/www.hcdelcalafate.gob.ar\/portal\/ordenanza-n-025-89\/\">Ordenanza N\u00b0 025\/89<\/a><div class=\"lcp_excerpt\">Referente a modificar el Art. 1\u00b0 de Ordenanza N\u00b0 038\/89.\n\t\t\t\n\t\t\t\t\t\tVER DOCUMENTO COMPLETO \/\/ Estado: VIGENTE\n\t\t\t\t\t\n<\/div><\/li><li><a href=\"https:\/\/www.hcdelcalafate.gob.ar\/portal\/ordenanza-n-024-89\/\">Ordenanza N\u00b0 024\/89<\/a><div class=\"lcp_excerpt\">Referente a modificar el Art. 2\u00b0 de Ordenanza N\u00b0 010\/89.\n\t\t\t\n\t\t\t\t\t\tVER DOCUMENTO COMPLETO \/\/ Estado: VIGENTE\n\t\t\t\t\t\n<\/div><\/li><li><a href=\"https:\/\/www.hcdelcalafate.gob.ar\/portal\/ordenanza-n-023-89\/\">Ordenanza N\u00b0 023\/89<\/a><div class=\"lcp_excerpt\">Referente a fijar importes detallados en Anexos -\u00a0BIS\n\t\t\t\n\t\t\t\t\t\tVER DOCUMENTO COMPLETO \/\/ Estado: VIGENTE\n\t\t\t\t\t\n<\/div><\/li><li><a href=\"https:\/\/www.hcdelcalafate.gob.ar\/portal\/ordenanza-n-022-89\/\">Ordenanza N\u00b0 022\/89<\/a><div class=\"lcp_excerpt\">Referente a fijar importes detallados en Anexos.\n\t\t\t\n\t\t\t\t\t\tVER DOCUMENTO COMPLETO \/\/ Estado: VIGENTE\n\t\t\t\t\t\n<\/div><\/li><li><a href=\"https:\/\/www.hcdelcalafate.gob.ar\/portal\/ordenanza-n-021-89\/\">Ordenanza N\u00b0 021\/89<\/a><div class=\"lcp_excerpt\">Referente a fijar importes detallados en Anexos.\n\t\t\t\n\t\t\t\t\t\tVER DOCUMENTO COMPLETO \/\/ Estado: VIGENTE\n\t\t\t\t\t\n<\/div><\/li><li><a href=\"https:\/\/www.hcdelcalafate.gob.ar\/portal\/ordenanza-n-020-89\/\">Ordenanza N\u00b0 020\/89<\/a><div class=\"lcp_excerpt\">Referente a fijar importes detallados en Anexos.\n\t\t\t\n\t\t\t\t\t\tVER DOCUMENTO COMPLETO \/\/ Estado: VIGENTE\n\t\t\t\t\t\n<\/div><\/li><li><a href=\"https:\/\/www.hcdelcalafate.gob.ar\/portal\/ordenanza-n-019-89\/\">Ordenanza N\u00b0 019\/89<\/a><div class=\"lcp_excerpt\">Referente a fijar importes detallados en Anexos.\nMODIFICADA POR ORDENANZA N\u00b0 019\/88.\n\t\t\t\n\t\t\t\t\t\tVER DOCUMENTO COMPLETO \/\/ Estado: MODIFICADA\n\t\t\t\t\t\n<\/div><\/li><li><a href=\"https:\/\/www.hcdelcalafate.gob.ar\/portal\/ordenanza-n-018-89\/\">Ordenanza N\u00b0 018\/89<\/a><div class=\"lcp_excerpt\">Referente a fijar para el personal de la Administraci\u00f3n P\u00fablica Provincial el pago del 33% del subtotal del sueldo de Abril\/89 - Ley N\u00b0 591.\n\t\t\t\n\t\t\t\t\t\tVER DOCUMENTO COMPLETO \/\/ Estado: VIGENTE\n\t\t\t\t\t\n<\/div><\/li><li><a href=\"https:\/\/www.hcdelcalafate.gob.ar\/portal\/ordenanza-n-017-89\/\">Ordenanza N\u00b0 017\/89<\/a><div class=\"lcp_excerpt\">Referente al pago a proveedores que tuvieran deudas a cobrar con la Municipalidad (Ley Provincial N\u00b0 2077\/89 y sus Art. 22\u00b0 y 23\u00b0).\n\t\t\t\n\t\t\t\t\t\tVER DOCUMENTO COMPLETO \/\/ Estado: VIGENTE\n\t\t\t\t\t\n<\/div><\/li><li><a href=\"https:\/\/www.hcdelcalafate.gob.ar\/portal\/ordenanza-n-016-89\/\">Ordenanza N\u00b0 016\/89<\/a><div class=\"lcp_excerpt\">SIN DOCUMENTACION.\n\t\t\t\n\t\t\t\t\t\tVER DOCUMENTO COMPLETO \/\/ Estado: ----------\n\t\t\t\t\t\n<\/div><\/li><li><a href=\"https:\/\/www.hcdelcalafate.gob.ar\/portal\/ordenanza-n-015-89\/\">Ordenanza N\u00b0 015\/89<\/a><div class=\"lcp_excerpt\">Referente a la NO aprobaci\u00f3n del Proyecto de Ordenanza referente al descongelamiento de vi\u00e1ticos hasta finalizaci\u00f3n del estado de Emergencia Provincial.\n\t\t\t\n\t\t\t\t\t\tVER DOCUMENTO COMPLETO \/\/ Estado: VIGENTE\n\t\t\t\t\t\n<\/div><\/li><li><a href=\"https:\/\/www.hcdelcalafate.gob.ar\/portal\/ordenanza-n-014-89\/\">Ordenanza N\u00b0 014\/89<\/a><div class=\"lcp_excerpt\">Referente al pago de la segunda cuota del Impuesto a los Servicios Retribuidos (Tasa de alumbrado, barrido y limpieza) - Ordenanza N\u00b0 065\/88 y modificaci\u00f3n de la Ordenanza N\u00b0 002\/89.\n\t\t\t\n\t\t\t\t\t\tVER DOCUMENTO COMPLETO \/\/ Estado: VIGENTE\n\t\t\t\t\t\n<\/div><\/li><li><a href=\"https:\/\/www.hcdelcalafate.gob.ar\/portal\/ordenanza-n-013-89\/\">Ordenanza N\u00b0 013\/89<\/a><div class=\"lcp_excerpt\">Referente a aprobar el Organigrama de la Direcci\u00f3n de Cultura Municipal con el reacomodamiento del personal existente en planta. 27 Agentes.\nDEROGADA POR ORDENANZA N\u00b0 005\/91.\n\t\t\t\n\t\t\t\t\t\tVER DOCUMENTO COMPLETO \/\/ Estado: DEROGADA\n\t\t\t\t\t\n<\/div><\/li><li><a href=\"https:\/\/www.hcdelcalafate.gob.ar\/portal\/ordenanza-n-012-89\/\">Ordenanza N\u00b0 012\/89<\/a><div class=\"lcp_excerpt\">Referente a apoyar el Acta N\u00b0 01\/89 - Creaci\u00f3n del Concejo Econ\u00f3mico de Emergencia.\nDEROGADA POR ORDENANZA N\u00b0 029\/89.\n\t\t\t\n\t\t\t\t\t\tVER DOCUMENTO COMPLETO \/\/ Estado: DEROGADA\n\t\t\t\t\t\n<\/div><\/li><li><a href=\"https:\/\/www.hcdelcalafate.gob.ar\/portal\/ordenanza-n-011-89\/\">Ordenanza N\u00b0 011\/89<\/a><div class=\"lcp_excerpt\">Referente a la suma de Australes 114.672.896,00 de acuerdo a las planillas Anexas (Presupuesto General de Gastos - Ejercicio 1989).\n\t\t\t\n\t\t\t\t\t\tVER DOCUMENTO COMPLETO \/\/ Estado: VIGENTE\n\t\t\t\t\t\n<\/div><\/li><li><a href=\"https:\/\/www.hcdelcalafate.gob.ar\/portal\/ordenanza-n-010-89\/\">Ordenanza N\u00b0 010\/89<\/a><div class=\"lcp_excerpt\">Referente a Cobro del Impuesto Parque Automotor correspondiente al A\u00f1o 1989.\nMODIFICADA POR ORDENANZA N\u00b0 065\/88.\n\t\t\t\n\t\t\t\t\t\tVER DOCUMENTO COMPLETO \/\/ Estado: MODIFICADA\n\t\t\t\t\t\n<\/div><\/li><li><a href=\"https:\/\/www.hcdelcalafate.gob.ar\/portal\/ordenanza-n-009-89\/\">Ordenanza N\u00b0 009\/89<\/a><div class=\"lcp_excerpt\">Referente a modificaci\u00f3n del Art\u00edculo 4\u00b0 de la Ordenanza Municipal N\u00b0 019\/88.\n\t\t\t\n\t\t\t\t\t\tVER DOCUMENTO COMPLETO \/\/ Estado: VIGENTE\n\t\t\t\t\t\n<\/div><\/li><li><a href=\"https:\/\/www.hcdelcalafate.gob.ar\/portal\/ordenanza-n-008-89\/\">Ordenanza N\u00b0 008\/89<\/a><div class=\"lcp_excerpt\">Referente a Beca Municipal a las siguientes personas: Borquez, Rita Ethel; Palma, Paola Andrea; P\u00e1ez, Sandra Sof\u00eda; y Gomez, Alejandra Gabriela.\n\t\t\t\n\t\t\t\t\t\tVER DOCUMENTO COMPLETO \/\/ Estado: VIGENTE\n\t\t\t\t\t\n<\/div><\/li><li><a href=\"https:\/\/www.hcdelcalafate.gob.ar\/portal\/ordenanza-n-007-89\/\">Ordenanza N\u00b0 007\/89<\/a><div class=\"lcp_excerpt\">Referente a restituci\u00f3n de la Fracci\u00f3n \"B\" de la Manzana N\u00b0 59 de El Calafate.\nDEROGADA POR ORDENANZA N\u00b0 011\/91.\n\t\t\t\n\t\t\t\t\t\tVER DOCUMENTO COMPLETO \/\/ Estado: DEROGADA\n\t\t\t\t\t\n<\/div><\/li><li><a href=\"https:\/\/www.hcdelcalafate.gob.ar\/portal\/ordenanza-n-006-89\/\">Ordenanza N\u00b0 006\/89<\/a><div class=\"lcp_excerpt\">Referente a Resoluci\u00f3n N\u00b0 024\/HCD\/88 - Creaci\u00f3n de Comisi\u00f3n Municipal de Trabajo de Planeamiento Urbano.\nDEROGADA POR ORDENANZA N\u00b0 28\/92.\n\t\t\t\n\t\t\t\t\t\tVER DOCUMENTO COMPLETO \/\/ Estado: DEROGADA\n\t\t\t\t\t\n<\/div><\/li><li><a href=\"https:\/\/www.hcdelcalafate.gob.ar\/portal\/ordenanza-n-005-89\/\">Ordenanza N\u00b0 005\/89<\/a><div class=\"lcp_excerpt\">Referente a donaci\u00f3n de 3 libros del Comit\u00e9 Provincia U.C.R. Distrito Santa Cruz con destino a la Biblioteca P\u00fablica Municipal \"Mar\u00eda Avelleira de Villalustre\".\n\t\t\t\n\t\t\t\t\t\tVER DOCUMENTO COMPLETO \/\/ Estado: VIGENTE\n\t\t\t\t\t\n<\/div><\/li><li><a href=\"https:\/\/www.hcdelcalafate.gob.ar\/portal\/ordenanza-n-004-89\/\">Ordenanza N\u00b0 004\/89<\/a><div class=\"lcp_excerpt\">Referente a que la Municipalidad de El Calafate pondr\u00e1 una l\u00ednea de iluminaci\u00f3n en la \"Laguna Nimez\".\n\t\t\t\n\t\t\t\t\t\tVER DOCUMENTO COMPLETO \/\/ Estado: VIGENTE\n\t\t\t\t\t\n<\/div><\/li><li><a href=\"https:\/\/www.hcdelcalafate.gob.ar\/portal\/ordenanza-n-003-89\/\">Ordenanza N\u00b0 003\/89<\/a><div class=\"lcp_excerpt\">Referente a imponer el nombre de \"Vicente Le\u00f3nides Sadi\" al pasaje identificado como calle 7.\n MODIFICADA POR ORDENANZA N\u00b0 323\/96.\n\t\t\t\n\t\t\t\t\t\tVER DOCUMENTO COMPLETO \/\/ Estado: MODIFICADA\n\t\t\t\t\t\n<\/div><\/li><li><a href=\"https:\/\/www.hcdelcalafate.gob.ar\/portal\/ordenanza-n-002-89\/\">Ordenanza N\u00b0 002\/89<\/a><div class=\"lcp_excerpt\">Referente a Pr\u00f3rroga del vencimiento de la segunda y tercer cuota de la tasa de alumbramiento, barrido y limpieza.\nMODIFICADA POR ORDENANZA N\u00b0 014\/89.\n\t\t\t\n\t\t\t\t\t\tVER DOCUMENTO COMPLETO \/\/ Estado: MODIFICADA\n\t\t\t\t\t\n<\/div><\/li><li><a href=\"https:\/\/www.hcdelcalafate.gob.ar\/portal\/ordenanza-n-001-89\/\">Ordenanza N\u00b0 001\/89<\/a><div class=\"lcp_excerpt\">Referente a conservar y preservar como espacio verde natural la QUINTA N\u00famero SIETE, en su totalidad.\nDEROGADA POR ORDENANZA N\u00b0 382\/96.\n\t\t\t\n\t\t\t\t\t\tVER DOCUMENTO COMPLETO \/\/ Estado: DEROGADA\n\t\t\t\t\t\n<\/div><\/li><\/ul>\n\n\n\n<hr class=\"wp-block-separator has-alpha-channel-opacity\"\/>\n\n\n\n<p class=\"has-text-align-center\"><em>Nota importante: Las Ordenanzas ser\u00e1n publicadas una vez promulgadas, <\/em><br><em>seg\u00fan se establece en el Art. N\u00b0 61 Inc. \u201ca\u201d de la Ley Provincial N\u00b0 55.<\/em><br><br><em>Puede ser que el estado del documento visitado no est\u00e9 actualizado, consulte el <\/em><br><em>Digesto Oficial en nuestras oficinas administrativas.<\/em> <\/p>\n","protected":false},"excerpt":{"rendered":"<p>Nota importante: Las Ordenanzas ser\u00e1n publicadas una vez promulgadas, seg\u00fan se establece en el Art. N\u00b0 61 Inc. \u201ca\u201d de la Ley Provincial N\u00b0 55. Puede ser que el estado&hellip; <\/p>\n","protected":false},"author":1,"featured_media":0,"parent":0,"menu_order":0,"comment_status":"closed","ping_status":"closed","template":"","meta":{"footnotes":""},"class_list":["post-1897","page","type-page","status-publish","hentry"],"_links":{"self":[{"href":"https:\/\/www.hcdelcalafate.gob.ar\/portal\/wp-json\/wp\/v2\/pages\/1897","targetHints":{"allow":["GET"]}}],"collection":[{"href":"https:\/\/www.hcdelcalafate.gob.ar\/portal\/wp-json\/wp\/v2\/pages"}],"about":[{"href":"https:\/\/www.hcdelcalafate.gob.ar\/portal\/wp-json\/wp\/v2\/types\/page"}],"author":[{"embeddable":true,"href":"https:\/\/www.hcdelcalafate.gob.ar\/portal\/wp-json\/wp\/v2\/users\/1"}],"replies":[{"embeddable":true,"href":"https:\/\/www.hcdelcalafate.gob.ar\/portal\/wp-json\/wp\/v2\/comments?post=1897"}],"version-history":[{"count":23,"href":"https:\/\/www.hcdelcalafate.gob.ar\/portal\/wp-json\/wp\/v2\/pages\/1897\/revisions"}],"predecessor-version":[{"id":26821,"href":"https:\/\/www.hcdelcalafate.gob.ar\/portal\/wp-json\/wp\/v2\/pages\/1897\/revisions\/26821"}],"wp:attachment":[{"href":"https:\/\/www.hcdelcalafate.gob.ar\/portal\/wp-json\/wp\/v2\/media?parent=1897"}],"curies":[{"name":"wp","href":"https:\/\/api.w.org\/{rel}","templated":true}]}}