{"id":1894,"date":"1990-01-01T00:37:36","date_gmt":"1990-01-01T02:37:36","guid":{"rendered":"http:\/\/www.hcdelcalafate.gob.ar\/portal\/?page_id=1894"},"modified":"2026-02-24T10:19:41","modified_gmt":"2026-02-24T13:19:41","slug":"ordenanzas-1990","status":"publish","type":"page","link":"https:\/\/www.hcdelcalafate.gob.ar\/portal\/ordenanzas-1990\/","title":{"rendered":"Ordenanzas 1990"},"content":{"rendered":"\n<ul class=\"lcp_catlist\" id=\"lcp_instance_0\"><li><a href=\"https:\/\/www.hcdelcalafate.gob.ar\/portal\/ordenanza-n-065-90\/\">Ordenanza N\u00b0 065\/90<\/a><div class=\"lcp_excerpt\">Referente a modificar el Art\u00edculo 13\u00b0 de la Ordenanza N\u00b0 027\/88.\nDEROGADA POR ORDENANZA N\u00b0 017\/91.\n\t\t\t\n\t\t\t\t\t\tVER DOCUMENTO COMPLETO \/\/ Estado: DEROGADA\n\t\t\t\t\t\n<\/div><\/li><li><a href=\"https:\/\/www.hcdelcalafate.gob.ar\/portal\/ordenanza-n-064-90\/\">Ordenanza N\u00b0 064\/90<\/a><div class=\"lcp_excerpt\">Referente al Acta compromiso con el Gas del Estado para realizar un sistema de Agua Contra Incendio en la Planta de Almacenaje y Vaporizaci\u00f3n.\n\t\t\t\n\t\t\t\t\t\tVER DOCUMENTO COMPLETO \/\/ Estado: VIGENTE\n\t\t\t\t\t\n<\/div><\/li><li><a href=\"https:\/\/www.hcdelcalafate.gob.ar\/portal\/ordenanza-n-063-90\/\">Ordenanza N\u00b0 063\/90<\/a><div class=\"lcp_excerpt\">Referente a disposici\u00f3n habilitaciones comerciales.\nDEROGA ORDENANZA N\u00b0 24\/85.\nDEROGA ORDENANZA N\u00b0 16\/86.\nMODIFICADA POR ORDENANZA N\u00b0 122\/93.\n\t\t\t\n\t\t\t\t\t\tVER DOCUMENTO COMPLETO \/\/ Estado: MODIFICADA\n\t\t\t\t\t\n<\/div><\/li><li><a href=\"https:\/\/www.hcdelcalafate.gob.ar\/portal\/ordenanza-n-062-90\/\">Ordenanza N\u00b0 062\/90<\/a><div class=\"lcp_excerpt\">Referente a prorrogar Presupuesto del Ejercicio a\u00f1o 1990.\n\t\t\t\n\t\t\t\t\t\tVER DOCUMENTO COMPLETO \/\/ Estado: VIGENTE\n\t\t\t\t\t\n<\/div><\/li><li><a href=\"https:\/\/www.hcdelcalafate.gob.ar\/portal\/ordenanza-n-061-90\/\">Ordenanza N\u00b0 061\/90<\/a><div class=\"lcp_excerpt\">Referente a Autorizar a ampliar el Presupuesto correspondiente al Ejercicio 1990.\n\t\t\t\n\t\t\t\t\t\tVER DOCUMENTO COMPLETO \/\/ Estado: VIGENTE\n\t\t\t\t\t\n<\/div><\/li><li><a href=\"https:\/\/www.hcdelcalafate.gob.ar\/portal\/ordenanza-n-060-90\/\">Ordenanza N\u00b0 060\/90<\/a><div class=\"lcp_excerpt\">Referente a adhesi\u00f3n a los t\u00e9rminos del Decreto Provincial N\u00b0 1206 y modificatorio N\u00b0 1307.\n\t\t\t\n\t\t\t\t\t\tVER DOCUMENTO COMPLETO \/\/ Estado: VIGENTE\n\t\t\t\t\t\n<\/div><\/li><li><a href=\"https:\/\/www.hcdelcalafate.gob.ar\/portal\/ordenanza-n-059-90\/\">Ordenanza N\u00b0 059\/90<\/a><div class=\"lcp_excerpt\">Referente al C\u00f3digo \"Vi\u00e1ticos y movilidad\" la suma de Australes de los C\u00f3digos Pasajes; Estudios, Investigaciones y Asistencia T\u00e9cnica; y de Seguros y Comisiones para compensar la falta de fondos de dicho c\u00f3digo.\n\t\t\t\n\t\t\t\t\t\tVER DOCUMENTO COMPLETO \/\/ Estado: VIGENTE\n\t\t\t\t\t\n<\/div><\/li><li><a href=\"https:\/\/www.hcdelcalafate.gob.ar\/portal\/ordenanza-n-058-90\/\">Ordenanza N\u00b0 058\/90<\/a><div class=\"lcp_excerpt\">Referente a Convenio con la Direcci\u00f3n de Transporte el cual le delega.\n\t\t\t\n\t\t\t\t\t\tVER DOCUMENTO COMPLETO \/\/ Estado: VIGENTE\n\t\t\t\t\t\n<\/div><\/li><li><a href=\"https:\/\/www.hcdelcalafate.gob.ar\/portal\/ordenanza-n-057-90\/\">Ordenanza N\u00b0 057\/90<\/a><div class=\"lcp_excerpt\">Referente a la deuda salarial contra\u00edda por el Estado Provincial por servicios que le fueran prestados.\n\t\t\t\n\t\t\t\t\t\tVER DOCUMENTO COMPLETO \/\/ Estado: VIGENTE\n\t\t\t\t\t\n<\/div><\/li><li><a href=\"https:\/\/www.hcdelcalafate.gob.ar\/portal\/ordenanza-n-056-90-2\/\">Ordenanza N\u00b0 056\/90<\/a><div class=\"lcp_excerpt\">Referente a modificar Art\u00edculo 6\u00b0 inciso D, Cap\u00edtulo III y IV de la Ordenanza N\u00b0 017\/84.\n\t\t\t\n\t\t\t\t\t\tVER DOCUMENTO COMPLETO \/\/ Estado: VIGENTE\n\t\t\t\t\t\n<\/div><\/li><li><a href=\"https:\/\/www.hcdelcalafate.gob.ar\/portal\/ordenanza-n-055-90\/\">Ordenanza N\u00b0 055\/90<\/a><div class=\"lcp_excerpt\">Referente a fijar Importes detallados en Anexos para los sueldos del personal escalafonado.\n\t\t\t\n\t\t\t\t\t\tVER DOCUMENTO COMPLETO \/\/ Estado: VIGENTE\n\t\t\t\t\t\n<\/div><\/li><li><a href=\"https:\/\/www.hcdelcalafate.gob.ar\/portal\/ordenanza-n-054-90\/\">Ordenanza N\u00b0 054\/90<\/a><div class=\"lcp_excerpt\">Referente a fijar Importes detallados en Anexos para los sueldos del personal escalafonado.\n\t\t\t\n\t\t\t\t\t\tVER DOCUMENTO COMPLETO \/\/ Estado: VIGENTE\n\t\t\t\t\t\n<\/div><\/li><li><a href=\"https:\/\/www.hcdelcalafate.gob.ar\/portal\/ordenanza-n-053-90\/\">Ordenanza N\u00b0 053\/90<\/a><div class=\"lcp_excerpt\">Referente a modificar Art\u00edculo 15\u00b0 de la Ordenanza N\u00b0 040\/90.\n\t\t\t\n\t\t\t\t\t\tVER DOCUMENTO COMPLETO \/\/ Estado: VIGENTE\n\t\t\t\t\t\n<\/div><\/li><li><a href=\"https:\/\/www.hcdelcalafate.gob.ar\/portal\/ordenanza-n-052-90\/\">Ordenanza N\u00b0 052\/90<\/a><div class=\"lcp_excerpt\">Referente a modificar Art\u00edculos 1\u00b0, 2\u00b0 y 3\u00b0 de Ordenanza N\u00b0 084\/84.\nDEROGADA POR ORDENANZA N\u00b0 48\/91.\n\t\t\t\n\t\t\t\t\t\tVER DOCUMENTO COMPLETO \/\/ Estado: DEROGADA\n\t\t\t\t\t\n<\/div><\/li><li><a href=\"https:\/\/www.hcdelcalafate.gob.ar\/portal\/ordenanza-n-051-90\/\">Ordenanza N\u00b0 051\/90<\/a><div class=\"lcp_excerpt\">Referente a Tenencia y circulaci\u00f3n de canes (perros) en el Ejido Urbano.\nDEROGA ORDENANZA N\u00b0 67\/84.\nDEROGA ORDENANZA N\u00b0 27\/86.\nDEROGADA MEDIANTE Art N\u00b0 11 de la ORDENANZA N\u00b0 106\/93.\n\t\t\t\n\t\t\t\t\t\tVER DOCUMENTO COMPLETO \/\/ Estado: DEROGADA\n\t\t\t\t\t\n<\/div><\/li><li><a href=\"https:\/\/www.hcdelcalafate.gob.ar\/portal\/ordenanza-n-050-90\/\">Ordenanza N\u00b0 050\/90<\/a><div class=\"lcp_excerpt\">Referente a No exigir la Libreta Sanitaria a ning\u00fan empleado con tareas administrativas en comercios. Quedan exceptuados empleados que sean choferes.\n\t\t\t\n\t\t\t\t\t\tVER DOCUMENTO COMPLETO \/\/ Estado: VIGENTE\n\t\t\t\t\t\n<\/div><\/li><li><a href=\"https:\/\/www.hcdelcalafate.gob.ar\/portal\/ordenanza-n-049-90\/\">Ordenanza N\u00b0 049\/90<\/a><div class=\"lcp_excerpt\">Referente a prorrogar pago de la Tasa por Servicios Retribuidos - Vencimiento 14 de Septiembre de 1990, por 10 d\u00edas para contribuyentes que lo pagan al contado.\n\t\t\t\n\t\t\t\t\t\tVER DOCUMENTO COMPLETO \/\/ Estado: VIGENTE\n\t\t\t\t\t\n<\/div><\/li><li><a href=\"https:\/\/www.hcdelcalafate.gob.ar\/portal\/ordenanza-n-048-90\/\">Ordenanza N\u00b0 048\/90<\/a><div class=\"lcp_excerpt\">Referente a establecer Plan de pago para financiar las deudas Fiscales Municipales no prescriptas.\nDEROGA ORDENANZA N\u00b0 04\/87.\nDEROGA ORDENANZA N\u00b0 23\/87.\nDEROGA ORDENANZA N\u00b0 18\/90.\nDEROGADA POR ORDENANZA N\u00b0 08\/91.\n\t\t\t\n\t\t\t\t\t\tVER DOCUMENTO COMPLETO \/\/ Estado: DEROGADA\n\t\t\t\t\t\n<\/div><\/li><li><a href=\"https:\/\/www.hcdelcalafate.gob.ar\/portal\/ordenanza-n-047-90\/\">Ordenanza N\u00b0 047\/90<\/a><div class=\"lcp_excerpt\">Referente a fijar Importes Recursos Presupuesto a\u00f1o 1990.\n\t\t\t\n\t\t\t\t\t\tVER DOCUMENTO COMPLETO \/\/ Estado: VIGENTE\n\t\t\t\t\t\n<\/div><\/li><li><a href=\"https:\/\/www.hcdelcalafate.gob.ar\/portal\/ordenanza-n-046-90\/\">Ordenanza N\u00b0 046\/90<\/a><div class=\"lcp_excerpt\">Referente a habilitaci\u00f3n municipal de dep\u00f3sitos o lugar donde se acopien productos de caza menor.\n\t\t\t\n\t\t\t\t\t\tVER DOCUMENTO COMPLETO \/\/ Estado: VIGENTE\n\t\t\t\t\t\n<\/div><\/li><li><a href=\"https:\/\/www.hcdelcalafate.gob.ar\/portal\/ordenanza-n-045-90\/\">Ordenanza N\u00b0 045\/90<\/a><div class=\"lcp_excerpt\">Referente a modificar Art\u00edculo 51\u00b0 de la Ordenanza N\u00b0 024\/85. (habilitaciones comerciales)\n\t\t\t\n\t\t\t\t\t\tVER DOCUMENTO COMPLETO \/\/ Estado: VIGENTE\n\t\t\t\t\t\n<\/div><\/li><li><a href=\"https:\/\/www.hcdelcalafate.gob.ar\/portal\/ordenanza-n-044-90\/\">Ordenanza N\u00b0 044\/90<\/a><div class=\"lcp_excerpt\">Referente a fijar cuota de la Casa de la Cultura.\n\t\t\t\n\t\t\t\t\t\tVER DOCUMENTO COMPLETO \/\/ Estado: VIGENTE\n\t\t\t\t\t\n<\/div><\/li><li><a href=\"https:\/\/www.hcdelcalafate.gob.ar\/portal\/ordenanza-n-043-90\/\">Ordenanza N\u00b0 043\/90<\/a><div class=\"lcp_excerpt\">Referente a declarar de Inter\u00e9s Municipal la Obra finalizada de la Guarder\u00eda Municipal en el Barrio 67 Viviendas.\n\t\t\t\n\t\t\t\t\t\tVER DOCUMENTO COMPLETO \/\/ Estado: VIGENTE\n\t\t\t\t\t\n<\/div><\/li><li><a href=\"https:\/\/www.hcdelcalafate.gob.ar\/portal\/ordenanza-n-042-90\/\">Ordenanza N\u00b0 042\/90<\/a><div class=\"lcp_excerpt\">Referente a modificar cuota de la guarder\u00eda Municipal a Australes 75.000 por ni\u00f1o.\nDEROGADA MEDIANTE ORDENANZA N\u00b0 660\/01.\n\t\t\t\n\t\t\t\t\t\tVER DOCUMENTO COMPLETO \/\/ Estado: DEROGADA\n\t\t\t\t\t\n<\/div><\/li><li><a href=\"https:\/\/www.hcdelcalafate.gob.ar\/portal\/ordenanza-n-041-90\/\">Ordenanza N\u00b0 041\/90<\/a><div class=\"lcp_excerpt\">Referente a publicidad y otros elementos comerciales en el espacio p\u00fablico.\n\t\t\t\n\t\t\t\t\t\tVER DOCUMENTO COMPLETO \/\/ Estado: VIGENTE\n\t\t\t\t\t\n<\/div><\/li><li><a href=\"https:\/\/www.hcdelcalafate.gob.ar\/portal\/ordenanza-n-040-90\/\">Ordenanza N\u00b0 040\/90<\/a><div class=\"lcp_excerpt\">Referente a los impuestos, tasas, derechos, contribuciones, multas, recargos e intereses - A\u00f1o 1990.\nMODIFICADA POR ORDENANZA N\u00b0 53\/90.\nMODIFICADA POR ORDENANZA N\u00b0 01\/91.\nMODIFICADA POR ORDENANZA N\u00b0 064\/92.\nMODIFICADA POR ORDENANZA N\u00b0 122\/93.\nMODIFICADA POR ORDENANZA N\u00b0 139\/93.\nMODIFICADA POR ORDENANZA N\u00b0 181\/94.\nMODIFICADA POR ORDENANZA N\u00b0 204\/94.\n\t\t\t\n\t\t\t\t\t\tVER DOCUMENTO COMPLETO \/\/ Estado: MODIFICADA\n\t\t\t\t\t\n<\/div><\/li><li><a href=\"https:\/\/www.hcdelcalafate.gob.ar\/portal\/ordenanza-n-039-90\/\">Ordenanza N\u00b0 039\/90<\/a><div class=\"lcp_excerpt\">Sin documentaci\u00f3n disponible.\n\t\t\t\n\t\t\t\t\t\tVER DOCUMENTO COMPLETO \/\/ Estado: VIGENTE\n\t\t\t\t\t\n<\/div><\/li><li><a href=\"https:\/\/www.hcdelcalafate.gob.ar\/portal\/ordenanza-n-038-90\/\">Ordenanza N\u00b0 038\/90<\/a><div class=\"lcp_excerpt\">Referente a ceder una superficie aproximada de tierra de 16.361,60 metros al Instituto de Desarrollo Urbano y Vivienda, destinada a 46 unidades habitacionales.\n\t\t\t\n\t\t\t\t\t\tVER DOCUMENTO COMPLETO \/\/ Estado: VIGENTE\n\t\t\t\t\t\n<\/div><\/li><li><a href=\"https:\/\/www.hcdelcalafate.gob.ar\/portal\/ordenanza-n-037-90\/\">Ordenanza N\u00b0 037\/90<\/a><div class=\"lcp_excerpt\">Referente a adicional especial no remunerativo en concepto de calefacci\u00f3n.\n\t\t\t\n\t\t\t\t\t\tVER DOCUMENTO COMPLETO \/\/ Estado: VIGENTE\n\t\t\t\t\t\n<\/div><\/li><li><a href=\"https:\/\/www.hcdelcalafate.gob.ar\/portal\/ordenanza-n-036-90\/\">Ordenanza N\u00b0 036\/90<\/a><div class=\"lcp_excerpt\">Referente a nuevos montos para las asignaciones familiares.\n\t\t\t\n\t\t\t\t\t\tVER DOCUMENTO COMPLETO \/\/ Estado: VIGENTE\n\t\t\t\t\t\n<\/div><\/li><li><a href=\"https:\/\/www.hcdelcalafate.gob.ar\/portal\/ordenanza-n-035-90\/\">Ordenanza N\u00b0 035\/90<\/a><div class=\"lcp_excerpt\">Referente a fijar Diferencia de la nueva escala salarial.\n\t\t\t\n\t\t\t\t\t\tVER DOCUMENTO COMPLETO \/\/ Estado: VIGENTE\n\t\t\t\t\t\n<\/div><\/li><li><a href=\"https:\/\/www.hcdelcalafate.gob.ar\/portal\/ordenanza-n-034-90\/\">Ordenanza N\u00b0 034\/90<\/a><div class=\"lcp_excerpt\">Referente a otorgar superficie aproximada de tierra de 2,5 Ha. al Instituto de Desarrollo Urbano y Vivienda, destinada a 50 viviendas.\n\t\t\t\n\t\t\t\t\t\tVER DOCUMENTO COMPLETO \/\/ Estado: VIGENTE\n\t\t\t\t\t\n<\/div><\/li><li><a href=\"https:\/\/www.hcdelcalafate.gob.ar\/portal\/ordenanza-n-033-90\/\">Ordenanza N\u00b0 033\/90<\/a><div class=\"lcp_excerpt\">Referente a adherir la Municipalidad a los t\u00e9rminos de la Ley Provincial N\u00b0 2113.\n\t\t\t\n\t\t\t\t\t\tVER DOCUMENTO COMPLETO \/\/ Estado: VIGENTE\n\t\t\t\t\t\n<\/div><\/li><li><a href=\"https:\/\/www.hcdelcalafate.gob.ar\/portal\/ordenanza-n-032-90\/\">Ordenanza N\u00b0 032\/90<\/a><div class=\"lcp_excerpt\">Referente a abstenerse a cubrir las vacantes de la planta del personal de la Municipalidad - Ejercicio 1990.\n\t\t\t\n\t\t\t\t\t\tVER DOCUMENTO COMPLETO \/\/ Estado: VIGENTE\n\t\t\t\t\t\n<\/div><\/li><li><a href=\"https:\/\/www.hcdelcalafate.gob.ar\/portal\/ordenanza-n-031-90\/\">Ordenanza N\u00b0 031\/90<\/a><div class=\"lcp_excerpt\">Referente al ejecutivo municipal realizar\u00e1 el proyecto y ejecuci\u00f3n de un Puente Peatonal - sobre Arroyo Calafate.\n\t\t\t\n\t\t\t\t\t\tVER DOCUMENTO COMPLETO \/\/ Estado: VIGENTE\n\t\t\t\t\t\n<\/div><\/li><li><a href=\"https:\/\/www.hcdelcalafate.gob.ar\/portal\/ordenanza-n-030-90\/\">Ordenanza N\u00b0 030\/90<\/a><div class=\"lcp_excerpt\">Sin documentaci\u00f3n disponible.\n\t\t\t\n\t\t\t\t\t\tVER DOCUMENTO COMPLETO \/\/ Estado: VIGENTE\n\t\t\t\t\t\n<\/div><\/li><li><a href=\"https:\/\/www.hcdelcalafate.gob.ar\/portal\/ordenanza-n-029-90\/\">Ordenanza N\u00b0 029\/90<\/a><div class=\"lcp_excerpt\">Referente a nueva escala salarial.\n\t\t\t\n\t\t\t\t\t\tVER DOCUMENTO COMPLETO \/\/ Estado: VIGENTE\n\t\t\t\t\t\n<\/div><\/li><li><a href=\"https:\/\/www.hcdelcalafate.gob.ar\/portal\/ordenanza-n-028-90\/\">Ordenanza N\u00b0 028\/90<\/a><div class=\"lcp_excerpt\">Referente a ceder superficie aproximada de tierra de 3 Ha. al Instituto de Desarrollo Urbano y Vivienda, destinada a 60 unidades de viviendas - 2da etapa.\n\t\t\t\n\t\t\t\t\t\tVER DOCUMENTO COMPLETO \/\/ Estado: VIGENTE\n\t\t\t\t\t\n<\/div><\/li><li><a href=\"https:\/\/www.hcdelcalafate.gob.ar\/portal\/ordenanza-n-027-90\/\">Ordenanza N\u00b0 027\/90<\/a><div class=\"lcp_excerpt\">Referente a ceder superficie aproximada de tierra de 2,5 Ha. al Instituto de Desarrollo Urbano y Vivienda, destinada a 50 unidades de viviendas - Unidad Nacional para la Emergencia.\n\t\t\t\n\t\t\t\t\t\tVER DOCUMENTO COMPLETO \/\/ Estado: VIGENTE\n\t\t\t\t\t\n<\/div><\/li><li><a href=\"https:\/\/www.hcdelcalafate.gob.ar\/portal\/ordenanza-n-026-90\/\">Ordenanza N\u00b0 026\/90<\/a><div class=\"lcp_excerpt\">Referente a ceder superficie aproximada de tierra de 2 Ha. al Instituto de Desarrollo Urbano y Vivienda, destinada a 40 unidades de viviendas - 1er etapa.\n\t\t\t\n\t\t\t\t\t\tVER DOCUMENTO COMPLETO \/\/ Estado: VIGENTE\n\t\t\t\t\t\n<\/div><\/li><li><a href=\"https:\/\/www.hcdelcalafate.gob.ar\/portal\/ordenanza-n-025-90\/\">Ordenanza N\u00b0 025\/90<\/a><div class=\"lcp_excerpt\">Referente a fijar suma fija remunerativa no bonificable - Personal superior, y categor\u00eda 1 a la 24.\n\t\t\t\n\t\t\t\t\t\tVER DOCUMENTO COMPLETO \/\/ Estado: VIGENTE\n\t\t\t\t\t\n<\/div><\/li><li><a href=\"https:\/\/www.hcdelcalafate.gob.ar\/portal\/ordenanza-n-024-90\/\">Ordenanza N\u00b0 024\/90<\/a><div class=\"lcp_excerpt\">Referente a ampliar presupuesto Municipal de Gastos e Inversiones del Ejercicio 1989.\n\t\t\t\n\t\t\t\t\t\tVER DOCUMENTO COMPLETO \/\/ Estado: VIGENTE\n\t\t\t\t\t\n<\/div><\/li><li><a href=\"https:\/\/www.hcdelcalafate.gob.ar\/portal\/ordenanza-n-023-90\/\">Ordenanza N\u00b0 023\/90<\/a><div class=\"lcp_excerpt\">Referente a dejar sin efecto Ordenanza N\u00b0 033\/89 y decreto reglamentario N\u00b0 425\/89 - Fijar el monto de vi\u00e1ticos.\nDEROGA ORDENANZA N\u00b0 033\/89.\n\t\t\t\n\t\t\t\t\t\tVER DOCUMENTO COMPLETO \/\/ Estado: VIGENTE\n\t\t\t\t\t\n<\/div><\/li><li><a href=\"https:\/\/www.hcdelcalafate.gob.ar\/portal\/ordenanza-n-022-90\/\">Ordenanza N\u00b0 022\/90<\/a><div class=\"lcp_excerpt\">Referente a Adicional especial no remunerativo en concepto de calefacci\u00f3n.\n\t\t\t\n\t\t\t\t\t\tVER DOCUMENTO COMPLETO \/\/ Estado: VIGENTE\n\t\t\t\t\t\n<\/div><\/li><li><a href=\"https:\/\/www.hcdelcalafate.gob.ar\/portal\/ordenanza-n-021-90\/\">Ordenanza N\u00b0 021\/90<\/a><div class=\"lcp_excerpt\">Sin documentaci\u00f3n disponible\n\t\t\t\n\t\t\t\t\t\tVER DOCUMENTO COMPLETO \/\/ Estado: VIGENTE\n\t\t\t\t\t\n<\/div><\/li><li><a href=\"https:\/\/www.hcdelcalafate.gob.ar\/portal\/ordenanza-n-020-90\/\">Ordenanza N\u00b0 020\/90<\/a><div class=\"lcp_excerpt\">Referente a fijar Suma fija remunerativa no bonificable correspondiente a Enero\/90 - Personal superior, y categor\u00eda 1 a la 24.\n\t\t\t\n\t\t\t\t\t\tVER DOCUMENTO COMPLETO \/\/ Estado: VIGENTE\n\t\t\t\t\t\n<\/div><\/li><li><a href=\"https:\/\/www.hcdelcalafate.gob.ar\/portal\/ordenanza-n-019-90\/\">Ordenanza N\u00b0 019\/90<\/a><div class=\"lcp_excerpt\">Referente a fijar nueva escala de Haberes del mes de Febrero de 1990.\n\t\t\t\n\t\t\t\t\t\tVER DOCUMENTO COMPLETO \/\/ Estado: VIGENTE\n\t\t\t\t\t\n<\/div><\/li><li><a href=\"https:\/\/www.hcdelcalafate.gob.ar\/portal\/ordenanza-n-018-90\/\">Ordenanza N\u00b0 018\/90<\/a><div class=\"lcp_excerpt\">Referente a establecer Plan de pago para refinanciar las deudas Fiscales Municipales no prescriptas.\nDEROGADA POR ORDENANZA N\u00b0 48\/90.\n\t\t\t\n\t\t\t\t\t\tVER DOCUMENTO COMPLETO \/\/ Estado: DEROGADA\n\t\t\t\t\t\n<\/div><\/li><li><a href=\"https:\/\/www.hcdelcalafate.gob.ar\/portal\/ordenanza-n-017-90\/\">Ordenanza N\u00b0 017\/90<\/a><div class=\"lcp_excerpt\">Referente a otorgar \"Fondo fijo\" de Australes 2.000.000 a la Secretar\u00eda General para erogaciones de extrema urgencia.\nDEROGADA POR ORDENANZA N\u00b0 393\/96.\n\t\t\t\n\t\t\t\t\t\tVER DOCUMENTO COMPLETO \/\/ Estado: DEROGADA\n\t\t\t\t\t\n<\/div><\/li><li><a href=\"https:\/\/www.hcdelcalafate.gob.ar\/portal\/ordenanza-n-016-90\/\">Ordenanza N\u00b0 016\/90<\/a><div class=\"lcp_excerpt\">Referente a modificar Cuota de la Casa de la Cultura.\n\t\t\t\n\t\t\t\t\t\tVER DOCUMENTO COMPLETO \/\/ Estado: VIGENTE\n\t\t\t\t\t\n<\/div><\/li><li><a href=\"https:\/\/www.hcdelcalafate.gob.ar\/portal\/ordenanza-n-015-90\/\">Ordenanza N\u00b0 015\/90<\/a><div class=\"lcp_excerpt\">Referente a modificar Cuota de la guarder\u00eda Municipal a Australes 30.000 por ni\u00f1o.\nDEROGADA POR ORDENANZA N\u00b0 660\/01.\n\t\t\t\n\t\t\t\t\t\tVER DOCUMENTO COMPLETO \/\/ Estado: DEROGADA\n\t\t\t\t\t\n<\/div><\/li><li><a href=\"https:\/\/www.hcdelcalafate.gob.ar\/portal\/ordenanza-n-014-90\/\">Ordenanza N\u00b0 014\/90<\/a><div class=\"lcp_excerpt\">Referente a autorizar a contratar la provisi\u00f3n del material con destino a la Obra Civil (Ampliaci\u00f3n de la capacidad de almacenamiento en Planta de vaporizaci\u00f3n).\n\t\t\t\n\t\t\t\t\t\tVER DOCUMENTO COMPLETO \/\/ Estado: VIGENTE\n\t\t\t\t\t\n<\/div><\/li><li><a href=\"https:\/\/www.hcdelcalafate.gob.ar\/portal\/ordenanza-n-013-90\/\">Ordenanza N\u00b0 013\/90<\/a><div class=\"lcp_excerpt\">Referente a autorizar a contratar la provisi\u00f3n del material con destino a la Obra Civil (Ampliaci\u00f3n de la capacidad de almacenamiento en Planta de vaporizaci\u00f3n).\n\t\t\t\n\t\t\t\t\t\tVER DOCUMENTO COMPLETO \/\/ Estado: VIGENTE\n\t\t\t\t\t\n<\/div><\/li><li><a href=\"https:\/\/www.hcdelcalafate.gob.ar\/portal\/ordenanza-n-012-90\/\">Ordenanza N\u00b0 012\/90<\/a><div class=\"lcp_excerpt\">Referente a reservar, con fines de utilidad p\u00fablica, la superficie de tierras de 1.872,12 m2 (Manzana 82).\n\t\t\t\n\t\t\t\t\t\tVER DOCUMENTO COMPLETO \/\/ Estado: VIGENTE\n\t\t\t\t\t\n<\/div><\/li><li><a href=\"https:\/\/www.hcdelcalafate.gob.ar\/portal\/ordenanza-n-011-90\/\">Ordenanza N\u00b0 011\/90<\/a><div class=\"lcp_excerpt\">Referente a modificar en su totalidad, la Ordenanza N\u00b0 039\/89 (Habilitaci\u00f3n de transportistas).\n\t\t\t\n\t\t\t\t\t\tVER DOCUMENTO COMPLETO \/\/ Estado: VIGENTE\n\t\t\t\t\t\n<\/div><\/li><li><a href=\"https:\/\/www.hcdelcalafate.gob.ar\/portal\/ordenanza-n-010-90\/\">Ordenanza N\u00b0 010\/90<\/a><div class=\"lcp_excerpt\">Referente a modificar el Art. 2\u00b0, p\u00e1rrafo 4\u00b0 y 6\u00b0 de la Ordenanza N\u00b0 029\/89.-\u00a0\n\t\t\t\n\t\t\t\t\t\tVER DOCUMENTO COMPLETO \/\/ Estado: VIGENTE\n\t\t\t\t\t\n<\/div><\/li><li><a href=\"https:\/\/www.hcdelcalafate.gob.ar\/portal\/ordenanza-n-009-90\/\">Ordenanza N\u00b0 009\/90<\/a><div class=\"lcp_excerpt\">Referente a Autorizar a efectuar licitaci\u00f3n p\u00fablica para la adquisici\u00f3n de una camioneta Pick Up Carrozada (Mod. 1990) u otro tipo de automotor carrozado.\n\t\t\t\n\t\t\t\t\t\tVER DOCUMENTO COMPLETO \/\/ Estado: VIGENTE\n\t\t\t\t\t\n<\/div><\/li><li><a href=\"https:\/\/www.hcdelcalafate.gob.ar\/portal\/ordenanza-n-008-90\/\">Ordenanza N\u00b0 008\/90<\/a><div class=\"lcp_excerpt\">Referente a Licitaci\u00f3n para la Pavimentaci\u00f3n de treinta (30) cuadras en El Calafate.\n\t\t\t\n\t\t\t\t\t\tVER DOCUMENTO COMPLETO \/\/ Estado: VIGENTE\n\t\t\t\t\t\n<\/div><\/li><li><a href=\"https:\/\/www.hcdelcalafate.gob.ar\/portal\/ordenanza-n-007-90\/\">Ordenanza N\u00b0 007\/90<\/a><div class=\"lcp_excerpt\">Referente a Monto por habilitaci\u00f3n para elaboraci\u00f3n y venta de productos caseros, aprobado por Ordenanza N\u00b0 045\/89 - (U.F. 40 por mes)\n\t\t\t\n\t\t\t\t\t\tVER DOCUMENTO COMPLETO \/\/ Estado: VIGENTE\n\t\t\t\t\t\n<\/div><\/li><li><a href=\"https:\/\/www.hcdelcalafate.gob.ar\/portal\/ordenanza-n-006-90\/\">Ordenanza N\u00b0 006\/90<\/a><div class=\"lcp_excerpt\">Referente a montos para el cobro de la Patente de Bebidas Alcoh\u00f3licas - A\u00f1o 1990.\n\t\t\t\n\t\t\t\t\t\tVER DOCUMENTO COMPLETO \/\/ Estado: VIGENTE\n\t\t\t\t\t\n<\/div><\/li><li><a href=\"https:\/\/www.hcdelcalafate.gob.ar\/portal\/ordenanza-n-005-90\/\">Ordenanza N\u00b0 005\/90<\/a><div class=\"lcp_excerpt\">Referente a suscribir el Convenio de Permuta con la Empresa BABIC S.A.C. e I.(Veredas peatonales).\n\t\t\t\n\t\t\t\t\t\tVER DOCUMENTO COMPLETO \/\/ Estado: VIGENTE\n\t\t\t\t\t\n<\/div><\/li><li><a href=\"https:\/\/www.hcdelcalafate.gob.ar\/portal\/ordenanza-n-004-90\/\">Ordenanza N\u00b0 004\/90<\/a><div class=\"lcp_excerpt\">Referente al cobro del Impuesto Parque Automotor correspondiente al A\u00f1o 1990.\n\t\t\t\n\t\t\t\t\t\tVER DOCUMENTO COMPLETO \/\/ Estado: VIGENTE\n\t\t\t\t\t\n<\/div><\/li><li><a href=\"https:\/\/www.hcdelcalafate.gob.ar\/portal\/ordenanza-n-003-90\/\">Ordenanza N\u00b0 003\/90<\/a><div class=\"lcp_excerpt\">Referente a establecer valores para las tasas de Barrido y Limpieza de calles, mantenimiento de la V\u00eda P\u00fablica, alumbrado y recolecci\u00f3n de residuos - A\u00f1o 1989.\n\t\t\t\n\t\t\t\t\t\tVER DOCUMENTO COMPLETO \/\/ Estado: VIGENTE\n\t\t\t\t\t\n<\/div><\/li><li><a href=\"https:\/\/www.hcdelcalafate.gob.ar\/portal\/ordenanza-n-002-90\/\">Ordenanza N\u00b0 002\/90<\/a><div class=\"lcp_excerpt\">Referente a sobretasa - Los propietarios y\/o responsables de Bald\u00edos Urbanos - A\u00f1o 1989.\nDEROGADA POR ORDENANZA N\u00b0 07\/91.\n\t\t\t\n\t\t\t\t\t\tVER DOCUMENTO COMPLETO \/\/ Estado: DEROGADA\n\t\t\t\t\t\n<\/div><\/li><li><a href=\"https:\/\/www.hcdelcalafate.gob.ar\/portal\/ordenanza-n-001-90\/\">Ordenanza N\u00b0 001\/90<\/a><div class=\"lcp_excerpt\">Referente a pautas para el cobro del Impuesto Inmobiliario a\u00f1o 1989.\n\t\t\t\n\t\t\t\t\t\tVER DOCUMENTO COMPLETO \/\/ Estado: VIGENTE\n\t\t\t\t\t\n<\/div><\/li><\/ul>\n\n\n\n<hr class=\"wp-block-separator has-alpha-channel-opacity\"\/>\n\n\n\n<p class=\"has-text-align-center\"><em>Nota importante: Las Ordenanzas ser\u00e1n publicadas una vez promulgadas, <\/em><br><em>seg\u00fan se establece en el Art. N\u00b0 61 Inc. \u201ca\u201d de la Ley Provincial N\u00b0 55.<\/em><br><br><em>Puede ser que el estado del documento visitado no est\u00e9 actualizado, consulte el <\/em><br><em>Digesto Oficial en nuestras oficinas administrativas.<\/em> <\/p>\n","protected":false},"excerpt":{"rendered":"<p>Nota importante: Las Ordenanzas ser\u00e1n publicadas una vez promulgadas, seg\u00fan se establece en el Art. N\u00b0 61 Inc. \u201ca\u201d de la Ley Provincial N\u00b0 55. Puede ser que el estado&hellip; <\/p>\n","protected":false},"author":1,"featured_media":0,"parent":0,"menu_order":0,"comment_status":"closed","ping_status":"closed","template":"","meta":{"footnotes":""},"class_list":["post-1894","page","type-page","status-publish","hentry"],"_links":{"self":[{"href":"https:\/\/www.hcdelcalafate.gob.ar\/portal\/wp-json\/wp\/v2\/pages\/1894","targetHints":{"allow":["GET"]}}],"collection":[{"href":"https:\/\/www.hcdelcalafate.gob.ar\/portal\/wp-json\/wp\/v2\/pages"}],"about":[{"href":"https:\/\/www.hcdelcalafate.gob.ar\/portal\/wp-json\/wp\/v2\/types\/page"}],"author":[{"embeddable":true,"href":"https:\/\/www.hcdelcalafate.gob.ar\/portal\/wp-json\/wp\/v2\/users\/1"}],"replies":[{"embeddable":true,"href":"https:\/\/www.hcdelcalafate.gob.ar\/portal\/wp-json\/wp\/v2\/comments?post=1894"}],"version-history":[{"count":23,"href":"https:\/\/www.hcdelcalafate.gob.ar\/portal\/wp-json\/wp\/v2\/pages\/1894\/revisions"}],"predecessor-version":[{"id":26820,"href":"https:\/\/www.hcdelcalafate.gob.ar\/portal\/wp-json\/wp\/v2\/pages\/1894\/revisions\/26820"}],"wp:attachment":[{"href":"https:\/\/www.hcdelcalafate.gob.ar\/portal\/wp-json\/wp\/v2\/media?parent=1894"}],"curies":[{"name":"wp","href":"https:\/\/api.w.org\/{rel}","templated":true}]}}