{"id":1891,"date":"1991-01-01T00:35:00","date_gmt":"1991-01-01T02:35:00","guid":{"rendered":"http:\/\/www.hcdelcalafate.gob.ar\/portal\/?page_id=1891"},"modified":"2026-02-24T10:19:35","modified_gmt":"2026-02-24T13:19:35","slug":"ordenanzas-1991","status":"publish","type":"page","link":"https:\/\/www.hcdelcalafate.gob.ar\/portal\/ordenanzas-1991\/","title":{"rendered":"Ordenanzas 1991"},"content":{"rendered":"\n<ul class=\"lcp_catlist\" id=\"lcp_instance_0\"><li><a href=\"https:\/\/www.hcdelcalafate.gob.ar\/portal\/ordenanza-n-065-91\/\">Ordenanza N\u00b0 065\/91<\/a><div class=\"lcp_excerpt\">Referente a declarar de Inter\u00e9s Municipal el 1er seminario - Taller libre interpretaci\u00f3n ambiental en \u00e1reas silvestres protegidas.\n\t\t\t\n\t\t\t\t\t\tVER DOCUMENTO COMPLETO \/\/ Estado: VIGENTE\n\t\t\t\t\t\n<\/div><\/li><li><a href=\"https:\/\/www.hcdelcalafate.gob.ar\/portal\/ordenanza-n-064-91\/\">Ordenanza N\u00b0 064\/91<\/a><div class=\"lcp_excerpt\">Referente a declarar de Inter\u00e9s Municipal la creaci\u00f3n del Curso de Capacitaci\u00f3n Laboral denominado: \"Artesan\u00edas\".\n\t\t\t\n\t\t\t\t\t\tVER DOCUMENTO COMPLETO \/\/ Estado: VIGENTE\n\t\t\t\t\t\n<\/div><\/li><li><a href=\"https:\/\/www.hcdelcalafate.gob.ar\/portal\/ordenanza-n-063-91\/\">Ordenanza N\u00b0 063\/91<\/a><div class=\"lcp_excerpt\">Referente a disponer de Libretas Sanitarias.\nMODIFICADA MEDIANTE ORDENANZA N\u00b0 597\/00.\nDEROGADA POR\u00a0ORDENANZA N\u00b0 1700\/14\n\t\t\t\n\t\t\t\t\t\tVER DOCUMENTO COMPLETO \/\/ Estado: DEROGADA\n\t\t\t\t\t\n<\/div><\/li><li><a href=\"https:\/\/www.hcdelcalafate.gob.ar\/portal\/ordenanza-n-062-91\/\">Ordenanza N\u00b0 062\/91<\/a><div class=\"lcp_excerpt\">Referente a disponer de Planes de Pagos.\nDEROGA ORDENANZA N\u00b0 31\/91.\nDEROGADA POR ORDENANZA N\u00b0 115\/93.\n\t\t\t\n\t\t\t\t\t\tVER DOCUMENTO COMPLETO \/\/ Estado: DEROGADA\n\t\t\t\t\t\n<\/div><\/li><li><a href=\"https:\/\/www.hcdelcalafate.gob.ar\/portal\/ordenanza-n-061-91\/\">Ordenanza N\u00b0 061\/91<\/a><div class=\"lcp_excerpt\">Referente a designar contadora Municipal la Sra. San Pedro, Silvia Elena; y Tesorero Municipal el Sr. Freile, Eduardo Mart\u00edn.\n\t\t\t\n\t\t\t\t\t\tVER DOCUMENTO COMPLETO \/\/ Estado: VIGENTE\n\t\t\t\t\t\n<\/div><\/li><li><a href=\"https:\/\/www.hcdelcalafate.gob.ar\/portal\/ordenanza-n-060-91\/\">Ordenanza N\u00b0 060\/91<\/a><div class=\"lcp_excerpt\">Referente a prorrogar el presupuesto del Ejercicio a\u00f1o 1991.\n\t\t\t\n\t\t\t\t\t\tVER DOCUMENTO COMPLETO \/\/ Estado: VIGENTE\n\t\t\t\t\t\n<\/div><\/li><li><a href=\"https:\/\/www.hcdelcalafate.gob.ar\/portal\/ordenanza-n-059-91\/\">Ordenanza N\u00b0 059\/91<\/a><div class=\"lcp_excerpt\">Referente a determinar el sentido \u00fanico de circulaci\u00f3n al pasaje existente entre Manzana 60 A y 60 B, de Este a Oeste. (TRANSITO)\n\t\t\t\n\t\t\t\t\t\tVER DOCUMENTO COMPLETO \/\/ Estado: VIGENTE\n\t\t\t\t\t\n<\/div><\/li><li><a href=\"https:\/\/www.hcdelcalafate.gob.ar\/portal\/ordenanza-n-058-91\/\">Ordenanza N\u00b0 058\/91<\/a><div class=\"lcp_excerpt\">Referente a adherir de los Decretos N\u00b0 139\/91 y 140\/91 para implementar medidas urgentes para enfrentar la crisis econ\u00f3mica, financiera y administrativa de la Provincia de Santa Cruz.\nDEROGADA POR ORDENANZA N\u00b0 269\/95.\n\t\t\t\n\t\t\t\t\t\tVER DOCUMENTO COMPLETO \/\/ Estado: DEROGADA\n\t\t\t\t\t\n<\/div><\/li><li><a href=\"https:\/\/www.hcdelcalafate.gob.ar\/portal\/ordenanza-n-057-91\/\">Ordenanza N\u00b0 057\/91<\/a><div class=\"lcp_excerpt\">Referente a adherir al texto en Ordenanza N\u00b0 053\/91 sobre el cargo de Director.\nMODIFICA ORDENANZA N\u00b0 53\/91.\nDEROGADA POR ORDENANZA N\u00b0 53\/92.\n\t\t\t\n\t\t\t\t\t\tVER DOCUMENTO COMPLETO \/\/ Estado: DEROGADA\n\t\t\t\t\t\n<\/div><\/li><li><a href=\"https:\/\/www.hcdelcalafate.gob.ar\/portal\/ordenanza-n-056-91\/\">Ordenanza N\u00b0 056\/91<\/a><div class=\"lcp_excerpt\">Referente a modificar los Art\u00edculos 2\u00b0 y 15\u00b0 de la Ordenanza 048\/91.\nMODIFICA ORDENANZA N\u00b0 48\/91.\nDEROGADA MEDIANTE ORDENANZA N\u00b0 288\/96.\n\t\t\t\n\t\t\t\t\t\tVER DOCUMENTO COMPLETO \/\/ Estado: DEROGADA\n\t\t\t\t\t\n<\/div><\/li><li><a href=\"https:\/\/www.hcdelcalafate.gob.ar\/portal\/ordenanza-n-055-91\/\">Ordenanza N\u00b0 055\/91<\/a><div class=\"lcp_excerpt\">Referente a ratificar Decreto N\u00b0 237\/91 y la primera parte del art\u00edculo 2\u00b0 del Decreto N\u00b0 303\/91 en cuanto a determinar la remuneraci\u00f3n de los Directores.\n\t\t\t\n\t\t\t\t\t\tVER DOCUMENTO COMPLETO \/\/ Estado: VIGENTE\n\t\t\t\t\t\n<\/div><\/li><li><a href=\"https:\/\/www.hcdelcalafate.gob.ar\/portal\/ordenanza-n-054-91\/\">Ordenanza N\u00b0 054\/91<\/a><div class=\"lcp_excerpt\">Referente a disponer de penas de multas y arrestos (expendio de bebidas alcoh\u00f3licas). (C\u00f3digo de Faltas Ordenanza N\u00b0 047\/91)\n\t\t\t\n\t\t\t\t\t\tVER DOCUMENTO COMPLETO \/\/ Estado: VIGENTE\n\t\t\t\t\t\n<\/div><\/li><li><a href=\"https:\/\/www.hcdelcalafate.gob.ar\/portal\/ordenanza-n-053-91\/\">Ordenanza N\u00b0 053\/91<\/a><div class=\"lcp_excerpt\">Referente a Organigrama Municipal.\nDEROGA ORDENANZA N\u00b0 05\/91.\nMODIFICADA POR ORDENANZA N\u00b0 57\/91.\nDEROGADA POR ORDENANZA N\u00b0 53\/92.\n\t\t\t\n\t\t\t\t\t\tVER DOCUMENTO COMPLETO \/\/ Estado: DEROGADA\n\t\t\t\t\t\n<\/div><\/li><li><a href=\"https:\/\/www.hcdelcalafate.gob.ar\/portal\/ordenanza-n-052-91\/\">Ordenanza N\u00b0 052\/91<\/a><div class=\"lcp_excerpt\">Referente al Reglamento de calificaciones de la Municipalidad de El Calafate.\n\t\t\t\n\t\t\t\t\t\tVER DOCUMENTO COMPLETO \/\/ Estado: VIGENTE\n\t\t\t\t\t\n<\/div><\/li><li><a href=\"https:\/\/www.hcdelcalafate.gob.ar\/portal\/ordenanza-n-051-91\/\">Ordenanza N\u00b0 051\/91<\/a><div class=\"lcp_excerpt\">Referente a declarar de Inter\u00e9s Municipal la realizaci\u00f3n de la fiesta de la Tradici\u00f3n en El Calafate (9 y 10 de Noviembre de 1991).\n\t\t\t\n\t\t\t\t\t\tVER DOCUMENTO COMPLETO \/\/ Estado: VIGENTE\n\t\t\t\t\t\n<\/div><\/li><li><a href=\"https:\/\/www.hcdelcalafate.gob.ar\/portal\/ordenanza-n-050-91\/\">Ordenanza N\u00b0 050\/91<\/a><div class=\"lcp_excerpt\">Referente a adjudicar (En venta) Fracci\u00f3n de tierra con destino a la integraci\u00f3n del parque del Hotel \"Posada Los \u00c1lamos\".\nMODIFICA ORDENANZA N\u00b0 26\/91.\n\t\t\t\n\t\t\t\t\t\tVER DOCUMENTO COMPLETO \/\/ Estado: VIGENTE\n\t\t\t\t\t\n<\/div><\/li><li><a href=\"https:\/\/www.hcdelcalafate.gob.ar\/portal\/ordenanza-n-049-91\/\">Ordenanza N\u00b0 049\/91<\/a><div class=\"lcp_excerpt\">Referente a aprobar el proyecto de Licitaci\u00f3n a la concesi\u00f3n del Camping Municipal El Calafate.\nMODIFICADA POR ORDENANZA N\u00b0 070\/92.\n\t\t\t\n\t\t\t\t\t\tVER DOCUMENTO COMPLETO \/\/ Estado: MODIFICADA\n\t\t\t\t\t\n<\/div><\/li><li><a href=\"https:\/\/www.hcdelcalafate.gob.ar\/portal\/ordenanza-n-048-91\/\">Ordenanza N\u00b0 048\/91<\/a><div class=\"lcp_excerpt\">Referente a disponer de dos becas anuales que otorgar\u00e1 el Honorable Concejo Deliberante.\nDEROGA ORDENANZA N\u00b0 084\/84.\nDEROGA ORDENANZA N\u00b0 052\/90.\nMODIFICADA POR ORDENANZA N\u00b0 56\/91.\nDEROGADA MEDIANTE ORDENANZA N\u00b0 288\/96.\n\t\t\t\n\t\t\t\t\t\tVER DOCUMENTO COMPLETO \/\/ Estado: DEROGADA\n\t\t\t\t\t\n<\/div><\/li><li><a href=\"https:\/\/www.hcdelcalafate.gob.ar\/portal\/ordenanza-n-047-91\/\">Ordenanza N\u00b0 047\/91<\/a><div class=\"lcp_excerpt\">C\u00f3digo Municipal de Faltas de la Municipalidad de El Calafate.\nMODIFICADA POR ORDENANZAS N\u00b0 054\/91 , 140\/93 , 165\/94 , 261\/95 , 602\/00 , 758\/02 , 864\/04 , 1162\/08 , 1226\/09 , 1259\/09 , 2093\/18 , 2445\/24 , 2490-25 .-\n\t\t\t\t\t\n\t\t\t\t\t\t\t\t\tVER DOCUMENTO COMPLETO \/\/ Estado: MODIFICADA\n\t\t\t\t\t\n<\/div><\/li><li><a href=\"https:\/\/www.hcdelcalafate.gob.ar\/portal\/ordenanza-n-046-91\/\">Ordenanza N\u00b0 046\/91<\/a><div class=\"lcp_excerpt\">Referente al C\u00f3digo Fiscal de la Municipalidad de El Calafate.\nDEROGA ORDENANZA N\u00b0 09\/91.\nMODIFICADA POR ORDENANZA N\u00b0 959\/05.\nMODIFICADA POR\u00a0ORDENANZA N\u00b0 2060\/18.\n\t\t\t\n\t\t\t\t\t\tVER DOCUMENTO COMPLETO \/\/ Estado: MODIFICADA\n\t\t\t\t\t\n<\/div><\/li><li><a href=\"https:\/\/www.hcdelcalafate.gob.ar\/portal\/ordenanza-n-045-91\/\">Ordenanza N\u00b0 045\/91<\/a><div class=\"lcp_excerpt\">Referente a fijar el valor del vi\u00e1tico para el personal dependiente de la Municipalidad - Dejar sin efecto la Resoluci\u00f3n 311\/91 y Resoluci\u00f3n 075\/91.\nDEROGADA MEDIANTE ORDENANZA N\u00b0 640\/01.\n\t\t\t\n\t\t\t\t\t\tVER DOCUMENTO COMPLETO \/\/ Estado: DEROGADA\n\t\t\t\t\t\n<\/div><\/li><li><a href=\"https:\/\/www.hcdelcalafate.gob.ar\/portal\/ordenanza-n-044-91\/\">Ordenanza N\u00b0 044\/91<\/a><div class=\"lcp_excerpt\">Referente a fijar la suma de Australes 85.433.100,00 de acuerdo a las planillas Anexas (Ejercicio Fiscal A\u00f1o 1991).\n\t\t\t\n\t\t\t\t\t\tVER DOCUMENTO COMPLETO \/\/ Estado: VIGENTE\n\t\t\t\t\t\n<\/div><\/li><li><a href=\"https:\/\/www.hcdelcalafate.gob.ar\/portal\/ordenanza-n-043-91\/\">Ordenanza N\u00b0 043\/91<\/a><div class=\"lcp_excerpt\">Referente a fijar sueldos b\u00e1sicos seg\u00fan planillas anexas.\n\t\t\t\n\t\t\t\t\t\tVER DOCUMENTO COMPLETO \/\/ Estado: VIGENTE\n\t\t\t\t\t\n<\/div><\/li><li><a href=\"https:\/\/www.hcdelcalafate.gob.ar\/portal\/ordenanza-n-042-91\/\">Ordenanza N\u00b0 042\/91<\/a><div class=\"lcp_excerpt\">Referente a modificar el Art\u00edculo 8\u00b0 de la Ordenanza N\u00b0 018\/83.\n\t\t\t\n\t\t\t\t\t\tVER DOCUMENTO COMPLETO \/\/ Estado: VIGENTE\n\t\t\t\t\t\n<\/div><\/li><li><a href=\"https:\/\/www.hcdelcalafate.gob.ar\/portal\/ordenanza-n-041-91\/\">Ordenanza N\u00b0 041\/91<\/a><div class=\"lcp_excerpt\">Referente a adherir al Decreto N\u00b0 1826 (Valor adicional por calefacci\u00f3n para el personal de la administraci\u00f3n de la Municipalidad de El Calafate).\n\t\t\t\n\t\t\t\t\t\tVER DOCUMENTO COMPLETO \/\/ Estado: VIGENTE\n\t\t\t\t\t\n<\/div><\/li><li><a href=\"https:\/\/www.hcdelcalafate.gob.ar\/portal\/ordenanza-n-040-91\/\">Ordenanza N\u00b0 040\/91<\/a><div class=\"lcp_excerpt\">Referente a rechazar el Proyecto de Ordenanza (Expediente N\u00b0 520\/JE42C\/91).\n\t\t\t\n\t\t\t\t\t\tVER DOCUMENTO COMPLETO \/\/ Estado: VIGENTE\n\t\t\t\t\t\n<\/div><\/li><li><a href=\"https:\/\/www.hcdelcalafate.gob.ar\/portal\/ordenanza-n-039-91\/\">Ordenanza N\u00b0 039\/91<\/a><div class=\"lcp_excerpt\">Sin documentaci\u00f3n disponible.\n\t\t\t\n\t\t\t\t\t\tVER DOCUMENTO COMPLETO \/\/ Estado: VIGENTE\n\t\t\t\t\t\n<\/div><\/li><li><a href=\"https:\/\/www.hcdelcalafate.gob.ar\/portal\/ordenanza-n-038-91\/\">Ordenanza N\u00b0 038\/91<\/a><div class=\"lcp_excerpt\">Referente a modificar el Art\u00edculo 1\u00b0 de la Ordenanza N\u00b0 031\/91.\nDEROGADA POR ORDENANZA N\u00b0 62\/91.\n\t\t\t\n\t\t\t\t\t\tVER DOCUMENTO COMPLETO \/\/ Estado: DEROGADA\n\t\t\t\t\t\n<\/div><\/li><li><a href=\"https:\/\/www.hcdelcalafate.gob.ar\/portal\/ordenanza-n-037-91\/\">Ordenanza N\u00b0 037\/91<\/a><div class=\"lcp_excerpt\">Referente a declarar de Inter\u00e9s P\u00fablico la ampliaci\u00f3n de Redes de Gas (y otras disposiciones).\n\t\t\t\n\t\t\t\t\t\tVER DOCUMENTO COMPLETO \/\/ Estado: VIGENTE\n\t\t\t\t\t\n<\/div><\/li><li><a href=\"https:\/\/www.hcdelcalafate.gob.ar\/portal\/ordenanza-n-036-91\/\">Ordenanza N\u00b0 036\/91<\/a><div class=\"lcp_excerpt\">Referente a autorizar a la municipalidad la venta el material de rezago que se encuentra en el corral\u00f3n Municipal.\n\t\t\t\n\t\t\t\t\t\tVER DOCUMENTO COMPLETO \/\/ Estado: VIGENTE\n\t\t\t\t\t\n<\/div><\/li><li><a href=\"https:\/\/www.hcdelcalafate.gob.ar\/portal\/ordenanza-n-035-91\/\">Ordenanza N\u00b0 035\/91<\/a><div class=\"lcp_excerpt\">Referente a donar al Instituto de Desarrollo Urbano, la contrucci\u00f3n de una cisterna de almacenamiento de agua (tierras fiscales).\n\t\t\t\n\t\t\t\t\t\tVER DOCUMENTO COMPLETO \/\/ Estado: VIGENTE\n\t\t\t\t\t\n<\/div><\/li><li><a href=\"https:\/\/www.hcdelcalafate.gob.ar\/portal\/ordenanza-n-034-91\/\">Ordenanza N\u00b0 034\/91<\/a><div class=\"lcp_excerpt\">Referente a donaci\u00f3n al Concejo Local Justicialista de El Calafate, la construcci\u00f3n de la sede partidaria local (tierras fiscales).\n\t\t\t\n\t\t\t\t\t\tVER DOCUMENTO COMPLETO \/\/ Estado: VIGENTE\n\t\t\t\t\t\n<\/div><\/li><li><a href=\"https:\/\/www.hcdelcalafate.gob.ar\/portal\/ordenanza-n-033-91\/\">Ordenanza N\u00b0 033\/91<\/a><div class=\"lcp_excerpt\">Referente a donaci\u00f3n al Comit\u00e9 de la Uni\u00f3n C\u00edvica Radical, la construcci\u00f3n de la sede partidaria local (tierras fiscales).\n\t\t\t\n\t\t\t\t\t\tVER DOCUMENTO COMPLETO \/\/ Estado: VIGENTE\n\t\t\t\t\t\n<\/div><\/li><li><a href=\"https:\/\/www.hcdelcalafate.gob.ar\/portal\/ordenanza-n-032-91\/\">Ordenanza N\u00b0 032\/91<\/a><div class=\"lcp_excerpt\">Referente a NO aprobar el Proyecto de Ordenanza (Expediente N\u00ba 311\/CSPN9 y 312\/JIN10\/91) referente al descongelamiento de 10 vacantes.\n\t\t\t\n\t\t\t\t\t\tVER DOCUMENTO COMPLETO \/\/ Estado: VIGENTE\n\t\t\t\t\t\n<\/div><\/li><li><a href=\"https:\/\/www.hcdelcalafate.gob.ar\/portal\/ordenanza-n-031-91\/\">Ordenanza N\u00b0 031\/91<\/a><div class=\"lcp_excerpt\">Referente a disponer planes de Pagos.\nDEROGA ORDENANZA N\u00b0 08\/91.\nMODIFICADA POR ORDENANZA N\u00b0 38\/91.\nDEROGADA POR ORDENANZA N\u00b0 62\/91.\n\t\t\t\n\t\t\t\t\t\tVER DOCUMENTO COMPLETO \/\/ Estado: DEROGADA\n\t\t\t\t\t\n<\/div><\/li><li><a href=\"https:\/\/www.hcdelcalafate.gob.ar\/portal\/ordenanza-n-030-91\/\">Ordenanza N\u00b0 030\/91<\/a><div class=\"lcp_excerpt\">Referente a declarar de Inter\u00e9s Municipal el espect\u00e1culo cultural que presentar\u00e1 el programa \"Cristina y sus amigos\".\n\t\t\t\n\t\t\t\t\t\tVER DOCUMENTO COMPLETO \/\/ Estado: VIGENTE\n\t\t\t\t\t\n<\/div><\/li><li><a href=\"https:\/\/www.hcdelcalafate.gob.ar\/portal\/ordenanza-n-029-91\/\">Ordenanza N\u00b0 029\/91<\/a><div class=\"lcp_excerpt\">Referente a declarar de Inter\u00e9s Municipal la apertura del Campeonato Provincial de Ciclismo.\n\t\t\t\n\t\t\t\t\t\tVER DOCUMENTO COMPLETO \/\/ Estado: VIGENTE\n\t\t\t\t\t\n<\/div><\/li><li><a href=\"https:\/\/www.hcdelcalafate.gob.ar\/portal\/ordenanza-n-028-91-bis\/\">Ordenanza N\u00b0 028\/91-Bis<\/a><div class=\"lcp_excerpt\">Referente a\u00a0 derogar la Ordenanza N\u00b0 09\/86.\n\t\t\t\n\t\t\t\t\t\tVER DOCUMENTO COMPLETO \/\/ Estado: VIGENTE\n\t\t\t\t\t\n<\/div><\/li><li><a href=\"https:\/\/www.hcdelcalafate.gob.ar\/portal\/ordenanza-n-028-91\/\">Ordenanza N\u00b0 028\/91<\/a><div class=\"lcp_excerpt\">Referente a declarar de Inter\u00e9s Municipal el Curso \"Taller Docente sobre Recursos Naturales y Producci\u00f3n Agropecuaria\".\n\t\t\t\n\t\t\t\t\t\tVER DOCUMENTO COMPLETO \/\/ Estado: VIGENTE\n\t\t\t\t\t\n<\/div><\/li><li><a href=\"https:\/\/www.hcdelcalafate.gob.ar\/portal\/ordenanza-n-027-91\/\">Ordenanza N\u00b0 027\/91<\/a><div class=\"lcp_excerpt\">Referente a declarar de Inter\u00e9s Municipal al Instituto de Ingl\u00e9s \"Calafate School of English\".\n\t\t\t\n\t\t\t\t\t\tVER DOCUMENTO COMPLETO \/\/ Estado: VIGENTE\n\t\t\t\t\t\n<\/div><\/li><li><a href=\"https:\/\/www.hcdelcalafate.gob.ar\/portal\/ordenanza-n-026-91\/\">Ordenanza N\u00b0 026\/91<\/a><div class=\"lcp_excerpt\">Referente a adjudicar (En venta) Fracci\u00f3n de tierra con destino a la integraci\u00f3n del parque del Hotel \"Posada Los \u00c1lamos\".\nMODIFICADA POR ORDENANZA N\u00b0 50\/91.\n\t\t\t\n\t\t\t\t\t\tVER DOCUMENTO COMPLETO \/\/ Estado: MODIFICADA\n\t\t\t\t\t\n<\/div><\/li><li><a href=\"https:\/\/www.hcdelcalafate.gob.ar\/portal\/ordenanza-n-025-91\/\">Ordenanza N\u00b0 025\/91<\/a><div class=\"lcp_excerpt\">Referente a declarar de Inter\u00e9s Municipal la Asociaci\u00f3n de Profesionales dedicados a la Estimulaci\u00f3n Temprana de la Rep\u00fablica Argentina (APETRA).\n\t\t\t\n\t\t\t\t\t\tVER DOCUMENTO COMPLETO \/\/ Estado: VIGENTE\n\t\t\t\t\t\n<\/div><\/li><li><a href=\"https:\/\/www.hcdelcalafate.gob.ar\/portal\/ordenanza-n-024-91\/\">Ordenanza N\u00b0 024\/91<\/a><div class=\"lcp_excerpt\">Referente a adherir al texto de la Ley Provincial N\u00ba 2241 (reordenamiento del Estado Provincial y Municipal).\n\t\t\t\n\t\t\t\t\t\tVER DOCUMENTO COMPLETO \/\/ Estado: VIGENTE\n\t\t\t\t\t\n<\/div><\/li><li><a href=\"https:\/\/www.hcdelcalafate.gob.ar\/portal\/ordenanza-n-023-91\/\">Ordenanza N\u00b0 023\/91<\/a><div class=\"lcp_excerpt\">Referente a declarar de inter\u00e9s Municipal la apertura de una boca de expendio de combustible en el Paraje R\u00edo Bote.\n\t\t\t\n\t\t\t\t\t\tVER DOCUMENTO COMPLETO \/\/ Estado: VIGENTE\n\t\t\t\t\t\n<\/div><\/li><li><a href=\"https:\/\/www.hcdelcalafate.gob.ar\/portal\/ordenanza-n-022-91\/\">Ordenanza N\u00b0 022\/91<\/a><div class=\"lcp_excerpt\">Referente a fijar precio por metro de le\u00f1a.\n\t\t\t\n\t\t\t\t\t\tVER DOCUMENTO COMPLETO \/\/ Estado: VIGENTE\n\t\t\t\t\t\n<\/div><\/li><li><a href=\"https:\/\/www.hcdelcalafate.gob.ar\/portal\/ordenanza-n-021-91\/\">Ordenanza N\u00b0 021\/91<\/a><div class=\"lcp_excerpt\">Referente a fijar precio por tonelada de carb\u00f3n.\n\t\t\t\n\t\t\t\t\t\tVER DOCUMENTO COMPLETO \/\/ Estado: VIGENTE\n\t\t\t\t\t\n<\/div><\/li><li><a href=\"https:\/\/www.hcdelcalafate.gob.ar\/portal\/ordenanza-n-020-91\/\">Ordenanza N\u00b0 020\/91<\/a><div class=\"lcp_excerpt\">Referente a declarar de Inter\u00e9s Municipal la ascenci\u00f3n al Cerro Vespignani y\/o Milanesio (Lago del Desierto) por parte de los andinistas Sr. Jorge Lemos y Sr. Jos\u00e9 Guerrido el 9 de Julio en conmemoraci\u00f3n al d\u00eda de la Independencia.\n\t\t\t\n\t\t\t\t\t\tVER DOCUMENTO COMPLETO \/\/ Estado: VIGENTE\n\t\t\t\t\t\n<\/div><\/li><li><a href=\"https:\/\/www.hcdelcalafate.gob.ar\/portal\/ordenanza-n-019-91\/\">Ordenanza N\u00b0 019\/91<\/a><div class=\"lcp_excerpt\">Referente a establecer en el Presupuesto Anual de Gastos y Recursos, el otorgamiento de Pensiones Temporarias a personas que por falta de documentaci\u00f3n\/aportes no pueden acceder a la jubilaci\u00f3n\/pensi\u00f3n.\n\t\t\t\n\t\t\t\t\t\tVER DOCUMENTO COMPLETO \/\/ Estado: VIGENTE\n\t\t\t\t\t\n<\/div><\/li><li><a href=\"https:\/\/www.hcdelcalafate.gob.ar\/portal\/ordenanza-n-018-91\/\">Ordenanza N\u00b0 018\/91<\/a><div class=\"lcp_excerpt\">Referente a declarar de Inter\u00e9s Municipal la realizaci\u00f3n del Curso de Capacitaci\u00f3n de Auxiliares de Enfermer\u00eda.\n\t\t\t\n\t\t\t\t\t\tVER DOCUMENTO COMPLETO \/\/ Estado: VIGENTE\n\t\t\t\t\t\n<\/div><\/li><li><a href=\"https:\/\/www.hcdelcalafate.gob.ar\/portal\/ordenanza-n-017-91\/\">Ordenanza N\u00b0 017\/91<\/a><div class=\"lcp_excerpt\">Referente a derogar Ordenanza N\u00b0 065\/90, y ratificar la Ordenanza N\u00b0 027\/88.\n\t\t\t\n\t\t\t\t\t\tVER DOCUMENTO COMPLETO \/\/ Estado: VIGENTE\n\t\t\t\t\t\n<\/div><\/li><li><a href=\"https:\/\/www.hcdelcalafate.gob.ar\/portal\/ordenanza-n-016-91\/\">Ordenanza N\u00b0 016\/91<\/a><div class=\"lcp_excerpt\">Referente a crear el Distrito \"D\" como sectores a transformar para su urbanizaci\u00f3n.\nMODIFICADA POR ORDENANZA N\u00b0 382\/96.\n\t\t\t\n\t\t\t\t\t\tVER DOCUMENTO COMPLETO \/\/ Estado: MODIFICADA\n\t\t\t\t\t\n<\/div><\/li><li><a href=\"https:\/\/www.hcdelcalafate.gob.ar\/portal\/ordenanza-n-015-91\/\">Ordenanza N\u00b0 015\/91<\/a><div class=\"lcp_excerpt\">Referente a modificar la cuota de la guarder\u00eda Municipal a Australes 150.000 por ni\u00f1o.\nDEROGADA MEDIANTE ORDENANZA N\u00b0 660\/01.\n\t\t\t\n\t\t\t\t\t\tVER DOCUMENTO COMPLETO \/\/ Estado: DEROGADA\n\t\t\t\t\t\n<\/div><\/li><li><a href=\"https:\/\/www.hcdelcalafate.gob.ar\/portal\/ordenanza-n-014-91\/\">Ordenanza N\u00b0 014\/91<\/a><div class=\"lcp_excerpt\">Referente a fijar sueldos b\u00e1sicos seg\u00fan planillas anexas.\n\t\t\t\n\t\t\t\t\t\tVER DOCUMENTO COMPLETO \/\/ Estado: VIGENTE\n\t\t\t\t\t\n<\/div><\/li><li><a href=\"https:\/\/www.hcdelcalafate.gob.ar\/portal\/ordenanza-n-013-91\/\">Ordenanza N\u00b0 013\/91<\/a><div class=\"lcp_excerpt\">Referente a la conformaci\u00f3n del Consejo de Acci\u00f3n Social.\n\t\t\t\n\t\t\t\t\t\tVER DOCUMENTO COMPLETO \/\/ Estado: VIGENTE\n\t\t\t\t\t\n<\/div><\/li><li><a href=\"https:\/\/www.hcdelcalafate.gob.ar\/portal\/ordenanza-n-012-91\/\">Ordenanza N\u00b0 012\/91<\/a><div class=\"lcp_excerpt\">Referente al Cobro del Impuesto Parque Automotor correspondiente al A\u00f1o 1991.\n\t\t\t\n\t\t\t\t\t\tVER DOCUMENTO COMPLETO \/\/ Estado: VIGENTE\n\t\t\t\t\t\n<\/div><\/li><li><a href=\"https:\/\/www.hcdelcalafate.gob.ar\/portal\/ordenanza-n-011-91\/\">Ordenanza N\u00b0 011\/91<\/a><div class=\"lcp_excerpt\">Referente a derogar Ordenanza N\u00b0 07\/89.\n\t\t\t\n\t\t\t\t\t\tVER DOCUMENTO COMPLETO \/\/ Estado: VIGENTE\n\t\t\t\t\t\n<\/div><\/li><li><a href=\"https:\/\/www.hcdelcalafate.gob.ar\/portal\/ordenanza-n-010-91\/\">Ordenanza N\u00b0 010\/91<\/a><div class=\"lcp_excerpt\">Referente a establecer valores para las tasas de Barrido y Limpieza de calles, mantenimiento de la V\u00eda P\u00fablica, alumbrado y recolecci\u00f3n de residuos - A\u00f1o 1990.\n\t\t\t\n\t\t\t\t\t\tVER DOCUMENTO COMPLETO \/\/ Estado: VIGENTE\n\t\t\t\t\t\n<\/div><\/li><li><a href=\"https:\/\/www.hcdelcalafate.gob.ar\/portal\/ordenanza-n-009-91\/\">Ordenanza N\u00b0 009\/91<\/a><div class=\"lcp_excerpt\">Referente a las pautas para el cobro del Impuesto Inmobiliario a\u00f1o 1990.\nDEROGADA POR ORDENANZA N\u00b0 46\/91.\n\t\t\t\n\t\t\t\t\t\tVER DOCUMENTO COMPLETO \/\/ Estado: DEROGADA\n\t\t\t\t\t\n<\/div><\/li><li><a href=\"https:\/\/www.hcdelcalafate.gob.ar\/portal\/ordenanza-n-008-91\/\">Ordenanza N\u00b0 008\/91<\/a><div class=\"lcp_excerpt\">Referente a disposici\u00f3n de Planes de Pagos.\nDEROGA ORDENANZA N\u00b0 48\/90.\nDEROGADA POR ORDENANZA N\u00b0 31\/91.\n\t\t\t\n\t\t\t\t\t\tVER DOCUMENTO COMPLETO \/\/ Estado: DEROGADA\n\t\t\t\t\t\n<\/div><\/li><li><a href=\"https:\/\/www.hcdelcalafate.gob.ar\/portal\/ordenanza-n-007-91\/\">Ordenanza N\u00b0 007\/91<\/a><div class=\"lcp_excerpt\">Referente a Sobretasa - Los propietarios y\/o responsables de Bald\u00edos Urbanos - A\u00f1o 1990.\nDEROGA ORDENANZA N\u00b0 64\/88.\nDEROGA ORDENANZA N\u00b0 02\/90.\n\t\t\t\n\t\t\t\t\t\tVER DOCUMENTO COMPLETO \/\/ Estado: VIGENTE\n\t\t\t\t\t\n<\/div><\/li><li><a href=\"https:\/\/www.hcdelcalafate.gob.ar\/portal\/ordenanza-n-006-91\/\">Ordenanza N\u00b0 006\/91<\/a><div class=\"lcp_excerpt\">Referente al adicional remunerativo no bonificable para las autoridades superiores de la Administraci\u00f3n P\u00fablica.\n\t\t\t\n\t\t\t\t\t\tVER DOCUMENTO COMPLETO \/\/ Estado: VIGENTE\n\t\t\t\t\t\n<\/div><\/li><li><a href=\"https:\/\/www.hcdelcalafate.gob.ar\/portal\/ordenanza-n-005-91\/\">Ordenanza N\u00b0 005\/91<\/a><div class=\"lcp_excerpt\">Referente a derogar las Ordenanzas N\u00b0 066\/88 y Ordenanzas N\u00b0 013\/89 (nuevo Organigrama Municipal).\nDEROGADA POR ORDENANZA N\u00b0 53\/91.\n\t\t\t\n\t\t\t\t\t\tVER DOCUMENTO COMPLETO \/\/ Estado: DEROGADA\n\t\t\t\t\t\n<\/div><\/li><li><a href=\"https:\/\/www.hcdelcalafate.gob.ar\/portal\/ordenanza-n-004-91\/\">Ordenanza N\u00b0 004\/91<\/a><div class=\"lcp_excerpt\">Referente al Decreto Provincial N\u00ba 2041\/90 referido a dedicaci\u00f3n exclusiva del personal de cargos electivos y cargos pol\u00edticos.\n\t\t\t\n\t\t\t\t\t\tVER DOCUMENTO COMPLETO \/\/ Estado: VIGENTE\n\t\t\t\t\t\n<\/div><\/li><li><a href=\"https:\/\/www.hcdelcalafate.gob.ar\/portal\/ordenanza-n-003-91\/\">Ordenanza N\u00b0 003\/91<\/a><div class=\"lcp_excerpt\">Referente a adherir al Texto de la Ley Provincial N\u00b0 2193 (reordenamiento del Estado Provincial y Municipal).\n\t\t\t\n\t\t\t\t\t\tVER DOCUMENTO COMPLETO \/\/ Estado: VIGENTE\n\t\t\t\t\t\n<\/div><\/li><li><a href=\"https:\/\/www.hcdelcalafate.gob.ar\/portal\/ordenanza-n-002-91\/\">Ordenanza N\u00b0 002\/91<\/a><div class=\"lcp_excerpt\">Referente a declarar de Inter\u00e9s P\u00fablico Municipal la realizaci\u00f3n de Obras de Servicios elementales.\n\t\t\t\n\t\t\t\t\t\tVER DOCUMENTO COMPLETO \/\/ Estado: VIGENTE\n\t\t\t\t\t\n<\/div><\/li><li><a href=\"https:\/\/www.hcdelcalafate.gob.ar\/portal\/ordenanza-n-001-91\/\">Ordenanza N\u00b0 001\/91<\/a><div class=\"lcp_excerpt\">Referente a modificar Art\u00edculo 9\u00b0 de la Ordenanza Tarifaria vigente (cobro de Abasto e Inspecci\u00f3n Veterinaria). Modifica Ordenanza N\u00b0 040\/90.\n\t\t\t\n\t\t\t\t\t\tVER DOCUMENTO COMPLETO \/\/ Estado: VIGENTE\n\t\t\t\t\t\n<\/div><\/li><\/ul>\n\n\n\n<hr class=\"wp-block-separator has-alpha-channel-opacity\"\/>\n\n\n\n<p class=\"has-text-align-center\"><em>Nota importante: Las Ordenanzas ser\u00e1n publicadas una vez promulgadas, <\/em><br><em>seg\u00fan se establece en el Art. N\u00b0 61 Inc. \u201ca\u201d de la Ley Provincial N\u00b0 55.<\/em><br><br><em>Puede ser que el estado del documento visitado no est\u00e9 actualizado, consulte el <\/em><br><em>Digesto Oficial en nuestras oficinas administrativas.<\/em> <\/p>\n","protected":false},"excerpt":{"rendered":"<p>Nota importante: Las Ordenanzas ser\u00e1n publicadas una vez promulgadas, seg\u00fan se establece en el Art. N\u00b0 61 Inc. \u201ca\u201d de la Ley Provincial N\u00b0 55. Puede ser que el estado&hellip; <\/p>\n","protected":false},"author":1,"featured_media":0,"parent":0,"menu_order":0,"comment_status":"closed","ping_status":"closed","template":"","meta":{"footnotes":""},"class_list":["post-1891","page","type-page","status-publish","hentry"],"_links":{"self":[{"href":"https:\/\/www.hcdelcalafate.gob.ar\/portal\/wp-json\/wp\/v2\/pages\/1891","targetHints":{"allow":["GET"]}}],"collection":[{"href":"https:\/\/www.hcdelcalafate.gob.ar\/portal\/wp-json\/wp\/v2\/pages"}],"about":[{"href":"https:\/\/www.hcdelcalafate.gob.ar\/portal\/wp-json\/wp\/v2\/types\/page"}],"author":[{"embeddable":true,"href":"https:\/\/www.hcdelcalafate.gob.ar\/portal\/wp-json\/wp\/v2\/users\/1"}],"replies":[{"embeddable":true,"href":"https:\/\/www.hcdelcalafate.gob.ar\/portal\/wp-json\/wp\/v2\/comments?post=1891"}],"version-history":[{"count":23,"href":"https:\/\/www.hcdelcalafate.gob.ar\/portal\/wp-json\/wp\/v2\/pages\/1891\/revisions"}],"predecessor-version":[{"id":26819,"href":"https:\/\/www.hcdelcalafate.gob.ar\/portal\/wp-json\/wp\/v2\/pages\/1891\/revisions\/26819"}],"wp:attachment":[{"href":"https:\/\/www.hcdelcalafate.gob.ar\/portal\/wp-json\/wp\/v2\/media?parent=1891"}],"curies":[{"name":"wp","href":"https:\/\/api.w.org\/{rel}","templated":true}]}}