{"id":1885,"date":"1993-01-01T00:15:51","date_gmt":"1993-01-01T02:15:51","guid":{"rendered":"http:\/\/www.hcdelcalafate.gob.ar\/portal\/?page_id=1885"},"modified":"2026-02-24T10:18:56","modified_gmt":"2026-02-24T13:18:56","slug":"ordenanzas-1993","status":"publish","type":"page","link":"https:\/\/www.hcdelcalafate.gob.ar\/portal\/ordenanzas-1993\/","title":{"rendered":"Ordenanzas 1993"},"content":{"rendered":"\n<ul class=\"lcp_catlist\" id=\"lcp_instance_0\"><li><a href=\"https:\/\/www.hcdelcalafate.gob.ar\/portal\/ordenanza-n-160-93\/\">Ordenanza N\u00b0 160\/93<\/a><div class=\"lcp_excerpt\">Autorizar al Departamento Ejecutivo al cobre de Patente Automotor per\u00edodo fiscal 1994.\n\t\t\t\n\t\t\t\t\t\tVER DOCUMENTO COMPLETO \/\/ Estado: VIGENTE\n\t\t\t\t\t\n<\/div><\/li><li><a href=\"https:\/\/www.hcdelcalafate.gob.ar\/portal\/ordenanza-n-159-93\/\">Ordenanza N\u00b0 159\/93<\/a><div class=\"lcp_excerpt\">Autorizar al Departamento Ejecutivo a efectuar el cobro en cuotas del Impuesto Inmobiliario y las Tazas por Servicios Retribuidos, correspondiente al a\u00f1o 1993.\n\t\t\t\n\t\t\t\t\t\tVER DOCUMENTO COMPLETO \/\/ Estado: VIGENTE\n\t\t\t\t\t\n<\/div><\/li><li><a href=\"https:\/\/www.hcdelcalafate.gob.ar\/portal\/ordenanza-n-158-93\/\">Ordenanza N\u00b0 158\/93<\/a><div class=\"lcp_excerpt\">SIN DOCUMENTACION\n\t\t\t\n\t\t\t\t\t\tVER DOCUMENTO COMPLETO \/\/ Estado: VIGENTE\n\t\t\t\t\t\n<\/div><\/li><li><a href=\"https:\/\/www.hcdelcalafate.gob.ar\/portal\/ordenanza-n-157-93\/\">Ordenanza N\u00b0 157\/93<\/a><div class=\"lcp_excerpt\">Autorizar a exceptuar del cumplimiento del Art\u00edculo 19\u00b0 de la Ordenanza N\u00b0 052\/92 (caso Cretton, H\u00e9ctor Andr\u00e9s).\n\t\t\t\n\t\t\t\t\t\tVER DOCUMENTO COMPLETO \/\/ Estado: VIGENTE\n\t\t\t\t\t\n<\/div><\/li><li><a href=\"https:\/\/www.hcdelcalafate.gob.ar\/portal\/ordenanza-n-156-93\/\">Ordenanza N\u00b0 156\/93<\/a><div class=\"lcp_excerpt\">Autorizar a exceptuar del cumplimiento del Art\u00edculo 19\u00b0 de la Ordenanza N\u00b0 052\/92 (caso Calisto Andrade, Rosa Rita)\n\t\t\t\n\t\t\t\t\t\tVER DOCUMENTO COMPLETO \/\/ Estado: VIGENTE\n\t\t\t\t\t\n<\/div><\/li><li><a href=\"https:\/\/www.hcdelcalafate.gob.ar\/portal\/ordenanza-n-155-93\/\">Ordenanza N\u00b0 155\/93<\/a><div class=\"lcp_excerpt\">Declarar de Inter\u00e9s Municipal el Campeonato de Futbol organizado por la Comisi\u00f3n Normalizadora de la liga de Futbol local.\n\t\t\t\n\t\t\t\t\t\tVER DOCUMENTO COMPLETO \/\/ Estado: VIGENTE\n\t\t\t\t\t\n<\/div><\/li><li><a href=\"https:\/\/www.hcdelcalafate.gob.ar\/portal\/ordenanza-n-154-93\/\">Ordenanza N\u00b0 154\/93<\/a><div class=\"lcp_excerpt\">Adherir al Decreto Provincial N\u00b0 1696\/93.\n\t\t\t\n\t\t\t\t\t\tVER DOCUMENTO COMPLETO \/\/ Estado: VIGENTE\n\t\t\t\t\t\n<\/div><\/li><li><a href=\"https:\/\/www.hcdelcalafate.gob.ar\/portal\/ordenanza-n-153-93\/\">Ordenanza N\u00b0 153\/93<\/a><div class=\"lcp_excerpt\">Prorrogar por 90 d\u00edas el plazo establecido por Ordenanza N\u00b0 079\/92, Art. 7\u00b0, inc. H, apartado 13 del Presente Inciso.\n\t\t\t\n\t\t\t\t\t\tVER DOCUMENTO COMPLETO \/\/ Estado: VIGENTE\n\t\t\t\t\t\n<\/div><\/li><li><a href=\"https:\/\/www.hcdelcalafate.gob.ar\/portal\/ordenanza-n-152-93\/\">Ordenanza N\u00b0 152\/93<\/a><div class=\"lcp_excerpt\">Coordinar, articular y compatibilizar las acciones del Gobierno a fines de racionalizar la asignaci\u00f3n de recursos para la disminuci\u00f3n de costos para el erario P\u00fablico Municipal, mejora de Servicios e incremento del empleo.\n\t\t\t\n\t\t\t\t\t\tVER DOCUMENTO COMPLETO \/\/ Estado: VIGENTE\n\t\t\t\t\t\n<\/div><\/li><li><a href=\"https:\/\/www.hcdelcalafate.gob.ar\/portal\/ordenanza-n-151-93\/\">Ordenanza N\u00b0 151\/93<\/a><div class=\"lcp_excerpt\">El pliego de bases y condiciones para la Licitaci\u00f3n P\u00fablica N\u00b0\u00a0 \u00a0 \u00a0 \/93 (Realizaci\u00f3n de la obra de reconstrucci\u00f3n de actuales instalaciones y construcci\u00f3n de un Matadero Municipal tipo rural (y otros).\n\t\t\t\n\t\t\t\t\t\tVER DOCUMENTO COMPLETO \/\/ Estado: VIGENTE\n\t\t\t\t\t\n<\/div><\/li><li><a href=\"https:\/\/www.hcdelcalafate.gob.ar\/portal\/ordenanza-n-150-93\/\">Ordenanza N\u00b0 150\/93<\/a><div class=\"lcp_excerpt\">Crear el Registro Especial donde se inscribir\u00e1 a todas las sociedades, asociaciones, fundaciones, mutuales y cooperativas.\n\t\t\t\n\t\t\t\t\t\tVER DOCUMENTO COMPLETO \/\/ Estado: VIGENTE\n\t\t\t\t\t\n<\/div><\/li><li><a href=\"https:\/\/www.hcdelcalafate.gob.ar\/portal\/ordenanza-n-149-93\/\">Ordenanza N\u00b0 149\/93<\/a><div class=\"lcp_excerpt\">Donar superficie de Tierra a favor del Tribunal Superior de Justicia de la Provincia de Santa Cruz.\n\t\t\t\n\t\t\t\t\t\tVER DOCUMENTO COMPLETO \/\/ Estado: VIGENTE\n\t\t\t\t\t\n<\/div><\/li><li><a href=\"https:\/\/www.hcdelcalafate.gob.ar\/portal\/ordenanza-n-148-93\/\">Ordenanza N\u00b0 148\/93<\/a><div class=\"lcp_excerpt\">Derogar parcialmente el Art\u00edculo 23\u00b0 de Ordenanza N\u00b0 071\/84.\nMODIFICA ORDENANZA N\u00b0 071\/84.\n\t\t\t\n\t\t\t\t\t\tVER DOCUMENTO COMPLETO \/\/ Estado: VIGENTE\n\t\t\t\t\t\n<\/div><\/li><li><a href=\"https:\/\/www.hcdelcalafate.gob.ar\/portal\/ordenanza-n-147-93\/\">Ordenanza N\u00b0 147\/93<\/a><div class=\"lcp_excerpt\">Exceptuar de los alcances de la Ordenanza N\u00b0 058\/91, la Contrataci\u00f3n de un Ingeniero Agr\u00f3nomo para el asesoramiento t\u00e9cnico de los chacareros y del Municipio local.\n\t\t\t\n\t\t\t\t\t\tVER DOCUMENTO COMPLETO \/\/ Estado: VIGENTE\n\t\t\t\t\t\n<\/div><\/li><li><a href=\"https:\/\/www.hcdelcalafate.gob.ar\/portal\/ordenanza-n-146-93\/\">Ordenanza N\u00b0 146\/93<\/a><div class=\"lcp_excerpt\">Creaci\u00f3n del Tribunal de Faltas Municipal.\nMODIFICA ORDENANZA N\u00b0 74\/92.\n\t\t\t\n\t\t\t\t\t\tVER DOCUMENTO COMPLETO \/\/ Estado: VIGENTE\n\t\t\t\t\t\n<\/div><\/li><li><a href=\"https:\/\/www.hcdelcalafate.gob.ar\/portal\/ordenanza-n-145-93\/\">Ordenanza N\u00b0 145\/93<\/a><div class=\"lcp_excerpt\">Excluir del r\u00e9gimen de Planes de Pago establecido mediante Ordenanza N\u00b0 115\/93 a los derechos de habilitaci\u00f3n comercial, derecho por habilitaci\u00f3n de transporte p\u00fablico de pasajeros y tasas adicional por expendio de bebidas alcoh\u00f3licas.\nMODIFICA ORDENANZA N\u00b0 115\/93.\n\t\t\t\n\t\t\t\t\t\tVER DOCUMENTO COMPLETO \/\/ Estado: VIGENTE\n\t\t\t\t\t\n<\/div><\/li><li><a href=\"https:\/\/www.hcdelcalafate.gob.ar\/portal\/ordenanza-n-144-93\/\">Ordenanza N\u00b0 144\/93<\/a><div class=\"lcp_excerpt\">Ratificar el convenio entre la Municipalidad de El Calafate y la empresa de Servicios P\u00fablicos Sociedad del Estado - realizaci\u00f3n de la Obra \u201cExtensi\u00f3n de la Red de Agua\u201d.\n\t\t\t\n\t\t\t\t\t\tVER DOCUMENTO COMPLETO \/\/ Estado: VIGENTE\n\t\t\t\t\t\n<\/div><\/li><li><a href=\"https:\/\/www.hcdelcalafate.gob.ar\/portal\/ordenanza-n-143-93\/\">Ordenanza N\u00b0 143\/93<\/a><div class=\"lcp_excerpt\">Ratificar el convenio y anexos integrantes del mismo entre Argencard S.A. y la Municipalidad de El Calafate.\n\t\t\t\n\t\t\t\t\t\tVER DOCUMENTO COMPLETO \/\/ Estado: VIGENTE\n\t\t\t\t\t\n<\/div><\/li><li><a href=\"https:\/\/www.hcdelcalafate.gob.ar\/portal\/ordenanza-n-142bis-93\/\">Ordenanza N\u00b0 142bis\/93<\/a><div class=\"lcp_excerpt\">Declarar de Inter\u00e9s Municipal las \"VIII Jornadas de Formaci\u00f3n del Recurso Humano en Salud\".\n\t\t\t\n\t\t\t\t\t\tVER DOCUMENTO COMPLETO \/\/ Estado: VIGENTE\n\t\t\t\t\t\n<\/div><\/li><li><a href=\"https:\/\/www.hcdelcalafate.gob.ar\/portal\/ordenanza-n-142-93\/\">Ordenanza N\u00b0 142\/93<\/a><div class=\"lcp_excerpt\">Adherir a la Ley Provincial N\u00b0 2329 (vigencia del R\u00e9gimen de Retiro Voluntario en la Provincia).\n\t\t\t\n\t\t\t\t\t\tVER DOCUMENTO COMPLETO \/\/ Estado: VIGENTE\n\t\t\t\t\t\n<\/div><\/li><li><a href=\"https:\/\/www.hcdelcalafate.gob.ar\/portal\/ordenanza-n-141-93\/\">Ordenanza N\u00b0 141\/93<\/a><div class=\"lcp_excerpt\">Exceptuar de los alcances de la Ordenanza N\u00b0 058\/91, la Contrataci\u00f3n de los servicios de 4 personas a fin de cubrir cargo en la Secretar\u00eda de Turismo.\n\t\t\t\n\t\t\t\t\t\tVER DOCUMENTO COMPLETO \/\/ Estado: VIGENTE\n\t\t\t\t\t\n<\/div><\/li><li><a href=\"https:\/\/www.hcdelcalafate.gob.ar\/portal\/ordenanza-n-140-93\/\">Ordenanza N\u00b0 140\/93<\/a><div class=\"lcp_excerpt\">Agregar un art\u00edculo a la Ordenanza N\u00ba 047\/91 - C\u00f3digo Municipal de Faltas (multas por incumplimiento de ascenso y\/o descenso de pasajeros)\n\t\t\t\n\t\t\t\t\t\tVER DOCUMENTO COMPLETO \/\/ Estado: VIGENTE\n\t\t\t\t\t\n<\/div><\/li><li><a href=\"https:\/\/www.hcdelcalafate.gob.ar\/portal\/ordenanza-n-139-93\/\">Ordenanza N\u00b0 139\/93<\/a><div class=\"lcp_excerpt\">Modificar el Art\u00edculo 17\u00ba, incisos A a J inclusive; y Art\u00edculo 18\u00ba de la Ordenanza N\u00ba 040\/90, referente a impuestos, tasas, derechos, contribuciones, multas, recargos e intereses - A\u00f1o 1990.\n\t\t\t\n\t\t\t\t\t\tVER DOCUMENTO COMPLETO \/\/ Estado: VIGENTE\n\t\t\t\t\t\n<\/div><\/li><li><a href=\"https:\/\/www.hcdelcalafate.gob.ar\/portal\/ordenanza-n-138-93\/\">Ordenanza N\u00b0 138\/93<\/a><div class=\"lcp_excerpt\">Modificar el Art\u00edculo 7\u00ba, incisos B y C; e incorporase Art\u00edculo 9\u00ba a la Ordenanza N\u00ba 079\/92 referente a establecer normas para el Servicio de Transporte P\u00fablico de Pasajeros dentro del Ejido Municipal.\u00a0DEROGADA MEDIANTE ORDENANZA N\u00b0 298\/96.\n\t\t\t\n\t\t\t\t\t\tVER DOCUMENTO COMPLETO \/\/ Estado: DEROGADA\n\t\t\t\t\t\n<\/div><\/li><li><a href=\"https:\/\/www.hcdelcalafate.gob.ar\/portal\/ordenanza-n-137-93\/\">Ordenanza N\u00b0 137\/93<\/a><div class=\"lcp_excerpt\">Informar a beneficiarios de Personar\u00edas Municipales de su real alcance y los beneficios que obtendr\u00edan con las Personar\u00edas Jur\u00eddicas.\n\t\t\t\n\t\t\t\t\t\tVER DOCUMENTO COMPLETO \/\/ Estado: VIGENTE\n\t\t\t\t\t\n<\/div><\/li><li><a href=\"https:\/\/www.hcdelcalafate.gob.ar\/portal\/ordenanza-n-136-93-bis\/\">Ordenanza N\u00b0 136\/93-BIS<\/a><div class=\"lcp_excerpt\">Autorizar al Ejecutivo Municipal a adjudicar en venta en las condiciones que establece la Ordenanza N\u00b0 52\/HCD\/92 a favor de la Sra. Ojeda Janet Flora y Ojeda Erwina Lilian.\n\t\t\t\n\t\t\t\t\t\tVER DOCUMENTO COMPLETO \/\/ Estado: VIGENTE\n\t\t\t\t\t\n<\/div><\/li><li><a href=\"https:\/\/www.hcdelcalafate.gob.ar\/portal\/ordenanza-n-136-93\/\">Ordenanza N\u00b0 136\/93<\/a><div class=\"lcp_excerpt\">Autorizar al Ejecutivo Municipal a adjudicar en venta en las condiciones que establece la Ordenanza N\u00b0 52\/HCD\/92 a favor de la Sra. Ojeda Erwina Lilian.\n\t\t\t\n\t\t\t\t\t\tVER DOCUMENTO COMPLETO \/\/ Estado: VIGENTE\n\t\t\t\t\t\n<\/div><\/li><li><a href=\"https:\/\/www.hcdelcalafate.gob.ar\/portal\/ordenanza-n-135-93\/\">Ordenanza N\u00b0 135\/93<\/a><div class=\"lcp_excerpt\">Exceptuar del Plan Regulador Cap\u00edtulo II-302-4c, al Instituto de Desarrollo Urbano y Vivienda (IDUV) para la construcci\u00f3n del Barrio \"46 Viviendas e Infraestructura en El Calafate\".\n\t\t\t\n\t\t\t\t\t\tVER DOCUMENTO COMPLETO \/\/ Estado: VIGENTE\n\t\t\t\t\t\n<\/div><\/li><li><a href=\"https:\/\/www.hcdelcalafate.gob.ar\/portal\/ordenanza-n-134-93\/\">Ordenanza N\u00b0 134\/93<\/a><div class=\"lcp_excerpt\">Declarar de Inter\u00e9s Municipal al \"III Congreso Patag\u00f3nico de Jefes de Polic\u00eda\".\n\t\t\t\n\t\t\t\t\t\tVER DOCUMENTO COMPLETO \/\/ Estado: VIGENTE\n\t\t\t\t\t\n<\/div><\/li><li><a href=\"https:\/\/www.hcdelcalafate.gob.ar\/portal\/ordenanza-n-133-93\/\">Ordenanza N\u00b0 133\/93<\/a><div class=\"lcp_excerpt\">Ratificar el convenio entre la Subsecretar\u00eda de Turismo y la Municipalidad de El Calafate.\n\t\t\t\n\t\t\t\t\t\tVER DOCUMENTO COMPLETO \/\/ Estado: VIGENTE\n\t\t\t\t\t\n<\/div><\/li><li><a href=\"https:\/\/www.hcdelcalafate.gob.ar\/portal\/ordenanza-n-132-93\/\">Ordenanza N\u00b0 132\/93<\/a><div class=\"lcp_excerpt\">Modificar los Art\u00edculos 1\u00ba y 2\u00ba de la Ordenanza N\u00ba 030\/92. (Referente a la creaci\u00f3n de la Tarjeta Tur\u00edstica de El Calafate que ofrece descuentos para los residentes de Chubut, Santa Cruz y Tierra del Fuego).\n\t\t\t\n\t\t\t\t\t\tVER DOCUMENTO COMPLETO \/\/ Estado: VIGENTE\n\t\t\t\t\t\n<\/div><\/li><li><a href=\"https:\/\/www.hcdelcalafate.gob.ar\/portal\/ordenanza-n-131-93\/\">Ordenanza N\u00b0 131\/93<\/a><div class=\"lcp_excerpt\">Ratificar el convenio entre la Municipalidad de El Calafate y la Subsecretar\u00eda de Recursos Tributarios.\n\t\t\t\n\t\t\t\t\t\tVER DOCUMENTO COMPLETO \/\/ Estado: VIGENTE\n\t\t\t\t\t\n<\/div><\/li><li><a href=\"https:\/\/www.hcdelcalafate.gob.ar\/portal\/ordenanza-n-130-93\/\">Ordenanza N\u00b0 130\/93<\/a><div class=\"lcp_excerpt\">Exceptuar de los alcances de la Ordenanza N\u00ba 058\/91 (caso Ib\u00e1\u00f1ez, Nilda)\n\t\t\t\n\t\t\t\t\t\tVER DOCUMENTO COMPLETO \/\/ Estado: VIGENTE\n\t\t\t\t\t\n<\/div><\/li><li><a href=\"https:\/\/www.hcdelcalafate.gob.ar\/portal\/ordenanza-n-129-93\/\">Ordenanza N\u00b0 129\/93<\/a><div class=\"lcp_excerpt\">Transporte Colectivo de Pasajeros - Servicio P\u00fablico.\u00a0MODIFICADA POR ORDENANZA N\u00b0 578\/00.\n\t\t\t\n\t\t\t\t\t\tVER DOCUMENTO COMPLETO \/\/ Estado: VIGENTE\n\t\t\t\t\t\n<\/div><\/li><li><a href=\"https:\/\/www.hcdelcalafate.gob.ar\/portal\/ordenanza-n-128-93\/\">Ordenanza N\u00b0 128\/93<\/a><div class=\"lcp_excerpt\">Reservar el Lote 7 de la Manzana 90b para la construcci\u00f3n de una Plaza de Juegos Infantiles.\u00a0DEROGA ORDENANZA N\u00b0 121\/93.\n\t\t\t\n\t\t\t\t\t\tVER DOCUMENTO COMPLETO \/\/ Estado: VIGENTE\n\t\t\t\t\t\n<\/div><\/li><li><a href=\"https:\/\/www.hcdelcalafate.gob.ar\/portal\/ordenanza-n-127-93\/\">Ordenanza N\u00b0 127\/93<\/a><div class=\"lcp_excerpt\">Autorizar a realizar adelantos de Sueldos a los Agentes Municipales que lo soliciten por razones de Salud.\u00a0DEROGADA MEDIANTE ORDENANZA N\u00b0 422\/97.\n\t\t\t\n\t\t\t\t\t\tVER DOCUMENTO COMPLETO \/\/ Estado: DEROGADA\n\t\t\t\t\t\n<\/div><\/li><li><a href=\"https:\/\/www.hcdelcalafate.gob.ar\/portal\/ordenanza-n-126-93\/\">Ordenanza N\u00b0 126\/93<\/a><div class=\"lcp_excerpt\">Autorizar a la Tesorer\u00eda Municipal a emitir pago a Cotecal por consumo de la Parroquia \"Santa Teresita\"(Subsidio)\n\t\t\t\n\t\t\t\t\t\tVER DOCUMENTO COMPLETO \/\/ Estado: VIGENTE\n\t\t\t\t\t\n<\/div><\/li><li><a href=\"https:\/\/www.hcdelcalafate.gob.ar\/portal\/ordenanza-n-125-93\/\">Ordenanza N\u00b0 125\/93<\/a><div class=\"lcp_excerpt\">Disminuir y reforzar valores por cr\u00e9ditos asignados a la Partida Erogaciones Corrientes.\n\t\t\t\n\t\t\t\t\t\tVER DOCUMENTO COMPLETO \/\/ Estado: VIGENTE\n\t\t\t\t\t\n<\/div><\/li><li><a href=\"https:\/\/www.hcdelcalafate.gob.ar\/portal\/ordenanza-n-124-93\/\">Ordenanza N\u00b0 124\/93<\/a><div class=\"lcp_excerpt\">Exceptuar de la Ordenanza N\u00ba 058\/91, el otorgamiento de un subsidio a favor del Aer\u00f3dromo Lago Argentino para cancelar una deuda.\n\t\t\t\n\t\t\t\t\t\tVER DOCUMENTO COMPLETO \/\/ Estado: VIGENTE\n\t\t\t\t\t\n<\/div><\/li><li><a href=\"https:\/\/www.hcdelcalafate.gob.ar\/portal\/ordenanza-n-123-93\/\">Ordenanza N\u00b0 123\/93<\/a><div class=\"lcp_excerpt\">Otorgar el correspondiente permiso para conducir veh\u00edculos de tracci\u00f3n animal para un solo pasajero o de carga de hasta 700 kg de peso.\n\t\t\t\n\t\t\t\t\t\tVER DOCUMENTO COMPLETO \/\/ Estado: VIGENTE\n\t\t\t\t\t\n<\/div><\/li><li><a href=\"https:\/\/www.hcdelcalafate.gob.ar\/portal\/ordenanza-n-122-93\/\">Ordenanza N\u00b0 122\/93<\/a><div class=\"lcp_excerpt\">Agregar el Art\u00edculo 74\u00b0 bis a la Ordenanza N\u00ba 063\/90, e incisos 72, 73 y 74 en el Art\u00edculo 15\u00b0 sector 1 a la Ordenanza\u00a0 N\u00ba 040\/90.\n\t\t\t\n\t\t\t\t\t\tVER DOCUMENTO COMPLETO \/\/ Estado: VIGENTE\n\t\t\t\t\t\n<\/div><\/li><li><a href=\"https:\/\/www.hcdelcalafate.gob.ar\/portal\/ordenanza-n-121-93\/\">Ordenanza N\u00b0 121\/93<\/a><div class=\"lcp_excerpt\">Reservar la Manzana 90b para la construcci\u00f3n de una Plaza de Juegos Infantiles.\u00a0DEROGADA POR ORDENANZA N\u00b0 128\/93.\n\t\t\t\n\t\t\t\t\t\tVER DOCUMENTO COMPLETO \/\/ Estado: DEROGADA\n\t\t\t\t\t\n<\/div><\/li><li><a href=\"https:\/\/www.hcdelcalafate.gob.ar\/portal\/ordenanza-n-120-93\/\">Ordenanza N\u00b0 120\/93<\/a><div class=\"lcp_excerpt\">Ratificar el Decreto N\u00ba 253\/93 - Ad-Refer\u00e9ndum.\n\t\t\t\n\t\t\t\t\t\tVER DOCUMENTO COMPLETO \/\/ Estado: VIGENTE\n\t\t\t\t\t\n<\/div><\/li><li><a href=\"https:\/\/www.hcdelcalafate.gob.ar\/portal\/ordenanza-n-119-93\/\">Ordenanza N\u00b0 119\/93<\/a><div class=\"lcp_excerpt\">Autorizar a la Municipalidad de El Calafate a continuar con el tr\u00e1mite de extensi\u00f3n del Instrumento traslativo de Dominio solicitado por el adjudicatario (Ferrari, Sergio Antonio - Parcela 7e de la Manzana 74).\n\t\t\t\n\t\t\t\t\t\tVER DOCUMENTO COMPLETO \/\/ Estado: VIGENTE\n\t\t\t\t\t\n<\/div><\/li><li><a href=\"https:\/\/www.hcdelcalafate.gob.ar\/portal\/ordenanza-n-118-93\/\">Ordenanza N\u00b0 118\/93<\/a><div class=\"lcp_excerpt\">Autorizar a la Municipalidad de El Calafate a continuar con el tr\u00e1mite de extensi\u00f3n del Instrumento traslativo de Dominio solicitado por la adjudicataria (Parcela 6a de la Manzana 62-a).\n\t\t\t\n\t\t\t\t\t\tVER DOCUMENTO COMPLETO \/\/ Estado: VIGENTE\n\t\t\t\t\t\n<\/div><\/li><li><a href=\"https:\/\/www.hcdelcalafate.gob.ar\/portal\/ordenanza-n-117-93\/\">Ordenanza N\u00b0 117\/93<\/a><div class=\"lcp_excerpt\">Exceptuar de los alcances de la Ordenanza N\u00ba 058\/91, la Contrataci\u00f3n de los servicios de un profesor de Educaci\u00f3n F\u00edsica.\n\t\t\t\n\t\t\t\t\t\tVER DOCUMENTO COMPLETO \/\/ Estado: VIGENTE\n\t\t\t\t\t\n<\/div><\/li><li><a href=\"https:\/\/www.hcdelcalafate.gob.ar\/portal\/ordenanza-n-116-93\/\">Ordenanza N\u00b0 116\/93<\/a><div class=\"lcp_excerpt\">Declarar de Inter\u00e9s Municipal la habilitaci\u00f3n de una L\u00ednea Regular \"El Calafate - Puerto Natales (Chile)\" por parte de Interlagos Turismo.\n\t\t\t\n\t\t\t\t\t\tVER DOCUMENTO COMPLETO \/\/ Estado: VIGENTE\n\t\t\t\t\t\n<\/div><\/li><li><a href=\"https:\/\/www.hcdelcalafate.gob.ar\/portal\/ordenanza-n-115-93\/\">Ordenanza N\u00b0 115\/93<\/a><div class=\"lcp_excerpt\">Planes de Pago en cuotas para la cancelaci\u00f3n de deudas Fiscales Municipales vencidas y no prescriptas.\u00a0DEROGA ORDENANZA N\u00b0 62\/91.\u00a0MODIFICADA MEDIANTE ORDENANZA N\u00b0 145\/93.\n\t\t\t\n\t\t\t\t\t\tVER DOCUMENTO COMPLETO \/\/ Estado: MODIFICADA\n\t\t\t\t\t\n<\/div><\/li><li><a href=\"https:\/\/www.hcdelcalafate.gob.ar\/portal\/ordenanza-n-114-93\/\">Ordenanza N\u00b0 114\/93<\/a><div class=\"lcp_excerpt\">Remuneraci\u00f3n igual y equivalente a Director Municipal para cargos de Tesorero y contador Municipal.\n\t\t\t\n\t\t\t\t\t\tVER DOCUMENTO COMPLETO \/\/ Estado: VIGENTE\n\t\t\t\t\t\n<\/div><\/li><li><a href=\"https:\/\/www.hcdelcalafate.gob.ar\/portal\/ordenanza-n-113-93\/\">Ordenanza N\u00b0 113\/93<\/a><div class=\"lcp_excerpt\">Ratificar el Decreto N\u00ba 205\/93 (Exceptuar de Ordenanza N\u00ba 05\/91 el otorgamiento de subsidio al Escuadr\u00f3n 42 de Gendarmer\u00eda Nacional por disposici\u00f3n de un helic\u00f3ptero)\n\t\t\t\n\t\t\t\t\t\tVER DOCUMENTO COMPLETO \/\/ Estado: VIGENTE\n\t\t\t\t\t\n<\/div><\/li><li><a href=\"https:\/\/www.hcdelcalafate.gob.ar\/portal\/ordenanza-n-112-93\/\">Ordenanza N\u00b0 112\/93<\/a><div class=\"lcp_excerpt\">Declarar de Inter\u00e9s Municipal el denominado \"Vivipal Habitar Santa Cruz\".\n\t\t\t\n\t\t\t\t\t\tVER DOCUMENTO COMPLETO \/\/ Estado: VIGENTE\n\t\t\t\t\t\n<\/div><\/li><li><a href=\"https:\/\/www.hcdelcalafate.gob.ar\/portal\/ordenanza-n-111-93\/\">Ordenanza N\u00b0 111\/93<\/a><div class=\"lcp_excerpt\">Fac\u00faltase al Ejecutivo Municipal a utilizar las poligonales adyacentes a distintos lotes enumerados pertenecientes a la Manzana 64a.\nMODIFICADA MEDIANTE ORDENANZA N\u00b0 293\/96.\n\t\t\t\n\t\t\t\t\t\tVER DOCUMENTO COMPLETO \/\/ Estado: MODIFICADA\n\t\t\t\t\t\n<\/div><\/li><li><a href=\"https:\/\/www.hcdelcalafate.gob.ar\/portal\/ordenanza-n-110-93\/\">Ordenanza N\u00b0 110\/93<\/a><div class=\"lcp_excerpt\">Modifica el Art\u00edculo 5\u00ba de la Ordenanza N\u00ba 058\/88.\u00a0DEROGADA MEDIANTE ORDENANZA N\u00b0 502\/98.\n\t\t\t\n\t\t\t\t\t\tVER DOCUMENTO COMPLETO \/\/ Estado: DEROGADA\n\t\t\t\t\t\n<\/div><\/li><li><a href=\"https:\/\/www.hcdelcalafate.gob.ar\/portal\/ordenanza-n-109-93\/\">Ordenanza N\u00b0 109\/93<\/a><div class=\"lcp_excerpt\">Creaci\u00f3n de la Comisi\u00f3n del Menor.\n\t\t\t\n\t\t\t\t\t\tVER DOCUMENTO COMPLETO \/\/ Estado: VIGENTE\n\t\t\t\t\t\n<\/div><\/li><li><a href=\"https:\/\/www.hcdelcalafate.gob.ar\/portal\/ordenanza-n-108-93\/\">Ordenanza N\u00b0 108\/93<\/a><div class=\"lcp_excerpt\">Diagrama del Organigrama del Honorable Concejo Deliberante en un Bloque Pol\u00edtico, un Secretario Pol\u00edtico y un Secretario Administrativo.\n\t\t\t\n\t\t\t\t\t\tVER DOCUMENTO COMPLETO \/\/ Estado: VIGENTE\n\t\t\t\t\t\n<\/div><\/li><li><a href=\"https:\/\/www.hcdelcalafate.gob.ar\/portal\/ordenanza-n-107-93\/\">Ordenanza N\u00b0 107\/93<\/a><div class=\"lcp_excerpt\">Adhesi\u00f3n al Decreto Provincial N\u00ba 0464\/93.\n\t\t\t\n\t\t\t\t\t\tVER DOCUMENTO COMPLETO \/\/ Estado: VIGENTE\n\t\t\t\t\t\n<\/div><\/li><li><a href=\"https:\/\/www.hcdelcalafate.gob.ar\/portal\/ordenanza-n-106-93\/\">Ordenanza N\u00b0 106\/93<\/a><div class=\"lcp_excerpt\">Tenencia y circulaci\u00f3n de perros en el Ejido Municipal. \u00a0DEROGA LA ORDENANZA N\u00b0 051\/90.\u00a0DEROGADA POR ORDENANZA N\u00ba 575\/00.\n\t\t\t\n\t\t\t\t\t\tVER DOCUMENTO COMPLETO \/\/ Estado: DEROGADA\n\t\t\t\t\t\n<\/div><\/li><li><a href=\"https:\/\/www.hcdelcalafate.gob.ar\/portal\/ordenanza-n-105-93\/\">Ordenanza N\u00b0 105\/93<\/a><div class=\"lcp_excerpt\">Convenio con la Municipalidad de R\u00edo Grande Provincia de Tierra del Fuego.\n\t\t\t\n\t\t\t\t\t\tVER DOCUMENTO COMPLETO \/\/ Estado: VIGENTE\n\t\t\t\t\t\n<\/div><\/li><li><a href=\"https:\/\/www.hcdelcalafate.gob.ar\/portal\/ordenanza-n-104-93\/\">Ordenanza N\u00b0 104\/93<\/a><div class=\"lcp_excerpt\">Declarar de Inter\u00e9s Municipal la aplicaci\u00f3n del Programa de Lucha contra la Hidatidosis (desparasitaci\u00f3n de perros).\n\t\t\t\n\t\t\t\t\t\tVER DOCUMENTO COMPLETO \/\/ Estado: VIGENTE\n\t\t\t\t\t\n<\/div><\/li><li><a href=\"https:\/\/www.hcdelcalafate.gob.ar\/portal\/ordenanza-n-103-93\/\">Ordenanza N\u00b0 103\/93<\/a><div class=\"lcp_excerpt\">Autorizar el cobro en cuotas del Impuesto Inmobiliario y Tasas de Servicios Retribuidos - Per\u00edodo Fiscal 1992.\n\t\t\t\n\t\t\t\t\t\tVER DOCUMENTO COMPLETO \/\/ Estado: VIGENTE\n\t\t\t\t\t\n<\/div><\/li><li><a href=\"https:\/\/www.hcdelcalafate.gob.ar\/portal\/ordenanza-n-102-93\/\">Ordenanza N\u00b0 102\/93<\/a><div class=\"lcp_excerpt\">Autorizar el cobro del Impuesto Parque Automotor - Per\u00edodo Fiscal 1993.\n\t\t\t\n\t\t\t\t\t\tVER DOCUMENTO COMPLETO \/\/ Estado: VIGENTE\n\t\t\t\t\t\n<\/div><\/li><li><a href=\"https:\/\/www.hcdelcalafate.gob.ar\/portal\/ordenanza-n-101-93\/\">Ordenanza N\u00b0 101\/93<\/a><div class=\"lcp_excerpt\">Convenio entre la Municipalidad de El Calafate y Servicios P\u00fablicos Sociedad del Estado\u00a0DEROGA ORDENANZA N\u00ba 072\/92.\n\t\t\t\n\t\t\t\t\t\tVER DOCUMENTO COMPLETO \/\/ Estado: VIGENTE\n\t\t\t\t\t\n<\/div><\/li><li><a href=\"https:\/\/www.hcdelcalafate.gob.ar\/portal\/ordenanza-n-100-93\/\">Ordenanza N\u00b0 100\/93<\/a><div class=\"lcp_excerpt\">Tasa que grava la totalidad de las actividades relacionadas con el Turismo y recreaci\u00f3n en la localidad. Los montos se usar\u00e1n para el Fondo Municipal de Turismo (y otras disposiciones).\n\t\t\t\n\t\t\t\t\t\tVER DOCUMENTO COMPLETO \/\/ Estado: VIGENTE\n\t\t\t\t\t\n<\/div><\/li><li><a href=\"https:\/\/www.hcdelcalafate.gob.ar\/portal\/ordenanza-n-099-93\/\">Ordenanza N\u00b0 099\/93<\/a><div class=\"lcp_excerpt\">Crear el Fondo Municipal de Turismo (y otras disposiciones).\n\t\t\t\n\t\t\t\t\t\tVER DOCUMENTO COMPLETO \/\/ Estado: VIGENTE\n\t\t\t\t\t\n<\/div><\/li><li><a href=\"https:\/\/www.hcdelcalafate.gob.ar\/portal\/ordenanza-n-098-93\/\">Ordenanza N\u00b0 098\/93<\/a><div class=\"lcp_excerpt\">Crear el Ente Municipal Calafate Tur\u00edstico (E.M.CA.TUR.)\u00a0DEROGADA MEDIANTE ORDENANZA N\u00b0 329\/96.\n\t\t\t\n\t\t\t\t\t\tVER DOCUMENTO COMPLETO \/\/ Estado: DEROGADA\n\t\t\t\t\t\n<\/div><\/li><\/ul>\n\n\n\n<hr class=\"wp-block-separator has-alpha-channel-opacity\"\/>\n\n\n\n<p class=\"has-text-align-center\"><em>Nota importante: Las Ordenanzas ser\u00e1n publicadas una vez promulgadas, <\/em><br><em>seg\u00fan se establece en el Art. N\u00b0 61 Inc. \u201ca\u201d de la Ley Provincial N\u00b0 55.<\/em><br><br><em>Puede ser que el estado del documento visitado no est\u00e9 actualizado, consulte el <\/em><br><em>Digesto Oficial en nuestras oficinas administrativas.<\/em> <\/p>\n","protected":false},"excerpt":{"rendered":"<p>Nota importante: Las Ordenanzas ser\u00e1n publicadas una vez promulgadas, seg\u00fan se establece en el Art. N\u00b0 61 Inc. \u201ca\u201d de la Ley Provincial N\u00b0 55. Puede ser que el estado&hellip; <\/p>\n","protected":false},"author":1,"featured_media":0,"parent":0,"menu_order":0,"comment_status":"closed","ping_status":"closed","template":"","meta":{"footnotes":""},"class_list":["post-1885","page","type-page","status-publish","hentry"],"_links":{"self":[{"href":"https:\/\/www.hcdelcalafate.gob.ar\/portal\/wp-json\/wp\/v2\/pages\/1885","targetHints":{"allow":["GET"]}}],"collection":[{"href":"https:\/\/www.hcdelcalafate.gob.ar\/portal\/wp-json\/wp\/v2\/pages"}],"about":[{"href":"https:\/\/www.hcdelcalafate.gob.ar\/portal\/wp-json\/wp\/v2\/types\/page"}],"author":[{"embeddable":true,"href":"https:\/\/www.hcdelcalafate.gob.ar\/portal\/wp-json\/wp\/v2\/users\/1"}],"replies":[{"embeddable":true,"href":"https:\/\/www.hcdelcalafate.gob.ar\/portal\/wp-json\/wp\/v2\/comments?post=1885"}],"version-history":[{"count":23,"href":"https:\/\/www.hcdelcalafate.gob.ar\/portal\/wp-json\/wp\/v2\/pages\/1885\/revisions"}],"predecessor-version":[{"id":26817,"href":"https:\/\/www.hcdelcalafate.gob.ar\/portal\/wp-json\/wp\/v2\/pages\/1885\/revisions\/26817"}],"wp:attachment":[{"href":"https:\/\/www.hcdelcalafate.gob.ar\/portal\/wp-json\/wp\/v2\/media?parent=1885"}],"curies":[{"name":"wp","href":"https:\/\/api.w.org\/{rel}","templated":true}]}}