{"id":1873,"date":"1997-01-01T00:10:43","date_gmt":"1997-01-01T03:10:43","guid":{"rendered":"http:\/\/www.hcdelcalafate.gob.ar\/portal\/?page_id=1873"},"modified":"2026-02-24T10:18:33","modified_gmt":"2026-02-24T13:18:33","slug":"ordenanzas-1997","status":"publish","type":"page","link":"https:\/\/www.hcdelcalafate.gob.ar\/portal\/ordenanzas-1997\/","title":{"rendered":"Ordenanzas 1997"},"content":{"rendered":"\n<ul class=\"lcp_catlist\" id=\"lcp_instance_0\"><li><a href=\"https:\/\/www.hcdelcalafate.gob.ar\/portal\/ordenanza-n-467-97\/\">Ordenanza N\u00b0 467\/97<\/a><div class=\"lcp_excerpt\">EXIMASE del Pago de la deuda de Pesos ($ 1.704,00), al 31\/12\/97, por arrendamiento al Club Atl\u00e9tico Juveniles por el Lote Manzana 3 bis.\n\t\t\t\n\t\t\t\t\t\tVER DOCUMENTO COMPLETO \/\/ Estado: VIGENTE\n\t\t\t\t\t\n<\/div><\/li><li><a href=\"https:\/\/www.hcdelcalafate.gob.ar\/portal\/ordenanza-n-466-97\/\">Ordenanza N\u00b0 466\/97<\/a><div class=\"lcp_excerpt\">RECHAZAR el Decreto N\u00ba 758\/97. emanado del Departamento Ejecutivo Municipal AD-REFER\u00c9NDUM del Honorable Concejo Deliberante.\n\t\t\t\n\t\t\t\t\t\tVER DOCUMENTO COMPLETO \/\/ Estado: VIGENTE\n\t\t\t\t\t\n<\/div><\/li><li><a href=\"https:\/\/www.hcdelcalafate.gob.ar\/portal\/ordenanza-n-465-97\/\">Ordenanza N\u00b0 465\/97<\/a><div class=\"lcp_excerpt\">OTORGAR un aporte no reintegrable a favor de la Escuela Especial N\u00ba 5. por el valor de $135.00 para la obtenci\u00f3n de libros como obsequio a 105 Alumnos que culminan el Ciclo Lectivo.\n\t\t\t\n\t\t\t\t\t\tVER DOCUMENTO COMPLETO \/\/ Estado: VIGENTE\n\t\t\t\t\t\n<\/div><\/li><li><a href=\"https:\/\/www.hcdelcalafate.gob.ar\/portal\/ordenanza-n-464-97\/\">Ordenanza N\u00b0 464\/97<\/a><div class=\"lcp_excerpt\">ESTABLECER como zona de estacionamiento prohibido para veh\u00edculos particulares, diez (10) metros al frente del edificio de la Empresa de Servicios P\u00fablicos Sociedad del Estado Sucursal El Calafate.\n\t\t\t\n\t\t\t\t\t\tVER DOCUMENTO COMPLETO \/\/ Estado: VIGENTE\n\t\t\t\t\t\n<\/div><\/li><li><a href=\"https:\/\/www.hcdelcalafate.gob.ar\/portal\/ordenanza-n-463-97\/\">Ordenanza N\u00b0 463\/97<\/a><div class=\"lcp_excerpt\">ESTABLEZCASE, la obligatoriedad de la Instalaci\u00f3n de m\u00e1quinas expendedoras de preservativos en los ba\u00f1os de hombre y mujeres ubicados en lugares p\u00fablicos.\n\t\t\t\n\t\t\t\t\t\tVER DOCUMENTO COMPLETO \/\/ Estado: VIGENTE\n\t\t\t\t\t\n<\/div><\/li><li><a href=\"https:\/\/www.hcdelcalafate.gob.ar\/portal\/ordenanza-n-462-97\/\">Ordenanza N\u00b0 462\/97<\/a><div class=\"lcp_excerpt\">RECHAZAR EL VETO realizado por el Dpto. Ejecutivo Municipal a la Ordenanza 456\/97.\n\t\t\t\n\t\t\t\t\t\tVER DOCUMENTO COMPLETO \/\/ Estado: VIGENTE\n\t\t\t\t\t\n<\/div><\/li><li><a href=\"https:\/\/www.hcdelcalafate.gob.ar\/portal\/ordenanza-n-461-97\/\">Ordenanza N\u00b0 461\/97<\/a><div class=\"lcp_excerpt\">EJERCICIO Fiscal A\u00f1o 1997.\n\t\t\t\n\t\t\t\t\t\tVER DOCUMENTO COMPLETO \/\/ Estado: VIGENTE\n\t\t\t\t\t\n<\/div><\/li><li><a href=\"https:\/\/www.hcdelcalafate.gob.ar\/portal\/ordenanza-n-460-97\/\">Ordenanza N\u00b0 460\/97<\/a><div class=\"lcp_excerpt\">REDUCCION del 50% del pago por multas por presentaci\u00f3n espontanea dentro de los 2 d\u00edas h\u00e1biles de haberse confeccionado el Acta de infracci\u00f3n.\u00a0DEROGA ORDENANZA N\u00b0 309\/96.\n\t\t\t\n\t\t\t\t\t\tVER DOCUMENTO COMPLETO \/\/ Estado: VIGENTE\n\t\t\t\t\t\n<\/div><\/li><li><a href=\"https:\/\/www.hcdelcalafate.gob.ar\/portal\/ordenanza-n-459-97\/\">Ordenanza N\u00b0 459\/97<\/a><div class=\"lcp_excerpt\">MODIFIQUESE el Art. 6\u00ba de la Ordenanza N\u00b0 065\/84 referida a disposiciones generales a cumplimetar por locales nocturnos.\n\t\t\t\n\t\t\t\t\t\tVER DOCUMENTO COMPLETO \/\/ Estado: VIGENTE\n\t\t\t\t\t\n<\/div><\/li><li><a href=\"https:\/\/www.hcdelcalafate.gob.ar\/portal\/ordenanza-n-458-97\/\">Ordenanza N\u00b0 458\/97<\/a><div class=\"lcp_excerpt\">ADQUIERASE a \"Programas Santa Clara S.A.\" veinticinco videos educativos, que ser\u00e1n entregados a escuelas de la localidad.\n\t\t\t\n\t\t\t\t\t\tVER DOCUMENTO COMPLETO \/\/ Estado: VIGENTE\n\t\t\t\t\t\n<\/div><\/li><li><a href=\"https:\/\/www.hcdelcalafate.gob.ar\/portal\/ordenanza-n-457-97\/\">Ordenanza N\u00b0 457\/97<\/a><div class=\"lcp_excerpt\">MODIFIQUESE el Articulo 2\u00ba de la\u00a0Ordenanza 353\/96, referido a servicios de turnos en farmacias.\n\t\t\t\n\t\t\t\t\t\tVER DOCUMENTO COMPLETO \/\/ Estado: VIGENTE\n\t\t\t\t\t\n<\/div><\/li><li><a href=\"https:\/\/www.hcdelcalafate.gob.ar\/portal\/ordenanza-n-456-97\/\">Ordenanza N\u00b0 456\/97<\/a><div class=\"lcp_excerpt\">IMPLEMENTASE a partir del 1\u00b0 de Noviembre del a\u00f1o en curso bonificaci\u00f3n de pesos sesenta ($60) de presentismo, que sera abonado con recursos genuinos de la Municipalidad de El Calafate.\n\t\t\t\n\t\t\t\t\t\tVER DOCUMENTO COMPLETO \/\/ Estado: VIGENTE\n\t\t\t\t\t\n<\/div><\/li><li><a href=\"https:\/\/www.hcdelcalafate.gob.ar\/portal\/ordenanza-n-455-97\/\">Ordenanza N\u00b0 455\/97<\/a><div class=\"lcp_excerpt\">ESTABLECER el cambio de mano de circulaci\u00f3n sabre la calle 1\u00ba de Mayo. (TRANSITO)\n\t\t\t\n\t\t\t\t\t\tVER DOCUMENTO COMPLETO \/\/ Estado: VIGENTE\n\t\t\t\t\t\n<\/div><\/li><li><a href=\"https:\/\/www.hcdelcalafate.gob.ar\/portal\/ordenanza-n-454-97\/\">Ordenanza N\u00b0 454\/97<\/a><div class=\"lcp_excerpt\">AUTORIZAR al Ejecutivo Municipal a donar a Servicios P\u00fablicos Sociedad del Estado (SPSE) Tierra para el nuevo emplazamiento de la Central El\u00e9ctrica.\n\t\t\t\n\t\t\t\t\t\tVER DOCUMENTO COMPLETO \/\/ Estado: VIGENTE\n\t\t\t\t\t\n<\/div><\/li><li><a href=\"https:\/\/www.hcdelcalafate.gob.ar\/portal\/ordenanza-n-453-97\/\">Ordenanza N\u00b0 453\/97<\/a><div class=\"lcp_excerpt\">DECLARESE plaza a la Parcela 3 de la Mz. 59.\n\t\t\t\n\t\t\t\t\t\tVER DOCUMENTO COMPLETO \/\/ Estado: VIGENTE\n\t\t\t\t\t\n<\/div><\/li><li><a href=\"https:\/\/www.hcdelcalafate.gob.ar\/portal\/ordenanza-n-452-97\/\">Ordenanza N\u00b0 452\/97<\/a><div class=\"lcp_excerpt\">DESAFECTAR del dominio p\u00fablico destinado a calles, de la Fraccion Xa y Xb.\n\t\t\t\n\t\t\t\t\t\tVER DOCUMENTO COMPLETO \/\/ Estado: VIGENTE\n\t\t\t\t\t\n<\/div><\/li><li><a href=\"https:\/\/www.hcdelcalafate.gob.ar\/portal\/ordenanza-n-451-97\/\">Ordenanza N\u00b0 451\/97<\/a><div class=\"lcp_excerpt\">AUTORIZACE al Ejecutivo Municipal a transferir en propiedad el Lote 7 de la Mz. 2.\n\t\t\t\n\t\t\t\t\t\tVER DOCUMENTO COMPLETO \/\/ Estado: VIGENTE\n\t\t\t\t\t\n<\/div><\/li><li><a href=\"https:\/\/www.hcdelcalafate.gob.ar\/portal\/ordenanza-n-450-97\/\">Ordenanza N\u00b0 450\/97<\/a><div class=\"lcp_excerpt\">AUTORIZAR al Ejecutivo Municipal la puesta en marcha del Programa de Empleo.\n\t\t\t\n\t\t\t\t\t\tVER DOCUMENTO COMPLETO \/\/ Estado: VIGENTE\n\t\t\t\t\t\n<\/div><\/li><li><a href=\"https:\/\/www.hcdelcalafate.gob.ar\/portal\/ordenanza-n-449-97\/\">Ordenanza N\u00b0 449\/97<\/a><div class=\"lcp_excerpt\">PRORROGASE el Plan de Asistencia Municipal.\n\t\t\t\n\t\t\t\t\t\tVER DOCUMENTO COMPLETO \/\/ Estado: VIGENTE\n\t\t\t\t\t\n<\/div><\/li><li><a href=\"https:\/\/www.hcdelcalafate.gob.ar\/portal\/ordenanza-n-448-97\/\">Ordenanza N\u00b0 448\/97<\/a><div class=\"lcp_excerpt\">REDUCIR en un 20% el valor fiscal de la Tierra de 3 Lotes a adquirir por la Cooperativa Telef\u00f3nica de El Calafate.\n\t\t\t\n\t\t\t\t\t\tVER DOCUMENTO COMPLETO \/\/ Estado: VIGENTE\n\t\t\t\t\t\n<\/div><\/li><li><a href=\"https:\/\/www.hcdelcalafate.gob.ar\/portal\/ordenanza-n-447-97\/\">Ordenanza N\u00b0 447\/97<\/a><div class=\"lcp_excerpt\">APROBAR el Decreto N\u00ba562\/97 Ad-Refer\u00e9ndum.\n\t\t\t\n\t\t\t\t\t\tVER DOCUMENTO COMPLETO \/\/ Estado: VIGENTE\n\t\t\t\t\t\n<\/div><\/li><li><a href=\"https:\/\/www.hcdelcalafate.gob.ar\/portal\/ordenanza-n-446-97\/\">Ordenanza N\u00b0 446\/97<\/a><div class=\"lcp_excerpt\">CREASE el Concurso Anual de Parques y Jardines.\u00a0MODIFICADA POR ORDENANZA N\u00b0 945\/05.\n\t\t\t\n\t\t\t\t\t\tVER DOCUMENTO COMPLETO \/\/ Estado: MODIFICADA\n\t\t\t\t\t\n<\/div><\/li><li><a href=\"https:\/\/www.hcdelcalafate.gob.ar\/portal\/ordenanza-n-445-97\/\">Ordenanza N\u00b0 445\/97<\/a><div class=\"lcp_excerpt\">PROHIBIR la utilizaci\u00f3n y\/o portaci\u00f3n de replicas de armas de fuego, cuando su funcionamiento sea producido por un mecanismo autom\u00e1tico o semi-autom\u00e1tico, cuyo proyectiles sean balines de 4,5 mm o mayor, a menores de edad.\n\t\t\t\n\t\t\t\t\t\tVER DOCUMENTO COMPLETO \/\/ Estado: VIGENTE\n\t\t\t\t\t\n<\/div><\/li><li><a href=\"https:\/\/www.hcdelcalafate.gob.ar\/portal\/ordenanza-n-444-97\/\">Ordenanza N\u00b0 444\/97<\/a><div class=\"lcp_excerpt\">MODIFICAR el Art. 16\u00ba de la\u00a0Ordenanza N\u00b0 409\/97, sobre seguridad.\u00a0DEROGADA MEDIANTE ORDENANZA N\u00b0 543\/99.\n\t\t\t\n\t\t\t\t\t\tVER DOCUMENTO COMPLETO \/\/ Estado: DEROGADA\n\t\t\t\t\t\n<\/div><\/li><li><a href=\"https:\/\/www.hcdelcalafate.gob.ar\/portal\/ordenanza-n-443-97\/\">Ordenanza N\u00b0 443\/97<\/a><div class=\"lcp_excerpt\">DONASE a la Unidad 8\u00ba de Bomberos de la Policia de la Provincia de Santa Cruz, una camioneta marca Ford F100 perteneciente a la Municipalidad de El Calafate.\n\t\t\t\n\t\t\t\t\t\tVER DOCUMENTO COMPLETO \/\/ Estado: VIGENTE\n\t\t\t\t\t\n<\/div><\/li><li><a href=\"https:\/\/www.hcdelcalafate.gob.ar\/portal\/ordenanza-n-442-97\/\">Ordenanza N\u00b0 442\/97<\/a><div class=\"lcp_excerpt\">ESTABLEZCASE para renovaci\u00f3n del Carnet de Conductor la inasistencia de sanciones impagas.\n\t\t\t\n\t\t\t\t\t\tVER DOCUMENTO COMPLETO \/\/ Estado: VIGENTE\n\t\t\t\t\t\n<\/div><\/li><li><a href=\"https:\/\/www.hcdelcalafate.gob.ar\/portal\/ordenanza-n-441-97\/\">Ordenanza N\u00b0 441\/97<\/a><div class=\"lcp_excerpt\">AUTORIZAR al Ejecutivo Nacional la firma del convenio con el Banco Caja de Ahorro y Seguro S.A.\n\t\t\t\n\t\t\t\t\t\tVER DOCUMENTO COMPLETO \/\/ Estado: VIGENTE\n\t\t\t\t\t\n<\/div><\/li><li><a href=\"https:\/\/www.hcdelcalafate.gob.ar\/portal\/ordenanza-n-440-97\/\">Ordenanza N\u00b0 440\/97<\/a><div class=\"lcp_excerpt\">CREASE la condici\u00f3n de producto \"Hecho en El Calafate\".\u00a0MODIFICADA POR ORDENANZA N\u00b0 741\/02.\u00a0 DEROGADA POR\u00a0ORDENANZA N\u00ba1924\/16\n\t\t\t\n\t\t\t\t\t\tVER DOCUMENTO COMPLETO \/\/ Estado: DEROGADA\n\t\t\t\t\t\n<\/div><\/li><li><a href=\"https:\/\/www.hcdelcalafate.gob.ar\/portal\/ordenanza-n-439-97\/\">Ordenanza N\u00b0 439\/97<\/a><div class=\"lcp_excerpt\">NORMATIVA para el Servicio de Remises.\u00a0DEROGA ORDENANZA N\u00b0 298\/96.\u00a0MODIFICADA MEDIANTE\u00a0 ORDENANZA N\u00b0 675\/01.\u00a0\u00a0DEROGADA POR ORDENANZA N\u00ba 831\/04.\n\t\t\t\n\t\t\t\t\t\tVER DOCUMENTO COMPLETO \/\/ Estado: DEROGADA\n\t\t\t\t\t\n<\/div><\/li><li><a href=\"https:\/\/www.hcdelcalafate.gob.ar\/portal\/ordenanza-n-438-97\/\">Ordenanza N\u00b0 438\/97<\/a><div class=\"lcp_excerpt\">DESAFECTASE del dominio p\u00fablico superficie de tierra de la Calle 23, para incorporar a la Mz. 21.\n\t\t\t\n\t\t\t\t\t\tVER DOCUMENTO COMPLETO \/\/ Estado: VIGENTE\n\t\t\t\t\t\n<\/div><\/li><li><a href=\"https:\/\/www.hcdelcalafate.gob.ar\/portal\/ordenanza-n-437-97\/\">Ordenanza N\u00b0 437\/97<\/a><div class=\"lcp_excerpt\">EXIMIR del pago de Taza de colocaci\u00f3n de carteles en la v\u00eda p\u00fablica, para el Movimiento Cristiano y Misionero.\n\t\t\t\n\t\t\t\t\t\tVER DOCUMENTO COMPLETO \/\/ Estado: VIGENTE\n\t\t\t\t\t\n<\/div><\/li><li><a href=\"https:\/\/www.hcdelcalafate.gob.ar\/portal\/ordenanza-n-436-97\/\">Ordenanza N\u00b0 436\/97<\/a><div class=\"lcp_excerpt\">APROBAR convenio entre la Municipalidad de El Calafate y la Liga de f\u00fatbol local.\n\t\t\t\n\t\t\t\t\t\tVER DOCUMENTO COMPLETO \/\/ Estado: VIGENTE\n\t\t\t\t\t\n<\/div><\/li><li><a href=\"https:\/\/www.hcdelcalafate.gob.ar\/portal\/ordenanza-n-435-97\/\">Ordenanza N\u00b0 435\/97<\/a><div class=\"lcp_excerpt\">CONSTRUIR monumento en memoria de los ca\u00eddos en las huelgas de los a\u00f1os 1921 y 1922.\n\t\t\t\n\t\t\t\t\t\tVER DOCUMENTO COMPLETO \/\/ Estado: VIGENTE\n\t\t\t\t\t\n<\/div><\/li><li><a href=\"https:\/\/www.hcdelcalafate.gob.ar\/portal\/ordenanza-n-434-97\/\">Ordenanza N\u00b0 434\/97<\/a><div class=\"lcp_excerpt\">AUTORIZAR al Ejecutivo Municipal a efectuar llamado a Licitaci\u00f3n P\u00fablica para la concesi\u00f3n de la confiter\u00eda de la Terminal de \u00d3mnibus.\u00a0DEROGADA POR ORDENANZA N\u00b0 2313\/22.\n\t\t\t\n\t\t\t\t\t\tVER DOCUMENTO COMPLETO \/\/ Estado: DEROGADA\n\t\t\t\t\t\n<\/div><\/li><li><a href=\"https:\/\/www.hcdelcalafate.gob.ar\/portal\/ordenanza-n-433-97\/\">Ordenanza N\u00b0 433\/97<\/a><div class=\"lcp_excerpt\">ACUERDASE al puente vehicular con el nombre de \"Puente Antuco\" en memoria de Antonio Pedro Zupic.\n\t\t\t\n\t\t\t\t\t\tVER DOCUMENTO COMPLETO \/\/ Estado: VIGENTE\n\t\t\t\t\t\n<\/div><\/li><li><a href=\"https:\/\/www.hcdelcalafate.gob.ar\/portal\/ordenanza-n-432-97\/\">Ordenanza N\u00b0 432\/97<\/a><div class=\"lcp_excerpt\">DENOMINESE \"Bajada de Palma\" a la memoria de Jos\u00e9 Albino Palma, a la bajada de acceso a la localidad\n\t\t\t\n\t\t\t\t\t\tVER DOCUMENTO COMPLETO \/\/ Estado: VIGENTE\n\t\t\t\t\t\n<\/div><\/li><li><a href=\"https:\/\/www.hcdelcalafate.gob.ar\/portal\/ordenanza-n-431-97\/\">Ordenanza N\u00b0 431\/97<\/a><div class=\"lcp_excerpt\">APRUEBASE el Decreto N\u00ba 394\/97 Ad-Referendum por prorroga del plazo para acogerse a moratoria de la\u00a0Ordenanza N\u00ba 429\/97.\n\t\t\t\n\t\t\t\t\t\tVER DOCUMENTO COMPLETO \/\/ Estado: VIGENTE\n\t\t\t\t\t\n<\/div><\/li><li><a href=\"https:\/\/www.hcdelcalafate.gob.ar\/portal\/ordenanza-n-430-97\/\">Ordenanza N\u00b0 430\/97<\/a><div class=\"lcp_excerpt\">CREASE el \u00c1rea de recepci\u00f3n de inscripci\u00f3n de propuestas y solicitudes de trabajo, con el fin de asistir y colaborar con la comunidad.\n\t\t\t\n\t\t\t\t\t\tVER DOCUMENTO COMPLETO \/\/ Estado: VIGENTE\n\t\t\t\t\t\n<\/div><\/li><li><a href=\"https:\/\/www.hcdelcalafate.gob.ar\/portal\/ordenanza-n-429-97\/\">Ordenanza N\u00b0 429\/97<\/a><div class=\"lcp_excerpt\">ESTABLEZCASE la implementaci\u00f3n de Moratoria para el pago da habilitaciones comerciales y Patentes de bebidas alcoh\u00f3licas.\n\t\t\t\n\t\t\t\t\t\tVER DOCUMENTO COMPLETO \/\/ Estado: VIGENTE\n\t\t\t\t\t\n<\/div><\/li><li><a href=\"https:\/\/www.hcdelcalafate.gob.ar\/portal\/ordenanza-n-428-97\/\">Ordenanza N\u00b0 428\/97<\/a><div class=\"lcp_excerpt\">PRORROGASE el programa de Asistencia Municipal.\n\t\t\t\n\t\t\t\t\t\tVER DOCUMENTO COMPLETO \/\/ Estado: VIGENTE\n\t\t\t\t\t\n<\/div><\/li><li><a href=\"https:\/\/www.hcdelcalafate.gob.ar\/portal\/ordenanza-n-427-97\/\">Ordenanza N\u00b0 427\/97<\/a><div class=\"lcp_excerpt\">EXIMIR del pago de Derecho de Construcci\u00f3n de la Iglesia Evang\u00e9lica del Nazareno.\n\t\t\t\n\t\t\t\t\t\tVER DOCUMENTO COMPLETO \/\/ Estado: VIGENTE\n\t\t\t\t\t\n<\/div><\/li><li><a href=\"https:\/\/www.hcdelcalafate.gob.ar\/portal\/ordenanza-n-426-97\/\">Ordenanza N\u00b0 426\/97<\/a><div class=\"lcp_excerpt\">EXIMIR del pago de tierra a la Iglesia Evang\u00e9lica del Nazareno.\n\t\t\t\n\t\t\t\t\t\tVER DOCUMENTO COMPLETO \/\/ Estado: VIGENTE\n\t\t\t\t\t\n<\/div><\/li><li><a href=\"https:\/\/www.hcdelcalafate.gob.ar\/portal\/ordenanza-n-425-97\/\">Ordenanza N\u00b0 425\/97<\/a><div class=\"lcp_excerpt\">EXIMIR al Obispado de Rio Gallegos del pago de la Tierra del Lote 143 Fraccion XXI.\n\t\t\t\n\t\t\t\t\t\tVER DOCUMENTO COMPLETO \/\/ Estado: VIGENTE\n\t\t\t\t\t\n<\/div><\/li><li><a href=\"https:\/\/www.hcdelcalafate.gob.ar\/portal\/ordenanza-n-424-97\/\">Ordenanza N\u00b0 424\/97<\/a><div class=\"lcp_excerpt\">EXIMASE del pago de Servicios Retribuidos, Impuestos Inmobiliarios y Derechos de Construcci\u00f3n al Obispado de R\u00edo Gallegos.\n\t\t\t\n\t\t\t\t\t\tVER DOCUMENTO COMPLETO \/\/ Estado: VIGENTE\n\t\t\t\t\t\n<\/div><\/li><li><a href=\"https:\/\/www.hcdelcalafate.gob.ar\/portal\/ordenanza-n-423-97\/\">Ordenanza N\u00b0 423\/97<\/a><div class=\"lcp_excerpt\">DECLARESE Patrimonio Hist\u00f3rico y Arquitect\u00f3nico a viviendas construidas en varios lotes de nuestra localidad.\n\t\t\t\n\t\t\t\t\t\tVER DOCUMENTO COMPLETO \/\/ Estado: VIGENTE\n\t\t\t\t\t\n<\/div><\/li><li><a href=\"https:\/\/www.hcdelcalafate.gob.ar\/portal\/ordenanza-n-422-97\/\">Ordenanza N\u00b0 422\/97<\/a><div class=\"lcp_excerpt\">AUTORIZAR al Ejecutivo Municipal a realizar adelantos de sueldo a Agentes Municipales de hasta un 30%.\u00a0DEROGA ORDENANZA N\u00b0 127\/93.\n\t\t\t\n\t\t\t\t\t\tVER DOCUMENTO COMPLETO \/\/ Estado: VIGENTE\n\t\t\t\t\t\n<\/div><\/li><li><a href=\"https:\/\/www.hcdelcalafate.gob.ar\/portal\/ordenanza-n-421-97\/\">Ordenanza N\u00b0 421\/97<\/a><div class=\"lcp_excerpt\">AUTORIZAR al Ejecutivo Municipal a otorgar Subsidio no reintegrable a la Unidad 8va. de Bomberos.\n\t\t\t\n\t\t\t\t\t\tVER DOCUMENTO COMPLETO \/\/ Estado: VIGENTE\n\t\t\t\t\t\n<\/div><\/li><li><a href=\"https:\/\/www.hcdelcalafate.gob.ar\/portal\/ordenanza-n-420-97\/\">Ordenanza N\u00b0 420\/97<\/a><div class=\"lcp_excerpt\">EXIMASE del pago del Servicio de cami\u00f3n atmosf\u00e9rico a vecinos que deban solicitar por segunda vez y sucesivas de dicho servicio en el mismo mes.\u00a0\u00a0DEROGADA POR ORDENANZA N\u00b0 1247\/09.\n\t\t\t\n\t\t\t\t\t\tVER DOCUMENTO COMPLETO \/\/ Estado: DEROGADA\n\t\t\t\t\t\n<\/div><\/li><li><a href=\"https:\/\/www.hcdelcalafate.gob.ar\/portal\/ordenanza-n-419-97\/\">Ordenanza N\u00b0 419\/97<\/a><div class=\"lcp_excerpt\">SUSPENDASE la aplicaci\u00f3n del punto 2 del Art. 29 de la Ordenanza N\u00ba 247\/94.\n\t\t\t\n\t\t\t\t\t\tVER DOCUMENTO COMPLETO \/\/ Estado: VIGENTE\n\t\t\t\t\t\n<\/div><\/li><li><a href=\"https:\/\/www.hcdelcalafate.gob.ar\/portal\/ordenanza-n-418-97\/\">Ordenanza N\u00b0 418\/97<\/a><div class=\"lcp_excerpt\">DEROGESE las Ordenanzas N\u00ba 284\/95 y Ordenanzas N\u00ba 327\/96.\n\t\t\t\n\t\t\t\t\t\tVER DOCUMENTO COMPLETO \/\/ Estado: VIGENTE\n\t\t\t\t\t\n<\/div><\/li><li><a href=\"https:\/\/www.hcdelcalafate.gob.ar\/portal\/ordenanza-n-417-97\/\">Ordenanza N\u00b0 417\/97<\/a><div class=\"lcp_excerpt\">AUTORIZAR al Ejecutivo Municipal a otorgar subsidio no reintegrable al Escuadr\u00f3n 42 de El Calafate para gastos de reparaci\u00f3n Mini-Bus.\n\t\t\t\n\t\t\t\t\t\tVER DOCUMENTO COMPLETO \/\/ Estado: VIGENTE\n\t\t\t\t\t\n<\/div><\/li><li><a href=\"https:\/\/www.hcdelcalafate.gob.ar\/portal\/ordenanza-n-416-97\/\">Ordenanza N\u00b0 416\/97<\/a><div class=\"lcp_excerpt\">Prohibiciones y sentidos de circulaci\u00f3n de Calle \"Emilio Amado\". (TRANSITO)\n\t\t\t\n\t\t\t\t\t\tVER DOCUMENTO COMPLETO \/\/ Estado: VIGENTE\n\t\t\t\t\t\n<\/div><\/li><li><a href=\"https:\/\/www.hcdelcalafate.gob.ar\/portal\/ordenanza-n-415-97\/\">Ordenanza N\u00b0 415\/97<\/a><div class=\"lcp_excerpt\">INCORPORESE a la Ordenanza N\u00ba 386\/96 como Inc. a) RM1 a la Mz. \u201cM\u201d y modificar Art 5\u00ba de la misma Ordenanza.\n\t\t\t\n\t\t\t\t\t\tVER DOCUMENTO COMPLETO \/\/ Estado: VIGENTE\n\t\t\t\t\t\n<\/div><\/li><li><a href=\"https:\/\/www.hcdelcalafate.gob.ar\/portal\/ordenanza-n-414-97\/\">Ordenanza N\u00b0 414\/97<\/a><div class=\"lcp_excerpt\">INCORPORASE a la Ordenanza Tarifaria N\u00ba 247\/94 la \u201cRenovaci\u00f3n Anual de Habilitaci\u00f3n de Transporte Escolar\u201d.\u00a0MODIFICA ORDENANZA N\u00b0 20\/88.\n\t\t\t\n\t\t\t\t\t\tVER DOCUMENTO COMPLETO \/\/ Estado: VIGENTE\n\t\t\t\t\t\n<\/div><\/li><li><a href=\"https:\/\/www.hcdelcalafate.gob.ar\/portal\/ordenanza-n-413-97\/\">Ordenanza N\u00b0 413\/97<\/a><div class=\"lcp_excerpt\">PROHIBASE la libre circulaci\u00f3n de animales vacunos, equinos, ovinos y porcinos.\u00a0DEROGA ORDENANZA N\u00b0 7\/84.\u00a0DEROGADA MEDIANTE Art. 48\u00b0 de la\u00a0 ORDENANZA N\u00ba 575\/00.\n\t\t\t\n\t\t\t\t\t\tVER DOCUMENTO COMPLETO \/\/ Estado: DEROGADA\n\t\t\t\t\t\n<\/div><\/li><li><a href=\"https:\/\/www.hcdelcalafate.gob.ar\/portal\/ordenanza-n-412-97\/\">Ordenanza N\u00b0 412\/97<\/a><div class=\"lcp_excerpt\">AUTORIZAR al Departamento Ejecutivo de eximir el Pago a los Servicios Retribuidos e Impuestos Inmobiliarios a la Asociaci\u00f3n Uni\u00f3n Evang\u00e9lica.\n\t\t\t\n\t\t\t\t\t\tVER DOCUMENTO COMPLETO \/\/ Estado: VIGENTE\n\t\t\t\t\t\n<\/div><\/li><li><a href=\"https:\/\/www.hcdelcalafate.gob.ar\/portal\/ordenanza-n-411-97\/\">Ordenanza N\u00b0 411\/97<\/a><div class=\"lcp_excerpt\">APRUEBASE Decreto N\u00ba 170\/97 Ad-Refer\u00e9ndum referente a \"Ayuda Financiera Adicional\" con cobertura del programa \"trabajar\" y que se encontraban amparados por el programa \"Preno\".\n\t\t\t\n\t\t\t\t\t\tVER DOCUMENTO COMPLETO \/\/ Estado: VIGENTE\n\t\t\t\t\t\n<\/div><\/li><li><a href=\"https:\/\/www.hcdelcalafate.gob.ar\/portal\/ordenanza-n-410-97\/\">Ordenanza N\u00b0 410\/97<\/a><div class=\"lcp_excerpt\">APRUEBASE Decreto N\u00ba 089\/97 Ad-Refer\u00e9ndum para modificaci\u00f3n del Art 2\u00ba de la\u00a0Ordenanza N\u00b0 395\/06.\n\t\t\t\n\t\t\t\t\t\tVER DOCUMENTO COMPLETO \/\/ Estado: VIGENTE\n\t\t\t\t\t\n<\/div><\/li><li><a href=\"https:\/\/www.hcdelcalafate.gob.ar\/portal\/ordenanza-n-409-97\/\">Ordenanza N\u00b0 409\/97<\/a><div class=\"lcp_excerpt\">Patente de bebidas alcoh\u00f3licas - Clases y normativas.\u00a0DEROGA ORDENANZA N\u00b0 71\/84.\u00a0DEROGA ORDENANZA N\u00b0 16\/85.\u00a0DEROGA ORDENANZA N\u00b0 18\/85.\u00a0DEROGA ORDENANZA N\u00b0 164\/94.\u00a0MODIFICADA MEDIANTE ORDENANZA N\u00b0 444\/97.\u00a0DEROGADA POR ORDENANZA N\u00ba 543\/99.\n\t\t\t\n\t\t\t\t\t\tVER DOCUMENTO COMPLETO \/\/ Estado: DEROGADA\n\t\t\t\t\t\n<\/div><\/li><li><a href=\"https:\/\/www.hcdelcalafate.gob.ar\/portal\/ordenanza-n-408-97\/\">Ordenanza N\u00b0 408\/97<\/a><div class=\"lcp_excerpt\">PRORROGASE el Programa de Asistencia Municipal creado por\u00a0Ordenanza N\u00b0 342\/96.\n\t\t\t\n\t\t\t\t\t\tVER DOCUMENTO COMPLETO \/\/ Estado: VIGENTE\n\t\t\t\t\t\n<\/div><\/li><li><a href=\"https:\/\/www.hcdelcalafate.gob.ar\/portal\/ordenanza-n-407-97\/\">Ordenanza N\u00b0 407\/97<\/a><div class=\"lcp_excerpt\">AUTORIZAR al Ejecutivo Municipal a prorrogar el Presupuesto General de Gastos y Recursos Ejercicio Financiero A\u00f1o 1996.\n\t\t\t\n\t\t\t\t\t\tVER DOCUMENTO COMPLETO \/\/ Estado: VIGENTE\n\t\t\t\t\t\n<\/div><\/li><li><a href=\"https:\/\/www.hcdelcalafate.gob.ar\/portal\/ordenanza-n-406-97\/\">Ordenanza N\u00b0 406\/97<\/a><div class=\"lcp_excerpt\">AUTORIZAR al Ejecutivo Municipal la consulta de \"donaci\u00f3n de \u00f3rganos\" al efectuar la otorgaci\u00f3n o renovaci\u00f3n de licencia de conducir.\n\t\t\t\n\t\t\t\t\t\tVER DOCUMENTO COMPLETO \/\/ Estado: VIGENTE\n\t\t\t\t\t\n<\/div><\/li><li><a href=\"https:\/\/www.hcdelcalafate.gob.ar\/portal\/ordenanza-n-405-97\/\">Ordenanza N\u00b0 405\/97<\/a><div class=\"lcp_excerpt\">ESTABLEZCASE el uso de la \"pipeta alcohol\u00e9mica\" para control de conductores. (TRANSITO)\n\t\t\t\n\t\t\t\t\t\tVER DOCUMENTO COMPLETO \/\/ Estado: VIGENTE\n\t\t\t\t\t\n<\/div><\/li><li><a href=\"https:\/\/www.hcdelcalafate.gob.ar\/portal\/ordenanza-n-404-97\/\">Ordenanza N\u00b0 404\/97<\/a><div class=\"lcp_excerpt\">Convocatoria de ciudadania popular.\n\t\t\t\n\t\t\t\t\t\tVER DOCUMENTO COMPLETO \/\/ Estado: VIGENTE\n\t\t\t\t\t\n<\/div><\/li><li><a href=\"https:\/\/www.hcdelcalafate.gob.ar\/portal\/ordenanza-n-403-97\/\">Ordenanza N\u00b0 403\/97<\/a><div class=\"lcp_excerpt\">RATIFICASE el Convenio entre Municipalidad de El Calafate y el Aero Club Lago Argentino.\n\t\t\t\n\t\t\t\t\t\tVER DOCUMENTO COMPLETO \/\/ Estado: VIGENTE\n\t\t\t\t\t\n<\/div><\/li><\/ul>\n\n\n\n<hr class=\"wp-block-separator has-alpha-channel-opacity\"\/>\n\n\n\n<p class=\"has-text-align-center\"><em>Nota importante: Las Ordenanzas ser\u00e1n publicadas una vez promulgadas, <\/em><br><em>seg\u00fan se establece en el Art. N\u00b0 61 Inc. \u201ca\u201d de la Ley Provincial N\u00b0 55.<\/em><br><br><em>Puede ser que el estado del documento visitado no est\u00e9 actualizado, consulte el <\/em><br><em>Digesto Oficial en nuestras oficinas administrativas.<\/em> <\/p>\n","protected":false},"excerpt":{"rendered":"<p>Nota importante: Las Ordenanzas ser\u00e1n publicadas una vez promulgadas, seg\u00fan se establece en el Art. N\u00b0 61 Inc. \u201ca\u201d de la Ley Provincial N\u00b0 55. Puede ser que el estado&hellip; <\/p>\n","protected":false},"author":1,"featured_media":0,"parent":0,"menu_order":0,"comment_status":"closed","ping_status":"closed","template":"","meta":{"footnotes":""},"class_list":["post-1873","page","type-page","status-publish","hentry"],"_links":{"self":[{"href":"https:\/\/www.hcdelcalafate.gob.ar\/portal\/wp-json\/wp\/v2\/pages\/1873","targetHints":{"allow":["GET"]}}],"collection":[{"href":"https:\/\/www.hcdelcalafate.gob.ar\/portal\/wp-json\/wp\/v2\/pages"}],"about":[{"href":"https:\/\/www.hcdelcalafate.gob.ar\/portal\/wp-json\/wp\/v2\/types\/page"}],"author":[{"embeddable":true,"href":"https:\/\/www.hcdelcalafate.gob.ar\/portal\/wp-json\/wp\/v2\/users\/1"}],"replies":[{"embeddable":true,"href":"https:\/\/www.hcdelcalafate.gob.ar\/portal\/wp-json\/wp\/v2\/comments?post=1873"}],"version-history":[{"count":23,"href":"https:\/\/www.hcdelcalafate.gob.ar\/portal\/wp-json\/wp\/v2\/pages\/1873\/revisions"}],"predecessor-version":[{"id":26813,"href":"https:\/\/www.hcdelcalafate.gob.ar\/portal\/wp-json\/wp\/v2\/pages\/1873\/revisions\/26813"}],"wp:attachment":[{"href":"https:\/\/www.hcdelcalafate.gob.ar\/portal\/wp-json\/wp\/v2\/media?parent=1873"}],"curies":[{"name":"wp","href":"https:\/\/api.w.org\/{rel}","templated":true}]}}