{"id":1852,"date":"2004-01-01T00:04:56","date_gmt":"2004-01-01T03:04:56","guid":{"rendered":"http:\/\/www.hcdelcalafate.gob.ar\/portal\/?page_id=1852"},"modified":"2026-02-24T10:17:37","modified_gmt":"2026-02-24T13:17:37","slug":"ordenanzas-2004","status":"publish","type":"page","link":"https:\/\/www.hcdelcalafate.gob.ar\/portal\/ordenanzas-2004\/","title":{"rendered":"Ordenanzas 2004"},"content":{"rendered":"\n<ul class=\"lcp_catlist\" id=\"lcp_instance_0\"><li><a href=\"https:\/\/www.hcdelcalafate.gob.ar\/portal\/ordenanza-n-879-04\/\">Ordenanza N\u00b0 879\/04<\/a><div class=\"lcp_excerpt\">Ratifica Convenio con la Secretaria de Obras P\u00fablicas dependiente del Ministerio de Planificaci\u00f3n Federal, Inversi\u00f3n P\u00fablica y Servicios (PASEO DE LOS ARTESANOS).\n\t\t\t\n\t\t\t\t\t\tVER DOCUMENTO COMPLETO \/\/ Estado: VIGENTE\n\t\t\t\t\t\n<\/div><\/li><li><a href=\"https:\/\/www.hcdelcalafate.gob.ar\/portal\/ordenanza-n-878-04\/\">Ordenanza N\u00b0 878\/04<\/a><div class=\"lcp_excerpt\">Ratifica convenio con la Secretaria de Obras Publicas dependiente del Ministerio de Planificaci\u00f3n Federal, Inversi\u00f3n P\u00fablica y Servicios (HOGAR DE ANCIANOS)\n\t\t\t\n\t\t\t\t\t\tVER DOCUMENTO COMPLETO \/\/ Estado: VIGENTE\n\t\t\t\t\t\n<\/div><\/li><li><a href=\"https:\/\/www.hcdelcalafate.gob.ar\/portal\/ordenanza-n-877-04\/\">Ordenanza N\u00b0 877\/04<\/a><div class=\"lcp_excerpt\">Ratifica convenio con la Secretaria de Obras P\u00fablicas dependiente del Ministerio de Planificaci\u00f3n Federal Inversi\u00f3n P\u00fablica y Servicios (ACCESO CENTRO DE INFORMES Y CONTROL).\n\t\t\t\n\t\t\t\t\t\tVER DOCUMENTO COMPLETO \/\/ Estado: VIGENTE\n\t\t\t\t\t\n<\/div><\/li><li><a href=\"https:\/\/www.hcdelcalafate.gob.ar\/portal\/ordenanza-n-876-04\/\">Ordenanza N\u00b0 876\/04<\/a><div class=\"lcp_excerpt\">Implementa el sistema provisorio de Estacionamiento Medido en el Micro Centro de El Calafate. \u00a0MODIFICADA por\u00a0Ordenanza N\u00b0 972\/05.- \u00a0MODIFICADA por\u00a0Ordenanza N\u00b0 1034\/06.\n\t\t\t\n\t\t\t\t\t\tVER DOCUMENTO COMPLETO \/\/ Estado: MODIFICADA\n\t\t\t\t\t\n<\/div><\/li><li><a href=\"https:\/\/www.hcdelcalafate.gob.ar\/portal\/ordenanza-n-875-04\/\">Ordenanza N\u00b0 875\/04<\/a><div class=\"lcp_excerpt\">Autoriza al Ejecutivo Municipal a someter al r\u00e9gimen de la propiedad horizontal el inmueble sito en la Avenida del Libertador Lotes 3 y 4 de la Mz. 22\n\t\t\t\n\t\t\t\t\t\tVER DOCUMENTO COMPLETO \/\/ Estado: VIGENTE\n\t\t\t\t\t\n<\/div><\/li><li><a href=\"https:\/\/www.hcdelcalafate.gob.ar\/portal\/ordenanza-n-874-04\/\">Ordenanza N\u00b0 874\/04<\/a><div class=\"lcp_excerpt\">Ratifica convenio con la Secretaria de Obras P\u00fablicas dependiente del Ministerio de Planificaci\u00f3n Federal Inversi\u00f3n P\u00fablica y Servicios (PAVIMENTACION URBANA)\n\t\t\t\n\t\t\t\t\t\tVER DOCUMENTO COMPLETO \/\/ Estado: VIGENTE\n\t\t\t\t\t\n<\/div><\/li><li><a href=\"https:\/\/www.hcdelcalafate.gob.ar\/portal\/ordenanza-n-873-04\/\">Ordenanza N\u00b0 873\/04<\/a><div class=\"lcp_excerpt\">Eximir Impuestos inmobiliarios y retribuidos a\u00f1os 2002, 2003 y 2004, a la Asociaci\u00f3n Religiosa Iglesia Tenrikyo.\n\t\t\t\n\t\t\t\t\t\tVER DOCUMENTO COMPLETO \/\/ Estado: VIGENTE\n\t\t\t\t\t\n<\/div><\/li><li><a href=\"https:\/\/www.hcdelcalafate.gob.ar\/portal\/ordenanza-n-872-04\/\">Ordenanza N\u00b0 872\/04<\/a><div class=\"lcp_excerpt\">Aprueba el Reglamento General del acceso a la Informaci\u00f3n P\u00fablica.\n\t\t\t\n\t\t\t\t\t\tVER DOCUMENTO COMPLETO \/\/ Estado: VIGENTE\n\t\t\t\t\t\n<\/div><\/li><li><a href=\"https:\/\/www.hcdelcalafate.gob.ar\/portal\/ordenanza-n-871-04\/\">Ordenanza N\u00b0 871\/04<\/a><div class=\"lcp_excerpt\">Donar superficie de tierra a favor de la Asociaci\u00f3n Club Social y Deportivo Lago Argentino. \u00a0DEROGADA POR\u00a0ORDENANZA N\u00ba 1971\/17.\n\t\t\t\n\t\t\t\t\t\tVER DOCUMENTO COMPLETO \/\/ Estado: DEROGADA\n\t\t\t\t\t\n<\/div><\/li><li><a href=\"https:\/\/www.hcdelcalafate.gob.ar\/portal\/ordenanza-n-870-04\/\">Ordenanza N\u00b0 870\/04<\/a><div class=\"lcp_excerpt\">Donar con cargo a la construcci\u00f3n de una Vivienda superficie de tierra a favor del Club Amigos del Hospital.\n\t\t\t\n\t\t\t\t\t\tVER DOCUMENTO COMPLETO \/\/ Estado: VIGENTE\n\t\t\t\t\t\n<\/div><\/li><li><a href=\"https:\/\/www.hcdelcalafate.gob.ar\/portal\/ordenanza-n-869-04\/\">Ordenanza N\u00b0 869\/04<\/a><div class=\"lcp_excerpt\">Otorgar la posibilidad de abonar el 20% de la totalidad de 23 lotes, en car\u00e1cter de residentes a los empleados de la Cooperativa Telef\u00f3nica.\n\t\t\t\n\t\t\t\t\t\tVER DOCUMENTO COMPLETO \/\/ Estado: VIGENTE\n\t\t\t\t\t\n<\/div><\/li><li><a href=\"https:\/\/www.hcdelcalafate.gob.ar\/portal\/ordenanza-n-868-04\/\">Ordenanza N\u00b0 868\/04<\/a><div class=\"lcp_excerpt\">Las Agencia de alquiler de veh\u00edculos sin chofer no podr\u00e1n tener mas de cuatro unidades sobre el espacio p\u00fablico frente a sus agencias. \u00a0MODIFICADA por\u00a0Ordenanza N\u00b0 972\/05\n\t\t\t\n\t\t\t\t\t\tVER DOCUMENTO COMPLETO \/\/ Estado: MODIFICADA\n\t\t\t\t\t\n<\/div><\/li><li><a href=\"https:\/\/www.hcdelcalafate.gob.ar\/portal\/ordenanza-n-867-04\/\">Ordenanza N\u00b0 867\/04<\/a><div class=\"lcp_excerpt\">Requisito para la habilitaci\u00f3n de Comercios sea de servicios o industrias y afines contar con oso pl\u00e1stico para residuos, para el otorgamiento de la habilitaci\u00f3n comercial.\n\t\t\t\n\t\t\t\t\t\tVER DOCUMENTO COMPLETO \/\/ Estado: VIGENTE\n\t\t\t\t\t\n<\/div><\/li><li><a href=\"https:\/\/www.hcdelcalafate.gob.ar\/portal\/ordenanza-n-866-04\/\">Ordenanza N\u00b0 866\/04<\/a><div class=\"lcp_excerpt\">Aprobar el Decreto N\u00ba 1156 referente a Vetar la Ordenanza N\u00ba 833\/04, sancionada el d\u00eda 05 de agosto\/04.\u00a0DEROGA ORDENANZA N\u00b0 833\/04.\n\t\t\t\n\t\t\t\t\t\tVER DOCUMENTO COMPLETO \/\/ Estado: VIGENTE\n\t\t\t\t\t\n<\/div><\/li><li><a href=\"https:\/\/www.hcdelcalafate.gob.ar\/portal\/ordenanza-n-865-04\/\">Ordenanza N\u00b0 865\/04<\/a><div class=\"lcp_excerpt\">Donar superficie de tierra para la construcci\u00f3n de una capilla a favor dela Parroquia Santa Teresita del Ni\u00f1o Jesus.\n\t\t\t\n\t\t\t\t\t\tVER DOCUMENTO COMPLETO \/\/ Estado: VIGENTE\n\t\t\t\t\t\n<\/div><\/li><li><a href=\"https:\/\/www.hcdelcalafate.gob.ar\/portal\/ordenanza-n-864-04\/\">Ordenanza N\u00b0 864\/04<\/a><div class=\"lcp_excerpt\">Incorpora Art\u00edculo 94bis a la Ordenanza N\u00b0 047\/91, referente a sancionar a los padres por conductas efectuadas por menores de 18 a\u00f1os, estado de ebriedad, desorden en la v\u00eda p\u00fablica, lugares y horarios no permitidos.\n\t\t\t\n\t\t\t\t\t\tVER DOCUMENTO COMPLETO \/\/ Estado: VIGENTE\n\t\t\t\t\t\n<\/div><\/li><li><a href=\"https:\/\/www.hcdelcalafate.gob.ar\/portal\/ordenanza-n-863-04\/\">Ordenanza N\u00b0 863\/04<\/a><div class=\"lcp_excerpt\">Establece el uso de filtros en maquinarias PC y controles parentales y supervisores dependiente de los comercios que impidan el acceso de menores a paginas web o web-log con contenido pornogr\u00e1fico.\n\t\t\t\n\t\t\t\t\t\tVER DOCUMENTO COMPLETO \/\/ Estado: VIGENTE\n\t\t\t\t\t\n<\/div><\/li><li><a href=\"https:\/\/www.hcdelcalafate.gob.ar\/portal\/ordenanza-n-862-04\/\">Ordenanza N\u00b0 862\/04<\/a><div class=\"lcp_excerpt\">Denomina Varias Calles del Barrio Villa Parque Los Glaciares con distintos nombres de Glaciares.\n\t\t\t\n\t\t\t\t\t\tVER DOCUMENTO COMPLETO \/\/ Estado: VIGENTE\n\t\t\t\t\t\n<\/div><\/li><li><a href=\"https:\/\/www.hcdelcalafate.gob.ar\/portal\/ordenanza-n-861-04\/\">Ordenanza N\u00b0 861\/04<\/a><div class=\"lcp_excerpt\">Establece el pago por Cabinas Telef\u00f3nicas.\u00a0 DEROGADA POR\u00a0ORDENANZA N\u00ba 1530\/12.\n\t\t\t\n\t\t\t\t\t\tVER DOCUMENTO COMPLETO \/\/ Estado: DEROGADA\n\t\t\t\t\t\n<\/div><\/li><li><a href=\"https:\/\/www.hcdelcalafate.gob.ar\/portal\/ordenanza-n-860-04\/\">Ordenanza N\u00b0 860\/04<\/a><div class=\"lcp_excerpt\">Toda persona f\u00edsica o jur\u00eddica, tiene derecho, de conformidad con el principio de publicidad en los actos de gobierno y atendiendo al car\u00e1cter de bien social que ostenta la informaci\u00f3n publica, a solicitar y recibir informaci\u00f3n completa, veraz, adecuada y oportuna. El pedido de la informaci\u00f3n podr\u00e1 efectuarse en la ...<\/div><\/li><li><a href=\"https:\/\/www.hcdelcalafate.gob.ar\/portal\/ordenanza-n-859-04\/\">Ordenanza N\u00b0 859\/04<\/a><div class=\"lcp_excerpt\">Crease 29 \u00e1reas dividiendo la actual trama Urbana a efectos de la aplicaci\u00f3n de las normas Edilicias. (C\u00f3digo de edificaci\u00f3n)\n\t\t\t\n\t\t\t\t\t\tVER DOCUMENTO COMPLETO \/\/ Estado: VIGENTE\n\t\t\t\t\t\n<\/div><\/li><li><a href=\"https:\/\/www.hcdelcalafate.gob.ar\/portal\/ordenanza-n-858-04\/\">Ordenanza N\u00b0 858\/04<\/a><div class=\"lcp_excerpt\">Declarar la emergencia del servicio de provisi\u00f3n de agua en nuestra Localidad.\n\t\t\t\n\t\t\t\t\t\tVER DOCUMENTO COMPLETO \/\/ Estado: VIGENTE\n\t\t\t\t\t\n<\/div><\/li><li><a href=\"https:\/\/www.hcdelcalafate.gob.ar\/portal\/ordenanza-n-857-04\/\">Ordenanza N\u00b0 857\/04<\/a><div class=\"lcp_excerpt\">Incorporar al Art. 3 de la Ordenanza 502\/98 los Empleados Municipales que desarrollan la Tarea de Promotor Social.\u00a0MODIFICA ORDENANZA N\u00b0 502\/98.\n\t\t\t\n\t\t\t\t\t\tVER DOCUMENTO COMPLETO \/\/ Estado: VIGENTE\n\t\t\t\t\t\n<\/div><\/li><li><a href=\"https:\/\/www.hcdelcalafate.gob.ar\/portal\/ordenanza-n-856-04\/\">Ordenanza N\u00b0 856\/04<\/a><div class=\"lcp_excerpt\">Eximir a la Asociaci\u00f3n Club Deportivo Club Esperanza del Pago de Tierras e Impuestos Inmobiliarios y Servicios Retribuidos a\u00f1os 1999, 2000, 2001, 2002 y 2003.\n\t\t\t\n\t\t\t\t\t\tVER DOCUMENTO COMPLETO \/\/ Estado: VIGENTE\n\t\t\t\t\t\n<\/div><\/li><li><a href=\"https:\/\/www.hcdelcalafate.gob.ar\/portal\/ordenanza-n-855-04\/\">Ordenanza N\u00b0 855\/04<\/a><div class=\"lcp_excerpt\">No aprobar la solicitud de excepci\u00f3n realizada por el Se\u00f1or Juan Carlos Beltr\u00e1n propietario dela Parcela 3f Mz. 36.\n\t\t\t\n\t\t\t\t\t\tVER DOCUMENTO COMPLETO \/\/ Estado: VIGENTE\n\t\t\t\t\t\n<\/div><\/li><li><a href=\"https:\/\/www.hcdelcalafate.gob.ar\/portal\/ordenanza-n-854-04\/\">Ordenanza N\u00b0 854\/04<\/a><div class=\"lcp_excerpt\">Aprobar la solicitud de excepci\u00f3n realizada por el Sr. Vicente Racciatti propietario del Lote 4 Mz. 11\n\t\t\t\n\t\t\t\t\t\tVER DOCUMENTO COMPLETO \/\/ Estado: VIGENTE\n\t\t\t\t\t\n<\/div><\/li><li><a href=\"https:\/\/www.hcdelcalafate.gob.ar\/portal\/ordenanza-n-853-04\/\">Ordenanza N\u00b0 853\/04<\/a><div class=\"lcp_excerpt\">No aprobar la solicitud de excepci\u00f3n realizada por el Se\u00f1or Rafael Lim propietario de la Parcela 17 Mz. 62a.\n\t\t\t\n\t\t\t\t\t\tVER DOCUMENTO COMPLETO \/\/ Estado: VIGENTE\n\t\t\t\t\t\n<\/div><\/li><li><a href=\"https:\/\/www.hcdelcalafate.gob.ar\/portal\/ordenanza-n-852-04\/\">Ordenanza N\u00b0 852\/04<\/a><div class=\"lcp_excerpt\">Aprobar los Planos pertenecientes al Se\u00f1or Fernando Sinfield propietario del Lote 10 de la Mz. 514\n\t\t\t\n\t\t\t\t\t\tVER DOCUMENTO COMPLETO \/\/ Estado: VIGENTE\n\t\t\t\t\t\n<\/div><\/li><li><a href=\"https:\/\/www.hcdelcalafate.gob.ar\/portal\/ordenanza-n-851-04\/\">Ordenanza N\u00b0 851\/04<\/a><div class=\"lcp_excerpt\">Aprobar los Planos pertenecientes a la Se\u00f1ora Lidia Beatriz Ferreiro correspondientes a la Parcela 6 de la Mz. 127.\n\t\t\t\n\t\t\t\t\t\tVER DOCUMENTO COMPLETO \/\/ Estado: VIGENTE\n\t\t\t\t\t\n<\/div><\/li><li><a href=\"https:\/\/www.hcdelcalafate.gob.ar\/portal\/ordenanza-n-850-04\/\">Ordenanza N\u00b0 850\/04<\/a><div class=\"lcp_excerpt\">Aprobar los Planos correspondientes a la Ampliaci\u00f3n del Hotel Mirador del Lago.\n\t\t\t\n\t\t\t\t\t\tVER DOCUMENTO COMPLETO \/\/ Estado: VIGENTE\n\t\t\t\t\t\n<\/div><\/li><li><a href=\"https:\/\/www.hcdelcalafate.gob.ar\/portal\/ordenanza-n-849-04\/\">Ordenanza N\u00b0 849\/04<\/a><div class=\"lcp_excerpt\">Establecer el doble sentido de circulaci\u00f3n en la Calle Comandante Luis Piedra Buena. (TRANSITO)\u00a0DEROGADA POR ORDENANZA N\u00b0 1323\/10.\n\t\t\t\n\t\t\t\t\t\tVER DOCUMENTO COMPLETO \/\/ Estado: DEROGADA\n\t\t\t\t\t\n<\/div><\/li><li><a href=\"https:\/\/www.hcdelcalafate.gob.ar\/portal\/ordenanza-n-848-04\/\">Ordenanza N\u00b0 848\/04<\/a><div class=\"lcp_excerpt\">La Municipalidad proceder\u00e1 al otorgamiento de un canon a las Juntas Vecinales de nuestra Ciudad que se encuentren registradas.\n\t\t\t\n\t\t\t\t\t\tVER DOCUMENTO COMPLETO \/\/ Estado: VIGENTE\n\t\t\t\t\t\n<\/div><\/li><li><a href=\"https:\/\/www.hcdelcalafate.gob.ar\/portal\/ordenanza-n-847-04\/\">Ordenanza N\u00b0 847\/04<\/a><div class=\"lcp_excerpt\">Establece la obligatoriedad de que todo comercio deber\u00e1 utilizar para los residuos en la v\u00eda p\u00fablica el sistema de contenedores denominados osos pl\u00e1sticos.\n\t\t\t\n\t\t\t\t\t\tVER DOCUMENTO COMPLETO \/\/ Estado: VIGENTE\n\t\t\t\t\t\n<\/div><\/li><li><a href=\"https:\/\/www.hcdelcalafate.gob.ar\/portal\/ordenanza-n-846-04\/\">Ordenanza N\u00b0 846\/04<\/a><div class=\"lcp_excerpt\">Establecer que cada Empresa Constructora que tenga Obras en nuestra Ciudad ofrezca a su Personal Alojamiento con el sistema de Gamelas.\n\t\t\t\n\t\t\t\t\t\tVER DOCUMENTO COMPLETO \/\/ Estado: VIGENTE\n\t\t\t\t\t\n<\/div><\/li><li><a href=\"https:\/\/www.hcdelcalafate.gob.ar\/portal\/ordenanza-n-845-04\/\">Ordenanza N\u00b0 845\/04<\/a><div class=\"lcp_excerpt\">Establece que no ser\u00e1 causal de perdida del Presentismo todo empleado que se encuentre derivado por enfermedad fuera de la Localidad.\u00a0Derogada por Ordenanza N\u00b0 2115\/18.-\n\t\t\t\n\t\t\t\t\t\tVER DOCUMENTO COMPLETO \/\/ Estado: DEROGADA\n\t\t\t\t\t\n<\/div><\/li><li><a href=\"https:\/\/www.hcdelcalafate.gob.ar\/portal\/ordenanza-n-844-04\/\">Ordenanza N\u00b0 844\/04<\/a><div class=\"lcp_excerpt\">Modifica Art\u00edculo 25\u00b0 Inciso A Capitulo V de las Penalidades Ordenanza N\u00b0 223\/94 (tala de Arboles).\n\t\t\t\n\t\t\t\t\t\tVER DOCUMENTO COMPLETO \/\/ Estado: VIGENTE\n\t\t\t\t\t\n<\/div><\/li><li><a href=\"https:\/\/www.hcdelcalafate.gob.ar\/portal\/ordenanza-n-843-04\/\">Ordenanza N\u00b0 843\/04<\/a><div class=\"lcp_excerpt\">Imponer el nombre de Sonia Simunovic de Palmitesa y Ernesto Lang a dos arterias de nuestra Ciudad.\n\t\t\t\n\t\t\t\t\t\tVER DOCUMENTO COMPLETO \/\/ Estado: VIGENTE\n\t\t\t\t\t\n<\/div><\/li><li><a href=\"https:\/\/www.hcdelcalafate.gob.ar\/portal\/ordenanza-n-842-04\/\">Ordenanza N\u00b0 842\/04<\/a><div class=\"lcp_excerpt\">Aprobar los Planos pertenecientes a la Se\u00f1ora Liliana Cisneros lote 18 de la Manzana 117 (zona IV) exceptuando las normas vigentes.\n\t\t\t\n\t\t\t\t\t\tVER DOCUMENTO COMPLETO \/\/ Estado: VIGENTE\n\t\t\t\t\t\n<\/div><\/li><li><a href=\"https:\/\/www.hcdelcalafate.gob.ar\/portal\/ordenanza-n-841-04\/\">Ordenanza N\u00b0 841\/04<\/a><div class=\"lcp_excerpt\">Establecer 180 d\u00edas de plazo para la regularizaci\u00f3n de las Obras que no hayan sido declaradas en todo el Ejido Urbano de El Calafate.\n\t\t\t\n\t\t\t\t\t\tVER DOCUMENTO COMPLETO \/\/ Estado: VIGENTE\n\t\t\t\t\t\n<\/div><\/li><li><a href=\"https:\/\/www.hcdelcalafate.gob.ar\/portal\/ordenanza-n-840-04\/\">Ordenanza N\u00b0 840\/04<\/a><div class=\"lcp_excerpt\">Extender limites Barrio Lago Argentino comprendido entre las manzanas 109 a la 120.\n\t\t\t\n\t\t\t\t\t\tVER DOCUMENTO COMPLETO \/\/ Estado: VIGENTE\n\t\t\t\t\t\n<\/div><\/li><li><a href=\"https:\/\/www.hcdelcalafate.gob.ar\/portal\/ordenanza-n-839-04\/\">Ordenanza N\u00b0 839\/04<\/a><div class=\"lcp_excerpt\">Adjudicaci\u00f3n de Tierras a favor de la Fuerza A\u00e9rea Argentina.\n\t\t\t\n\t\t\t\t\t\tVER DOCUMENTO COMPLETO \/\/ Estado: VIGENTE\n\t\t\t\t\t\n<\/div><\/li><li><a href=\"https:\/\/www.hcdelcalafate.gob.ar\/portal\/ordenanza-n-838-04\/\">Ordenanza N\u00b0 838\/04<\/a><div class=\"lcp_excerpt\">Establecer para la conexi\u00f3n de servicios (energ\u00eda el\u00e9ctrica y gas) la presentaci\u00f3n del Plano Municipal Aprobado.\n\t\t\t\n\t\t\t\t\t\tVER DOCUMENTO COMPLETO \/\/ Estado: VIGENTE\n\t\t\t\t\t\n<\/div><\/li><li><a href=\"https:\/\/www.hcdelcalafate.gob.ar\/portal\/ordenanza-n-837-04\/\">Ordenanza N\u00b0 837\/04<\/a><div class=\"lcp_excerpt\">Requisitos entrega Libreta Sanitaria Certificado de antecedentes expedido por comisaria local y certificado de reincidencia policia federal.\n\t\t\t\n\t\t\t\t\t\tVER DOCUMENTO COMPLETO \/\/ Estado: VIGENTE\n\t\t\t\t\t\n<\/div><\/li><li><a href=\"https:\/\/www.hcdelcalafate.gob.ar\/portal\/ordenanza-n-836-04\/\">Ordenanza N\u00b0 836\/04<\/a><div class=\"lcp_excerpt\">Modifica Ordenanza de habilitaciones comerciales.\n\t\t\t\n\t\t\t\t\t\tVER DOCUMENTO COMPLETO \/\/ Estado: VIGENTE\n\t\t\t\t\t\n<\/div><\/li><li><a href=\"https:\/\/www.hcdelcalafate.gob.ar\/portal\/ordenanza-n-835-04\/\">Ordenanza N\u00b0 835\/04<\/a><div class=\"lcp_excerpt\">Adherir al Decreto Provincial N\u00ba 2075 PLANES VIVIFATE\n\t\t\t\n\t\t\t\t\t\tVER DOCUMENTO COMPLETO \/\/ Estado: VIGENTE\n\t\t\t\t\t\n<\/div><\/li><li><a href=\"https:\/\/www.hcdelcalafate.gob.ar\/portal\/ordenanza-n-834-04\/\">Ordenanza N\u00b0 834\/04<\/a><div class=\"lcp_excerpt\">Declarar la Emergencia Habitacional en el Calafate.\u00a0DEROGADA POR ORDENANZA N\u00b0 2372\/23.\n\t\t\t\n\t\t\t\t\t\tVER DOCUMENTO COMPLETO \/\/ Estado: DEROGADA\n\t\t\t\t\t\n<\/div><\/li><li><a href=\"https:\/\/www.hcdelcalafate.gob.ar\/portal\/ordenanza-n-833-04\/\">Ordenanza N\u00b0 833\/04<\/a><div class=\"lcp_excerpt\">Faculta al Ejecutivo Municipal a llevar adelante las gestiones para reubicar el Basural Municipal.\u00a0DEROGADA POR ORDENANZA N\u00b0 866\/04.\n\t\t\t\n\t\t\t\t\t\tVER DOCUMENTO COMPLETO \/\/ Estado: DEROGADA\n\t\t\t\t\t\n<\/div><\/li><li><a href=\"https:\/\/www.hcdelcalafate.gob.ar\/portal\/ordenanza-n-832-04\/\">Ordenanza N\u00b0 832\/04<\/a><div class=\"lcp_excerpt\">Incorpora como Art. 3\u00ba de la Ordenanza 821\/04, el pago de presentismo en periodos de Licencia por Maternidad.\u00a0MODIFICA ORDENANZA N\u00b0 821\/04.\n\t\t\t\n\t\t\t\t\t\tVER DOCUMENTO COMPLETO \/\/ Estado: VIGENTE\n\t\t\t\t\t\n<\/div><\/li><li><a href=\"https:\/\/www.hcdelcalafate.gob.ar\/portal\/ordenanza-n-831-04\/\">Ordenanza N\u00b0 831\/04<\/a><div class=\"lcp_excerpt\">Normativa para remises ( remis - remisses - remisse ) \u00a0MODIFICADO POR ORDENANZA N\u00ba 943\/05.\u00a0DEROGA ORDENANZA N\u00b0 439\/97.\u00a0DEROGA ORDENANZA N\u00ba 761\/02.\u00a0MODIFICADA por ORDENANZA\u00a0N\u00b0 949\/05.\u00a0MODIFICADO POR ORDENANZA N\u00ba 967\/05.\u00a0MODIFICADO POR ORDENANZA N\u00ba 1005\/06.\u00a0MODIFICADA por ORDENANZA\u00a0N\u00b0 1166\/08.\u00a0MODIFICADA POR ORDENANZA N\u00ba 2088\/18.\u00a0MODIFICADA POR ORDENANZA N\u00ba 2445\/24.\u00a0MODIFICADA POR ORDENANZA N\u00ba 2492\/25.\n\t\t\t\t\t\n\t\t\t\t\t\t\t\t\tVER DOCUMENTO COMPLETO \/\/ ...<\/div><\/li><li><a href=\"https:\/\/www.hcdelcalafate.gob.ar\/portal\/ordenanza-n-830-04\/\">Ordenanza N\u00b0 830\/04<\/a><div class=\"lcp_excerpt\">Solicita se\u00f1alizaci\u00f3n de ambos lados del Puente Arroyo Calafate y la prohibici\u00f3n de girar a la izquierda tanto como para calle Formenti como Coronel Rosales. (TRANSITO)\n\t\t\t\n\t\t\t\t\t\tVER DOCUMENTO COMPLETO \/\/ Estado: VIGENTE\n\t\t\t\t\t\n<\/div><\/li><li><a href=\"https:\/\/www.hcdelcalafate.gob.ar\/portal\/ordenanza-n-829-04\/\">Ordenanza N\u00b0 829\/04<\/a><div class=\"lcp_excerpt\">Destina la Manzana 671 con una superficie de 21.820 M2, para la realizaci\u00f3n de un nuevo edificio hogar de Ancianos Mixto.\n\t\t\t\n\t\t\t\t\t\tVER DOCUMENTO COMPLETO \/\/ Estado: VIGENTE\n\t\t\t\t\t\n<\/div><\/li><li><a href=\"https:\/\/www.hcdelcalafate.gob.ar\/portal\/ordenanza-n-828-04\/\">Ordenanza N\u00b0 828\/04<\/a><div class=\"lcp_excerpt\">Rectifica la nomenclatura Catastral a favor de la Prefectura Naval Argentina siendo la misma la fracci\u00f3n CII con una superficie de 15.047,11 m2 Mensura M 7473.\n\t\t\t\n\t\t\t\t\t\tVER DOCUMENTO COMPLETO \/\/ Estado: VIGENTE\n\t\t\t\t\t\n<\/div><\/li><li><a href=\"https:\/\/www.hcdelcalafate.gob.ar\/portal\/ordenanza-n-827-04\/\">Ordenanza N\u00b0 827\/04<\/a><div class=\"lcp_excerpt\">Autoriza al Ejecutivo a compensar con las Empresas de Pasajeros que que brindan el servicio de traslado a estudiantes Universitarios oriundos de El Calafate.\u00a0MODIFICA ORDENANZA N\u00b0 539\/99.\n\t\t\t\n\t\t\t\t\t\tVER DOCUMENTO COMPLETO \/\/ Estado: VIGENTE\n\t\t\t\t\t\n<\/div><\/li><li><a href=\"https:\/\/www.hcdelcalafate.gob.ar\/portal\/ordenanza-n-826-04\/\">Ordenanza N\u00b0 826\/04<\/a><div class=\"lcp_excerpt\">Establece categorizaciones por a\u00f1o y por unidad de maquinas a instalar, las asociaciones civiles y clubes tributar\u00e1n el 80% del valor preestablecido en concepto anual por habilitaci\u00f3n de cada maquina. \u00a0DEROGADA POR\u00a0ORDENANZA N\u00ba 1530\/12.\n\t\t\t\n\t\t\t\t\t\tVER DOCUMENTO COMPLETO \/\/ Estado: DEROGADA\n\t\t\t\t\t\n<\/div><\/li><li><a href=\"https:\/\/www.hcdelcalafate.gob.ar\/portal\/ordenanza-n-825-04\/\">Ordenanza N\u00b0 825\/04<\/a><div class=\"lcp_excerpt\">Crea la junta promotora provisoria a los efectos de realizar una propuesta de sistemas de participaci\u00f3n comunitaria.\n\t\t\t\n\t\t\t\t\t\tVER DOCUMENTO COMPLETO \/\/ Estado: VIGENTE\n\t\t\t\t\t\n<\/div><\/li><li><a href=\"https:\/\/www.hcdelcalafate.gob.ar\/portal\/ordenanza-n-824-04\/\">Ordenanza N\u00b0 824\/04<\/a><div class=\"lcp_excerpt\">Aprueba convenio celebrado entre Municipalidad y UOCRA referente al control de las Empresas Constructoras que dasarrollan tareas dentro de la localidad.\n\t\t\t\n\t\t\t\t\t\tVER DOCUMENTO COMPLETO \/\/ Estado: VIGENTE\n\t\t\t\t\t\n<\/div><\/li><li><a href=\"https:\/\/www.hcdelcalafate.gob.ar\/portal\/ordenanza-n-823-04\/\">Ordenanza N\u00b0 823\/04<\/a><div class=\"lcp_excerpt\">La presente Ordenanza modifica el limite m\u00e1ximo para el otorgamiento de Becas el cual ser\u00e1 de once en forma simultanea.\u00a0MODIFICA ORDENANZA N\u00b0 691\/01.\u00a0 DEROGADA POR\u00a0ORDENANZA N\u00ba 993\/06\n\t\t\t\n\t\t\t\t\t\tVER DOCUMENTO COMPLETO \/\/ Estado: DEROGADA\n\t\t\t\t\t\n<\/div><\/li><li><a href=\"https:\/\/www.hcdelcalafate.gob.ar\/portal\/ordenanza-n-822-04\/\">Ordenanza N\u00b0 822\/04<\/a><div class=\"lcp_excerpt\">Crease la Comisi\u00f3n T\u00e9cnica Asesora, la cual asesora el Desarrollo Urban\u00edstico y Arquitect\u00f3nico privilegiando los rasgos urban\u00edsticos cualitativos de los emprendimientos de que se trate.\n\t\t\t\n\t\t\t\t\t\tVER DOCUMENTO COMPLETO \/\/ Estado: VIGENTE\n\t\t\t\t\t\n<\/div><\/li><li><a href=\"https:\/\/www.hcdelcalafate.gob.ar\/portal\/ordenanza-n-821-04\/\">Ordenanza N\u00b0 821\/04<\/a><div class=\"lcp_excerpt\">La presente Ordenanza reimplanta Adicional Presentismo, 20% descontado de la escala Salarial, Gastos de Representaci\u00f3n y Adicional por Conyuge.\u00a0DEROGA ORDENANZA N\u00b0 327\/96.\u00a0MODIFICADA POR ORDENANZA N\u00b0 832\/04.\u00a0MODIFICADA POR ORDENANZA N\u00b0 1025\/06.\n\t\t\t\n\t\t\t\t\t\tVER DOCUMENTO COMPLETO \/\/ Estado: MODIFICADA\n\t\t\t\t\t\n<\/div><\/li><li><a href=\"https:\/\/www.hcdelcalafate.gob.ar\/portal\/ordenanza-n-820-04\/\">Ordenanza N\u00b0 820\/04<\/a><div class=\"lcp_excerpt\">Autorizar al Ejecutivo Municipal a entregar como parte de pago en la compra de unidades nuevas sin uso 0 km a la unidad usada.\n\t\t\t\n\t\t\t\t\t\tVER DOCUMENTO COMPLETO \/\/ Estado: VIGENTE\n\t\t\t\t\t\n<\/div><\/li><\/ul>\n\n\n\n<hr class=\"wp-block-separator has-alpha-channel-opacity\"\/>\n\n\n\n<p class=\"has-text-align-center\"><em>Nota importante: Las Ordenanzas ser\u00e1n publicadas una vez promulgadas, <\/em><br><em>seg\u00fan se establece en el Art. N\u00b0 61 Inc. \u201ca\u201d de la Ley Provincial N\u00b0 55.<\/em><br><br><em>Puede ser que el estado del documento visitado no est\u00e9 actualizado, consulte el <\/em><br><em>Digesto Oficial en nuestras oficinas administrativas.<\/em> <\/p>\n","protected":false},"excerpt":{"rendered":"<p>Nota importante: Las Ordenanzas ser\u00e1n publicadas una vez promulgadas, seg\u00fan se establece en el Art. N\u00b0 61 Inc. \u201ca\u201d de la Ley Provincial N\u00b0 55. Puede ser que el estado&hellip; <\/p>\n","protected":false},"author":1,"featured_media":0,"parent":0,"menu_order":0,"comment_status":"closed","ping_status":"closed","template":"","meta":{"footnotes":""},"class_list":["post-1852","page","type-page","status-publish","hentry"],"_links":{"self":[{"href":"https:\/\/www.hcdelcalafate.gob.ar\/portal\/wp-json\/wp\/v2\/pages\/1852","targetHints":{"allow":["GET"]}}],"collection":[{"href":"https:\/\/www.hcdelcalafate.gob.ar\/portal\/wp-json\/wp\/v2\/pages"}],"about":[{"href":"https:\/\/www.hcdelcalafate.gob.ar\/portal\/wp-json\/wp\/v2\/types\/page"}],"author":[{"embeddable":true,"href":"https:\/\/www.hcdelcalafate.gob.ar\/portal\/wp-json\/wp\/v2\/users\/1"}],"replies":[{"embeddable":true,"href":"https:\/\/www.hcdelcalafate.gob.ar\/portal\/wp-json\/wp\/v2\/comments?post=1852"}],"version-history":[{"count":17,"href":"https:\/\/www.hcdelcalafate.gob.ar\/portal\/wp-json\/wp\/v2\/pages\/1852\/revisions"}],"predecessor-version":[{"id":26806,"href":"https:\/\/www.hcdelcalafate.gob.ar\/portal\/wp-json\/wp\/v2\/pages\/1852\/revisions\/26806"}],"wp:attachment":[{"href":"https:\/\/www.hcdelcalafate.gob.ar\/portal\/wp-json\/wp\/v2\/media?parent=1852"}],"curies":[{"name":"wp","href":"https:\/\/api.w.org\/{rel}","templated":true}]}}