{"id":15295,"date":"2021-03-01T09:15:40","date_gmt":"2021-03-01T12:15:40","guid":{"rendered":"https:\/\/www.hcdelcalafate.gob.ar\/portal\/?page_id=15295"},"modified":"2026-02-24T10:14:51","modified_gmt":"2026-02-24T13:14:51","slug":"ordenanzas-2021","status":"publish","type":"page","link":"https:\/\/www.hcdelcalafate.gob.ar\/portal\/ordenanzas-2021\/","title":{"rendered":"Ordenanzas 2021"},"content":{"rendered":"\n<ul class=\"lcp_catlist\" id=\"lcp_instance_0\"><li><a href=\"https:\/\/www.hcdelcalafate.gob.ar\/portal\/ordenanza-n-2280-21\/\">Ordenanza N\u00b0 2280\/21<\/a><div class=\"lcp_excerpt\">AUTORIZAR al Departamento Ejecutivo a modificar el valor de la Unidad Fija a PESOS CINCO CON TREINTA ($. 5,30), a partir del 1\u00b0 de marzo del a\u00f1o 2022.\nDEROGUESE, toda norma que se oponga a la presente.\nDEROGADA POR ORDENANZA N\u00b0 2346\/22.\n\t\t\t\n\t\t\t\t\t\tVER DOCUMENTO COMPLETO \/\/ Estado: DEROGADA\n\t\t\t\t\t\n<\/div><\/li><li><a href=\"https:\/\/www.hcdelcalafate.gob.ar\/portal\/ordenanza-n-2279-21\/\">Ordenanza N\u00b0 2279\/21<\/a><div class=\"lcp_excerpt\">AUTORIZAR al Departamento Ejecutivo el cobro en cuotas del Impuesto Patente Automotor Per\u00edodo Fiscal DOS MIL VEINTIDOS.\n\t\t\t\n\t\t\t\t\t\tVER DOCUMENTO COMPLETO \/\/ Estado: VIGENTE\n\t\t\t\t\t\n<\/div><\/li><li><a href=\"https:\/\/www.hcdelcalafate.gob.ar\/portal\/ordenanza-n-2278-21\/\">Ordenanza N\u00b0 2278\/21<\/a><div class=\"lcp_excerpt\">AUTORIZAR al Departamento Ejecutivo Municipal al cobro en Cuotas del Impuesto Inmobiliario, las Tasas por Servicios Retribuidos y la sobretasa por bald\u00edo urbano, Correspondientes al Per\u00edodo Fiscal Vencido A\u00f1o DOS MIL VEINTIUNO.\n\t\t\t\n\t\t\t\t\t\tVER DOCUMENTO COMPLETO \/\/ Estado: VIGENTE\n\t\t\t\t\t\n<\/div><\/li><li><a href=\"https:\/\/www.hcdelcalafate.gob.ar\/portal\/ordenanza-n-2277-21\/\">Ordenanza N\u00b0 2277\/21<\/a><div class=\"lcp_excerpt\">ESTABLEZCASE, para el cobro de las Obligaciones Fiscales Municipales con vencimiento durante el Ejercicio Fiscal A\u00f1o DOS MIL VEINTIDOS el siguiente Cronograma de Pagos y Calendario Impositivo.\n\t\t\t\n\t\t\t\t\t\tVER DOCUMENTO COMPLETO \/\/ Estado: VIGENTE\n\t\t\t\t\t\n<\/div><\/li><li><a href=\"https:\/\/www.hcdelcalafate.gob.ar\/portal\/ordenanza-n-2276-21\/\">Ordenanza N\u00b0 2276\/21<\/a><div class=\"lcp_excerpt\">SANCIONASE, con fuerza de Ordenanza, el PRESUPUESTO GENERAL DE RECURSOS Y EROGACIONES DE LA\u00a0 MUNICIPALIDAD DE EL CALAFATE PARA EL A\u00d1O 2022, de acuerdo a los cuadros que forman parte integrante de la presente Ordenanza.\n\t\t\t\n\t\t\t\t\t\tVER DOCUMENTO COMPLETO \/\/ Estado: VIGENTE\n\t\t\t\t\t\n<\/div><\/li><li><a href=\"https:\/\/www.hcdelcalafate.gob.ar\/portal\/ordenanza-n-2275-21\/\">Ordenanza N\u00b0 2275\/21<\/a><div class=\"lcp_excerpt\">APROBAR, en todos sus t\u00e9rminos, el Decreto Ad-Refer\u00e9ndum de este Honorable Concejo Deliberante N\u00b0 1355\/2021, referente a \"Autorizar al Departamento Ejecutivo Municipal a realizar la ampliaci\u00f3n presupuestaria del ejercicio fiscal a\u00f1o 2021.\n\t\t\t\n\t\t\t\t\t\tVER DOCUMENTO COMPLETO \/\/ Estado: VIGENTE\n\t\t\t\t\t\n<\/div><\/li><li><a href=\"https:\/\/www.hcdelcalafate.gob.ar\/portal\/ordenanza-n-2274-21\/\">Ordenanza N\u00b0 2274\/21<\/a><div class=\"lcp_excerpt\">INSTIT\u00daYASE, el d\u00eda 24 de noviembre de cada a\u00f1o como d\u00eda de recordaci\u00f3n en \"Conmemoraci\u00f3n de la conformaci\u00f3n del Primer Concejo Deliberante de la Ciudad de El Calafate\".\n\t\t\t\n\t\t\t\t\t\tVER DOCUMENTO COMPLETO \/\/ Estado: VIGENTE\n\t\t\t\t\t\n<\/div><\/li><li><a href=\"https:\/\/www.hcdelcalafate.gob.ar\/portal\/ordenanza-n-2273-21\/\">Ordenanza N\u00b0 2273\/21<\/a><div class=\"lcp_excerpt\">DENOMINASE, con los nombres de pioneros y antiguos pobladores de El Calafate a distintas calles de la ciudad.\n\t\t\t\n\t\t\t\t\t\tVER DOCUMENTO COMPLETO \/\/ Estado: VIGENTE\n\t\t\t\t\t\n<\/div><\/li><li><a href=\"https:\/\/www.hcdelcalafate.gob.ar\/portal\/ordenanza-n-2272-21\/\">Ordenanza N\u00b0 2272\/21<\/a><div class=\"lcp_excerpt\">MODIFICASE, el Art\u00edculo 1\u00b0 de la Ordenanza N\u00b0 2243\/21, el que quedar\u00e1 redactado de la siguiente manera:\n\"Art\u00edculo 1\u00b0:\u00a0 ESTABLEZCANSE, a partir del d\u00eda 15 de diciembre de 2021, las nuevas tarifas para el Servicio de Remis de la Ciudad de El Calafate, las que quedar\u00e1n fijadas de la siguiente manera:Bajada ...<\/div><\/li><li><a href=\"https:\/\/www.hcdelcalafate.gob.ar\/portal\/ordenanza-n-2271-21\/\">Ordenanza N\u00b0 2271\/21<\/a><div class=\"lcp_excerpt\">CR\u00c9ASE LA DIRECCION DE LAS MUJERES, G\u00c9NERO Y DIVERSIDAD, que depender\u00e1 de la Secretar\u00eda de la Mujer, Ni\u00f1ez, Adolescencia y Familia del Organigrama Municipal.\n\t\t\t\n\t\t\t\t\t\tVER DOCUMENTO COMPLETO \/\/ Estado: VIGENTE\n\t\t\t\t\t\n<\/div><\/li><li><a href=\"https:\/\/www.hcdelcalafate.gob.ar\/portal\/ordenanza-n-2270-21\/\">Ordenanza N\u00b0 2270\/21<\/a><div class=\"lcp_excerpt\">DENOM\u00cdNASE como \"TRIPULANTES DEL ARA SAN JUAN\" a la calle N\u00b04005, situada entre las Avenidas Hermanos Vidal y 17 de octubre de esta localidad.\n\t\t\t\n\t\t\t\t\t\tVER DOCUMENTO COMPLETO \/\/ Estado: VIGENTE\n\t\t\t\t\t\n<\/div><\/li><li><a href=\"https:\/\/www.hcdelcalafate.gob.ar\/portal\/ordenanza-n-2269-21\/\">Ordenanza N\u00b0 2269\/21<\/a><div class=\"lcp_excerpt\">ADHIERASE, a la Disposici\u00f3n N\u00b0 480\/2020 de la Agencia Nacional de Seguridad Vial, que establece el marco regulatorio para la circulaci\u00f3n de veh\u00edculos de movilidad personal. (monopat\u00edn el\u00e9ctricos)\n\t\t\t\n\t\t\t\t\t\tVER DOCUMENTO COMPLETO \/\/ Estado: VIGENTE\n\t\t\t\t\t\n<\/div><\/li><li><a href=\"https:\/\/www.hcdelcalafate.gob.ar\/portal\/ordenanza-n-2268-21\/\">Ordenanza N\u00b0 2268\/21<\/a><div class=\"lcp_excerpt\">ARTICULO 1\u00b0: La presente Ordenanza tiene como fin el marco normativo para la realizaci\u00f3n de \"Espect\u00e1culos Art\u00edsticos\" en establecimientos gastron\u00f3micos de toda \u00edndole, como confiter\u00edas, pubs, restaurantes, cervecer\u00edas u otra modalidad habilitada; y establecimientos hoteleros que cuenten con la habilitaci\u00f3n comercial correspondiente para tal fin.\n\t\t\t\n\t\t\t\t\t\tVER DOCUMENTO COMPLETO \/\/ Estado: VIGENTE\n\t\t\t\t\t\n<\/div><\/li><li><a href=\"https:\/\/www.hcdelcalafate.gob.ar\/portal\/ordenanza-n-2267-21\/\">Ordenanza N\u00b0 2267\/21<\/a><div class=\"lcp_excerpt\">EXIMIR, del pago de Impuesto Inmobiliario y Servicios Retribuidos, de acuerdo a lo establecido por Ordenanza N\u00b0 1063\/07, a los distintos contribuyentes.\n\t\t\t\n\t\t\t\t\t\tVER DOCUMENTO COMPLETO \/\/ Estado: VIGENTE\n\t\t\t\t\t\n<\/div><\/li><li><a href=\"https:\/\/www.hcdelcalafate.gob.ar\/portal\/ordenanza-n-2266-21\/\">Ordenanza N\u00b0 2266\/21<\/a><div class=\"lcp_excerpt\">APRUEBANSE, las actuaciones contenidas en el Expediente Municipal N\u00b0 1989\/21, referentes al \"Boleto de Compraventa, suscripto entre la MUNICIPALIDAD DE EL CALAFATE Y ESTANCIA ANITA SOCIEDAD ANONIMA AGROPECUARIA\".\n\t\t\t\n\t\t\t\t\t\tVER DOCUMENTO COMPLETO \/\/ Estado: VIGENTE\n\t\t\t\t\t\n<\/div><\/li><li><a href=\"https:\/\/www.hcdelcalafate.gob.ar\/portal\/ordenanza-n-2265-21\/\">Ordenanza N\u00b0 2265\/21<\/a><div class=\"lcp_excerpt\">DESE, conformidad a las actuaciones obrantes en el Expediente Municipal N\u00b0 1986\/2021, aprobando en todos sus t\u00e9rminos y alcances las mismas.\n\t\t\t\n\t\t\t\t\t\tVER DOCUMENTO COMPLETO \/\/ Estado: VIGENTE\n\t\t\t\t\t\n<\/div><\/li><li><a href=\"https:\/\/www.hcdelcalafate.gob.ar\/portal\/ordenanza-n-2264-21\/\">Ordenanza N\u00b0 2264\/21<\/a><div class=\"lcp_excerpt\">APROBAR, en todos sus t\u00e9rminos, el Decreto Municipal N\u00b0 560\/2021 Ad-Refer\u00e9ndum de este Honorable Concejo Deliberante, referente a \"Establecer el valor m\u00ednimo fiscal del metro cuadrado de tierra y derogar el Art. 1\u00b0 de la Ordenanza Municipal N\u00b0 2150\/19\".\n\t\t\t\n\t\t\t\t\t\tVER DOCUMENTO COMPLETO \/\/ Estado: VIGENTE\n\t\t\t\t\t\n<\/div><\/li><li><a href=\"https:\/\/www.hcdelcalafate.gob.ar\/portal\/ordenanza-n-2263-21\/\">Ordenanza N\u00b0 2263\/21<\/a><div class=\"lcp_excerpt\">EXIMIR, del pago de Impuesto Inmobiliario y Servicios Retribuidos, de acuerdo a lo establecido por Ordenanzas N\u00b0\u00ba 727\/02 y N\u00b0 1063\/07, a distintos contribuyentes.\n\t\t\t\n\t\t\t\t\t\tVER DOCUMENTO COMPLETO \/\/ Estado: VIGENTE\n\t\t\t\t\t\n<\/div><\/li><li><a href=\"https:\/\/www.hcdelcalafate.gob.ar\/portal\/ordenanza-n-2262-21\/\">Ordenanza N\u00b0 2262\/21<\/a><div class=\"lcp_excerpt\">FACULTASE, al Departamento Ejecutivo Municipal para que, ante la solicitud de pago anticipado total de viviendas del \"Programa de Vivienda Municipal\", determine el valor del inmueble de acuerdo al valor de la tierra donde se encuentre la vivienda y el valor de construcci\u00f3n de una casa de similares caracter\u00edsticas constructivas ...<\/div><\/li><li><a href=\"https:\/\/www.hcdelcalafate.gob.ar\/portal\/ordenanza-n-2261-21\/\">Ordenanza N\u00b0 2261\/21<\/a><div class=\"lcp_excerpt\">INCORPORASE, al articulado de la Ordenanza Tarifaria Municipal, el rubro \"Natatorio Cubierto Privado\".\n\t\t\t\n\t\t\t\t\t\tVER DOCUMENTO COMPLETO \/\/ Estado: VIGENTE\n\t\t\t\t\t\n<\/div><\/li><li><a href=\"https:\/\/www.hcdelcalafate.gob.ar\/portal\/ordenanza-n-2260-21\/\">Ordenanza N\u00b0 2260\/21<\/a><div class=\"lcp_excerpt\">ESTABLEZCASE, que todo contribuyente que mantenga una deuda correspondiente a obligaciones fiscales con el Estado Municipal de cinco a\u00f1os, a partir del c\u00f3mputo del sexto a\u00f1o en adelante deber\u00e1 tributar por cada concepto tributario un incremento del 100% de la al\u00edcuota correspondiente.\n\t\t\t\n\t\t\t\t\t\tVER DOCUMENTO COMPLETO \/\/ Estado: VIGENTE\n\t\t\t\t\t\n<\/div><\/li><li><a href=\"https:\/\/www.hcdelcalafate.gob.ar\/portal\/ordenanza-n-2259-21\/\">Ordenanza N\u00b0 2259\/21<\/a><div class=\"lcp_excerpt\">EXIMIR, del pago de Impuesto Inmobiliario y Servicios Retribuidos, de acuerdo a lo establecido por Ordenanza N\u00b0 1063\/07, a contribuyentes de nuestra ciudad.\n\t\t\t\n\t\t\t\t\t\tVER DOCUMENTO COMPLETO \/\/ Estado: VIGENTE\n\t\t\t\t\t\n<\/div><\/li><li><a href=\"https:\/\/www.hcdelcalafate.gob.ar\/portal\/ordenanza-n-2258-21\/\">Ordenanza N\u00b0 2258\/21<\/a><div class=\"lcp_excerpt\">APRUEBASE, por \u00fanica vez, la solicitud de excepci\u00f3n al C\u00f3digo de Planeamiento Urbano, para utilizar uno de los retiros laterales sobre el eje medianero en una longitud de 27,85 mts., en referencia a la Manzana 103 \"C\", Lote 5 de nuestra localidad, cuyo titular es el Sr. MARTINEZ GUIRADO, Rodrigo ...<\/div><\/li><li><a href=\"https:\/\/www.hcdelcalafate.gob.ar\/portal\/ordenanza-n-2257-21\/\">Ordenanza N\u00b0 2257\/21<\/a><div class=\"lcp_excerpt\">APRUEBASE, por \u00fanica vez, la solicitud de excepci\u00f3n al C\u00f3digo de Planeamiento Urbano, para utilizar uno de los retiros reglamentarios a una distancia de 1,28 mts. del eje medianero, en la longitud de 14,84 mts, en referencia a la Manzana 531, Lote 7 de nuestra localidad, cuyo titular es la ...<\/div><\/li><li><a href=\"https:\/\/www.hcdelcalafate.gob.ar\/portal\/ordenanza-n-2256-21\/\">Ordenanza N\u00b0 2256\/21<\/a><div class=\"lcp_excerpt\">EXIMIR, del pago de Impuesto Inmobiliario y Servicios Retribuidos, de acuerdo a lo establecido por Ordenanza N\u00b0 1063\/07, a contribuyentes de nuestra ciudad.\n\t\t\t\n\t\t\t\t\t\tVER DOCUMENTO COMPLETO \/\/ Estado: VIGENTE\n\t\t\t\t\t\n<\/div><\/li><li><a href=\"https:\/\/www.hcdelcalafate.gob.ar\/portal\/ordenanza-n-2255-21\/\">Ordenanza N\u00b0 2255\/21<\/a><div class=\"lcp_excerpt\">Establ\u00e9zcase la Escala Salarial Municipal que como \"Anexo I\" forma parte integrante de la presente, con vigencia a partir del mes de octubre del presente a\u00f1o.\nMODIFICADA POR ORDENANZA N\u00b0 2281\/22.\n\t\t\t\n\t\t\t\t\t\tVER DOCUMENTO COMPLETO \/\/ Estado: MODIFICADO\n\t\t\t\t\t\n<\/div><\/li><li><a href=\"https:\/\/www.hcdelcalafate.gob.ar\/portal\/ordenanza-n-2254-21\/\">Ordenanza N\u00b0 2254\/21<\/a><div class=\"lcp_excerpt\">FACULTAR, al Departamento Ejecutivo Municipal a destinar fondos para el pago de la R.T.O. (Revisi\u00f3n T\u00e9cnica Obligatoria) y modificar partidas presupuestarias, en caso de ser necesario,\n\t\t\t\n\t\t\t\t\t\tVER DOCUMENTO COMPLETO \/\/ Estado: VIGENTE\n\t\t\t\t\t\n<\/div><\/li><li><a href=\"https:\/\/www.hcdelcalafate.gob.ar\/portal\/ordenanza-n-2253-21\/\">Ordenanza N\u00b0 2253\/21<\/a><div class=\"lcp_excerpt\">APRUEBASE, en todos sus t\u00e9rminos el Acuerdo de Pago suscripto entre la Municipalidad de El Calafate y Telef\u00f3nica M\u00f3viles Argentina S.A., tramitado mediante Expediente N\u00b0 1537\/21.\n\t\t\t\n\t\t\t\t\t\tVER DOCUMENTO COMPLETO \/\/ Estado: VIGENTE\n\t\t\t\t\t\n<\/div><\/li><li><a href=\"https:\/\/www.hcdelcalafate.gob.ar\/portal\/ordenanza-n-2252-21\/\">Ordenanza N\u00b0 2252\/21<\/a><div class=\"lcp_excerpt\">CREASE, en el \u00e1mbito de la Municipalidad de El Calafate la MORATORIA IMPOSITIVA.\n\t\t\t\n\t\t\t\t\t\tVER DOCUMENTO COMPLETO \/\/ Estado: VIGENTE\n\t\t\t\t\t\n<\/div><\/li><li><a href=\"https:\/\/www.hcdelcalafate.gob.ar\/portal\/ordenanza-n-2251-21\/\">Ordenanza N\u00b0 2251\/21<\/a><div class=\"lcp_excerpt\">APRUEBASE, por \u00fanica vez, la solicitud de excepci\u00f3n al C\u00f3digo de Planeamiento Urbano, para la ampliaci\u00f3n en un 17% el FOS y en un 0,12 el FOT y ocupaci\u00f3n parcial del retiro lateral lindante con lote N\u00b0 2 de la Manzana 451 C, Lote 3 de nuestra localidad, cuyo titular ...<\/div><\/li><li><a href=\"https:\/\/www.hcdelcalafate.gob.ar\/portal\/ordenanza-n-2250-21\/\">Ordenanza N\u00b0 2250\/21<\/a><div class=\"lcp_excerpt\">ADHI\u00c9RASE a la Ley Nacional N\u00b0 27.592, tambi\u00e9n conocida como \"Ley Yolanda\" y la Ley Provincial N\u00b0 3.739, referidas a la \"Capacitaci\u00f3n Obligatoria en la tem\u00e1tica de Desarrollo Sostenible y Ambiente, para todas las personas que se desempe\u00f1an en la funci\u00f3n p\u00fablica en todos sus niveles y jerarqu\u00edas\".\n\t\t\t\n\t\t\t\t\t\tVER DOCUMENTO COMPLETO ...<\/div><\/li><li><a href=\"https:\/\/www.hcdelcalafate.gob.ar\/portal\/ordenanza-n-2249-21\/\">Ordenanza N\u00b0 2249\/21<\/a><div class=\"lcp_excerpt\">ESTABL\u00c9ZCASE, que todas las empresas prestadoras de tendidos de l\u00edneas de distribuci\u00f3n y suministro de energ\u00eda el\u00e9ctrica, comunicaciones, se\u00f1ales de video o televisi\u00f3n y datos para redes tanto estatales como privadas, deber\u00e1n retirar de la v\u00eda p\u00fablica todo material en desuso (cables, postes, soportes, tensores, cajas de conexi\u00f3n y derivados).\n\t\t\t\n\t\t\t\t\t\tVER ...<\/div><\/li><li><a href=\"https:\/\/www.hcdelcalafate.gob.ar\/portal\/ordenanza-n-2248-21\/\">Ordenanza N\u00b0 2248\/21<\/a><div class=\"lcp_excerpt\">APROBAR, en todos sus t\u00e9rminos, el Decreto Municipal N\u00b0 325\/2021, Ad-Refer\u00e9ndum de este Honorable Concejo Deliberante. \nAporte previsional por Plan de Empleo.\n\t\t\t\n\t\t\t\t\t\tVER DOCUMENTO COMPLETO \/\/ Estado: VIGENTE\n\t\t\t\t\t\n<\/div><\/li><li><a href=\"https:\/\/www.hcdelcalafate.gob.ar\/portal\/ordenanza-n-2247-21\/\">Ordenanza N\u00b0 2247\/21<\/a><div class=\"lcp_excerpt\">APROBAR, en todos sus t\u00e9rminos, el Decreto Municipal N\u00b0 327\/2021, Ad-Refer\u00e9ndum de este Honorable Concejo Deliberante.\n\t\t\t\n\t\t\t\t\t\tVER DOCUMENTO COMPLETO \/\/ Estado: VIGENTE\n\t\t\t\t\t\n<\/div><\/li><li><a href=\"https:\/\/www.hcdelcalafate.gob.ar\/portal\/ordenanza-n-2246-21\/\">Ordenanza N\u00b0 2246\/21<\/a><div class=\"lcp_excerpt\">APROBAR, en todos sus t\u00e9rminos, el Decreto Municipal N\u00b0 281\/2021, Ad-Refer\u00e9ndumde este Honorable Concejo Deliberante.\n\t\t\t\n\t\t\t\t\t\tVER DOCUMENTO COMPLETO \/\/ Estado: VIGENTE\n\t\t\t\t\t\n<\/div><\/li><li><a href=\"https:\/\/www.hcdelcalafate.gob.ar\/portal\/ordenanza-n-2245-21\/\">Ordenanza N\u00b0 2245\/21<\/a><div class=\"lcp_excerpt\">ESTABLEZCASE que, en caso de existir vacantes en el cupo de residentes del Hogar de Ancianos de la Municipalidad de El Calafate, de acuerdo a lo establecido en los art\u00edculos 3\u00b0 y 8\u00b0 de la Ordenanza Municipal N\u00b0 1160\/08, se podr\u00e1 incorporar a nuevos residentes que tengan la factibilidad de ...<\/div><\/li><li><a href=\"https:\/\/www.hcdelcalafate.gob.ar\/portal\/ordenanza-n-2244-21\/\">Ordenanza N\u00b0 2244\/21<\/a><div class=\"lcp_excerpt\">APROBAR en todos sus t\u00e9rminos el Decreto Municipal N\u00b0 197\/21, Ad-Refer\u00e9ndum de este Honorable Concejo Deliberante, referente a la \"Modificaci\u00f3n del Art. 2\u00b0 del Decreto N\u00b0 1093\/19\".\n\t\t\t\n\t\t\t\t\t\tVER DOCUMENTO COMPLETO \/\/ Estado: VIGENTE\n\t\t\t\t\t\n<\/div><\/li><li><a href=\"https:\/\/www.hcdelcalafate.gob.ar\/portal\/ordenanza-n-2243-21\/\">Ordenanza N\u00b0 2243\/21<\/a><div class=\"lcp_excerpt\">MODIFICAR, el Art\u00edculo 1\u00b0 de la Ordenanza N\u00b0 2.192\/19, referente a establecer, a partir del 1\u00b0 de abril del 2021, las nuevas tarifas para el Servicio de Remises de la Ciudad de El Calafate. (REMIS)\nDEROGA ORDENANZA N\u00b0 2143\/19.\nMODIFICADA SEGUN ORDENANZA N\u00b0 2272\/21 (Modifica Art. 1\u00b0)\nDEROGADA POR ORDENANZA N\u00b0 2299\/22.\n\t\t\t\n\t\t\t\t\t\tVER DOCUMENTO ...<\/div><\/li><li><a href=\"https:\/\/www.hcdelcalafate.gob.ar\/portal\/ordenanza-n-2242-21\/\">Ordenanza N\u00b0 2242\/21<\/a><div class=\"lcp_excerpt\">MODIF\u00edQUESE el art\u00edculo 36\u00b0 de la Resoluci\u00f3n N\u00b0 1571, referente al Reglamento Interno, Cap\u00edtulo VI de las Comisiones, e incorpore Art\u00edculo 38\u00b0.\nDEROGADA POR ORDENANZA N\u00b02397\/23.\n\t\t\t\n\t\t\t\t\t\t\t\t\tVER DOCUMENTO COMPLETO \/\/ Estado: DEROGADA\n\t\t\t\t\t\n<\/div><\/li><li><a href=\"https:\/\/www.hcdelcalafate.gob.ar\/portal\/ordenanza-n-2241-21\/\">Ordenanza N\u00b0 2241\/21<\/a><div class=\"lcp_excerpt\">APROBAR, en todos sus t\u00e9rminos el Decreto Municipal N\u00b0 016\/21, Ad-Refer\u00e9ndum de este Honorable Concejo Deliberante, referente a \"Incorporaciones al Reglamento del Programa Municipal de Viviendas\".\n\t\t\t\n\t\t\t\t\t\tVER DOCUMENTO COMPLETO \/\/ Estado: VIGENTE\n\t\t\t\t\t\n<\/div><\/li><li><a href=\"https:\/\/www.hcdelcalafate.gob.ar\/portal\/ordenanza-n-2240-21\/\">Ordenanza N\u00b0 2240\/21<\/a><div class=\"lcp_excerpt\">APROBAR, en todos sus t\u00e9rminos el Decreto Municipal N\u00b0 183\/21, Ad-Refer\u00e9ndum de este Honorable Concejo Deliberante, referente a fijar nuevos importes para vi\u00e1ticos.\n\t\t\t\n\t\t\t\t\t\tVER DOCUMENTO COMPLETO \/\/ Estado: VIGENTE\n\t\t\t\t\t\n<\/div><\/li><li><a href=\"https:\/\/www.hcdelcalafate.gob.ar\/portal\/ordenanza-n-2239-21\/\">Ordenanza N\u00b0 2239\/21<\/a><div class=\"lcp_excerpt\">APROBAR, en todos sus t\u00e9rminos el Decreto Municipal N\u00b0 180\/21, Ad-Refer\u00e9ndum de este Honorable Concejo Deliberante, referente a \"Aprobar en todos sus t\u00e9rminos, el Convenio celebrado entre la Municipalidad de El Calafate y la Asociaci\u00f3n Civil Pro Ayuda a las Personas con Discapacidad \"Sol Brillante\" (Shehuen Pakersh)\".\n\t\t\t\n\t\t\t\t\t\tVER DOCUMENTO COMPLETO \/\/ ...<\/div><\/li><li><a href=\"https:\/\/www.hcdelcalafate.gob.ar\/portal\/ordenanza-n-2238-21\/\">Ordenanza N\u00b0 2238\/21<\/a><div class=\"lcp_excerpt\">APROBAR, en todos sus t\u00e9rminos el Decreto Municipal N\u00b0 181\/21, Ad-Refer\u00e9ndum de este Honorable Concejo Deliberante, referente a \"Prorrogar hasta el 31 de diciembre del a\u00f1o 2021, el Sistema de Retiro Voluntario para el personal municipal de Planta Contratada, Transitoria y Permanente creado mediante Ordenanza 1762\/15\".\n\t\t\t\n\t\t\t\t\t\tVER DOCUMENTO COMPLETO \/\/ Estado: ...<\/div><\/li><li><a href=\"https:\/\/www.hcdelcalafate.gob.ar\/portal\/ordenanza-n-2237-21\/\">Ordenanza N\u00b0 2237\/21<\/a><div class=\"lcp_excerpt\">APROBAR, en todos sus t\u00e9rminos el Decreto Municipal N\u00b0 137\/21, Ad-Refer\u00e9ndum de este Honorable Concejo Deliberante, referente a la \"Escala Salarial Municipal A\u00f1o 2021\".\n\t\t\t\n\t\t\t\t\t\tVER DOCUMENTO COMPLETO \/\/ Estado: VIGENTE\n\t\t\t\t\t\n<\/div><\/li><li><a href=\"https:\/\/www.hcdelcalafate.gob.ar\/portal\/ordenanza-n-2236-21\/\">Ordenanza N\u00b0 2236\/21<\/a><div class=\"lcp_excerpt\">DENOM\u00edNESE con el nombre de \"Yoli Br\u00edtez\" al Estadio Municipal de C\u00e9sped Sint\u00e9tico, en reconocimiento a su trayectoria como mujer pionera en la gesti\u00f3n, planificaci\u00f3n y dirigencia del desarrollo social y deportivo de El Calafate, como as\u00ed tambi\u00e9n por su valioso aporte al fortalecimiento de la identidad futbol\u00edstica de nuestra ...<\/div><\/li><\/ul>\n\n\n\n<hr class=\"wp-block-separator has-alpha-channel-opacity\"\/>\n\n\n\n<p class=\"has-text-align-center\"><em>Nota importante: Las Ordenanzas ser\u00e1n publicadas una vez promulgadas, <\/em><br><em>seg\u00fan se establece en el Art. N\u00b0 61 Inc. \u201ca\u201d de la Ley Provincial N\u00b0 55.<\/em><br><br><em>Puede ser que el estado del documento visitado no est\u00e9 actualizado, consulte el <\/em><br><em>Digesto Oficial en nuestras oficinas administrativas.<\/em> <\/p>\n","protected":false},"excerpt":{"rendered":"<p>Nota importante: Las Ordenanzas ser\u00e1n publicadas una vez promulgadas, seg\u00fan se establece en el Art. N\u00b0 61 Inc. \u201ca\u201d de la Ley Provincial N\u00b0 55. Puede ser que el estado&hellip; <\/p>\n","protected":false},"author":1,"featured_media":0,"parent":0,"menu_order":0,"comment_status":"closed","ping_status":"closed","template":"","meta":{"footnotes":""},"class_list":["post-15295","page","type-page","status-publish","hentry"],"_links":{"self":[{"href":"https:\/\/www.hcdelcalafate.gob.ar\/portal\/wp-json\/wp\/v2\/pages\/15295","targetHints":{"allow":["GET"]}}],"collection":[{"href":"https:\/\/www.hcdelcalafate.gob.ar\/portal\/wp-json\/wp\/v2\/pages"}],"about":[{"href":"https:\/\/www.hcdelcalafate.gob.ar\/portal\/wp-json\/wp\/v2\/types\/page"}],"author":[{"embeddable":true,"href":"https:\/\/www.hcdelcalafate.gob.ar\/portal\/wp-json\/wp\/v2\/users\/1"}],"replies":[{"embeddable":true,"href":"https:\/\/www.hcdelcalafate.gob.ar\/portal\/wp-json\/wp\/v2\/comments?post=15295"}],"version-history":[{"count":87,"href":"https:\/\/www.hcdelcalafate.gob.ar\/portal\/wp-json\/wp\/v2\/pages\/15295\/revisions"}],"predecessor-version":[{"id":26789,"href":"https:\/\/www.hcdelcalafate.gob.ar\/portal\/wp-json\/wp\/v2\/pages\/15295\/revisions\/26789"}],"wp:attachment":[{"href":"https:\/\/www.hcdelcalafate.gob.ar\/portal\/wp-json\/wp\/v2\/media?parent=15295"}],"curies":[{"name":"wp","href":"https:\/\/api.w.org\/{rel}","templated":true}]}}